{"id":13618,"date":"2022-04-30T10:35:25","date_gmt":"2022-04-30T08:35:25","guid":{"rendered":"https:\/\/a-h-health.ch\/?post_type=product&#038;p=13618"},"modified":"2023-08-02T11:22:32","modified_gmt":"2023-08-02T09:22:32","slug":"quietex-1-kg","status":"publish","type":"product","link":"https:\/\/a-h-health.ch\/fr\/shop\/quietex-1-kg\/","title":{"rendered":"Quie\u00adtex 1&nbsp;kg"},"content":{"rendered":"<p>QUIETEX FARNAM Ali\u00adment com\u00adpl\u00e9\u00admen\u00adtai\u00adre natu\u00adrel pour sur\u00admon\u00adter les situa\u00adtions de stress chez les chevaux. For\u00admul\u00e9 uni\u00adquement avec des ing\u00adr\u00e9\u00addi\u00adents natu\u00adrels. Quie\u00adtex est un pro\u00adduit \u00e0 base d\u2019ex\u00adtraits de plan\u00adtes qui vous per\u00admet de g\u00e9rer de mani\u00e8\u00adre natu\u00adrel\u00adle tou\u00adtes les situa\u00adtions de stress aux\u00adquel\u00adles le che\u00adval est con\u00adfron\u00adt\u00e9. Quie\u00adtex est donc par\u00adti\u00adcu\u00adli\u00e8\u00adre\u00adment adap\u00adt\u00e9 \u00e0 la gesti\u00adon des sujets ner\u00adveux dans un ave\u00adnir pro\u00adche lors d\u2019ac\u00adti\u00advi\u00adt\u00e9s de com\u00adp\u00e9\u00adti\u00adti\u00adon, de trans\u00adports, de chaus\u00adsa\u00adge ou de visi\u00adtes chez le v\u00e9t\u00e9rinaire.<\/p>","protected":false},"excerpt":{"rendered":"<p>QUIETEX FARNAM Ali\u00adment com\u00adpl\u00e9\u00admen\u00adtai\u00adre natu\u00adrel pour sur\u00admon\u00adter les situa\u00adtions de stress chez les chevaux. For\u00admul\u00e9 uni\u00adquement avec des ing\u00adr\u00e9\u00addi\u00adents natu\u00adrels. Quie\u00adtex est un pro\u00adduit \u00e0 base d\u2019ex\u00adtraits de plan\u00adtes qui vous per\u00admet de g\u00e9rer de mani\u00e8\u00adre natu\u00adrel\u00adle tou\u00adtes les situa\u00adtions de stress aux\u00adquel\u00adles le che\u00adval est con\u00adfron\u00adt\u00e9. Quie\u00adtex est donc par\u00adti\u00adcu\u00adli\u00e8\u00adre\u00adment adap\u00adt\u00e9 \u00e0 la gesti\u00adon des sujets ner\u00adveux dans un ave\u00adnir pro\u00adche lors d\u2019ac\u00adti\u00advi\u00adt\u00e9s de com\u00adp\u00e9\u00adti\u00adti\u00adon, de trans\u00adports, de chaus\u00adsa\u00adge ou de visi\u00adtes chez le v\u00e9t\u00e9rinaire.<\/p>","protected":false},"featured_media":13620,"template":"","meta":{"wp_typography_post_enhancements_disabled":false},"product_brand":[],"product_cat":[598,34,562],"product_tag":[574],"class_list":{"0":"post-13618","1":"product","2":"type-product","3":"status-publish","4":"has-post-thumbnail","6":"product_cat-farnam","7":"product_cat-nahrungsergaenzung","8":"product_cat-pferd","9":"product_tag-futter-und-diverse","11":"first","12":"outofstock","13":"taxable","14":"shipping-taxable","15":"product-type-simple"},"yoast_head":"<!-- This site is optimized with the Yoast SEO plugin v27.4 - https:\/\/yoast.com\/product\/yoast-seo-wordpress\/ -->\n<title>Quietex 1 kg - Animal &amp; Human Health AG<\/title>\n<meta name=\"robots\" content=\"index, follow, max-snippet:-1, max-image-preview:large, max-video-preview:-1\" \/>\n<link rel=\"canonical\" href=\"https:\/\/a-h-health.ch\/fr\/shop\/quietex-1-kg\/\" \/>\n<meta property=\"og:locale\" content=\"fr_FR\" \/>\n<meta property=\"og:type\" content=\"article\" \/>\n<meta property=\"og:title\" content=\"Quietex 1 kg - Animal &amp; Human Health AG\" \/>\n<meta property=\"og:description\" content=\"QUIETEX FARNAM Nat\u00fcrliches Erg\u00e4nzungsfutter zur \u00dcberwindung von Stresssituationen bei Pferden. Nur mit nat\u00fcrlichen Inhaltsstoffen formuliert. Quietex ist ein auf Pflanzenextrakten basierendes Produkt, mit dem Sie alle Stresssituationen, denen das Pferd ausgesetzt ist, auf nat\u00fcrliche Weise bew\u00e4ltigen k\u00f6nnen. Quietex eignet sich daher besonders zur Bew\u00e4ltigung nerv\u00f6ser Themen in naher Zukunft bei Wettbewerbst\u00e4tigkeiten, Transporten, Beschuhen oder Tierarztbesuchen.\" \/>\n<meta property=\"og:url\" content=\"https:\/\/a-h-health.ch\/fr\/shop\/quietex-1-kg\/\" \/>\n<meta property=\"og:site_name\" content=\"Animal &amp; Human Health AG\" \/>\n<meta property=\"article:modified_time\" content=\"2023-08-02T09:22:32+00:00\" \/>\n<meta property=\"og:image\" content=\"https:\/\/a-h-health.ch\/wp-content\/uploads\/2022\/04\/Quietex-Farnam.jpg\" \/>\n\t<meta property=\"og:image:width\" content=\"236\" \/>\n\t<meta property=\"og:image:height\" content=\"273\" \/>\n\t<meta property=\"og:image:type\" content=\"image\/jpeg\" \/>\n<meta name=\"twitter:card\" content=\"summary_large_image\" \/>\n<script type=\"application\/ld+json\" class=\"yoast-schema-graph\">{\"@context\":\"https:\\\/\\\/schema.org\",\"@graph\":[{\"@type\":\"WebPage\",\"@id\":\"https:\\\/\\\/a-h-health.ch\\\/shop\\\/quietex-1-kg\\\/\",\"url\":\"https:\\\/\\\/a-h-health.ch\\\/shop\\\/quietex-1-kg\\\/\",\"name\":\"Quietex 1 kg - Animal &amp; Human Health AG\",\"isPartOf\":{\"@id\":\"https:\\\/\\\/a-h-health.ch\\\/#website\"},\"primaryImageOfPage\":{\"@id\":\"https:\\\/\\\/a-h-health.ch\\\/shop\\\/quietex-1-kg\\\/#primaryimage\"},\"image\":{\"@id\":\"https:\\\/\\\/a-h-health.ch\\\/shop\\\/quietex-1-kg\\\/#primaryimage\"},\"thumbnailUrl\":\"https:\\\/\\\/a-h-health.ch\\\/wp-content\\\/uploads\\\/2022\\\/04\\\/Quietex-Farnam.jpg\",\"datePublished\":\"2022-04-30T08:35:25+00:00\",\"dateModified\":\"2023-08-02T09:22:32+00:00\",\"breadcrumb\":{\"@id\":\"https:\\\/\\\/a-h-health.ch\\\/shop\\\/quietex-1-kg\\\/#breadcrumb\"},\"inLanguage\":\"fr-FR\",\"potentialAction\":[{\"@type\":\"ReadAction\",\"target\":[\"https:\\\/\\\/a-h-health.ch\\\/shop\\\/quietex-1-kg\\\/\"]}]},{\"@type\":\"ImageObject\",\"inLanguage\":\"fr-FR\",\"@id\":\"https:\\\/\\\/a-h-health.ch\\\/shop\\\/quietex-1-kg\\\/#primaryimage\",\"url\":\"https:\\\/\\\/a-h-health.ch\\\/wp-content\\\/uploads\\\/2022\\\/04\\\/Quietex-Farnam.jpg\",\"contentUrl\":\"https:\\\/\\\/a-h-health.ch\\\/wp-content\\\/uploads\\\/2022\\\/04\\\/Quietex-Farnam.jpg\",\"width\":236,\"height\":273},{\"@type\":\"BreadcrumbList\",\"@id\":\"https:\\\/\\\/a-h-health.ch\\\/shop\\\/quietex-1-kg\\\/#breadcrumb\",\"itemListElement\":[{\"@type\":\"ListItem\",\"position\":1,\"name\":\"Startseite\",\"item\":\"https:\\\/\\\/a-h-health.ch\\\/\"},{\"@type\":\"ListItem\",\"position\":2,\"name\":\"Shop\",\"item\":\"https:\\\/\\\/a-h-health.ch\\\/shop\\\/\"},{\"@type\":\"ListItem\",\"position\":3,\"name\":\"Quietex 1 kg\"}]},{\"@type\":\"WebSite\",\"@id\":\"https:\\\/\\\/a-h-health.ch\\\/#website\",\"url\":\"https:\\\/\\\/a-h-health.ch\\\/\",\"name\":\"Animal and Human Health AG\",\"description\":\"Wir sind Ihre Ansprechpartner, wenn es um die professionelle Gesundheit und das Wohl ihres Tieres geht.\",\"publisher\":{\"@id\":\"https:\\\/\\\/a-h-health.ch\\\/#organization\"},\"alternateName\":\"a-h-health\",\"potentialAction\":[{\"@type\":\"SearchAction\",\"target\":{\"@type\":\"EntryPoint\",\"urlTemplate\":\"https:\\\/\\\/a-h-health.ch\\\/?s={search_term_string}\"},\"query-input\":{\"@type\":\"PropertyValueSpecification\",\"valueRequired\":true,\"valueName\":\"search_term_string\"}}],\"inLanguage\":\"fr-FR\"},{\"@type\":\"Organization\",\"@id\":\"https:\\\/\\\/a-h-health.ch\\\/#organization\",\"name\":\"Animal & Human Health AG\",\"url\":\"https:\\\/\\\/a-h-health.ch\\\/\",\"logo\":{\"@type\":\"ImageObject\",\"inLanguage\":\"fr-FR\",\"@id\":\"https:\\\/\\\/a-h-health.ch\\\/#\\\/schema\\\/logo\\\/image\\\/\",\"url\":\"https:\\\/\\\/a-h-health.ch\\\/wp-content\\\/uploads\\\/2020\\\/12\\\/Logo-animal-health.jpg\",\"contentUrl\":\"https:\\\/\\\/a-h-health.ch\\\/wp-content\\\/uploads\\\/2020\\\/12\\\/Logo-animal-health.jpg\",\"width\":653,\"height\":56,\"caption\":\"Animal & Human Health AG\"},\"image\":{\"@id\":\"https:\\\/\\\/a-h-health.ch\\\/#\\\/schema\\\/logo\\\/image\\\/\"}}]}<\/script>\n<!-- \/ Yoast SEO plugin. -->","yoast_head_json":{"title":"Quie\u00adtex 1 kg \u2013 Ani\u00admal &amp; Human Health AG","robots":{"index":"index","follow":"follow","max-snippet":"max-snippet:-1","max-image-preview":"max-image-preview:large","max-video-preview":"max-video-preview:-1"},"canonical":"https:\/\/a-h-health.ch\/fr\/shop\/quietex-1-kg\/","og_locale":"fr_FR","og_type":"article","og_title":"Quietex 1 kg - Animal &amp; Human Health AG","og_description":"QUIETEX FARNAM Nat\u00fcrliches Erg\u00e4nzungsfutter zur \u00dcberwindung von Stresssituationen bei Pferden. Nur mit nat\u00fcrlichen Inhaltsstoffen formuliert. Quietex ist ein auf Pflanzenextrakten basierendes Produkt, mit dem Sie alle Stresssituationen, denen das Pferd ausgesetzt ist, auf nat\u00fcrliche Weise bew\u00e4ltigen k\u00f6nnen. Quietex eignet sich daher besonders zur Bew\u00e4ltigung nerv\u00f6ser Themen in naher Zukunft bei Wettbewerbst\u00e4tigkeiten, Transporten, Beschuhen oder Tierarztbesuchen.","og_url":"https:\/\/a-h-health.ch\/fr\/shop\/quietex-1-kg\/","og_site_name":"Animal &amp; Human Health AG","article_modified_time":"2023-08-02T09:22:32+00:00","og_image":[{"width":236,"height":273,"url":"https:\/\/a-h-health.ch\/wp-content\/uploads\/2022\/04\/Quietex-Farnam.jpg","type":"image\/jpeg"}],"twitter_card":"summary_large_image","schema":{"@context":"https:\/\/schema.org","@graph":[{"@type":"WebPage","@id":"https:\/\/a-h-health.ch\/shop\/quietex-1-kg\/","url":"https:\/\/a-h-health.ch\/shop\/quietex-1-kg\/","name":"Quie\u00adtex 1 kg \u2013 Ani\u00admal &amp; Human Health AG","isPartOf":{"@id":"https:\/\/a-h-health.ch\/#website"},"primaryImageOfPage":{"@id":"https:\/\/a-h-health.ch\/shop\/quietex-1-kg\/#primaryimage"},"image":{"@id":"https:\/\/a-h-health.ch\/shop\/quietex-1-kg\/#primaryimage"},"thumbnailUrl":"https:\/\/a-h-health.ch\/wp-content\/uploads\/2022\/04\/Quietex-Farnam.jpg","datePublished":"2022-04-30T08:35:25+00:00","dateModified":"2023-08-02T09:22:32+00:00","breadcrumb":{"@id":"https:\/\/a-h-health.ch\/shop\/quietex-1-kg\/#breadcrumb"},"inLanguage":"fr-FR","potentialAction":[{"@type":"ReadAction","target":["https:\/\/a-h-health.ch\/shop\/quietex-1-kg\/"]}]},{"@type":"ImageObject","inLanguage":"fr-FR","@id":"https:\/\/a-h-health.ch\/shop\/quietex-1-kg\/#primaryimage","url":"https:\/\/a-h-health.ch\/wp-content\/uploads\/2022\/04\/Quietex-Farnam.jpg","contentUrl":"https:\/\/a-h-health.ch\/wp-content\/uploads\/2022\/04\/Quietex-Farnam.jpg","width":236,"height":273},{"@type":"BreadcrumbList","@id":"https:\/\/a-h-health.ch\/shop\/quietex-1-kg\/#breadcrumb","itemListElement":[{"@type":"ListItem","position":1,"name":"Startseite","item":"https:\/\/a-h-health.ch\/"},{"@type":"ListItem","position":2,"name":"Shop","item":"https:\/\/a-h-health.ch\/shop\/"},{"@type":"ListItem","position":3,"name":"Quietex 1 kg"}]},{"@type":"WebSite","@id":"https:\/\/a-h-health.ch\/#website","url":"https:\/\/a-h-health.ch\/","name":"Ani\u00admal and Human Health AG","description":"Nous som\u00admes vos interlo\u00adcu\u00adteurs lorsqu\u2019il s\u2019a\u00adgit de la san\u00adt\u00e9 pro\u00adfes\u00adsi\u00adon\u00adnel\u00adle et du bien-\u00eatre de vot\u00adre animal.","publisher":{"@id":"https:\/\/a-h-health.ch\/#organization"},"alternateName":"a-h-health","potentialAction":[{"@type":"SearchAction","target":{"@type":"EntryPoint","urlTemplate":"https:\/\/a-h-health.ch\/?s={search_term_string}"},"query-input":{"@type":"PropertyValueSpecification","valueRequired":true,"valueName":"search_term_string"}}],"inLanguage":"fr-FR"},{"@type":"Organization","@id":"https:\/\/a-h-health.ch\/#organization","name":"Ani\u00admal &amp; Human Health AG","url":"https:\/\/a-h-health.ch\/","logo":{"@type":"ImageObject","inLanguage":"fr-FR","@id":"https:\/\/a-h-health.ch\/#\/schema\/logo\/image\/","url":"https:\/\/a-h-health.ch\/wp-content\/uploads\/2020\/12\/Logo-animal-health.jpg","contentUrl":"https:\/\/a-h-health.ch\/wp-content\/uploads\/2020\/12\/Logo-animal-health.jpg","width":653,"height":56,"caption":"Animal & Human Health AG"},"image":{"@id":"https:\/\/a-h-health.ch\/#\/schema\/logo\/image\/"}}]}},"_links":{"self":[{"href":"https:\/\/a-h-health.ch\/fr\/wp-json\/wp\/v2\/product\/13618","targetHints":{"allow":["GET"]}}],"collection":[{"href":"https:\/\/a-h-health.ch\/fr\/wp-json\/wp\/v2\/product"}],"about":[{"href":"https:\/\/a-h-health.ch\/fr\/wp-json\/wp\/v2\/types\/product"}],"wp:featuredmedia":[{"embeddable":true,"href":"https:\/\/a-h-health.ch\/fr\/wp-json\/wp\/v2\/media\/13620"}],"wp:attachment":[{"href":"https:\/\/a-h-health.ch\/fr\/wp-json\/wp\/v2\/media?parent=13618"}],"wp:term":[{"taxonomy":"product_brand","embeddable":true,"href":"https:\/\/a-h-health.ch\/fr\/wp-json\/wp\/v2\/product_brand?post=13618"},{"taxonomy":"product_cat","embeddable":true,"href":"https:\/\/a-h-health.ch\/fr\/wp-json\/wp\/v2\/product_cat?post=13618"},{"taxonomy":"product_tag","embeddable":true,"href":"https:\/\/a-h-health.ch\/fr\/wp-json\/wp\/v2\/product_tag?post=13618"}],"curies":[{"name":"wp","href":"https:\/\/api.w.org\/{rel}","templated":true}]}}