{"id":13614,"date":"2022-04-30T10:31:08","date_gmt":"2022-04-30T08:31:08","guid":{"rendered":"https:\/\/a-h-health.ch\/?post_type=product&#038;p=13614"},"modified":"2023-09-05T21:56:00","modified_gmt":"2023-09-05T19:56:00","slug":"red-cell-3-78-l","status":"publish","type":"product","link":"https:\/\/a-h-health.ch\/fr\/shop\/red-cell-3-78-l\/","title":{"rendered":"RED CELL 3.78&nbsp;l"},"content":{"rendered":"<p>Com\u00adpl\u00e9\u00adment ali\u00admen\u00adtai\u00adre pour les chevaux qui ont beso\u00adin d\u2019aug\u00admen\u00adter leur capa\u00adci\u00adt\u00e9 \u00e9ner\u00adg\u00e9\u00adtique. Le com\u00adpl\u00e9\u00adment ali\u00admen\u00adtai\u00adre vit\u00adami\u00adne-fer-min\u00e9\u00adraux bien con\u00adnu d\u2019A\u00adm\u00e9\u00adri\u00adque au go\u00fbt de&nbsp;yucca.<\/p>","protected":false},"excerpt":{"rendered":"<p>Com\u00adpl\u00e9\u00adment ali\u00admen\u00adtai\u00adre pour les chevaux qui ont beso\u00adin d\u2019aug\u00admen\u00adter leur capa\u00adci\u00adt\u00e9 \u00e9ner\u00adg\u00e9\u00adtique. Le com\u00adpl\u00e9\u00adment ali\u00admen\u00adtai\u00adre vit\u00adami\u00adne-fer-min\u00e9\u00adraux bien con\u00adnu d\u2019A\u00adm\u00e9\u00adri\u00adque au go\u00fbt de&nbsp;yucca.<\/p>","protected":false},"featured_media":13616,"template":"","meta":{"wp_typography_post_enhancements_disabled":false},"product_brand":[],"product_cat":[34,562],"product_tag":[574],"class_list":{"0":"post-13614","1":"product","2":"type-product","3":"status-publish","4":"has-post-thumbnail","6":"product_cat-nahrungsergaenzung","7":"product_cat-pferd","8":"product_tag-futter-und-diverse","10":"first","11":"instock","12":"taxable","13":"shipping-taxable","14":"product-type-simple"},"yoast_head":"<!-- This site is optimized with the Yoast SEO plugin v27.4 - https:\/\/yoast.com\/product\/yoast-seo-wordpress\/ -->\n<title>RED CELL 3.78 l - Animal &amp; Human Health AG<\/title>\n<meta name=\"robots\" content=\"index, follow, max-snippet:-1, max-image-preview:large, max-video-preview:-1\" \/>\n<link rel=\"canonical\" href=\"https:\/\/a-h-health.ch\/fr\/shop\/red-cell-3-78-l\/\" \/>\n<meta property=\"og:locale\" content=\"fr_FR\" \/>\n<meta property=\"og:type\" content=\"article\" \/>\n<meta property=\"og:title\" content=\"RED CELL 3.78 l - Animal &amp; Human Health AG\" \/>\n<meta property=\"og:description\" content=\"Erg\u00e4nzungsfuttermittel f\u00fcr Pferde, die ihre Energiekapazit\u00e4t steigern m\u00fcssen. Das bekannte Vitamin-Eisen-Mineral-Futterzusatzmittel aus Amerika mit Yucca-Geschmack.\" \/>\n<meta property=\"og:url\" content=\"https:\/\/a-h-health.ch\/fr\/shop\/red-cell-3-78-l\/\" \/>\n<meta property=\"og:site_name\" content=\"Animal &amp; Human Health AG\" \/>\n<meta property=\"article:modified_time\" content=\"2023-09-05T19:56:00+00:00\" \/>\n<meta property=\"og:image\" content=\"https:\/\/a-h-health.ch\/wp-content\/uploads\/2022\/04\/Red-cell-3.6.jpg\" \/>\n\t<meta property=\"og:image:width\" content=\"405\" \/>\n\t<meta property=\"og:image:height\" content=\"364\" \/>\n\t<meta property=\"og:image:type\" content=\"image\/jpeg\" \/>\n<meta name=\"twitter:card\" content=\"summary_large_image\" \/>\n<meta name=\"twitter:label1\" content=\"Dur\u00e9e de lecture estim\u00e9e\" \/>\n\t<meta name=\"twitter:data1\" content=\"1 minute\" \/>\n<script type=\"application\/ld+json\" class=\"yoast-schema-graph\">{\"@context\":\"https:\\\/\\\/schema.org\",\"@graph\":[{\"@type\":\"WebPage\",\"@id\":\"https:\\\/\\\/a-h-health.ch\\\/shop\\\/red-cell-3-78-l\\\/\",\"url\":\"https:\\\/\\\/a-h-health.ch\\\/shop\\\/red-cell-3-78-l\\\/\",\"name\":\"RED CELL 3.78 l - Animal &amp; Human Health AG\",\"isPartOf\":{\"@id\":\"https:\\\/\\\/a-h-health.ch\\\/#website\"},\"primaryImageOfPage\":{\"@id\":\"https:\\\/\\\/a-h-health.ch\\\/shop\\\/red-cell-3-78-l\\\/#primaryimage\"},\"image\":{\"@id\":\"https:\\\/\\\/a-h-health.ch\\\/shop\\\/red-cell-3-78-l\\\/#primaryimage\"},\"thumbnailUrl\":\"https:\\\/\\\/a-h-health.ch\\\/wp-content\\\/uploads\\\/2022\\\/04\\\/Red-cell-3.6.jpg\",\"datePublished\":\"2022-04-30T08:31:08+00:00\",\"dateModified\":\"2023-09-05T19:56:00+00:00\",\"breadcrumb\":{\"@id\":\"https:\\\/\\\/a-h-health.ch\\\/shop\\\/red-cell-3-78-l\\\/#breadcrumb\"},\"inLanguage\":\"fr-FR\",\"potentialAction\":[{\"@type\":\"ReadAction\",\"target\":[\"https:\\\/\\\/a-h-health.ch\\\/shop\\\/red-cell-3-78-l\\\/\"]}]},{\"@type\":\"ImageObject\",\"inLanguage\":\"fr-FR\",\"@id\":\"https:\\\/\\\/a-h-health.ch\\\/shop\\\/red-cell-3-78-l\\\/#primaryimage\",\"url\":\"https:\\\/\\\/a-h-health.ch\\\/wp-content\\\/uploads\\\/2022\\\/04\\\/Red-cell-3.6.jpg\",\"contentUrl\":\"https:\\\/\\\/a-h-health.ch\\\/wp-content\\\/uploads\\\/2022\\\/04\\\/Red-cell-3.6.jpg\",\"width\":405,\"height\":364},{\"@type\":\"BreadcrumbList\",\"@id\":\"https:\\\/\\\/a-h-health.ch\\\/shop\\\/red-cell-3-78-l\\\/#breadcrumb\",\"itemListElement\":[{\"@type\":\"ListItem\",\"position\":1,\"name\":\"Startseite\",\"item\":\"https:\\\/\\\/a-h-health.ch\\\/\"},{\"@type\":\"ListItem\",\"position\":2,\"name\":\"Shop\",\"item\":\"https:\\\/\\\/a-h-health.ch\\\/shop\\\/\"},{\"@type\":\"ListItem\",\"position\":3,\"name\":\"RED CELL 3.78 l\"}]},{\"@type\":\"WebSite\",\"@id\":\"https:\\\/\\\/a-h-health.ch\\\/#website\",\"url\":\"https:\\\/\\\/a-h-health.ch\\\/\",\"name\":\"Animal and Human Health AG\",\"description\":\"Wir sind Ihre Ansprechpartner, wenn es um die professionelle Gesundheit und das Wohl ihres Tieres geht.\",\"publisher\":{\"@id\":\"https:\\\/\\\/a-h-health.ch\\\/#organization\"},\"alternateName\":\"a-h-health\",\"potentialAction\":[{\"@type\":\"SearchAction\",\"target\":{\"@type\":\"EntryPoint\",\"urlTemplate\":\"https:\\\/\\\/a-h-health.ch\\\/?s={search_term_string}\"},\"query-input\":{\"@type\":\"PropertyValueSpecification\",\"valueRequired\":true,\"valueName\":\"search_term_string\"}}],\"inLanguage\":\"fr-FR\"},{\"@type\":\"Organization\",\"@id\":\"https:\\\/\\\/a-h-health.ch\\\/#organization\",\"name\":\"Animal & Human Health AG\",\"url\":\"https:\\\/\\\/a-h-health.ch\\\/\",\"logo\":{\"@type\":\"ImageObject\",\"inLanguage\":\"fr-FR\",\"@id\":\"https:\\\/\\\/a-h-health.ch\\\/#\\\/schema\\\/logo\\\/image\\\/\",\"url\":\"https:\\\/\\\/a-h-health.ch\\\/wp-content\\\/uploads\\\/2020\\\/12\\\/Logo-animal-health.jpg\",\"contentUrl\":\"https:\\\/\\\/a-h-health.ch\\\/wp-content\\\/uploads\\\/2020\\\/12\\\/Logo-animal-health.jpg\",\"width\":653,\"height\":56,\"caption\":\"Animal & Human Health AG\"},\"image\":{\"@id\":\"https:\\\/\\\/a-h-health.ch\\\/#\\\/schema\\\/logo\\\/image\\\/\"}}]}<\/script>\n<!-- \/ Yoast SEO plugin. -->","yoast_head_json":{"title":"RED CELL 3.78 l \u2013 Ani\u00admal &amp; Human Health AG","robots":{"index":"index","follow":"follow","max-snippet":"max-snippet:-1","max-image-preview":"max-image-preview:large","max-video-preview":"max-video-preview:-1"},"canonical":"https:\/\/a-h-health.ch\/fr\/shop\/red-cell-3-78-l\/","og_locale":"fr_FR","og_type":"article","og_title":"RED CELL 3.78 l - Animal &amp; Human Health AG","og_description":"Erg\u00e4nzungsfuttermittel f\u00fcr Pferde, die ihre Energiekapazit\u00e4t steigern m\u00fcssen. Das bekannte Vitamin-Eisen-Mineral-Futterzusatzmittel aus Amerika mit Yucca-Geschmack.","og_url":"https:\/\/a-h-health.ch\/fr\/shop\/red-cell-3-78-l\/","og_site_name":"Animal &amp; Human Health AG","article_modified_time":"2023-09-05T19:56:00+00:00","og_image":[{"width":405,"height":364,"url":"https:\/\/a-h-health.ch\/wp-content\/uploads\/2022\/04\/Red-cell-3.6.jpg","type":"image\/jpeg"}],"twitter_card":"summary_large_image","twitter_misc":{"Dur\u00e9e de lecture estim\u00e9e":"1 minute"},"schema":{"@context":"https:\/\/schema.org","@graph":[{"@type":"WebPage","@id":"https:\/\/a-h-health.ch\/shop\/red-cell-3-78-l\/","url":"https:\/\/a-h-health.ch\/shop\/red-cell-3-78-l\/","name":"RED CELL 3.78 l \u2013 Ani\u00admal &amp; Human Health AG","isPartOf":{"@id":"https:\/\/a-h-health.ch\/#website"},"primaryImageOfPage":{"@id":"https:\/\/a-h-health.ch\/shop\/red-cell-3-78-l\/#primaryimage"},"image":{"@id":"https:\/\/a-h-health.ch\/shop\/red-cell-3-78-l\/#primaryimage"},"thumbnailUrl":"https:\/\/a-h-health.ch\/wp-content\/uploads\/2022\/04\/Red-cell-3.6.jpg","datePublished":"2022-04-30T08:31:08+00:00","dateModified":"2023-09-05T19:56:00+00:00","breadcrumb":{"@id":"https:\/\/a-h-health.ch\/shop\/red-cell-3-78-l\/#breadcrumb"},"inLanguage":"fr-FR","potentialAction":[{"@type":"ReadAction","target":["https:\/\/a-h-health.ch\/shop\/red-cell-3-78-l\/"]}]},{"@type":"ImageObject","inLanguage":"fr-FR","@id":"https:\/\/a-h-health.ch\/shop\/red-cell-3-78-l\/#primaryimage","url":"https:\/\/a-h-health.ch\/wp-content\/uploads\/2022\/04\/Red-cell-3.6.jpg","contentUrl":"https:\/\/a-h-health.ch\/wp-content\/uploads\/2022\/04\/Red-cell-3.6.jpg","width":405,"height":364},{"@type":"BreadcrumbList","@id":"https:\/\/a-h-health.ch\/shop\/red-cell-3-78-l\/#breadcrumb","itemListElement":[{"@type":"ListItem","position":1,"name":"Startseite","item":"https:\/\/a-h-health.ch\/"},{"@type":"ListItem","position":2,"name":"Shop","item":"https:\/\/a-h-health.ch\/shop\/"},{"@type":"ListItem","position":3,"name":"RED CELL 3.78 l"}]},{"@type":"WebSite","@id":"https:\/\/a-h-health.ch\/#website","url":"https:\/\/a-h-health.ch\/","name":"Ani\u00admal and Human Health AG","description":"Nous som\u00admes vos interlo\u00adcu\u00adteurs lorsqu\u2019il s\u2019a\u00adgit de la san\u00adt\u00e9 pro\u00adfes\u00adsi\u00adon\u00adnel\u00adle et du bien-\u00eatre de vot\u00adre animal.","publisher":{"@id":"https:\/\/a-h-health.ch\/#organization"},"alternateName":"a-h-health","potentialAction":[{"@type":"SearchAction","target":{"@type":"EntryPoint","urlTemplate":"https:\/\/a-h-health.ch\/?s={search_term_string}"},"query-input":{"@type":"PropertyValueSpecification","valueRequired":true,"valueName":"search_term_string"}}],"inLanguage":"fr-FR"},{"@type":"Organization","@id":"https:\/\/a-h-health.ch\/#organization","name":"Ani\u00admal &amp; Human Health AG","url":"https:\/\/a-h-health.ch\/","logo":{"@type":"ImageObject","inLanguage":"fr-FR","@id":"https:\/\/a-h-health.ch\/#\/schema\/logo\/image\/","url":"https:\/\/a-h-health.ch\/wp-content\/uploads\/2020\/12\/Logo-animal-health.jpg","contentUrl":"https:\/\/a-h-health.ch\/wp-content\/uploads\/2020\/12\/Logo-animal-health.jpg","width":653,"height":56,"caption":"Animal & Human Health AG"},"image":{"@id":"https:\/\/a-h-health.ch\/#\/schema\/logo\/image\/"}}]}},"_links":{"self":[{"href":"https:\/\/a-h-health.ch\/fr\/wp-json\/wp\/v2\/product\/13614","targetHints":{"allow":["GET"]}}],"collection":[{"href":"https:\/\/a-h-health.ch\/fr\/wp-json\/wp\/v2\/product"}],"about":[{"href":"https:\/\/a-h-health.ch\/fr\/wp-json\/wp\/v2\/types\/product"}],"wp:featuredmedia":[{"embeddable":true,"href":"https:\/\/a-h-health.ch\/fr\/wp-json\/wp\/v2\/media\/13616"}],"wp:attachment":[{"href":"https:\/\/a-h-health.ch\/fr\/wp-json\/wp\/v2\/media?parent=13614"}],"wp:term":[{"taxonomy":"product_brand","embeddable":true,"href":"https:\/\/a-h-health.ch\/fr\/wp-json\/wp\/v2\/product_brand?post=13614"},{"taxonomy":"product_cat","embeddable":true,"href":"https:\/\/a-h-health.ch\/fr\/wp-json\/wp\/v2\/product_cat?post=13614"},{"taxonomy":"product_tag","embeddable":true,"href":"https:\/\/a-h-health.ch\/fr\/wp-json\/wp\/v2\/product_tag?post=13614"}],"curies":[{"name":"wp","href":"https:\/\/api.w.org\/{rel}","templated":true}]}}