{"id":13529,"date":"2022-04-20T20:57:11","date_gmt":"2022-04-20T18:57:11","guid":{"rendered":"https:\/\/a-h-health.ch\/?post_type=product&#038;p=13529"},"modified":"2023-09-05T21:52:54","modified_gmt":"2023-09-05T19:52:54","slug":"zinkoxid-salben-spray-200-ml","status":"publish","type":"product","link":"https:\/\/a-h-health.ch\/fr\/shop\/zinkoxid-salben-spray-200-ml\/","title":{"rendered":"Spray pom\u00adma\u00adde \u00e0 l\u2019oxy\u00adde de zinc, 200&nbsp;ml"},"content":{"rendered":"<p>Les peaux s\u00e8ches et ger\u00adc\u00e9es retrou\u00advent leur sou\u00adples\u00adse. Opti\u00admal pour le soin couvrant de la peau ain\u00adsi qu\u2019en cas de solli\u00adci\u00adta\u00adti\u00adon par\u00adti\u00adcu\u00adli\u00e8\u00adre de la peau. Le spray agit com\u00adme une pom\u00adma\u00adde et pro\u00adt\u00e8ge cont\u00adre les influen\u00adces noci\u00adves de l\u2019en\u00advi\u00adron\u00adne\u00adment. Il a un excel\u00adlent effet soignant et sou\u00adti\u00adent les pro\u00adces\u00adsus natu\u00adrels de r\u00e9g\u00e9\u00adn\u00e9\u00adra\u00adti\u00adon de la&nbsp;peau.<br>\nCon\u00adti\u00adent du zinc, un \u00e9l\u00e9\u00adment important pour la r\u00e9g\u00e9\u00adn\u00e9\u00adra\u00adti\u00adon de la&nbsp;peau<\/p>","protected":false},"excerpt":{"rendered":"<p>Trocke\u00adne und ris\u00adsi\u00adge Haut wird wie\u00adder geschmei\u00addig. Opti\u00admal zur abdecken\u00adden Haut\u00adpfle\u00adge sowie bei beson\u00adde\u00adrer Bean\u00adspru\u00adchung der Haut. Das Spray wirkt wie ein Sal\u00adben\u00adver\u00adband und sch\u00fctzt vor sch\u00e4d\u00adli\u00adchen Umwelt\u00adein\u00adfl\u00fcs\u00adsen. Hat eine her\u00advor\u00adra\u00adgen\u00adde Pfle\u00adge\u00adwir\u00adkung und unter\u00adst\u00fctzt die nat\u00fcr\u00adli\u00adchen rege\u00adne\u00adra\u00adti\u00adven Pro\u00adzes\u00adse der Haut. Ent\u00adh\u00e4lt Zink als einen wich\u00adti\u00adgen Bau\u00adstein f\u00fcr die Hautregeneration<\/p>","protected":false},"featured_media":13531,"template":"","meta":{"wp_typography_post_enhancements_disabled":false},"product_brand":[],"product_cat":[566,565,563,564,562,556],"product_tag":[574],"class_list":{"0":"post-13529","1":"product","2":"type-product","3":"status-publish","4":"has-post-thumbnail","6":"product_cat-andere-kleintiere","7":"product_cat-grosstier","8":"product_cat-hund","9":"product_cat-katze","10":"product_cat-pferd","11":"product_cat-pflegemittel","12":"product_tag-futter-und-diverse","14":"first","15":"instock","16":"taxable","17":"shipping-taxable","18":"product-type-simple"},"yoast_head":"<!-- This site is optimized with the Yoast SEO plugin v27.4 - https:\/\/yoast.com\/product\/yoast-seo-wordpress\/ -->\n<title>Zinkoxid-Salben-Spray, 200 ml - Animal &amp; Human Health AG<\/title>\n<meta name=\"robots\" content=\"index, follow, max-snippet:-1, max-image-preview:large, max-video-preview:-1\" \/>\n<link rel=\"canonical\" href=\"https:\/\/a-h-health.ch\/fr\/shop\/zinkoxid-salben-spray-200-ml\/\" \/>\n<meta property=\"og:locale\" content=\"fr_FR\" \/>\n<meta property=\"og:type\" content=\"article\" \/>\n<meta property=\"og:title\" content=\"Zinkoxid-Salben-Spray, 200 ml - Animal &amp; Human Health AG\" \/>\n<meta property=\"og:description\" content=\"Trockene und rissige Haut wird wieder geschmeidig. Optimal zur abdeckenden Hautpflege sowie bei besonderer Beanspruchung der Haut. Das Spray wirkt wie ein Salbenverband und sch\u00fctzt vor sch\u00e4dlichen Umwelteinfl\u00fcssen. Hat eine hervorragende Pflegewirkung und unterst\u00fctzt die nat\u00fcrlichen regenerativen Prozesse der Haut. Enth\u00e4lt Zink als einen wichtigen Baustein f\u00fcr die Hautregeneration\" \/>\n<meta property=\"og:url\" content=\"https:\/\/a-h-health.ch\/fr\/shop\/zinkoxid-salben-spray-200-ml\/\" \/>\n<meta property=\"og:site_name\" content=\"Animal &amp; Human Health AG\" \/>\n<meta property=\"article:modified_time\" content=\"2023-09-05T19:52:54+00:00\" \/>\n<meta property=\"og:image\" content=\"https:\/\/a-h-health.ch\/wp-content\/uploads\/2022\/04\/Zinkoxys-Salbenspray.jpg\" \/>\n\t<meta property=\"og:image:width\" content=\"766\" \/>\n\t<meta property=\"og:image:height\" content=\"761\" \/>\n\t<meta property=\"og:image:type\" content=\"image\/jpeg\" \/>\n<meta name=\"twitter:card\" content=\"summary_large_image\" \/>\n<meta name=\"twitter:label1\" content=\"Dur\u00e9e de lecture estim\u00e9e\" \/>\n\t<meta name=\"twitter:data1\" content=\"1 minute\" \/>\n<script type=\"application\/ld+json\" class=\"yoast-schema-graph\">{\"@context\":\"https:\\\/\\\/schema.org\",\"@graph\":[{\"@type\":\"WebPage\",\"@id\":\"https:\\\/\\\/a-h-health.ch\\\/shop\\\/zinkoxid-salben-spray-200-ml\\\/\",\"url\":\"https:\\\/\\\/a-h-health.ch\\\/shop\\\/zinkoxid-salben-spray-200-ml\\\/\",\"name\":\"Zinkoxid-Salben-Spray, 200 ml - Animal &amp; Human Health AG\",\"isPartOf\":{\"@id\":\"https:\\\/\\\/a-h-health.ch\\\/#website\"},\"primaryImageOfPage\":{\"@id\":\"https:\\\/\\\/a-h-health.ch\\\/shop\\\/zinkoxid-salben-spray-200-ml\\\/#primaryimage\"},\"image\":{\"@id\":\"https:\\\/\\\/a-h-health.ch\\\/shop\\\/zinkoxid-salben-spray-200-ml\\\/#primaryimage\"},\"thumbnailUrl\":\"https:\\\/\\\/a-h-health.ch\\\/wp-content\\\/uploads\\\/2022\\\/04\\\/Zinkoxys-Salbenspray.jpg\",\"datePublished\":\"2022-04-20T18:57:11+00:00\",\"dateModified\":\"2023-09-05T19:52:54+00:00\",\"breadcrumb\":{\"@id\":\"https:\\\/\\\/a-h-health.ch\\\/shop\\\/zinkoxid-salben-spray-200-ml\\\/#breadcrumb\"},\"inLanguage\":\"fr-FR\",\"potentialAction\":[{\"@type\":\"ReadAction\",\"target\":[\"https:\\\/\\\/a-h-health.ch\\\/shop\\\/zinkoxid-salben-spray-200-ml\\\/\"]}]},{\"@type\":\"ImageObject\",\"inLanguage\":\"fr-FR\",\"@id\":\"https:\\\/\\\/a-h-health.ch\\\/shop\\\/zinkoxid-salben-spray-200-ml\\\/#primaryimage\",\"url\":\"https:\\\/\\\/a-h-health.ch\\\/wp-content\\\/uploads\\\/2022\\\/04\\\/Zinkoxys-Salbenspray.jpg\",\"contentUrl\":\"https:\\\/\\\/a-h-health.ch\\\/wp-content\\\/uploads\\\/2022\\\/04\\\/Zinkoxys-Salbenspray.jpg\",\"width\":766,\"height\":761},{\"@type\":\"BreadcrumbList\",\"@id\":\"https:\\\/\\\/a-h-health.ch\\\/shop\\\/zinkoxid-salben-spray-200-ml\\\/#breadcrumb\",\"itemListElement\":[{\"@type\":\"ListItem\",\"position\":1,\"name\":\"Startseite\",\"item\":\"https:\\\/\\\/a-h-health.ch\\\/\"},{\"@type\":\"ListItem\",\"position\":2,\"name\":\"Shop\",\"item\":\"https:\\\/\\\/a-h-health.ch\\\/shop\\\/\"},{\"@type\":\"ListItem\",\"position\":3,\"name\":\"Zinkoxid-Salben-Spray, 200 ml\"}]},{\"@type\":\"WebSite\",\"@id\":\"https:\\\/\\\/a-h-health.ch\\\/#website\",\"url\":\"https:\\\/\\\/a-h-health.ch\\\/\",\"name\":\"Animal and Human Health AG\",\"description\":\"Wir sind Ihre Ansprechpartner, wenn es um die professionelle Gesundheit und das Wohl ihres Tieres geht.\",\"publisher\":{\"@id\":\"https:\\\/\\\/a-h-health.ch\\\/#organization\"},\"alternateName\":\"a-h-health\",\"potentialAction\":[{\"@type\":\"SearchAction\",\"target\":{\"@type\":\"EntryPoint\",\"urlTemplate\":\"https:\\\/\\\/a-h-health.ch\\\/?s={search_term_string}\"},\"query-input\":{\"@type\":\"PropertyValueSpecification\",\"valueRequired\":true,\"valueName\":\"search_term_string\"}}],\"inLanguage\":\"fr-FR\"},{\"@type\":\"Organization\",\"@id\":\"https:\\\/\\\/a-h-health.ch\\\/#organization\",\"name\":\"Animal & Human Health AG\",\"url\":\"https:\\\/\\\/a-h-health.ch\\\/\",\"logo\":{\"@type\":\"ImageObject\",\"inLanguage\":\"fr-FR\",\"@id\":\"https:\\\/\\\/a-h-health.ch\\\/#\\\/schema\\\/logo\\\/image\\\/\",\"url\":\"https:\\\/\\\/a-h-health.ch\\\/wp-content\\\/uploads\\\/2020\\\/12\\\/Logo-animal-health.jpg\",\"contentUrl\":\"https:\\\/\\\/a-h-health.ch\\\/wp-content\\\/uploads\\\/2020\\\/12\\\/Logo-animal-health.jpg\",\"width\":653,\"height\":56,\"caption\":\"Animal & Human Health AG\"},\"image\":{\"@id\":\"https:\\\/\\\/a-h-health.ch\\\/#\\\/schema\\\/logo\\\/image\\\/\"}}]}<\/script>\n<!-- \/ Yoast SEO plugin. -->","yoast_head_json":{"title":"Zink\u00adoxid-Sal\u00adben-Spray, 200 ml \u2013 Ani\u00admal &amp; Human Health AG","robots":{"index":"index","follow":"follow","max-snippet":"max-snippet:-1","max-image-preview":"max-image-preview:large","max-video-preview":"max-video-preview:-1"},"canonical":"https:\/\/a-h-health.ch\/fr\/shop\/zinkoxid-salben-spray-200-ml\/","og_locale":"fr_FR","og_type":"article","og_title":"Zinkoxid-Salben-Spray, 200 ml - Animal &amp; Human Health AG","og_description":"Trockene und rissige Haut wird wieder geschmeidig. Optimal zur abdeckenden Hautpflege sowie bei besonderer Beanspruchung der Haut. Das Spray wirkt wie ein Salbenverband und sch\u00fctzt vor sch\u00e4dlichen Umwelteinfl\u00fcssen. Hat eine hervorragende Pflegewirkung und unterst\u00fctzt die nat\u00fcrlichen regenerativen Prozesse der Haut. Enth\u00e4lt Zink als einen wichtigen Baustein f\u00fcr die Hautregeneration","og_url":"https:\/\/a-h-health.ch\/fr\/shop\/zinkoxid-salben-spray-200-ml\/","og_site_name":"Animal &amp; Human Health AG","article_modified_time":"2023-09-05T19:52:54+00:00","og_image":[{"width":766,"height":761,"url":"https:\/\/a-h-health.ch\/wp-content\/uploads\/2022\/04\/Zinkoxys-Salbenspray.jpg","type":"image\/jpeg"}],"twitter_card":"summary_large_image","twitter_misc":{"Dur\u00e9e de lecture estim\u00e9e":"1 minute"},"schema":{"@context":"https:\/\/schema.org","@graph":[{"@type":"WebPage","@id":"https:\/\/a-h-health.ch\/shop\/zinkoxid-salben-spray-200-ml\/","url":"https:\/\/a-h-health.ch\/shop\/zinkoxid-salben-spray-200-ml\/","name":"Zink\u00adoxid-Sal\u00adben-Spray, 200 ml \u2013 Ani\u00admal &amp; Human Health AG","isPartOf":{"@id":"https:\/\/a-h-health.ch\/#website"},"primaryImageOfPage":{"@id":"https:\/\/a-h-health.ch\/shop\/zinkoxid-salben-spray-200-ml\/#primaryimage"},"image":{"@id":"https:\/\/a-h-health.ch\/shop\/zinkoxid-salben-spray-200-ml\/#primaryimage"},"thumbnailUrl":"https:\/\/a-h-health.ch\/wp-content\/uploads\/2022\/04\/Zinkoxys-Salbenspray.jpg","datePublished":"2022-04-20T18:57:11+00:00","dateModified":"2023-09-05T19:52:54+00:00","breadcrumb":{"@id":"https:\/\/a-h-health.ch\/shop\/zinkoxid-salben-spray-200-ml\/#breadcrumb"},"inLanguage":"fr-FR","potentialAction":[{"@type":"ReadAction","target":["https:\/\/a-h-health.ch\/shop\/zinkoxid-salben-spray-200-ml\/"]}]},{"@type":"ImageObject","inLanguage":"fr-FR","@id":"https:\/\/a-h-health.ch\/shop\/zinkoxid-salben-spray-200-ml\/#primaryimage","url":"https:\/\/a-h-health.ch\/wp-content\/uploads\/2022\/04\/Zinkoxys-Salbenspray.jpg","contentUrl":"https:\/\/a-h-health.ch\/wp-content\/uploads\/2022\/04\/Zinkoxys-Salbenspray.jpg","width":766,"height":761},{"@type":"BreadcrumbList","@id":"https:\/\/a-h-health.ch\/shop\/zinkoxid-salben-spray-200-ml\/#breadcrumb","itemListElement":[{"@type":"ListItem","position":1,"name":"Startseite","item":"https:\/\/a-h-health.ch\/"},{"@type":"ListItem","position":2,"name":"Shop","item":"https:\/\/a-h-health.ch\/shop\/"},{"@type":"ListItem","position":3,"name":"Zinkoxid-Salben-Spray, 200 ml"}]},{"@type":"WebSite","@id":"https:\/\/a-h-health.ch\/#website","url":"https:\/\/a-h-health.ch\/","name":"Ani\u00admal and Human Health AG","description":"Nous som\u00admes vos interlo\u00adcu\u00adteurs lorsqu\u2019il s\u2019a\u00adgit de la san\u00adt\u00e9 pro\u00adfes\u00adsi\u00adon\u00adnel\u00adle et du bien-\u00eatre de vot\u00adre animal.","publisher":{"@id":"https:\/\/a-h-health.ch\/#organization"},"alternateName":"a-h-health","potentialAction":[{"@type":"SearchAction","target":{"@type":"EntryPoint","urlTemplate":"https:\/\/a-h-health.ch\/?s={search_term_string}"},"query-input":{"@type":"PropertyValueSpecification","valueRequired":true,"valueName":"search_term_string"}}],"inLanguage":"fr-FR"},{"@type":"Organization","@id":"https:\/\/a-h-health.ch\/#organization","name":"Ani\u00admal &amp; Human Health AG","url":"https:\/\/a-h-health.ch\/","logo":{"@type":"ImageObject","inLanguage":"fr-FR","@id":"https:\/\/a-h-health.ch\/#\/schema\/logo\/image\/","url":"https:\/\/a-h-health.ch\/wp-content\/uploads\/2020\/12\/Logo-animal-health.jpg","contentUrl":"https:\/\/a-h-health.ch\/wp-content\/uploads\/2020\/12\/Logo-animal-health.jpg","width":653,"height":56,"caption":"Animal & Human Health AG"},"image":{"@id":"https:\/\/a-h-health.ch\/#\/schema\/logo\/image\/"}}]}},"_links":{"self":[{"href":"https:\/\/a-h-health.ch\/fr\/wp-json\/wp\/v2\/product\/13529","targetHints":{"allow":["GET"]}}],"collection":[{"href":"https:\/\/a-h-health.ch\/fr\/wp-json\/wp\/v2\/product"}],"about":[{"href":"https:\/\/a-h-health.ch\/fr\/wp-json\/wp\/v2\/types\/product"}],"wp:featuredmedia":[{"embeddable":true,"href":"https:\/\/a-h-health.ch\/fr\/wp-json\/wp\/v2\/media\/13531"}],"wp:attachment":[{"href":"https:\/\/a-h-health.ch\/fr\/wp-json\/wp\/v2\/media?parent=13529"}],"wp:term":[{"taxonomy":"product_brand","embeddable":true,"href":"https:\/\/a-h-health.ch\/fr\/wp-json\/wp\/v2\/product_brand?post=13529"},{"taxonomy":"product_cat","embeddable":true,"href":"https:\/\/a-h-health.ch\/fr\/wp-json\/wp\/v2\/product_cat?post=13529"},{"taxonomy":"product_tag","embeddable":true,"href":"https:\/\/a-h-health.ch\/fr\/wp-json\/wp\/v2\/product_tag?post=13529"}],"curies":[{"name":"wp","href":"https:\/\/api.w.org\/{rel}","templated":true}]}}