{"id":12917,"date":"2022-03-18T08:49:43","date_gmt":"2022-03-18T07:49:43","guid":{"rendered":"https:\/\/a-h-health.ch\/?post_type=product&#038;p=12917"},"modified":"2025-07-07T15:49:40","modified_gmt":"2025-07-07T13:49:40","slug":"like-ice-equine-america-2-7-kg","status":"publish","type":"product","link":"https:\/\/a-h-health.ch\/fr\/shop\/like-ice-equine-america-2-7-kg\/","title":{"rendered":"Like Ice Equi\u00adne Ame\u00adri\u00adca, 2,7&nbsp;kg"},"content":{"rendered":"<p>Pro\u00adduit de soin pour ani\u00admaux avec effet rafra\u00eechis\u00adsant pour les jam\u00adbes fati\u00adgu\u00e9es des chevaux. Like Ice con\u00adti\u00adent des muco\u00adpo\u00adlysac\u00adcha\u00adri\u00addes ain\u00adsi que du melaleu\u00adca et de l\u2019a\u00adloe&nbsp;vera.<br>\nUti\u00adli\u00ads\u00e9 sur les peti\u00adtes cou\u00adpu\u00adres et les \u00e9corch\u00adu\u00adres, Like Ice ne for\u00adme pas de clo\u00adques et peut \u00eatre rin\u00adc\u00e9 sans probl\u00e8me.<\/p>\n<div class=\"content--description\">\n<div class=\"product--description\">\n<div class=\"content--title\">Com\u00adpo\u00adsi\u00adti\u00adon<br>\nargi\u00adle, eau, ben\u00adto\u00adni\u00adte, gly\u00adc\u00e9\u00adri\u00adne, Sor\u00adbo\u00adplexTM, aci\u00adde bori\u00adque, sul\u00adfa\u00adte de fer, aloe vera, hui\u00adle d\u2019arb\u00adre \u00e0&nbsp;th\u00e9<\/div>\n<\/div>\n<\/div>","protected":false},"excerpt":{"rendered":"<p>Pro\u00adduit de soin pour ani\u00admaux avec effet rafra\u00eechis\u00adsant pour les jam\u00adbes fati\u00adgu\u00e9es des chevaux. Like Ice con\u00adti\u00adent des muco\u00adpo\u00adlysac\u00adcha\u00adri\u00addes ain\u00adsi que du melaleu\u00adca et de l\u2019a\u00adloe vera. Uti\u00adli\u00ads\u00e9 sur les peti\u00adtes cou\u00adpu\u00adres et les \u00e9corch\u00adu\u00adres, Like Ice ne for\u00adme pas de clo\u00adques et peut \u00eatre rin\u00adc\u00e9 sans pro\u00adbl\u00e8\u00adme. Com\u00adpo\u00adsi\u00adti\u00adon Argi\u00adle, eau, ben\u00adto\u00adni\u00adte, gly\u00adc\u00e9\u00adri\u00adne, Sor\u00adbo\u00adplexTM, aci\u00adde bori\u00adque, sul\u00adfa\u00adte de fer, aloe vera, hui\u00adle d\u2019arb\u00adre \u00e0&nbsp;th\u00e9.<\/p>","protected":false},"featured_media":12968,"template":"","meta":{"wp_typography_post_enhancements_disabled":false},"product_brand":[],"product_cat":[570,562,556],"product_tag":[574],"class_list":{"0":"post-12917","1":"product","2":"type-product","3":"status-publish","4":"has-post-thumbnail","6":"product_cat-equine-america","7":"product_cat-pferd","8":"product_cat-pflegemittel","9":"product_tag-futter-und-diverse","11":"first","12":"instock","13":"taxable","14":"shipping-taxable","15":"product-type-simple"},"yoast_head":"<!-- This site is optimized with the Yoast SEO plugin v27.4 - https:\/\/yoast.com\/product\/yoast-seo-wordpress\/ -->\n<title>Like Ice Equine America, 2.7 kg - Animal &amp; Human Health AG<\/title>\n<meta name=\"robots\" content=\"index, follow, max-snippet:-1, max-image-preview:large, max-video-preview:-1\" \/>\n<link rel=\"canonical\" href=\"https:\/\/a-h-health.ch\/fr\/shop\/like-ice-equine-america-2-7-kg\/\" \/>\n<meta property=\"og:locale\" content=\"fr_FR\" \/>\n<meta property=\"og:type\" content=\"article\" \/>\n<meta property=\"og:title\" content=\"Like Ice Equine America, 2.7 kg - Animal &amp; Human Health AG\" \/>\n<meta property=\"og:description\" content=\"Pflegemittel f\u00fcr Tiere mit k\u00fchlendem Effekt f\u00fcr strapazierte Pferdebeine. Like Ice enth\u00e4lt Mucopolysaccaride sowie Melaleuca und Aloe Vera. Bei der Anwendung auf kleineren Schnittwunden und Absch\u00fcrfungen bildet Like Ice keine Blasen und kann problemlos abgesp\u00fclt werde. Zusammensetzung Tonerde,Wasser, Bentonite, Glycerin, SorboplexTM, Bors\u00e4ure, Eisensulfat, Aloe Vera, Teebaum-\u00d6l\" \/>\n<meta property=\"og:url\" content=\"https:\/\/a-h-health.ch\/fr\/shop\/like-ice-equine-america-2-7-kg\/\" \/>\n<meta property=\"og:site_name\" content=\"Animal &amp; Human Health AG\" \/>\n<meta property=\"article:modified_time\" content=\"2025-07-07T13:49:40+00:00\" \/>\n<meta property=\"og:image\" content=\"https:\/\/a-h-health.ch\/wp-content\/uploads\/2022\/03\/like-ice-2700-g-1.jpg\" \/>\n\t<meta property=\"og:image:width\" content=\"1360\" \/>\n\t<meta property=\"og:image:height\" content=\"1360\" \/>\n\t<meta property=\"og:image:type\" content=\"image\/jpeg\" \/>\n<meta name=\"twitter:card\" content=\"summary_large_image\" \/>\n<meta name=\"twitter:label1\" content=\"Dur\u00e9e de lecture estim\u00e9e\" \/>\n\t<meta name=\"twitter:data1\" content=\"1 minute\" \/>\n<script type=\"application\/ld+json\" class=\"yoast-schema-graph\">{\"@context\":\"https:\\\/\\\/schema.org\",\"@graph\":[{\"@type\":\"WebPage\",\"@id\":\"https:\\\/\\\/a-h-health.ch\\\/shop\\\/like-ice-equine-america-2-7-kg\\\/\",\"url\":\"https:\\\/\\\/a-h-health.ch\\\/shop\\\/like-ice-equine-america-2-7-kg\\\/\",\"name\":\"Like Ice Equine America, 2.7 kg - Animal &amp; Human Health AG\",\"isPartOf\":{\"@id\":\"https:\\\/\\\/a-h-health.ch\\\/#website\"},\"primaryImageOfPage\":{\"@id\":\"https:\\\/\\\/a-h-health.ch\\\/shop\\\/like-ice-equine-america-2-7-kg\\\/#primaryimage\"},\"image\":{\"@id\":\"https:\\\/\\\/a-h-health.ch\\\/shop\\\/like-ice-equine-america-2-7-kg\\\/#primaryimage\"},\"thumbnailUrl\":\"https:\\\/\\\/a-h-health.ch\\\/wp-content\\\/uploads\\\/2022\\\/03\\\/like-ice-2700-g-1.jpg\",\"datePublished\":\"2022-03-18T07:49:43+00:00\",\"dateModified\":\"2025-07-07T13:49:40+00:00\",\"breadcrumb\":{\"@id\":\"https:\\\/\\\/a-h-health.ch\\\/shop\\\/like-ice-equine-america-2-7-kg\\\/#breadcrumb\"},\"inLanguage\":\"fr-FR\",\"potentialAction\":[{\"@type\":\"ReadAction\",\"target\":[\"https:\\\/\\\/a-h-health.ch\\\/shop\\\/like-ice-equine-america-2-7-kg\\\/\"]}]},{\"@type\":\"ImageObject\",\"inLanguage\":\"fr-FR\",\"@id\":\"https:\\\/\\\/a-h-health.ch\\\/shop\\\/like-ice-equine-america-2-7-kg\\\/#primaryimage\",\"url\":\"https:\\\/\\\/a-h-health.ch\\\/wp-content\\\/uploads\\\/2022\\\/03\\\/like-ice-2700-g-1.jpg\",\"contentUrl\":\"https:\\\/\\\/a-h-health.ch\\\/wp-content\\\/uploads\\\/2022\\\/03\\\/like-ice-2700-g-1.jpg\",\"width\":1360,\"height\":1360},{\"@type\":\"BreadcrumbList\",\"@id\":\"https:\\\/\\\/a-h-health.ch\\\/shop\\\/like-ice-equine-america-2-7-kg\\\/#breadcrumb\",\"itemListElement\":[{\"@type\":\"ListItem\",\"position\":1,\"name\":\"Startseite\",\"item\":\"https:\\\/\\\/a-h-health.ch\\\/\"},{\"@type\":\"ListItem\",\"position\":2,\"name\":\"Shop\",\"item\":\"https:\\\/\\\/a-h-health.ch\\\/shop\\\/\"},{\"@type\":\"ListItem\",\"position\":3,\"name\":\"Like Ice Equine America, 2.7 kg\"}]},{\"@type\":\"WebSite\",\"@id\":\"https:\\\/\\\/a-h-health.ch\\\/#website\",\"url\":\"https:\\\/\\\/a-h-health.ch\\\/\",\"name\":\"Animal and Human Health AG\",\"description\":\"Wir sind Ihre Ansprechpartner, wenn es um die professionelle Gesundheit und das Wohl ihres Tieres geht.\",\"publisher\":{\"@id\":\"https:\\\/\\\/a-h-health.ch\\\/#organization\"},\"alternateName\":\"a-h-health\",\"potentialAction\":[{\"@type\":\"SearchAction\",\"target\":{\"@type\":\"EntryPoint\",\"urlTemplate\":\"https:\\\/\\\/a-h-health.ch\\\/?s={search_term_string}\"},\"query-input\":{\"@type\":\"PropertyValueSpecification\",\"valueRequired\":true,\"valueName\":\"search_term_string\"}}],\"inLanguage\":\"fr-FR\"},{\"@type\":\"Organization\",\"@id\":\"https:\\\/\\\/a-h-health.ch\\\/#organization\",\"name\":\"Animal & Human Health AG\",\"url\":\"https:\\\/\\\/a-h-health.ch\\\/\",\"logo\":{\"@type\":\"ImageObject\",\"inLanguage\":\"fr-FR\",\"@id\":\"https:\\\/\\\/a-h-health.ch\\\/#\\\/schema\\\/logo\\\/image\\\/\",\"url\":\"https:\\\/\\\/a-h-health.ch\\\/wp-content\\\/uploads\\\/2020\\\/12\\\/Logo-animal-health.jpg\",\"contentUrl\":\"https:\\\/\\\/a-h-health.ch\\\/wp-content\\\/uploads\\\/2020\\\/12\\\/Logo-animal-health.jpg\",\"width\":653,\"height\":56,\"caption\":\"Animal & Human Health AG\"},\"image\":{\"@id\":\"https:\\\/\\\/a-h-health.ch\\\/#\\\/schema\\\/logo\\\/image\\\/\"}}]}<\/script>\n<!-- \/ Yoast SEO plugin. -->","yoast_head_json":{"title":"Like Ice Equi\u00adne Ame\u00adri\u00adca, 2.7 kg \u2013 Ani\u00admal &amp; Human Health AG","robots":{"index":"index","follow":"follow","max-snippet":"max-snippet:-1","max-image-preview":"max-image-preview:large","max-video-preview":"max-video-preview:-1"},"canonical":"https:\/\/a-h-health.ch\/fr\/shop\/like-ice-equine-america-2-7-kg\/","og_locale":"fr_FR","og_type":"article","og_title":"Like Ice Equine America, 2.7 kg - Animal &amp; Human Health AG","og_description":"Pflegemittel f\u00fcr Tiere mit k\u00fchlendem Effekt f\u00fcr strapazierte Pferdebeine. Like Ice enth\u00e4lt Mucopolysaccaride sowie Melaleuca und Aloe Vera. Bei der Anwendung auf kleineren Schnittwunden und Absch\u00fcrfungen bildet Like Ice keine Blasen und kann problemlos abgesp\u00fclt werde. Zusammensetzung Tonerde,Wasser, Bentonite, Glycerin, SorboplexTM, Bors\u00e4ure, Eisensulfat, Aloe Vera, Teebaum-\u00d6l","og_url":"https:\/\/a-h-health.ch\/fr\/shop\/like-ice-equine-america-2-7-kg\/","og_site_name":"Animal &amp; Human Health AG","article_modified_time":"2025-07-07T13:49:40+00:00","og_image":[{"width":1360,"height":1360,"url":"https:\/\/a-h-health.ch\/wp-content\/uploads\/2022\/03\/like-ice-2700-g-1.jpg","type":"image\/jpeg"}],"twitter_card":"summary_large_image","twitter_misc":{"Dur\u00e9e de lecture estim\u00e9e":"1 minute"},"schema":{"@context":"https:\/\/schema.org","@graph":[{"@type":"WebPage","@id":"https:\/\/a-h-health.ch\/shop\/like-ice-equine-america-2-7-kg\/","url":"https:\/\/a-h-health.ch\/shop\/like-ice-equine-america-2-7-kg\/","name":"Like Ice Equi\u00adne Ame\u00adri\u00adca, 2.7 kg \u2013 Ani\u00admal &amp; Human Health AG","isPartOf":{"@id":"https:\/\/a-h-health.ch\/#website"},"primaryImageOfPage":{"@id":"https:\/\/a-h-health.ch\/shop\/like-ice-equine-america-2-7-kg\/#primaryimage"},"image":{"@id":"https:\/\/a-h-health.ch\/shop\/like-ice-equine-america-2-7-kg\/#primaryimage"},"thumbnailUrl":"https:\/\/a-h-health.ch\/wp-content\/uploads\/2022\/03\/like-ice-2700-g-1.jpg","datePublished":"2022-03-18T07:49:43+00:00","dateModified":"2025-07-07T13:49:40+00:00","breadcrumb":{"@id":"https:\/\/a-h-health.ch\/shop\/like-ice-equine-america-2-7-kg\/#breadcrumb"},"inLanguage":"fr-FR","potentialAction":[{"@type":"ReadAction","target":["https:\/\/a-h-health.ch\/shop\/like-ice-equine-america-2-7-kg\/"]}]},{"@type":"ImageObject","inLanguage":"fr-FR","@id":"https:\/\/a-h-health.ch\/shop\/like-ice-equine-america-2-7-kg\/#primaryimage","url":"https:\/\/a-h-health.ch\/wp-content\/uploads\/2022\/03\/like-ice-2700-g-1.jpg","contentUrl":"https:\/\/a-h-health.ch\/wp-content\/uploads\/2022\/03\/like-ice-2700-g-1.jpg","width":1360,"height":1360},{"@type":"BreadcrumbList","@id":"https:\/\/a-h-health.ch\/shop\/like-ice-equine-america-2-7-kg\/#breadcrumb","itemListElement":[{"@type":"ListItem","position":1,"name":"Startseite","item":"https:\/\/a-h-health.ch\/"},{"@type":"ListItem","position":2,"name":"Shop","item":"https:\/\/a-h-health.ch\/shop\/"},{"@type":"ListItem","position":3,"name":"Like Ice Equine America, 2.7 kg"}]},{"@type":"WebSite","@id":"https:\/\/a-h-health.ch\/#website","url":"https:\/\/a-h-health.ch\/","name":"Ani\u00admal and Human Health AG","description":"Nous som\u00admes vos interlo\u00adcu\u00adteurs lorsqu\u2019il s\u2019a\u00adgit de la san\u00adt\u00e9 pro\u00adfes\u00adsi\u00adon\u00adnel\u00adle et du bien-\u00eatre de vot\u00adre animal.","publisher":{"@id":"https:\/\/a-h-health.ch\/#organization"},"alternateName":"a-h-health","potentialAction":[{"@type":"SearchAction","target":{"@type":"EntryPoint","urlTemplate":"https:\/\/a-h-health.ch\/?s={search_term_string}"},"query-input":{"@type":"PropertyValueSpecification","valueRequired":true,"valueName":"search_term_string"}}],"inLanguage":"fr-FR"},{"@type":"Organization","@id":"https:\/\/a-h-health.ch\/#organization","name":"Ani\u00admal &amp; Human Health AG","url":"https:\/\/a-h-health.ch\/","logo":{"@type":"ImageObject","inLanguage":"fr-FR","@id":"https:\/\/a-h-health.ch\/#\/schema\/logo\/image\/","url":"https:\/\/a-h-health.ch\/wp-content\/uploads\/2020\/12\/Logo-animal-health.jpg","contentUrl":"https:\/\/a-h-health.ch\/wp-content\/uploads\/2020\/12\/Logo-animal-health.jpg","width":653,"height":56,"caption":"Animal & Human Health AG"},"image":{"@id":"https:\/\/a-h-health.ch\/#\/schema\/logo\/image\/"}}]}},"_links":{"self":[{"href":"https:\/\/a-h-health.ch\/fr\/wp-json\/wp\/v2\/product\/12917","targetHints":{"allow":["GET"]}}],"collection":[{"href":"https:\/\/a-h-health.ch\/fr\/wp-json\/wp\/v2\/product"}],"about":[{"href":"https:\/\/a-h-health.ch\/fr\/wp-json\/wp\/v2\/types\/product"}],"wp:featuredmedia":[{"embeddable":true,"href":"https:\/\/a-h-health.ch\/fr\/wp-json\/wp\/v2\/media\/12968"}],"wp:attachment":[{"href":"https:\/\/a-h-health.ch\/fr\/wp-json\/wp\/v2\/media?parent=12917"}],"wp:term":[{"taxonomy":"product_brand","embeddable":true,"href":"https:\/\/a-h-health.ch\/fr\/wp-json\/wp\/v2\/product_brand?post=12917"},{"taxonomy":"product_cat","embeddable":true,"href":"https:\/\/a-h-health.ch\/fr\/wp-json\/wp\/v2\/product_cat?post=12917"},{"taxonomy":"product_tag","embeddable":true,"href":"https:\/\/a-h-health.ch\/fr\/wp-json\/wp\/v2\/product_tag?post=12917"}],"curies":[{"name":"wp","href":"https:\/\/api.w.org\/{rel}","templated":true}]}}