{"id":12883,"date":"2022-03-18T08:42:03","date_gmt":"2022-03-18T07:42:03","guid":{"rendered":"https:\/\/a-h-health.ch\/?post_type=product&#038;p=12883"},"modified":"2025-12-04T15:47:30","modified_gmt":"2025-12-04T14:47:30","slug":"vivomixx-probiotic-112-mrd-10-x-0676g-caps","status":"publish","type":"product","link":"https:\/\/a-h-health.ch\/fr\/shop\/vivomixx-probiotic-112-mrd-10-x-0676g-caps\/","title":{"rendered":"Vivo\u00admixx Neo\u00ae Pro\u00adbio\u00adtique 115 mil\u00adli\u00adards 10 x&nbsp;Caps"},"content":{"rendered":"<p>Vivo\u00adMixx\u00ae est un com\u00adpl\u00e9\u00adment ali\u00admen\u00adtai\u00adre microbiotique.<br>\nNon auto\u00adri\u00ads\u00e9 pour l\u2019a\u00adli\u00admen\u00adta\u00adti\u00adon des animaux.<\/p>\n<p>Vivo\u00admixx Neo (revi\u00adsed for\u00admu\u00adla\u00adti\u00adon) est un com\u00adpl\u00e9\u00adment ali\u00admen\u00adtai\u00adre con\u00adtenant 115 mil\u00adli\u00adards de bac\u00adt\u00e9\u00adries vivan\u00adtes Lastix et de bifi\u00addo\u00adbac\u00adt\u00e9\u00adries qui aident \u00e0 main\u00adte\u00adnir l\u2019\u00e9\u00adqui\u00adlib\u00adre de la flo\u00adre intesti\u00adna\u00adle. Le stress, les anti\u00adbio\u00adti\u00adques ou un r\u00e9gime peu\u00advent pro\u00advo\u00adquer des pro\u00adbl\u00e8\u00admes intestinaux et dige\u00adstifs. Vivo\u00admixx aide \u00e0 r\u00e9ta\u00adb\u00adlir l\u2019\u00e9\u00adqui\u00adlib\u00adre de la flo\u00adre intesti\u00adna\u00adle gr\u00e2\u00adce \u00e0 des bac\u00adt\u00e9\u00adries vivan\u00adtes et acti\u00adves issues de 9 sou\u00adch\u00ades bac\u00adt\u00e9\u00adri\u00aden\u00adnes sp\u00e9\u00adci\u00adfi\u00adques, notam\u00adment apr\u00e8s l\u2019ar\u00adr\u00eat des anti\u00adbio\u00adti\u00adques. Mais un sou\u00adti\u00aden de la flo\u00adre intesti\u00adna\u00adle peut \u00e9ga\u00adle\u00adment \u00eatre uti\u00adle en cas d\u2019in\u00adfec\u00adtion gastro-intesti\u00adna\u00adle, de diar\u00adrh\u00e9e, de fla\u00adtu\u00adlen\u00adces ou d\u2019all\u00ader\u00adgies. Vivo\u00admixx neo est exempt de glu\u00adten, de lac\u00adto\u00adse, d\u2019al\u00adler\u00adg\u00e8\u00adnes de soja et de pro\u00adt\u00e9\u00adi\u00adnes de&nbsp;lait.<\/p>","protected":false},"excerpt":{"rendered":"<p>VivoMixx\u00ae ist ein mikrobiotisches Nahrungserg\u00e4nzungsmittel. Nicht f\u00fcr die Verf\u00fctterung an Tiere zugelassen. Vivomixx Neo (revised formulation) ist ein Nahrungserg\u00e4nzungsmittel mit 115 Milliarden lebenden Lastix Bakterien und Bifidobacteria die helfen, das Gleichgewicht der Darmflora zu erhalten. Stress, Antibiotika oder eine Di\u00e4t k\u00f6nnen Darm- und Verdauungsprobleme verursachen. Vivomixx hilft mit lebenden und aktiven Bakterien aus 9 spezifischen [&hellip;]<\/p>\n","protected":false},"featured_media":16682,"template":"","meta":{"wp_typography_post_enhancements_disabled":false},"product_brand":[],"product_cat":[555,557,578],"product_tag":[574],"class_list":{"0":"post-12883","1":"product","2":"type-product","3":"status-publish","4":"has-post-thumbnail","6":"product_cat-futtermittel","7":"product_cat-probiotika","8":"product_cat-vivomixx","9":"product_tag-futter-und-diverse","11":"first","12":"instock","13":"taxable","14":"shipping-taxable","15":"product-type-simple"},"yoast_head":"<!-- This site is optimized with the Yoast SEO plugin v27.4 - https:\/\/yoast.com\/product\/yoast-seo-wordpress\/ -->\n<title>Vivomixx Neo\u00ae Probiotic 115 Mrd. 10 x Caps - Animal &amp; Human Health AG<\/title>\n<meta name=\"robots\" content=\"index, follow, max-snippet:-1, max-image-preview:large, max-video-preview:-1\" \/>\n<link rel=\"canonical\" href=\"https:\/\/a-h-health.ch\/fr\/shop\/vivomixx-probiotic-112-mrd-10-x-0676g-caps\/\" \/>\n<meta property=\"og:locale\" content=\"fr_FR\" \/>\n<meta property=\"og:type\" content=\"article\" \/>\n<meta property=\"og:title\" content=\"Vivomixx Neo\u00ae Probiotic 115 Mrd. 10 x Caps - Animal &amp; Human Health AG\" \/>\n<meta property=\"og:description\" content=\"VivoMixx\u00ae ist ein mikrobiotisches Nahrungserg\u00e4nzungsmittel. Nicht f\u00fcr die Verf\u00fctterung an Tiere zugelassen. Vivomixx Neo (revised formulation) ist ein Nahrungserg\u00e4nzungsmittel mit 115 Milliarden lebenden Lastix Bakterien und Bifidobacteria die helfen, das Gleichgewicht der Darmflora zu erhalten. Stress, Antibiotika oder eine Di\u00e4t k\u00f6nnen Darm- und Verdauungsprobleme verursachen. Vivomixx hilft mit lebenden und aktiven Bakterien aus 9 spezifischen [&hellip;]\" \/>\n<meta property=\"og:url\" content=\"https:\/\/a-h-health.ch\/fr\/shop\/vivomixx-probiotic-112-mrd-10-x-0676g-caps\/\" \/>\n<meta property=\"og:site_name\" content=\"Animal &amp; Human Health AG\" \/>\n<meta property=\"article:modified_time\" content=\"2025-12-04T14:47:30+00:00\" \/>\n<meta property=\"og:image\" content=\"https:\/\/a-h-health.ch\/wp-content\/uploads\/2022\/03\/Vivomixx-neo-caps-e1742400063695.jpg\" \/>\n\t<meta property=\"og:image:width\" content=\"423\" \/>\n\t<meta property=\"og:image:height\" content=\"422\" \/>\n\t<meta property=\"og:image:type\" content=\"image\/jpeg\" \/>\n<meta name=\"twitter:card\" content=\"summary_large_image\" \/>\n<meta name=\"twitter:label1\" content=\"Dur\u00e9e de lecture estim\u00e9e\" \/>\n\t<meta name=\"twitter:data1\" content=\"1 minute\" \/>\n<script type=\"application\/ld+json\" class=\"yoast-schema-graph\">{\"@context\":\"https:\\\/\\\/schema.org\",\"@graph\":[{\"@type\":\"WebPage\",\"@id\":\"https:\\\/\\\/a-h-health.ch\\\/shop\\\/vivomixx-probiotic-112-mrd-10-x-0676g-caps\\\/\",\"url\":\"https:\\\/\\\/a-h-health.ch\\\/shop\\\/vivomixx-probiotic-112-mrd-10-x-0676g-caps\\\/\",\"name\":\"Vivomixx Neo\u00ae Probiotic 115 Mrd. 10 x Caps - Animal &amp; Human Health AG\",\"isPartOf\":{\"@id\":\"https:\\\/\\\/a-h-health.ch\\\/#website\"},\"primaryImageOfPage\":{\"@id\":\"https:\\\/\\\/a-h-health.ch\\\/shop\\\/vivomixx-probiotic-112-mrd-10-x-0676g-caps\\\/#primaryimage\"},\"image\":{\"@id\":\"https:\\\/\\\/a-h-health.ch\\\/shop\\\/vivomixx-probiotic-112-mrd-10-x-0676g-caps\\\/#primaryimage\"},\"thumbnailUrl\":\"https:\\\/\\\/a-h-health.ch\\\/wp-content\\\/uploads\\\/2022\\\/03\\\/Vivomixx-neo-caps-e1742400063695.jpg\",\"datePublished\":\"2022-03-18T07:42:03+00:00\",\"dateModified\":\"2025-12-04T14:47:30+00:00\",\"breadcrumb\":{\"@id\":\"https:\\\/\\\/a-h-health.ch\\\/shop\\\/vivomixx-probiotic-112-mrd-10-x-0676g-caps\\\/#breadcrumb\"},\"inLanguage\":\"fr-FR\",\"potentialAction\":[{\"@type\":\"ReadAction\",\"target\":[\"https:\\\/\\\/a-h-health.ch\\\/shop\\\/vivomixx-probiotic-112-mrd-10-x-0676g-caps\\\/\"]}]},{\"@type\":\"ImageObject\",\"inLanguage\":\"fr-FR\",\"@id\":\"https:\\\/\\\/a-h-health.ch\\\/shop\\\/vivomixx-probiotic-112-mrd-10-x-0676g-caps\\\/#primaryimage\",\"url\":\"https:\\\/\\\/a-h-health.ch\\\/wp-content\\\/uploads\\\/2022\\\/03\\\/Vivomixx-neo-caps-e1742400063695.jpg\",\"contentUrl\":\"https:\\\/\\\/a-h-health.ch\\\/wp-content\\\/uploads\\\/2022\\\/03\\\/Vivomixx-neo-caps-e1742400063695.jpg\",\"width\":423,\"height\":422},{\"@type\":\"BreadcrumbList\",\"@id\":\"https:\\\/\\\/a-h-health.ch\\\/shop\\\/vivomixx-probiotic-112-mrd-10-x-0676g-caps\\\/#breadcrumb\",\"itemListElement\":[{\"@type\":\"ListItem\",\"position\":1,\"name\":\"Startseite\",\"item\":\"https:\\\/\\\/a-h-health.ch\\\/\"},{\"@type\":\"ListItem\",\"position\":2,\"name\":\"Shop\",\"item\":\"https:\\\/\\\/a-h-health.ch\\\/shop\\\/\"},{\"@type\":\"ListItem\",\"position\":3,\"name\":\"Vivomixx Neo\u00ae Probiotic 115 Mrd. 10 x Caps\"}]},{\"@type\":\"WebSite\",\"@id\":\"https:\\\/\\\/a-h-health.ch\\\/#website\",\"url\":\"https:\\\/\\\/a-h-health.ch\\\/\",\"name\":\"Animal and Human Health AG\",\"description\":\"Wir sind Ihre Ansprechpartner, wenn es um die professionelle Gesundheit und das Wohl ihres Tieres geht.\",\"publisher\":{\"@id\":\"https:\\\/\\\/a-h-health.ch\\\/#organization\"},\"alternateName\":\"a-h-health\",\"potentialAction\":[{\"@type\":\"SearchAction\",\"target\":{\"@type\":\"EntryPoint\",\"urlTemplate\":\"https:\\\/\\\/a-h-health.ch\\\/?s={search_term_string}\"},\"query-input\":{\"@type\":\"PropertyValueSpecification\",\"valueRequired\":true,\"valueName\":\"search_term_string\"}}],\"inLanguage\":\"fr-FR\"},{\"@type\":\"Organization\",\"@id\":\"https:\\\/\\\/a-h-health.ch\\\/#organization\",\"name\":\"Animal & Human Health AG\",\"url\":\"https:\\\/\\\/a-h-health.ch\\\/\",\"logo\":{\"@type\":\"ImageObject\",\"inLanguage\":\"fr-FR\",\"@id\":\"https:\\\/\\\/a-h-health.ch\\\/#\\\/schema\\\/logo\\\/image\\\/\",\"url\":\"https:\\\/\\\/a-h-health.ch\\\/wp-content\\\/uploads\\\/2020\\\/12\\\/Logo-animal-health.jpg\",\"contentUrl\":\"https:\\\/\\\/a-h-health.ch\\\/wp-content\\\/uploads\\\/2020\\\/12\\\/Logo-animal-health.jpg\",\"width\":653,\"height\":56,\"caption\":\"Animal & Human Health AG\"},\"image\":{\"@id\":\"https:\\\/\\\/a-h-health.ch\\\/#\\\/schema\\\/logo\\\/image\\\/\"}}]}<\/script>\n<!-- \/ Yoast SEO plugin. -->","yoast_head_json":{"title":"Vivo\u00admixx Neo\u00ae Pro\u00adbio\u00adtic 115 Mrd. 10 x Caps \u2013 Ani\u00admal &amp; Human Health AG","robots":{"index":"index","follow":"follow","max-snippet":"max-snippet:-1","max-image-preview":"max-image-preview:large","max-video-preview":"max-video-preview:-1"},"canonical":"https:\/\/a-h-health.ch\/fr\/shop\/vivomixx-probiotic-112-mrd-10-x-0676g-caps\/","og_locale":"fr_FR","og_type":"article","og_title":"Vivomixx Neo\u00ae Probiotic 115 Mrd. 10 x Caps - Animal &amp; Human Health AG","og_description":"VivoMixx\u00ae ist ein mikrobiotisches Nahrungserg\u00e4nzungsmittel. Nicht f\u00fcr die Verf\u00fctterung an Tiere zugelassen. Vivomixx Neo (revised formulation) ist ein Nahrungserg\u00e4nzungsmittel mit 115 Milliarden lebenden Lastix Bakterien und Bifidobacteria die helfen, das Gleichgewicht der Darmflora zu erhalten. Stress, Antibiotika oder eine Di\u00e4t k\u00f6nnen Darm- und Verdauungsprobleme verursachen. Vivomixx hilft mit lebenden und aktiven Bakterien aus 9 spezifischen [&hellip;]","og_url":"https:\/\/a-h-health.ch\/fr\/shop\/vivomixx-probiotic-112-mrd-10-x-0676g-caps\/","og_site_name":"Animal &amp; Human Health AG","article_modified_time":"2025-12-04T14:47:30+00:00","og_image":[{"width":423,"height":422,"url":"https:\/\/a-h-health.ch\/wp-content\/uploads\/2022\/03\/Vivomixx-neo-caps-e1742400063695.jpg","type":"image\/jpeg"}],"twitter_card":"summary_large_image","twitter_misc":{"Dur\u00e9e de lecture estim\u00e9e":"1 minute"},"schema":{"@context":"https:\/\/schema.org","@graph":[{"@type":"WebPage","@id":"https:\/\/a-h-health.ch\/shop\/vivomixx-probiotic-112-mrd-10-x-0676g-caps\/","url":"https:\/\/a-h-health.ch\/shop\/vivomixx-probiotic-112-mrd-10-x-0676g-caps\/","name":"Vivo\u00admixx Neo\u00ae Pro\u00adbio\u00adtic 115 Mrd. 10 x Caps \u2013 Ani\u00admal &amp; Human Health AG","isPartOf":{"@id":"https:\/\/a-h-health.ch\/#website"},"primaryImageOfPage":{"@id":"https:\/\/a-h-health.ch\/shop\/vivomixx-probiotic-112-mrd-10-x-0676g-caps\/#primaryimage"},"image":{"@id":"https:\/\/a-h-health.ch\/shop\/vivomixx-probiotic-112-mrd-10-x-0676g-caps\/#primaryimage"},"thumbnailUrl":"https:\/\/a-h-health.ch\/wp-content\/uploads\/2022\/03\/Vivomixx-neo-caps-e1742400063695.jpg","datePublished":"2022-03-18T07:42:03+00:00","dateModified":"2025-12-04T14:47:30+00:00","breadcrumb":{"@id":"https:\/\/a-h-health.ch\/shop\/vivomixx-probiotic-112-mrd-10-x-0676g-caps\/#breadcrumb"},"inLanguage":"fr-FR","potentialAction":[{"@type":"ReadAction","target":["https:\/\/a-h-health.ch\/shop\/vivomixx-probiotic-112-mrd-10-x-0676g-caps\/"]}]},{"@type":"ImageObject","inLanguage":"fr-FR","@id":"https:\/\/a-h-health.ch\/shop\/vivomixx-probiotic-112-mrd-10-x-0676g-caps\/#primaryimage","url":"https:\/\/a-h-health.ch\/wp-content\/uploads\/2022\/03\/Vivomixx-neo-caps-e1742400063695.jpg","contentUrl":"https:\/\/a-h-health.ch\/wp-content\/uploads\/2022\/03\/Vivomixx-neo-caps-e1742400063695.jpg","width":423,"height":422},{"@type":"BreadcrumbList","@id":"https:\/\/a-h-health.ch\/shop\/vivomixx-probiotic-112-mrd-10-x-0676g-caps\/#breadcrumb","itemListElement":[{"@type":"ListItem","position":1,"name":"Startseite","item":"https:\/\/a-h-health.ch\/"},{"@type":"ListItem","position":2,"name":"Shop","item":"https:\/\/a-h-health.ch\/shop\/"},{"@type":"ListItem","position":3,"name":"Vivomixx Neo\u00ae Probiotic 115 Mrd. 10 x Caps"}]},{"@type":"WebSite","@id":"https:\/\/a-h-health.ch\/#website","url":"https:\/\/a-h-health.ch\/","name":"Ani\u00admal and Human Health AG","description":"Nous som\u00admes vos interlo\u00adcu\u00adteurs lorsqu\u2019il s\u2019a\u00adgit de la san\u00adt\u00e9 pro\u00adfes\u00adsi\u00adon\u00adnel\u00adle et du bien-\u00eatre de vot\u00adre animal.","publisher":{"@id":"https:\/\/a-h-health.ch\/#organization"},"alternateName":"a-h-health","potentialAction":[{"@type":"SearchAction","target":{"@type":"EntryPoint","urlTemplate":"https:\/\/a-h-health.ch\/?s={search_term_string}"},"query-input":{"@type":"PropertyValueSpecification","valueRequired":true,"valueName":"search_term_string"}}],"inLanguage":"fr-FR"},{"@type":"Organization","@id":"https:\/\/a-h-health.ch\/#organization","name":"Ani\u00admal &amp; Human Health AG","url":"https:\/\/a-h-health.ch\/","logo":{"@type":"ImageObject","inLanguage":"fr-FR","@id":"https:\/\/a-h-health.ch\/#\/schema\/logo\/image\/","url":"https:\/\/a-h-health.ch\/wp-content\/uploads\/2020\/12\/Logo-animal-health.jpg","contentUrl":"https:\/\/a-h-health.ch\/wp-content\/uploads\/2020\/12\/Logo-animal-health.jpg","width":653,"height":56,"caption":"Animal & Human Health AG"},"image":{"@id":"https:\/\/a-h-health.ch\/#\/schema\/logo\/image\/"}}]}},"_links":{"self":[{"href":"https:\/\/a-h-health.ch\/fr\/wp-json\/wp\/v2\/product\/12883","targetHints":{"allow":["GET"]}}],"collection":[{"href":"https:\/\/a-h-health.ch\/fr\/wp-json\/wp\/v2\/product"}],"about":[{"href":"https:\/\/a-h-health.ch\/fr\/wp-json\/wp\/v2\/types\/product"}],"wp:featuredmedia":[{"embeddable":true,"href":"https:\/\/a-h-health.ch\/fr\/wp-json\/wp\/v2\/media\/16682"}],"wp:attachment":[{"href":"https:\/\/a-h-health.ch\/fr\/wp-json\/wp\/v2\/media?parent=12883"}],"wp:term":[{"taxonomy":"product_brand","embeddable":true,"href":"https:\/\/a-h-health.ch\/fr\/wp-json\/wp\/v2\/product_brand?post=12883"},{"taxonomy":"product_cat","embeddable":true,"href":"https:\/\/a-h-health.ch\/fr\/wp-json\/wp\/v2\/product_cat?post=12883"},{"taxonomy":"product_tag","embeddable":true,"href":"https:\/\/a-h-health.ch\/fr\/wp-json\/wp\/v2\/product_tag?post=12883"}],"curies":[{"name":"wp","href":"https:\/\/api.w.org\/{rel}","templated":true}]}}