{"id":12875,"date":"2022-03-18T08:42:02","date_gmt":"2022-03-18T07:42:02","guid":{"rendered":"https:\/\/a-h-health.ch\/?post_type=product&#038;p=12875"},"modified":"2025-12-04T15:44:10","modified_gmt":"2025-12-04T14:44:10","slug":"sivomixx-probiotic-800-mrd-14-x-sachets","status":"publish","type":"product","link":"https:\/\/a-h-health.ch\/fr\/shop\/sivomixx-probiotic-800-mrd-14-x-sachets\/","title":{"rendered":"Siv\u00adoMixx\u00ae 800 mil\u00adli\u00adards 6.0g 14 x sachets"},"content":{"rendered":"<p>Siv\u00adoMixx\u00ae est un com\u00adpl\u00e9\u00adment ali\u00admen\u00adtai\u00adre microbiotique.<br>\nNon auto\u00adri\u00ads\u00e9 pour l\u2019a\u00adli\u00admen\u00adta\u00adti\u00adon des animaux.<\/p>\n<p>Siv\u00adoMixx<sup>\u00ae<\/sup> 800 con\u00adti\u00adent une for\u00adte con\u00adcen\u00adtra\u00adti\u00adon de bac\u00adt\u00e9\u00adries, 800 mil\u00adli\u00adards par sachet, pour assurer la colo\u00adni\u00adsa\u00adti\u00adon et la restau\u00adra\u00adti\u00adon de la bar\u00adri\u00e8\u00adre intesti\u00adna\u00adle dans cer\u00adta\u00adins \u00e9tats de&nbsp;sant\u00e9.<br>\nSiv\u00adoMixx<sup>\u00ae<\/sup> 800 con\u00adti\u00adent le m\u00e9lan\u00adge micro\u00adbio\u00adtique con\u00adnu sous le nom de Slab51\u00ae, 8 sou\u00adch\u00ades dif\u00adf\u00e9\u00adren\u00adtes de bac\u00adt\u00e9\u00adries lac\u00adti\u00adques et de bifidobact\u00e9ries.<\/p>","protected":false},"excerpt":{"rendered":"<p>Siv\u00adoMixx\u00ae ist ein mikro\u00adbio\u00adti\u00adsches Nah\u00adrungs\u00ader\u00adg\u00e4n\u00adzungs\u00admit\u00adtel. Nicht f\u00fcr die Ver\u00adf\u00fct\u00adte\u00adrung an Tie\u00adre zuge\u00adlas\u00adsen. Siv\u00adoMixx\u00ae 800 ent\u00adh\u00e4lt eine hohe Kon\u00adzen\u00adtra\u00adti\u00adon an Bak\u00adte\u00adri\u00aden, 800 Mil\u00adli\u00adar\u00adden pro Beu\u00adtel, um die Besied\u00adlung und Wie\u00adder\u00adher\u00adstel\u00adlung der Darm\u00adbar\u00adrie\u00adre bei bestimm\u00adten Gesund\u00adheits\u00adzu\u00adst\u00e4n\u00adden zu gew\u00e4hr\u00adlei\u00adsten. Siv\u00adoMixx\u00ae 800 ent\u00adh\u00e4lt die als Slab51\u00ae bekann\u00adte mikro\u00adbio\u00adti\u00adsche Mischung, 8 ver\u00adschie\u00adde\u00adne St\u00e4m\u00adme von Milch\u00ads\u00e4u\u00adre\u00adbak\u00adte\u00adri\u00aden und Bifidobakterien.<\/p>","protected":false},"featured_media":12080,"template":"","meta":{"wp_typography_post_enhancements_disabled":false},"product_brand":[],"product_cat":[555,34,557,569],"product_tag":[574],"class_list":{"0":"post-12875","1":"product","2":"type-product","3":"status-publish","4":"has-post-thumbnail","6":"product_cat-futtermittel","7":"product_cat-nahrungsergaenzung","8":"product_cat-probiotika","9":"product_cat-sivomixx","10":"product_tag-futter-und-diverse","12":"first","13":"instock","14":"taxable","15":"shipping-taxable","16":"product-type-simple"},"yoast_head":"<!-- This site is optimized with the Yoast SEO plugin v27.4 - https:\/\/yoast.com\/product\/yoast-seo-wordpress\/ -->\n<title>SivoMixx\u00ae 800 Mrd. 6.0g 14 x Sachets - Animal &amp; Human Health AG<\/title>\n<meta name=\"robots\" content=\"index, follow, max-snippet:-1, max-image-preview:large, max-video-preview:-1\" \/>\n<link rel=\"canonical\" href=\"https:\/\/a-h-health.ch\/fr\/shop\/sivomixx-probiotic-800-mrd-14-x-sachets\/\" \/>\n<meta property=\"og:locale\" content=\"fr_FR\" \/>\n<meta property=\"og:type\" content=\"article\" \/>\n<meta property=\"og:title\" content=\"SivoMixx\u00ae 800 Mrd. 6.0g 14 x Sachets - Animal &amp; Human Health AG\" \/>\n<meta property=\"og:description\" content=\"SivoMixx\u00ae ist ein mikrobiotisches Nahrungserg\u00e4nzungsmittel. Nicht f\u00fcr die Verf\u00fctterung an Tiere zugelassen. SivoMixx\u00ae 800 enth\u00e4lt eine hohe Konzentration an Bakterien, 800 Milliarden pro Beutel, um die Besiedlung und Wiederherstellung der Darmbarriere bei bestimmten Gesundheitszust\u00e4nden zu gew\u00e4hrleisten. SivoMixx\u00ae 800 enth\u00e4lt die als Slab51\u00ae bekannte mikrobiotische Mischung, 8 verschiedene St\u00e4mme von Milchs\u00e4urebakterien und Bifidobakterien.\" \/>\n<meta property=\"og:url\" content=\"https:\/\/a-h-health.ch\/fr\/shop\/sivomixx-probiotic-800-mrd-14-x-sachets\/\" \/>\n<meta property=\"og:site_name\" content=\"Animal &amp; Human Health AG\" \/>\n<meta property=\"article:modified_time\" content=\"2025-12-04T14:44:10+00:00\" \/>\n<meta property=\"og:image\" content=\"https:\/\/a-h-health.ch\/wp-content\/uploads\/2022\/03\/sivomixx800_1.jpg\" \/>\n\t<meta property=\"og:image:width\" content=\"1600\" \/>\n\t<meta property=\"og:image:height\" content=\"1600\" \/>\n\t<meta property=\"og:image:type\" content=\"image\/jpeg\" \/>\n<meta name=\"twitter:card\" content=\"summary_large_image\" \/>\n<meta name=\"twitter:label1\" content=\"Dur\u00e9e de lecture estim\u00e9e\" \/>\n\t<meta name=\"twitter:data1\" content=\"1 minute\" \/>\n<script type=\"application\/ld+json\" class=\"yoast-schema-graph\">{\"@context\":\"https:\\\/\\\/schema.org\",\"@graph\":[{\"@type\":\"WebPage\",\"@id\":\"https:\\\/\\\/a-h-health.ch\\\/shop\\\/sivomixx-probiotic-800-mrd-14-x-sachets\\\/\",\"url\":\"https:\\\/\\\/a-h-health.ch\\\/shop\\\/sivomixx-probiotic-800-mrd-14-x-sachets\\\/\",\"name\":\"SivoMixx\u00ae 800 Mrd. 6.0g 14 x Sachets - Animal &amp; Human Health AG\",\"isPartOf\":{\"@id\":\"https:\\\/\\\/a-h-health.ch\\\/#website\"},\"primaryImageOfPage\":{\"@id\":\"https:\\\/\\\/a-h-health.ch\\\/shop\\\/sivomixx-probiotic-800-mrd-14-x-sachets\\\/#primaryimage\"},\"image\":{\"@id\":\"https:\\\/\\\/a-h-health.ch\\\/shop\\\/sivomixx-probiotic-800-mrd-14-x-sachets\\\/#primaryimage\"},\"thumbnailUrl\":\"https:\\\/\\\/a-h-health.ch\\\/wp-content\\\/uploads\\\/2022\\\/03\\\/sivomixx800_1.jpg\",\"datePublished\":\"2022-03-18T07:42:02+00:00\",\"dateModified\":\"2025-12-04T14:44:10+00:00\",\"breadcrumb\":{\"@id\":\"https:\\\/\\\/a-h-health.ch\\\/shop\\\/sivomixx-probiotic-800-mrd-14-x-sachets\\\/#breadcrumb\"},\"inLanguage\":\"fr-FR\",\"potentialAction\":[{\"@type\":\"ReadAction\",\"target\":[\"https:\\\/\\\/a-h-health.ch\\\/shop\\\/sivomixx-probiotic-800-mrd-14-x-sachets\\\/\"]}]},{\"@type\":\"ImageObject\",\"inLanguage\":\"fr-FR\",\"@id\":\"https:\\\/\\\/a-h-health.ch\\\/shop\\\/sivomixx-probiotic-800-mrd-14-x-sachets\\\/#primaryimage\",\"url\":\"https:\\\/\\\/a-h-health.ch\\\/wp-content\\\/uploads\\\/2022\\\/03\\\/sivomixx800_1.jpg\",\"contentUrl\":\"https:\\\/\\\/a-h-health.ch\\\/wp-content\\\/uploads\\\/2022\\\/03\\\/sivomixx800_1.jpg\",\"width\":1600,\"height\":1600},{\"@type\":\"BreadcrumbList\",\"@id\":\"https:\\\/\\\/a-h-health.ch\\\/shop\\\/sivomixx-probiotic-800-mrd-14-x-sachets\\\/#breadcrumb\",\"itemListElement\":[{\"@type\":\"ListItem\",\"position\":1,\"name\":\"Startseite\",\"item\":\"https:\\\/\\\/a-h-health.ch\\\/\"},{\"@type\":\"ListItem\",\"position\":2,\"name\":\"Shop\",\"item\":\"https:\\\/\\\/a-h-health.ch\\\/shop\\\/\"},{\"@type\":\"ListItem\",\"position\":3,\"name\":\"SivoMixx\u00ae 800 Mrd. 6.0g 14 x Sachets\"}]},{\"@type\":\"WebSite\",\"@id\":\"https:\\\/\\\/a-h-health.ch\\\/#website\",\"url\":\"https:\\\/\\\/a-h-health.ch\\\/\",\"name\":\"Animal and Human Health AG\",\"description\":\"Wir sind Ihre Ansprechpartner, wenn es um die professionelle Gesundheit und das Wohl ihres Tieres geht.\",\"publisher\":{\"@id\":\"https:\\\/\\\/a-h-health.ch\\\/#organization\"},\"alternateName\":\"a-h-health\",\"potentialAction\":[{\"@type\":\"SearchAction\",\"target\":{\"@type\":\"EntryPoint\",\"urlTemplate\":\"https:\\\/\\\/a-h-health.ch\\\/?s={search_term_string}\"},\"query-input\":{\"@type\":\"PropertyValueSpecification\",\"valueRequired\":true,\"valueName\":\"search_term_string\"}}],\"inLanguage\":\"fr-FR\"},{\"@type\":\"Organization\",\"@id\":\"https:\\\/\\\/a-h-health.ch\\\/#organization\",\"name\":\"Animal & Human Health AG\",\"url\":\"https:\\\/\\\/a-h-health.ch\\\/\",\"logo\":{\"@type\":\"ImageObject\",\"inLanguage\":\"fr-FR\",\"@id\":\"https:\\\/\\\/a-h-health.ch\\\/#\\\/schema\\\/logo\\\/image\\\/\",\"url\":\"https:\\\/\\\/a-h-health.ch\\\/wp-content\\\/uploads\\\/2020\\\/12\\\/Logo-animal-health.jpg\",\"contentUrl\":\"https:\\\/\\\/a-h-health.ch\\\/wp-content\\\/uploads\\\/2020\\\/12\\\/Logo-animal-health.jpg\",\"width\":653,\"height\":56,\"caption\":\"Animal & Human Health AG\"},\"image\":{\"@id\":\"https:\\\/\\\/a-h-health.ch\\\/#\\\/schema\\\/logo\\\/image\\\/\"}}]}<\/script>\n<!-- \/ Yoast SEO plugin. -->","yoast_head_json":{"title":"Siv\u00adoMixx\u00ae 800 Mrd. 6.0g 14 x Sache\u00adts \u2013 Ani\u00admal &amp; Human Health AG","robots":{"index":"index","follow":"follow","max-snippet":"max-snippet:-1","max-image-preview":"max-image-preview:large","max-video-preview":"max-video-preview:-1"},"canonical":"https:\/\/a-h-health.ch\/fr\/shop\/sivomixx-probiotic-800-mrd-14-x-sachets\/","og_locale":"fr_FR","og_type":"article","og_title":"SivoMixx\u00ae 800 Mrd. 6.0g 14 x Sachets - Animal &amp; Human Health AG","og_description":"SivoMixx\u00ae ist ein mikrobiotisches Nahrungserg\u00e4nzungsmittel. Nicht f\u00fcr die Verf\u00fctterung an Tiere zugelassen. SivoMixx\u00ae 800 enth\u00e4lt eine hohe Konzentration an Bakterien, 800 Milliarden pro Beutel, um die Besiedlung und Wiederherstellung der Darmbarriere bei bestimmten Gesundheitszust\u00e4nden zu gew\u00e4hrleisten. SivoMixx\u00ae 800 enth\u00e4lt die als Slab51\u00ae bekannte mikrobiotische Mischung, 8 verschiedene St\u00e4mme von Milchs\u00e4urebakterien und Bifidobakterien.","og_url":"https:\/\/a-h-health.ch\/fr\/shop\/sivomixx-probiotic-800-mrd-14-x-sachets\/","og_site_name":"Animal &amp; Human Health AG","article_modified_time":"2025-12-04T14:44:10+00:00","og_image":[{"width":1600,"height":1600,"url":"https:\/\/a-h-health.ch\/wp-content\/uploads\/2022\/03\/sivomixx800_1.jpg","type":"image\/jpeg"}],"twitter_card":"summary_large_image","twitter_misc":{"Dur\u00e9e de lecture estim\u00e9e":"1 minute"},"schema":{"@context":"https:\/\/schema.org","@graph":[{"@type":"WebPage","@id":"https:\/\/a-h-health.ch\/shop\/sivomixx-probiotic-800-mrd-14-x-sachets\/","url":"https:\/\/a-h-health.ch\/shop\/sivomixx-probiotic-800-mrd-14-x-sachets\/","name":"Siv\u00adoMixx\u00ae 800 Mrd. 6.0g 14 x Sache\u00adts \u2013 Ani\u00admal &amp; Human Health AG","isPartOf":{"@id":"https:\/\/a-h-health.ch\/#website"},"primaryImageOfPage":{"@id":"https:\/\/a-h-health.ch\/shop\/sivomixx-probiotic-800-mrd-14-x-sachets\/#primaryimage"},"image":{"@id":"https:\/\/a-h-health.ch\/shop\/sivomixx-probiotic-800-mrd-14-x-sachets\/#primaryimage"},"thumbnailUrl":"https:\/\/a-h-health.ch\/wp-content\/uploads\/2022\/03\/sivomixx800_1.jpg","datePublished":"2022-03-18T07:42:02+00:00","dateModified":"2025-12-04T14:44:10+00:00","breadcrumb":{"@id":"https:\/\/a-h-health.ch\/shop\/sivomixx-probiotic-800-mrd-14-x-sachets\/#breadcrumb"},"inLanguage":"fr-FR","potentialAction":[{"@type":"ReadAction","target":["https:\/\/a-h-health.ch\/shop\/sivomixx-probiotic-800-mrd-14-x-sachets\/"]}]},{"@type":"ImageObject","inLanguage":"fr-FR","@id":"https:\/\/a-h-health.ch\/shop\/sivomixx-probiotic-800-mrd-14-x-sachets\/#primaryimage","url":"https:\/\/a-h-health.ch\/wp-content\/uploads\/2022\/03\/sivomixx800_1.jpg","contentUrl":"https:\/\/a-h-health.ch\/wp-content\/uploads\/2022\/03\/sivomixx800_1.jpg","width":1600,"height":1600},{"@type":"BreadcrumbList","@id":"https:\/\/a-h-health.ch\/shop\/sivomixx-probiotic-800-mrd-14-x-sachets\/#breadcrumb","itemListElement":[{"@type":"ListItem","position":1,"name":"Startseite","item":"https:\/\/a-h-health.ch\/"},{"@type":"ListItem","position":2,"name":"Shop","item":"https:\/\/a-h-health.ch\/shop\/"},{"@type":"ListItem","position":3,"name":"SivoMixx\u00ae 800 Mrd. 6.0g 14 x Sachets"}]},{"@type":"WebSite","@id":"https:\/\/a-h-health.ch\/#website","url":"https:\/\/a-h-health.ch\/","name":"Ani\u00admal and Human Health AG","description":"Nous som\u00admes vos interlo\u00adcu\u00adteurs lorsqu\u2019il s\u2019a\u00adgit de la san\u00adt\u00e9 pro\u00adfes\u00adsi\u00adon\u00adnel\u00adle et du bien-\u00eatre de vot\u00adre animal.","publisher":{"@id":"https:\/\/a-h-health.ch\/#organization"},"alternateName":"a-h-health","potentialAction":[{"@type":"SearchAction","target":{"@type":"EntryPoint","urlTemplate":"https:\/\/a-h-health.ch\/?s={search_term_string}"},"query-input":{"@type":"PropertyValueSpecification","valueRequired":true,"valueName":"search_term_string"}}],"inLanguage":"fr-FR"},{"@type":"Organization","@id":"https:\/\/a-h-health.ch\/#organization","name":"Ani\u00admal &amp; Human Health AG","url":"https:\/\/a-h-health.ch\/","logo":{"@type":"ImageObject","inLanguage":"fr-FR","@id":"https:\/\/a-h-health.ch\/#\/schema\/logo\/image\/","url":"https:\/\/a-h-health.ch\/wp-content\/uploads\/2020\/12\/Logo-animal-health.jpg","contentUrl":"https:\/\/a-h-health.ch\/wp-content\/uploads\/2020\/12\/Logo-animal-health.jpg","width":653,"height":56,"caption":"Animal & Human Health AG"},"image":{"@id":"https:\/\/a-h-health.ch\/#\/schema\/logo\/image\/"}}]}},"_links":{"self":[{"href":"https:\/\/a-h-health.ch\/fr\/wp-json\/wp\/v2\/product\/12875","targetHints":{"allow":["GET"]}}],"collection":[{"href":"https:\/\/a-h-health.ch\/fr\/wp-json\/wp\/v2\/product"}],"about":[{"href":"https:\/\/a-h-health.ch\/fr\/wp-json\/wp\/v2\/types\/product"}],"wp:featuredmedia":[{"embeddable":true,"href":"https:\/\/a-h-health.ch\/fr\/wp-json\/wp\/v2\/media\/12080"}],"wp:attachment":[{"href":"https:\/\/a-h-health.ch\/fr\/wp-json\/wp\/v2\/media?parent=12875"}],"wp:term":[{"taxonomy":"product_brand","embeddable":true,"href":"https:\/\/a-h-health.ch\/fr\/wp-json\/wp\/v2\/product_brand?post=12875"},{"taxonomy":"product_cat","embeddable":true,"href":"https:\/\/a-h-health.ch\/fr\/wp-json\/wp\/v2\/product_cat?post=12875"},{"taxonomy":"product_tag","embeddable":true,"href":"https:\/\/a-h-health.ch\/fr\/wp-json\/wp\/v2\/product_tag?post=12875"}],"curies":[{"name":"wp","href":"https:\/\/api.w.org\/{rel}","templated":true}]}}