{"id":12873,"date":"2022-03-18T08:42:02","date_gmt":"2022-03-18T07:42:02","guid":{"rendered":"https:\/\/a-h-health.ch\/?post_type=product&#038;p=12873"},"modified":"2025-12-04T15:38:55","modified_gmt":"2025-12-04T14:38:55","slug":"sivomixx-probiotic-10-mrd-30-x-0-24g-caps","status":"publish","type":"product","link":"https:\/\/a-h-health.ch\/fr\/shop\/sivomixx-probiotic-10-mrd-30-x-0-24g-caps\/","title":{"rendered":"SIV\u00adOMixx Pro\u00adbio\u00adtique 10 mil\u00adli\u00adards 30 x 0.24g&nbsp;Caps"},"content":{"rendered":"<div class=\"elementor-element elementor-element-a995b00 elementor-widget elementor-widget-text-editor\" data-dce-text-color=\"#FFFFFF\" data-dce-advanced-background-color=\"#6EC1E4\" data-id=\"a995b00\" data-element_type=\"widget\" data-widget_type=\"text-editor.default\">\n<div class=\"elementor-widget-container\">\n<p>Siv\u00adoMixx\u00ae est un com\u00adpl\u00e9\u00adment ali\u00admen\u00adtai\u00adre microbiotique.<br>\nNon auto\u00adri\u00ads\u00e9 pour l\u2019a\u00adli\u00admen\u00adta\u00adti\u00adon des animaux.<\/p>\n<\/div>\n<\/div>\n<p>M\u00e9lan\u00adge de 10 mil\u00adli\u00adards de bac\u00adt\u00e9\u00adries d\u2019a\u00adci\u00adde lac\u00adtique et de bifi\u00addo\u00adbac\u00adt\u00e9\u00adries, mal\u00adto\u00adse. Cap\u00adsu\u00adle com\u00adpo\u00ads\u00e9e d\u2019hy\u00addroxy\u00adpro\u00adpyl\u00adm\u00e9\u00adthyl\u00adcel\u00adlu\u00adlo\u00adse. pour restau\u00adrer la flo\u00adre intesti\u00adna\u00adle. Le pro\u00adduit est exempt d\u2019al\u00adler\u00adg\u00e8\u00adnes et v\u00e9g\u00e9\u00adta\u00adli\u00aden. Les g\u00e9lules Siv\u00adomixx n\u2019ont pas beso\u00adin d\u2019\u00eat\u00adre r\u00e9frig\u00e9r\u00e9es.<\/p>\n<p>Le stress, les anti\u00adbio\u00adti\u00adques ou un r\u00e9gime peu\u00advent pro\u00advo\u00adquer des pro\u00adbl\u00e8\u00admes intestinaux et dige\u00adstifs. Siv\u00adoMixx<sup>\u00ae<\/sup> aide \u00e0 r\u00e9ta\u00adb\u00adlir l\u2019\u00e9\u00adqui\u00adlib\u00adre de la flo\u00adre intesti\u00adna\u00adle gr\u00e2\u00adce \u00e0 plus de 200 mil\u00adli\u00adards de bac\u00adt\u00e9\u00adries vivan\u00adtes et acti\u00adves issues de 8 sou\u00adch\u00ades bac\u00adt\u00e9\u00adri\u00aden\u00adnes sp\u00e9\u00adci\u00adfi\u00adques, notam\u00adment apr\u00e8s l\u2019ar\u00adr\u00eat des anti\u00adbio\u00adti\u00adques. Mais un sou\u00adti\u00aden de la flo\u00adre intesti\u00adna\u00adle peut \u00e9ga\u00adle\u00adment \u00eatre uti\u00adle en cas d\u2019in\u00adfec\u00adtion gastro-intesti\u00adna\u00adle, de diar\u00adrh\u00e9e, de fla\u00adtu\u00adlen\u00adces ou d\u2019allergies.<\/p>\n<p>Une flo\u00adre intesti\u00adna\u00adle sai\u00adne rend plus r\u00e9si\u00adstant aux infec\u00adtions. Une bon\u00adne flo\u00adre intesti\u00adna\u00adle et une muqueu\u00adse intesti\u00adna\u00adle sai\u00adne sou\u00adti\u00aden\u00adnent la dige\u00adsti\u00adon et sont importan\u00adtes en tant que bar\u00adri\u00e8\u00adre m\u00e9ca\u00adni\u00adque. Cet\u00adte bar\u00adri\u00e8\u00adre intesti\u00adna\u00adle a pour mis\u00adsi\u00adon de repous\u00adser les ger\u00admes et les virus nui\u00adsi\u00adbles \u00e0 la san\u00adt\u00e9. Il est ain\u00adsi plus dif\u00adfi\u00adci\u00adle pour les agents patho\u00adg\u00e8\u00adnes d\u2019ad\u00adh\u00e9\u00adrer \u00e0 la paroi intesti\u00adna\u00adle ou m\u00eame de p\u00e9n\u00e9\u00adtrer dans la cir\u00adcula\u00adti\u00adon sanguine.<\/p>","protected":false},"excerpt":{"rendered":"<p>SivoMixx\u00ae ist ein mikrobiotisches Nahrungserg\u00e4nzungsmittel. Nicht f\u00fcr die Verf\u00fctterung an Tiere zugelassen. Mischung aus 10 Milliarden Milchs\u00e4ure- und Bifidobakterien, Maltose. Kapsel bestehend aus Hydroxypropylmethylcellulose. zur Wiederherstellung der Darmflora. Das Produkt ist allergen-frei und vegan. Sivomixx Kapseln m\u00fcssen nicht gek\u00fchlt werden. Stress, Antibiotika oder eine Di\u00e4t k\u00f6nnen Darm- und Verdauungsprobleme verursachen. SivoMixx\u00ae hilft mit \u00fcber 200 [&hellip;]<\/p>\n","protected":false},"featured_media":12952,"template":"","meta":{"wp_typography_post_enhancements_disabled":false},"product_brand":[],"product_cat":[555,34,557,569],"product_tag":[574],"class_list":{"0":"post-12873","1":"product","2":"type-product","3":"status-publish","4":"has-post-thumbnail","6":"product_cat-futtermittel","7":"product_cat-nahrungsergaenzung","8":"product_cat-probiotika","9":"product_cat-sivomixx","10":"product_tag-futter-und-diverse","12":"first","13":"instock","14":"taxable","15":"shipping-taxable","16":"product-type-simple"},"yoast_head":"<!-- This site is optimized with the Yoast SEO plugin v27.4 - https:\/\/yoast.com\/product\/yoast-seo-wordpress\/ -->\n<title>SIVOMixx Probiotic 10 Mrd. 30 x 0.24g Caps - Animal &amp; Human Health AG<\/title>\n<meta name=\"robots\" content=\"index, follow, max-snippet:-1, max-image-preview:large, max-video-preview:-1\" \/>\n<link rel=\"canonical\" href=\"https:\/\/a-h-health.ch\/fr\/shop\/sivomixx-probiotic-10-mrd-30-x-0-24g-caps\/\" \/>\n<meta property=\"og:locale\" content=\"fr_FR\" \/>\n<meta property=\"og:type\" content=\"article\" \/>\n<meta property=\"og:title\" content=\"SIVOMixx Probiotic 10 Mrd. 30 x 0.24g Caps - Animal &amp; Human Health AG\" \/>\n<meta property=\"og:description\" content=\"SivoMixx\u00ae ist ein mikrobiotisches Nahrungserg\u00e4nzungsmittel. Nicht f\u00fcr die Verf\u00fctterung an Tiere zugelassen. Mischung aus 10 Milliarden Milchs\u00e4ure- und Bifidobakterien, Maltose. Kapsel bestehend aus Hydroxypropylmethylcellulose. zur Wiederherstellung der Darmflora. Das Produkt ist allergen-frei und vegan. Sivomixx Kapseln m\u00fcssen nicht gek\u00fchlt werden. Stress, Antibiotika oder eine Di\u00e4t k\u00f6nnen Darm- und Verdauungsprobleme verursachen. SivoMixx\u00ae hilft mit \u00fcber 200 [&hellip;]\" \/>\n<meta property=\"og:url\" content=\"https:\/\/a-h-health.ch\/fr\/shop\/sivomixx-probiotic-10-mrd-30-x-0-24g-caps\/\" \/>\n<meta property=\"og:site_name\" content=\"Animal &amp; Human Health AG\" \/>\n<meta property=\"article:modified_time\" content=\"2025-12-04T14:38:55+00:00\" \/>\n<meta property=\"og:image\" content=\"https:\/\/a-h-health.ch\/wp-content\/uploads\/2022\/03\/Sivomixx-Kapseln-frei.jpg\" \/>\n\t<meta property=\"og:image:width\" content=\"795\" \/>\n\t<meta property=\"og:image:height\" content=\"795\" \/>\n\t<meta property=\"og:image:type\" content=\"image\/jpeg\" \/>\n<meta name=\"twitter:card\" content=\"summary_large_image\" \/>\n<meta name=\"twitter:label1\" content=\"Dur\u00e9e de lecture estim\u00e9e\" \/>\n\t<meta name=\"twitter:data1\" content=\"1 minute\" \/>\n<script type=\"application\/ld+json\" class=\"yoast-schema-graph\">{\"@context\":\"https:\\\/\\\/schema.org\",\"@graph\":[{\"@type\":\"WebPage\",\"@id\":\"https:\\\/\\\/a-h-health.ch\\\/shop\\\/sivomixx-probiotic-10-mrd-30-x-0-24g-caps\\\/\",\"url\":\"https:\\\/\\\/a-h-health.ch\\\/shop\\\/sivomixx-probiotic-10-mrd-30-x-0-24g-caps\\\/\",\"name\":\"SIVOMixx Probiotic 10 Mrd. 30 x 0.24g Caps - Animal &amp; Human Health AG\",\"isPartOf\":{\"@id\":\"https:\\\/\\\/a-h-health.ch\\\/#website\"},\"primaryImageOfPage\":{\"@id\":\"https:\\\/\\\/a-h-health.ch\\\/shop\\\/sivomixx-probiotic-10-mrd-30-x-0-24g-caps\\\/#primaryimage\"},\"image\":{\"@id\":\"https:\\\/\\\/a-h-health.ch\\\/shop\\\/sivomixx-probiotic-10-mrd-30-x-0-24g-caps\\\/#primaryimage\"},\"thumbnailUrl\":\"https:\\\/\\\/a-h-health.ch\\\/wp-content\\\/uploads\\\/2022\\\/03\\\/Sivomixx-Kapseln-frei.jpg\",\"datePublished\":\"2022-03-18T07:42:02+00:00\",\"dateModified\":\"2025-12-04T14:38:55+00:00\",\"breadcrumb\":{\"@id\":\"https:\\\/\\\/a-h-health.ch\\\/shop\\\/sivomixx-probiotic-10-mrd-30-x-0-24g-caps\\\/#breadcrumb\"},\"inLanguage\":\"fr-FR\",\"potentialAction\":[{\"@type\":\"ReadAction\",\"target\":[\"https:\\\/\\\/a-h-health.ch\\\/shop\\\/sivomixx-probiotic-10-mrd-30-x-0-24g-caps\\\/\"]}]},{\"@type\":\"ImageObject\",\"inLanguage\":\"fr-FR\",\"@id\":\"https:\\\/\\\/a-h-health.ch\\\/shop\\\/sivomixx-probiotic-10-mrd-30-x-0-24g-caps\\\/#primaryimage\",\"url\":\"https:\\\/\\\/a-h-health.ch\\\/wp-content\\\/uploads\\\/2022\\\/03\\\/Sivomixx-Kapseln-frei.jpg\",\"contentUrl\":\"https:\\\/\\\/a-h-health.ch\\\/wp-content\\\/uploads\\\/2022\\\/03\\\/Sivomixx-Kapseln-frei.jpg\",\"width\":795,\"height\":795},{\"@type\":\"BreadcrumbList\",\"@id\":\"https:\\\/\\\/a-h-health.ch\\\/shop\\\/sivomixx-probiotic-10-mrd-30-x-0-24g-caps\\\/#breadcrumb\",\"itemListElement\":[{\"@type\":\"ListItem\",\"position\":1,\"name\":\"Startseite\",\"item\":\"https:\\\/\\\/a-h-health.ch\\\/\"},{\"@type\":\"ListItem\",\"position\":2,\"name\":\"Shop\",\"item\":\"https:\\\/\\\/a-h-health.ch\\\/shop\\\/\"},{\"@type\":\"ListItem\",\"position\":3,\"name\":\"SIVOMixx Probiotic 10 Mrd. 30 x 0.24g Caps\"}]},{\"@type\":\"WebSite\",\"@id\":\"https:\\\/\\\/a-h-health.ch\\\/#website\",\"url\":\"https:\\\/\\\/a-h-health.ch\\\/\",\"name\":\"Animal and Human Health AG\",\"description\":\"Wir sind Ihre Ansprechpartner, wenn es um die professionelle Gesundheit und das Wohl ihres Tieres geht.\",\"publisher\":{\"@id\":\"https:\\\/\\\/a-h-health.ch\\\/#organization\"},\"alternateName\":\"a-h-health\",\"potentialAction\":[{\"@type\":\"SearchAction\",\"target\":{\"@type\":\"EntryPoint\",\"urlTemplate\":\"https:\\\/\\\/a-h-health.ch\\\/?s={search_term_string}\"},\"query-input\":{\"@type\":\"PropertyValueSpecification\",\"valueRequired\":true,\"valueName\":\"search_term_string\"}}],\"inLanguage\":\"fr-FR\"},{\"@type\":\"Organization\",\"@id\":\"https:\\\/\\\/a-h-health.ch\\\/#organization\",\"name\":\"Animal & Human Health AG\",\"url\":\"https:\\\/\\\/a-h-health.ch\\\/\",\"logo\":{\"@type\":\"ImageObject\",\"inLanguage\":\"fr-FR\",\"@id\":\"https:\\\/\\\/a-h-health.ch\\\/#\\\/schema\\\/logo\\\/image\\\/\",\"url\":\"https:\\\/\\\/a-h-health.ch\\\/wp-content\\\/uploads\\\/2020\\\/12\\\/Logo-animal-health.jpg\",\"contentUrl\":\"https:\\\/\\\/a-h-health.ch\\\/wp-content\\\/uploads\\\/2020\\\/12\\\/Logo-animal-health.jpg\",\"width\":653,\"height\":56,\"caption\":\"Animal & Human Health AG\"},\"image\":{\"@id\":\"https:\\\/\\\/a-h-health.ch\\\/#\\\/schema\\\/logo\\\/image\\\/\"}}]}<\/script>\n<!-- \/ Yoast SEO plugin. -->","yoast_head_json":{"title":"SIV\u00adOMixx Pro\u00adbio\u00adtic 10 Mrd. 30 x 0.24g Caps \u2013 Ani\u00admal &amp; Human Health AG","robots":{"index":"index","follow":"follow","max-snippet":"max-snippet:-1","max-image-preview":"max-image-preview:large","max-video-preview":"max-video-preview:-1"},"canonical":"https:\/\/a-h-health.ch\/fr\/shop\/sivomixx-probiotic-10-mrd-30-x-0-24g-caps\/","og_locale":"fr_FR","og_type":"article","og_title":"SIVOMixx Probiotic 10 Mrd. 30 x 0.24g Caps - Animal &amp; Human Health AG","og_description":"SivoMixx\u00ae ist ein mikrobiotisches Nahrungserg\u00e4nzungsmittel. Nicht f\u00fcr die Verf\u00fctterung an Tiere zugelassen. Mischung aus 10 Milliarden Milchs\u00e4ure- und Bifidobakterien, Maltose. Kapsel bestehend aus Hydroxypropylmethylcellulose. zur Wiederherstellung der Darmflora. Das Produkt ist allergen-frei und vegan. Sivomixx Kapseln m\u00fcssen nicht gek\u00fchlt werden. Stress, Antibiotika oder eine Di\u00e4t k\u00f6nnen Darm- und Verdauungsprobleme verursachen. SivoMixx\u00ae hilft mit \u00fcber 200 [&hellip;]","og_url":"https:\/\/a-h-health.ch\/fr\/shop\/sivomixx-probiotic-10-mrd-30-x-0-24g-caps\/","og_site_name":"Animal &amp; Human Health AG","article_modified_time":"2025-12-04T14:38:55+00:00","og_image":[{"width":795,"height":795,"url":"https:\/\/a-h-health.ch\/wp-content\/uploads\/2022\/03\/Sivomixx-Kapseln-frei.jpg","type":"image\/jpeg"}],"twitter_card":"summary_large_image","twitter_misc":{"Dur\u00e9e de lecture estim\u00e9e":"1 minute"},"schema":{"@context":"https:\/\/schema.org","@graph":[{"@type":"WebPage","@id":"https:\/\/a-h-health.ch\/shop\/sivomixx-probiotic-10-mrd-30-x-0-24g-caps\/","url":"https:\/\/a-h-health.ch\/shop\/sivomixx-probiotic-10-mrd-30-x-0-24g-caps\/","name":"SIV\u00adOMixx Pro\u00adbio\u00adtic 10 Mrd. 30 x 0.24g Caps \u2013 Ani\u00admal &amp; Human Health AG","isPartOf":{"@id":"https:\/\/a-h-health.ch\/#website"},"primaryImageOfPage":{"@id":"https:\/\/a-h-health.ch\/shop\/sivomixx-probiotic-10-mrd-30-x-0-24g-caps\/#primaryimage"},"image":{"@id":"https:\/\/a-h-health.ch\/shop\/sivomixx-probiotic-10-mrd-30-x-0-24g-caps\/#primaryimage"},"thumbnailUrl":"https:\/\/a-h-health.ch\/wp-content\/uploads\/2022\/03\/Sivomixx-Kapseln-frei.jpg","datePublished":"2022-03-18T07:42:02+00:00","dateModified":"2025-12-04T14:38:55+00:00","breadcrumb":{"@id":"https:\/\/a-h-health.ch\/shop\/sivomixx-probiotic-10-mrd-30-x-0-24g-caps\/#breadcrumb"},"inLanguage":"fr-FR","potentialAction":[{"@type":"ReadAction","target":["https:\/\/a-h-health.ch\/shop\/sivomixx-probiotic-10-mrd-30-x-0-24g-caps\/"]}]},{"@type":"ImageObject","inLanguage":"fr-FR","@id":"https:\/\/a-h-health.ch\/shop\/sivomixx-probiotic-10-mrd-30-x-0-24g-caps\/#primaryimage","url":"https:\/\/a-h-health.ch\/wp-content\/uploads\/2022\/03\/Sivomixx-Kapseln-frei.jpg","contentUrl":"https:\/\/a-h-health.ch\/wp-content\/uploads\/2022\/03\/Sivomixx-Kapseln-frei.jpg","width":795,"height":795},{"@type":"BreadcrumbList","@id":"https:\/\/a-h-health.ch\/shop\/sivomixx-probiotic-10-mrd-30-x-0-24g-caps\/#breadcrumb","itemListElement":[{"@type":"ListItem","position":1,"name":"Startseite","item":"https:\/\/a-h-health.ch\/"},{"@type":"ListItem","position":2,"name":"Shop","item":"https:\/\/a-h-health.ch\/shop\/"},{"@type":"ListItem","position":3,"name":"SIVOMixx Probiotic 10 Mrd. 30 x 0.24g Caps"}]},{"@type":"WebSite","@id":"https:\/\/a-h-health.ch\/#website","url":"https:\/\/a-h-health.ch\/","name":"Ani\u00admal and Human Health AG","description":"Nous som\u00admes vos interlo\u00adcu\u00adteurs lorsqu\u2019il s\u2019a\u00adgit de la san\u00adt\u00e9 pro\u00adfes\u00adsi\u00adon\u00adnel\u00adle et du bien-\u00eatre de vot\u00adre animal.","publisher":{"@id":"https:\/\/a-h-health.ch\/#organization"},"alternateName":"a-h-health","potentialAction":[{"@type":"SearchAction","target":{"@type":"EntryPoint","urlTemplate":"https:\/\/a-h-health.ch\/?s={search_term_string}"},"query-input":{"@type":"PropertyValueSpecification","valueRequired":true,"valueName":"search_term_string"}}],"inLanguage":"fr-FR"},{"@type":"Organization","@id":"https:\/\/a-h-health.ch\/#organization","name":"Ani\u00admal &amp; Human Health AG","url":"https:\/\/a-h-health.ch\/","logo":{"@type":"ImageObject","inLanguage":"fr-FR","@id":"https:\/\/a-h-health.ch\/#\/schema\/logo\/image\/","url":"https:\/\/a-h-health.ch\/wp-content\/uploads\/2020\/12\/Logo-animal-health.jpg","contentUrl":"https:\/\/a-h-health.ch\/wp-content\/uploads\/2020\/12\/Logo-animal-health.jpg","width":653,"height":56,"caption":"Animal & Human Health AG"},"image":{"@id":"https:\/\/a-h-health.ch\/#\/schema\/logo\/image\/"}}]}},"_links":{"self":[{"href":"https:\/\/a-h-health.ch\/fr\/wp-json\/wp\/v2\/product\/12873","targetHints":{"allow":["GET"]}}],"collection":[{"href":"https:\/\/a-h-health.ch\/fr\/wp-json\/wp\/v2\/product"}],"about":[{"href":"https:\/\/a-h-health.ch\/fr\/wp-json\/wp\/v2\/types\/product"}],"wp:featuredmedia":[{"embeddable":true,"href":"https:\/\/a-h-health.ch\/fr\/wp-json\/wp\/v2\/media\/12952"}],"wp:attachment":[{"href":"https:\/\/a-h-health.ch\/fr\/wp-json\/wp\/v2\/media?parent=12873"}],"wp:term":[{"taxonomy":"product_brand","embeddable":true,"href":"https:\/\/a-h-health.ch\/fr\/wp-json\/wp\/v2\/product_brand?post=12873"},{"taxonomy":"product_cat","embeddable":true,"href":"https:\/\/a-h-health.ch\/fr\/wp-json\/wp\/v2\/product_cat?post=12873"},{"taxonomy":"product_tag","embeddable":true,"href":"https:\/\/a-h-health.ch\/fr\/wp-json\/wp\/v2\/product_tag?post=12873"}],"curies":[{"name":"wp","href":"https:\/\/api.w.org\/{rel}","templated":true}]}}