{"id":12866,"date":"2022-03-18T08:42:02","date_gmt":"2022-03-18T07:42:02","guid":{"rendered":"https:\/\/a-h-health.ch\/?post_type=product&#038;p=12866"},"modified":"2023-09-05T21:17:31","modified_gmt":"2023-09-05T19:17:31","slug":"relaxopet-bag-jeans","status":"publish","type":"product","link":"https:\/\/a-h-health.ch\/fr\/shop\/relaxopet-bag-jeans\/","title":{"rendered":"RELAXOPET Sac&nbsp;Jeans"},"content":{"rendered":"<p>Avec le sac Rela\u00adxo Sound, vous empor\u00adtez le syst\u00e8me Rela\u00adxo\u00adpet par\u00adtout sans pro\u00adbl\u00e8\u00adme et bien pro\u00adt\u00e9\u00adg\u00e9.\nLe sac peut \u00eatre fix\u00e9 \u00e0 l\u2019ai\u00adde d\u2019un mousque\u00adton tr\u00e8s pra\u00adtique. La fer\u00adme\u00adtu\u00adre \u00e9clair robu\u00adste assu\u00adre une ouver\u00adtu\u00adre et une fer\u00adme\u00adtu\u00adre sans probl\u00e8me.<br>\nLe mousque\u00adton pra\u00adtique per\u00admet \u00e9ga\u00adle\u00adment d\u2019at\u00adta\u00adcher le sac. La fer\u00adme\u00adtu\u00adre \u00e9clair robu\u00adste assu\u00adre une ouver\u00adtu\u00adre et une fer\u00adme\u00adtu\u00adre sans probl\u00e8me.<\/p>","protected":false},"excerpt":{"rendered":"<p>Mit dem Rela\u00adxo Sound Bag neh\u00admen Sie das Rela\u00adxo\u00adpet-System ohne Pro\u00adble\u00adme und gut gesch\u00fctzt \u00fcber\u00adall mit hin. Mit dem Prak\u00adti\u00adschen Kara\u00adbi\u00adner\u00adha\u00adken l\u00e4sst sich der Bag auch wun\u00adder\u00adbar befe\u00adsti\u00adgen. Der robu\u00adste Reiss\u00adver\u00adschluss sorgt f\u00fcr rei\u00adbungs\u00adlo\u00adses \u00f6ff\u00adnen und schliessen.<\/p>","protected":false},"featured_media":12946,"template":"","meta":{"wp_typography_post_enhancements_disabled":false},"product_brand":[],"product_cat":[566,559,563,564,562,579],"product_tag":[],"class_list":{"0":"post-12866","1":"product","2":"type-product","3":"status-publish","4":"has-post-thumbnail","6":"product_cat-andere-kleintiere","7":"product_cat-divers","8":"product_cat-hund","9":"product_cat-katze","10":"product_cat-pferd","11":"product_cat-relaxopet","13":"first","14":"instock","15":"taxable","16":"shipping-taxable","17":"product-type-simple"},"yoast_head":"<!-- This site is optimized with the Yoast SEO plugin v27.4 - https:\/\/yoast.com\/product\/yoast-seo-wordpress\/ -->\n<title>RELAXOPET Bag Jeans - Animal &amp; Human Health AG<\/title>\n<meta name=\"robots\" content=\"index, follow, max-snippet:-1, max-image-preview:large, max-video-preview:-1\" \/>\n<link rel=\"canonical\" href=\"https:\/\/a-h-health.ch\/fr\/shop\/relaxopet-bag-jeans\/\" \/>\n<meta property=\"og:locale\" content=\"fr_FR\" \/>\n<meta property=\"og:type\" content=\"article\" \/>\n<meta property=\"og:title\" content=\"RELAXOPET Bag Jeans - Animal &amp; Human Health AG\" \/>\n<meta property=\"og:description\" content=\"Mit dem Relaxo Sound Bag nehmen Sie das Relaxopet-System ohne Probleme und gut gesch\u00fctzt \u00fcberall mit hin. Mit dem Praktischen Karabinerhaken l\u00e4sst sich der Bag auch wunderbar befestigen. Der robuste Reissverschluss sorgt f\u00fcr reibungsloses \u00f6ffnen und schliessen.\" \/>\n<meta property=\"og:url\" content=\"https:\/\/a-h-health.ch\/fr\/shop\/relaxopet-bag-jeans\/\" \/>\n<meta property=\"og:site_name\" content=\"Animal &amp; Human Health AG\" \/>\n<meta property=\"article:modified_time\" content=\"2023-09-05T19:17:31+00:00\" \/>\n<meta property=\"og:image\" content=\"https:\/\/a-h-health.ch\/wp-content\/uploads\/2022\/03\/RelaxoPet-Bag_600x600.jpg\" \/>\n\t<meta property=\"og:image:width\" content=\"485\" \/>\n\t<meta property=\"og:image:height\" content=\"485\" \/>\n\t<meta property=\"og:image:type\" content=\"image\/jpeg\" \/>\n<meta name=\"twitter:card\" content=\"summary_large_image\" \/>\n<meta name=\"twitter:label1\" content=\"Dur\u00e9e de lecture estim\u00e9e\" \/>\n\t<meta name=\"twitter:data1\" content=\"1 minute\" \/>\n<script type=\"application\/ld+json\" class=\"yoast-schema-graph\">{\"@context\":\"https:\\\/\\\/schema.org\",\"@graph\":[{\"@type\":\"WebPage\",\"@id\":\"https:\\\/\\\/a-h-health.ch\\\/shop\\\/relaxopet-bag-jeans\\\/\",\"url\":\"https:\\\/\\\/a-h-health.ch\\\/shop\\\/relaxopet-bag-jeans\\\/\",\"name\":\"RELAXOPET Bag Jeans - Animal &amp; Human Health AG\",\"isPartOf\":{\"@id\":\"https:\\\/\\\/a-h-health.ch\\\/#website\"},\"primaryImageOfPage\":{\"@id\":\"https:\\\/\\\/a-h-health.ch\\\/shop\\\/relaxopet-bag-jeans\\\/#primaryimage\"},\"image\":{\"@id\":\"https:\\\/\\\/a-h-health.ch\\\/shop\\\/relaxopet-bag-jeans\\\/#primaryimage\"},\"thumbnailUrl\":\"https:\\\/\\\/a-h-health.ch\\\/wp-content\\\/uploads\\\/2022\\\/03\\\/RelaxoPet-Bag_600x600.jpg\",\"datePublished\":\"2022-03-18T07:42:02+00:00\",\"dateModified\":\"2023-09-05T19:17:31+00:00\",\"breadcrumb\":{\"@id\":\"https:\\\/\\\/a-h-health.ch\\\/shop\\\/relaxopet-bag-jeans\\\/#breadcrumb\"},\"inLanguage\":\"fr-FR\",\"potentialAction\":[{\"@type\":\"ReadAction\",\"target\":[\"https:\\\/\\\/a-h-health.ch\\\/shop\\\/relaxopet-bag-jeans\\\/\"]}]},{\"@type\":\"ImageObject\",\"inLanguage\":\"fr-FR\",\"@id\":\"https:\\\/\\\/a-h-health.ch\\\/shop\\\/relaxopet-bag-jeans\\\/#primaryimage\",\"url\":\"https:\\\/\\\/a-h-health.ch\\\/wp-content\\\/uploads\\\/2022\\\/03\\\/RelaxoPet-Bag_600x600.jpg\",\"contentUrl\":\"https:\\\/\\\/a-h-health.ch\\\/wp-content\\\/uploads\\\/2022\\\/03\\\/RelaxoPet-Bag_600x600.jpg\",\"width\":485,\"height\":485},{\"@type\":\"BreadcrumbList\",\"@id\":\"https:\\\/\\\/a-h-health.ch\\\/shop\\\/relaxopet-bag-jeans\\\/#breadcrumb\",\"itemListElement\":[{\"@type\":\"ListItem\",\"position\":1,\"name\":\"Startseite\",\"item\":\"https:\\\/\\\/a-h-health.ch\\\/\"},{\"@type\":\"ListItem\",\"position\":2,\"name\":\"Shop\",\"item\":\"https:\\\/\\\/a-h-health.ch\\\/shop\\\/\"},{\"@type\":\"ListItem\",\"position\":3,\"name\":\"RELAXOPET Bag Jeans\"}]},{\"@type\":\"WebSite\",\"@id\":\"https:\\\/\\\/a-h-health.ch\\\/#website\",\"url\":\"https:\\\/\\\/a-h-health.ch\\\/\",\"name\":\"Animal and Human Health AG\",\"description\":\"Wir sind Ihre Ansprechpartner, wenn es um die professionelle Gesundheit und das Wohl ihres Tieres geht.\",\"publisher\":{\"@id\":\"https:\\\/\\\/a-h-health.ch\\\/#organization\"},\"alternateName\":\"a-h-health\",\"potentialAction\":[{\"@type\":\"SearchAction\",\"target\":{\"@type\":\"EntryPoint\",\"urlTemplate\":\"https:\\\/\\\/a-h-health.ch\\\/?s={search_term_string}\"},\"query-input\":{\"@type\":\"PropertyValueSpecification\",\"valueRequired\":true,\"valueName\":\"search_term_string\"}}],\"inLanguage\":\"fr-FR\"},{\"@type\":\"Organization\",\"@id\":\"https:\\\/\\\/a-h-health.ch\\\/#organization\",\"name\":\"Animal & Human Health AG\",\"url\":\"https:\\\/\\\/a-h-health.ch\\\/\",\"logo\":{\"@type\":\"ImageObject\",\"inLanguage\":\"fr-FR\",\"@id\":\"https:\\\/\\\/a-h-health.ch\\\/#\\\/schema\\\/logo\\\/image\\\/\",\"url\":\"https:\\\/\\\/a-h-health.ch\\\/wp-content\\\/uploads\\\/2020\\\/12\\\/Logo-animal-health.jpg\",\"contentUrl\":\"https:\\\/\\\/a-h-health.ch\\\/wp-content\\\/uploads\\\/2020\\\/12\\\/Logo-animal-health.jpg\",\"width\":653,\"height\":56,\"caption\":\"Animal & Human Health AG\"},\"image\":{\"@id\":\"https:\\\/\\\/a-h-health.ch\\\/#\\\/schema\\\/logo\\\/image\\\/\"}}]}<\/script>\n<!-- \/ Yoast SEO plugin. -->","yoast_head_json":{"title":"RELAXOPET Bag Jeans \u2013 Ani\u00admal &amp; Human Health AG","robots":{"index":"index","follow":"follow","max-snippet":"max-snippet:-1","max-image-preview":"max-image-preview:large","max-video-preview":"max-video-preview:-1"},"canonical":"https:\/\/a-h-health.ch\/fr\/shop\/relaxopet-bag-jeans\/","og_locale":"fr_FR","og_type":"article","og_title":"RELAXOPET Bag Jeans - Animal &amp; Human Health AG","og_description":"Mit dem Relaxo Sound Bag nehmen Sie das Relaxopet-System ohne Probleme und gut gesch\u00fctzt \u00fcberall mit hin. Mit dem Praktischen Karabinerhaken l\u00e4sst sich der Bag auch wunderbar befestigen. Der robuste Reissverschluss sorgt f\u00fcr reibungsloses \u00f6ffnen und schliessen.","og_url":"https:\/\/a-h-health.ch\/fr\/shop\/relaxopet-bag-jeans\/","og_site_name":"Animal &amp; Human Health AG","article_modified_time":"2023-09-05T19:17:31+00:00","og_image":[{"width":485,"height":485,"url":"https:\/\/a-h-health.ch\/wp-content\/uploads\/2022\/03\/RelaxoPet-Bag_600x600.jpg","type":"image\/jpeg"}],"twitter_card":"summary_large_image","twitter_misc":{"Dur\u00e9e de lecture estim\u00e9e":"1 minute"},"schema":{"@context":"https:\/\/schema.org","@graph":[{"@type":"WebPage","@id":"https:\/\/a-h-health.ch\/shop\/relaxopet-bag-jeans\/","url":"https:\/\/a-h-health.ch\/shop\/relaxopet-bag-jeans\/","name":"RELAXOPET Bag Jeans \u2013 Ani\u00admal &amp; Human Health AG","isPartOf":{"@id":"https:\/\/a-h-health.ch\/#website"},"primaryImageOfPage":{"@id":"https:\/\/a-h-health.ch\/shop\/relaxopet-bag-jeans\/#primaryimage"},"image":{"@id":"https:\/\/a-h-health.ch\/shop\/relaxopet-bag-jeans\/#primaryimage"},"thumbnailUrl":"https:\/\/a-h-health.ch\/wp-content\/uploads\/2022\/03\/RelaxoPet-Bag_600x600.jpg","datePublished":"2022-03-18T07:42:02+00:00","dateModified":"2023-09-05T19:17:31+00:00","breadcrumb":{"@id":"https:\/\/a-h-health.ch\/shop\/relaxopet-bag-jeans\/#breadcrumb"},"inLanguage":"fr-FR","potentialAction":[{"@type":"ReadAction","target":["https:\/\/a-h-health.ch\/shop\/relaxopet-bag-jeans\/"]}]},{"@type":"ImageObject","inLanguage":"fr-FR","@id":"https:\/\/a-h-health.ch\/shop\/relaxopet-bag-jeans\/#primaryimage","url":"https:\/\/a-h-health.ch\/wp-content\/uploads\/2022\/03\/RelaxoPet-Bag_600x600.jpg","contentUrl":"https:\/\/a-h-health.ch\/wp-content\/uploads\/2022\/03\/RelaxoPet-Bag_600x600.jpg","width":485,"height":485},{"@type":"BreadcrumbList","@id":"https:\/\/a-h-health.ch\/shop\/relaxopet-bag-jeans\/#breadcrumb","itemListElement":[{"@type":"ListItem","position":1,"name":"Startseite","item":"https:\/\/a-h-health.ch\/"},{"@type":"ListItem","position":2,"name":"Shop","item":"https:\/\/a-h-health.ch\/shop\/"},{"@type":"ListItem","position":3,"name":"RELAXOPET Bag Jeans"}]},{"@type":"WebSite","@id":"https:\/\/a-h-health.ch\/#website","url":"https:\/\/a-h-health.ch\/","name":"Ani\u00admal and Human Health AG","description":"Nous som\u00admes vos interlo\u00adcu\u00adteurs lorsqu\u2019il s\u2019a\u00adgit de la san\u00adt\u00e9 pro\u00adfes\u00adsi\u00adon\u00adnel\u00adle et du bien-\u00eatre de vot\u00adre animal.","publisher":{"@id":"https:\/\/a-h-health.ch\/#organization"},"alternateName":"a-h-health","potentialAction":[{"@type":"SearchAction","target":{"@type":"EntryPoint","urlTemplate":"https:\/\/a-h-health.ch\/?s={search_term_string}"},"query-input":{"@type":"PropertyValueSpecification","valueRequired":true,"valueName":"search_term_string"}}],"inLanguage":"fr-FR"},{"@type":"Organization","@id":"https:\/\/a-h-health.ch\/#organization","name":"Ani\u00admal &amp; Human Health AG","url":"https:\/\/a-h-health.ch\/","logo":{"@type":"ImageObject","inLanguage":"fr-FR","@id":"https:\/\/a-h-health.ch\/#\/schema\/logo\/image\/","url":"https:\/\/a-h-health.ch\/wp-content\/uploads\/2020\/12\/Logo-animal-health.jpg","contentUrl":"https:\/\/a-h-health.ch\/wp-content\/uploads\/2020\/12\/Logo-animal-health.jpg","width":653,"height":56,"caption":"Animal & Human Health AG"},"image":{"@id":"https:\/\/a-h-health.ch\/#\/schema\/logo\/image\/"}}]}},"_links":{"self":[{"href":"https:\/\/a-h-health.ch\/fr\/wp-json\/wp\/v2\/product\/12866","targetHints":{"allow":["GET"]}}],"collection":[{"href":"https:\/\/a-h-health.ch\/fr\/wp-json\/wp\/v2\/product"}],"about":[{"href":"https:\/\/a-h-health.ch\/fr\/wp-json\/wp\/v2\/types\/product"}],"wp:featuredmedia":[{"embeddable":true,"href":"https:\/\/a-h-health.ch\/fr\/wp-json\/wp\/v2\/media\/12946"}],"wp:attachment":[{"href":"https:\/\/a-h-health.ch\/fr\/wp-json\/wp\/v2\/media?parent=12866"}],"wp:term":[{"taxonomy":"product_brand","embeddable":true,"href":"https:\/\/a-h-health.ch\/fr\/wp-json\/wp\/v2\/product_brand?post=12866"},{"taxonomy":"product_cat","embeddable":true,"href":"https:\/\/a-h-health.ch\/fr\/wp-json\/wp\/v2\/product_cat?post=12866"},{"taxonomy":"product_tag","embeddable":true,"href":"https:\/\/a-h-health.ch\/fr\/wp-json\/wp\/v2\/product_tag?post=12866"}],"curies":[{"name":"wp","href":"https:\/\/api.w.org\/{rel}","templated":true}]}}