{"id":12856,"date":"2022-03-18T08:42:01","date_gmt":"2022-03-18T07:42:01","guid":{"rendered":"https:\/\/a-h-health.ch\/?post_type=product&#038;p=12856"},"modified":"2025-04-02T14:49:17","modified_gmt":"2025-04-02T12:49:17","slug":"nupafeed-booster-mah-10-pasten","status":"publish","type":"product","link":"https:\/\/a-h-health.ch\/fr\/shop\/nupafeed-booster-mah-10-pasten\/","title":{"rendered":"Nupa\u00adfeed\u00ae Hor\u00adse Boo\u00adster 10&nbsp;p\u00e2tes"},"content":{"rendered":"<p>Com\u00adpl\u00e9\u00adment ali\u00admen\u00adtai\u00adre pour chevaux pour un apport rapi\u00adde et \u00e0 court ter\u00adme de magn\u00e9sium.<\/p>\n<p>La ner\u00advo\u00adsi\u00adt\u00e9 et la baisse de moti\u00adva\u00adti\u00adon peu\u00advent \u00eatre la con\u00ads\u00e9\u00adquence d\u2019un apport insuf\u00adfi\u00adsant en magn\u00e9\u00adsi\u00adum. Chlor\u00adhy\u00addra\u00adte d\u2019aspar\u00adta\u00adte de magn\u00e9\u00adsi\u00adum orga\u00adni\u00adque haute\u00adment&nbsp;dos\u00e9<br>\n(MAH\u00ae) con\u00advi\u00adent par\u00adfai\u00adte\u00adment dans l\u2019in\u00adjec\u00adteur de mauls pour la pr\u00e9\u00adpa\u00adra\u00adti\u00adon aux efforts phy\u00adsi\u00adques tels que l\u2019en\u00adtra\u00ee\u00adne\u00adment, les com\u00adp\u00e9\u00adti\u00adti\u00adons et les trans\u00adports stressants.<\/p>","protected":false},"excerpt":{"rendered":"<p>Erg\u00e4n\u00adzungs\u00adfut\u00adter\u00admit\u00adtel f\u00fcr Pfer\u00adde zur schnel\u00adlen und kurz\u00adfri\u00adsti\u00adgen Magne\u00adsi\u00adum\u00adzu\u00adfuhr. Ner\u00advo\u00adsi\u00adt\u00e4t und ein\u00adge\u00adschr\u00e4nk\u00adte Lei\u00adstungs\u00adbe\u00adreit\u00adschaft k\u00f6n\u00adnen Fol\u00adge einer man\u00adgel\u00adhaf\u00adten Magne\u00adsi\u00adum\u00adver\u00adsor\u00adgung sein. Hoch\u00addo\u00adsier\u00adtes orga\u00adni\u00adsches Magne\u00adsi\u00adum\u00ada\u00adspar\u00adtat-hydro\u00adchlo\u00adrid (MAH\u00ae) eig\u00adnet sich im Maulin\u00adjek\u00adtor her\u00advor\u00adra\u00adgend zur Vor\u00adbe\u00adrei\u00adtung auf k\u00f6r\u00adper\u00adli\u00adche Bela\u00adstun\u00adgen wie Trai\u00adning, Wett\u00adk\u00e4mp\u00adfe und stres\u00adsen\u00adde Transporte.<\/p>","protected":false},"featured_media":13007,"template":"","meta":{"wp_typography_post_enhancements_disabled":false},"product_brand":[],"product_cat":[555,34,571,562],"product_tag":[574],"class_list":{"0":"post-12856","1":"product","2":"type-product","3":"status-publish","4":"has-post-thumbnail","6":"product_cat-futtermittel","7":"product_cat-nahrungsergaenzung","8":"product_cat-nupafeed","9":"product_cat-pferd","10":"product_tag-futter-und-diverse","12":"first","13":"instock","14":"taxable","15":"shipping-taxable","16":"product-type-simple"},"yoast_head":"<!-- This site is optimized with the Yoast SEO plugin v27.4 - https:\/\/yoast.com\/product\/yoast-seo-wordpress\/ -->\n<title>Nupafeed\u00ae Horse Booster 10 Pasten - Animal &amp; Human Health AG<\/title>\n<meta name=\"robots\" content=\"index, follow, max-snippet:-1, max-image-preview:large, max-video-preview:-1\" \/>\n<link rel=\"canonical\" href=\"https:\/\/a-h-health.ch\/fr\/shop\/nupafeed-booster-mah-10-pasten\/\" \/>\n<meta property=\"og:locale\" content=\"fr_FR\" \/>\n<meta property=\"og:type\" content=\"article\" \/>\n<meta property=\"og:title\" content=\"Nupafeed\u00ae Horse Booster 10 Pasten - Animal &amp; Human Health AG\" \/>\n<meta property=\"og:description\" content=\"Erg\u00e4nzungsfuttermittel f\u00fcr Pferde zur schnellen und kurzfristigen Magnesiumzufuhr. Nervosit\u00e4t und eingeschr\u00e4nkte Leistungsbereitschaft k\u00f6nnen Folge einer mangelhaften Magnesiumversorgung sein. Hochdosiertes organisches Magnesiumaspartat-hydrochlorid (MAH\u00ae) eignet sich im Maulinjektor hervorragend zur Vorbereitung auf k\u00f6rperliche Belastungen wie Training, Wettk\u00e4mpfe und stressende Transporte.\" \/>\n<meta property=\"og:url\" content=\"https:\/\/a-h-health.ch\/fr\/shop\/nupafeed-booster-mah-10-pasten\/\" \/>\n<meta property=\"og:site_name\" content=\"Animal &amp; Human Health AG\" \/>\n<meta property=\"article:modified_time\" content=\"2025-04-02T12:49:17+00:00\" \/>\n<meta property=\"og:image\" content=\"https:\/\/a-h-health.ch\/wp-content\/uploads\/2022\/03\/image-1-e1647608205326.jpg\" \/>\n\t<meta property=\"og:image:width\" content=\"720\" \/>\n\t<meta property=\"og:image:height\" content=\"720\" \/>\n\t<meta property=\"og:image:type\" content=\"image\/jpeg\" \/>\n<meta name=\"twitter:card\" content=\"summary_large_image\" \/>\n<meta name=\"twitter:label1\" content=\"Dur\u00e9e de lecture estim\u00e9e\" \/>\n\t<meta name=\"twitter:data1\" content=\"1 minute\" \/>\n<script type=\"application\/ld+json\" class=\"yoast-schema-graph\">{\"@context\":\"https:\\\/\\\/schema.org\",\"@graph\":[{\"@type\":\"WebPage\",\"@id\":\"https:\\\/\\\/a-h-health.ch\\\/shop\\\/nupafeed-booster-mah-10-pasten\\\/\",\"url\":\"https:\\\/\\\/a-h-health.ch\\\/shop\\\/nupafeed-booster-mah-10-pasten\\\/\",\"name\":\"Nupafeed\u00ae Horse Booster 10 Pasten - Animal &amp; Human Health AG\",\"isPartOf\":{\"@id\":\"https:\\\/\\\/a-h-health.ch\\\/#website\"},\"primaryImageOfPage\":{\"@id\":\"https:\\\/\\\/a-h-health.ch\\\/shop\\\/nupafeed-booster-mah-10-pasten\\\/#primaryimage\"},\"image\":{\"@id\":\"https:\\\/\\\/a-h-health.ch\\\/shop\\\/nupafeed-booster-mah-10-pasten\\\/#primaryimage\"},\"thumbnailUrl\":\"https:\\\/\\\/a-h-health.ch\\\/wp-content\\\/uploads\\\/2022\\\/03\\\/image-1-e1647608205326.jpg\",\"datePublished\":\"2022-03-18T07:42:01+00:00\",\"dateModified\":\"2025-04-02T12:49:17+00:00\",\"breadcrumb\":{\"@id\":\"https:\\\/\\\/a-h-health.ch\\\/shop\\\/nupafeed-booster-mah-10-pasten\\\/#breadcrumb\"},\"inLanguage\":\"fr-FR\",\"potentialAction\":[{\"@type\":\"ReadAction\",\"target\":[\"https:\\\/\\\/a-h-health.ch\\\/shop\\\/nupafeed-booster-mah-10-pasten\\\/\"]}]},{\"@type\":\"ImageObject\",\"inLanguage\":\"fr-FR\",\"@id\":\"https:\\\/\\\/a-h-health.ch\\\/shop\\\/nupafeed-booster-mah-10-pasten\\\/#primaryimage\",\"url\":\"https:\\\/\\\/a-h-health.ch\\\/wp-content\\\/uploads\\\/2022\\\/03\\\/image-1-e1647608205326.jpg\",\"contentUrl\":\"https:\\\/\\\/a-h-health.ch\\\/wp-content\\\/uploads\\\/2022\\\/03\\\/image-1-e1647608205326.jpg\",\"width\":720,\"height\":720},{\"@type\":\"BreadcrumbList\",\"@id\":\"https:\\\/\\\/a-h-health.ch\\\/shop\\\/nupafeed-booster-mah-10-pasten\\\/#breadcrumb\",\"itemListElement\":[{\"@type\":\"ListItem\",\"position\":1,\"name\":\"Startseite\",\"item\":\"https:\\\/\\\/a-h-health.ch\\\/\"},{\"@type\":\"ListItem\",\"position\":2,\"name\":\"Shop\",\"item\":\"https:\\\/\\\/a-h-health.ch\\\/shop\\\/\"},{\"@type\":\"ListItem\",\"position\":3,\"name\":\"Nupafeed\u00ae Horse Booster 10 Pasten\"}]},{\"@type\":\"WebSite\",\"@id\":\"https:\\\/\\\/a-h-health.ch\\\/#website\",\"url\":\"https:\\\/\\\/a-h-health.ch\\\/\",\"name\":\"Animal and Human Health AG\",\"description\":\"Wir sind Ihre Ansprechpartner, wenn es um die professionelle Gesundheit und das Wohl ihres Tieres geht.\",\"publisher\":{\"@id\":\"https:\\\/\\\/a-h-health.ch\\\/#organization\"},\"alternateName\":\"a-h-health\",\"potentialAction\":[{\"@type\":\"SearchAction\",\"target\":{\"@type\":\"EntryPoint\",\"urlTemplate\":\"https:\\\/\\\/a-h-health.ch\\\/?s={search_term_string}\"},\"query-input\":{\"@type\":\"PropertyValueSpecification\",\"valueRequired\":true,\"valueName\":\"search_term_string\"}}],\"inLanguage\":\"fr-FR\"},{\"@type\":\"Organization\",\"@id\":\"https:\\\/\\\/a-h-health.ch\\\/#organization\",\"name\":\"Animal & Human Health AG\",\"url\":\"https:\\\/\\\/a-h-health.ch\\\/\",\"logo\":{\"@type\":\"ImageObject\",\"inLanguage\":\"fr-FR\",\"@id\":\"https:\\\/\\\/a-h-health.ch\\\/#\\\/schema\\\/logo\\\/image\\\/\",\"url\":\"https:\\\/\\\/a-h-health.ch\\\/wp-content\\\/uploads\\\/2020\\\/12\\\/Logo-animal-health.jpg\",\"contentUrl\":\"https:\\\/\\\/a-h-health.ch\\\/wp-content\\\/uploads\\\/2020\\\/12\\\/Logo-animal-health.jpg\",\"width\":653,\"height\":56,\"caption\":\"Animal & Human Health AG\"},\"image\":{\"@id\":\"https:\\\/\\\/a-h-health.ch\\\/#\\\/schema\\\/logo\\\/image\\\/\"}}]}<\/script>\n<!-- \/ Yoast SEO plugin. -->","yoast_head_json":{"title":"Nupa\u00adfeed\u00ae Hor\u00adse Boo\u00adster 10 Pasten \u2013 Ani\u00admal &amp; Human Health AG","robots":{"index":"index","follow":"follow","max-snippet":"max-snippet:-1","max-image-preview":"max-image-preview:large","max-video-preview":"max-video-preview:-1"},"canonical":"https:\/\/a-h-health.ch\/fr\/shop\/nupafeed-booster-mah-10-pasten\/","og_locale":"fr_FR","og_type":"article","og_title":"Nupafeed\u00ae Horse Booster 10 Pasten - Animal &amp; Human Health AG","og_description":"Erg\u00e4nzungsfuttermittel f\u00fcr Pferde zur schnellen und kurzfristigen Magnesiumzufuhr. Nervosit\u00e4t und eingeschr\u00e4nkte Leistungsbereitschaft k\u00f6nnen Folge einer mangelhaften Magnesiumversorgung sein. Hochdosiertes organisches Magnesiumaspartat-hydrochlorid (MAH\u00ae) eignet sich im Maulinjektor hervorragend zur Vorbereitung auf k\u00f6rperliche Belastungen wie Training, Wettk\u00e4mpfe und stressende Transporte.","og_url":"https:\/\/a-h-health.ch\/fr\/shop\/nupafeed-booster-mah-10-pasten\/","og_site_name":"Animal &amp; Human Health AG","article_modified_time":"2025-04-02T12:49:17+00:00","og_image":[{"width":720,"height":720,"url":"https:\/\/a-h-health.ch\/wp-content\/uploads\/2022\/03\/image-1-e1647608205326.jpg","type":"image\/jpeg"}],"twitter_card":"summary_large_image","twitter_misc":{"Dur\u00e9e de lecture estim\u00e9e":"1 minute"},"schema":{"@context":"https:\/\/schema.org","@graph":[{"@type":"WebPage","@id":"https:\/\/a-h-health.ch\/shop\/nupafeed-booster-mah-10-pasten\/","url":"https:\/\/a-h-health.ch\/shop\/nupafeed-booster-mah-10-pasten\/","name":"Nupa\u00adfeed\u00ae Hor\u00adse Boo\u00adster 10 Pasten \u2013 Ani\u00admal &amp; Human Health AG","isPartOf":{"@id":"https:\/\/a-h-health.ch\/#website"},"primaryImageOfPage":{"@id":"https:\/\/a-h-health.ch\/shop\/nupafeed-booster-mah-10-pasten\/#primaryimage"},"image":{"@id":"https:\/\/a-h-health.ch\/shop\/nupafeed-booster-mah-10-pasten\/#primaryimage"},"thumbnailUrl":"https:\/\/a-h-health.ch\/wp-content\/uploads\/2022\/03\/image-1-e1647608205326.jpg","datePublished":"2022-03-18T07:42:01+00:00","dateModified":"2025-04-02T12:49:17+00:00","breadcrumb":{"@id":"https:\/\/a-h-health.ch\/shop\/nupafeed-booster-mah-10-pasten\/#breadcrumb"},"inLanguage":"fr-FR","potentialAction":[{"@type":"ReadAction","target":["https:\/\/a-h-health.ch\/shop\/nupafeed-booster-mah-10-pasten\/"]}]},{"@type":"ImageObject","inLanguage":"fr-FR","@id":"https:\/\/a-h-health.ch\/shop\/nupafeed-booster-mah-10-pasten\/#primaryimage","url":"https:\/\/a-h-health.ch\/wp-content\/uploads\/2022\/03\/image-1-e1647608205326.jpg","contentUrl":"https:\/\/a-h-health.ch\/wp-content\/uploads\/2022\/03\/image-1-e1647608205326.jpg","width":720,"height":720},{"@type":"BreadcrumbList","@id":"https:\/\/a-h-health.ch\/shop\/nupafeed-booster-mah-10-pasten\/#breadcrumb","itemListElement":[{"@type":"ListItem","position":1,"name":"Startseite","item":"https:\/\/a-h-health.ch\/"},{"@type":"ListItem","position":2,"name":"Shop","item":"https:\/\/a-h-health.ch\/shop\/"},{"@type":"ListItem","position":3,"name":"Nupafeed\u00ae Horse Booster 10 Pasten"}]},{"@type":"WebSite","@id":"https:\/\/a-h-health.ch\/#website","url":"https:\/\/a-h-health.ch\/","name":"Ani\u00admal and Human Health AG","description":"Nous som\u00admes vos interlo\u00adcu\u00adteurs lorsqu\u2019il s\u2019a\u00adgit de la san\u00adt\u00e9 pro\u00adfes\u00adsi\u00adon\u00adnel\u00adle et du bien-\u00eatre de vot\u00adre animal.","publisher":{"@id":"https:\/\/a-h-health.ch\/#organization"},"alternateName":"a-h-health","potentialAction":[{"@type":"SearchAction","target":{"@type":"EntryPoint","urlTemplate":"https:\/\/a-h-health.ch\/?s={search_term_string}"},"query-input":{"@type":"PropertyValueSpecification","valueRequired":true,"valueName":"search_term_string"}}],"inLanguage":"fr-FR"},{"@type":"Organization","@id":"https:\/\/a-h-health.ch\/#organization","name":"Ani\u00admal &amp; Human Health AG","url":"https:\/\/a-h-health.ch\/","logo":{"@type":"ImageObject","inLanguage":"fr-FR","@id":"https:\/\/a-h-health.ch\/#\/schema\/logo\/image\/","url":"https:\/\/a-h-health.ch\/wp-content\/uploads\/2020\/12\/Logo-animal-health.jpg","contentUrl":"https:\/\/a-h-health.ch\/wp-content\/uploads\/2020\/12\/Logo-animal-health.jpg","width":653,"height":56,"caption":"Animal & Human Health AG"},"image":{"@id":"https:\/\/a-h-health.ch\/#\/schema\/logo\/image\/"}}]}},"_links":{"self":[{"href":"https:\/\/a-h-health.ch\/fr\/wp-json\/wp\/v2\/product\/12856","targetHints":{"allow":["GET"]}}],"collection":[{"href":"https:\/\/a-h-health.ch\/fr\/wp-json\/wp\/v2\/product"}],"about":[{"href":"https:\/\/a-h-health.ch\/fr\/wp-json\/wp\/v2\/types\/product"}],"wp:featuredmedia":[{"embeddable":true,"href":"https:\/\/a-h-health.ch\/fr\/wp-json\/wp\/v2\/media\/13007"}],"wp:attachment":[{"href":"https:\/\/a-h-health.ch\/fr\/wp-json\/wp\/v2\/media?parent=12856"}],"wp:term":[{"taxonomy":"product_brand","embeddable":true,"href":"https:\/\/a-h-health.ch\/fr\/wp-json\/wp\/v2\/product_brand?post=12856"},{"taxonomy":"product_cat","embeddable":true,"href":"https:\/\/a-h-health.ch\/fr\/wp-json\/wp\/v2\/product_cat?post=12856"},{"taxonomy":"product_tag","embeddable":true,"href":"https:\/\/a-h-health.ch\/fr\/wp-json\/wp\/v2\/product_tag?post=12856"}],"curies":[{"name":"wp","href":"https:\/\/api.w.org\/{rel}","templated":true}]}}