{"id":12825,"date":"2022-03-18T08:41:53","date_gmt":"2022-03-18T07:41:53","guid":{"rendered":"https:\/\/a-h-health.ch\/?post_type=product&#038;p=12825"},"modified":"2023-09-05T21:31:07","modified_gmt":"2023-09-05T19:31:07","slug":"nupafeed-stressless-200-tabl","status":"publish","type":"product","link":"https:\/\/a-h-health.ch\/fr\/shop\/nupafeed-stressless-200-tabl\/","title":{"rendered":"Nupa\u00adfeed\u00ae Com\u00adpri\u00adm\u00e9s anti-stress pour chiens 200 pi\u00e8ces"},"content":{"rendered":"<p>Com\u00adpl\u00e9\u00adment ali\u00admen\u00adtai\u00adre pour chiens.<br>\nLe magn\u00e9\u00adsi\u00adum est n\u00e9ces\u00adsaire \u00e0 de nombreux pro\u00adces\u00adsus m\u00e9ta\u00adbo\u00adli\u00adques vitaux. Une carence peut se tra\u00addui\u00adre ent\u00adre aut\u00adres par une hyper\u00adex\u00adci\u00adta\u00adbi\u00adli\u00adt\u00e9, une sen\u00adsi\u00adbi\u00adli\u00adt\u00e9 au stress, des per\u00adfor\u00adman\u00adces r\u00e9dui\u00adtes ou des trou\u00adbles de l\u2019humeur.<br>\nten\u00adsi\u00adons mus\u00adcu\u00adlai\u00adres. Le chlor\u00adhy\u00addra\u00adte d\u2019aspar\u00adta\u00adte de magn\u00e9\u00adsi\u00adum, la for\u00admu\u00adle effi\u00adcace de magn\u00e9\u00adsi\u00adum, sou\u00adti\u00adent le m\u00e9ta\u00adbo\u00adlis\u00adme, favo\u00adri\u00adse la s\u00e9r\u00e9\u00adni\u00adt\u00e9 et la volon\u00adt\u00e9 de per\u00adfor\u00admance \u2013 id\u00e9\u00adal pour les chiens ner\u00adveux et anxieux et en cas de pro\u00adbl\u00e8\u00admes musculaires.<\/p>","protected":false},"excerpt":{"rendered":"<p>Erg\u00e4n\u00adzungs\u00adfut\u00adter\u00admit\u00adtel f\u00fcr Hun\u00adde. Magne\u00adsi\u00adum wird f\u00fcr vie\u00adle lebens\u00adwich\u00adti\u00adge Stoff\u00adwech\u00adsel\u00adpro\u00adzes\u00adse ben\u00f6\u00adtigt. Eine Unter\u00adver\u00adsor\u00adgung kann sich u.a. in \u00dcber\u00ader\u00adreg\u00adbar\u00adkeit, Stress\u00ademp\u00adfind\u00adlich\u00adkeit, ein\u00adge\u00adschr\u00e4nk\u00adter Lei\u00adstungs\u00adf\u00e4\u00adhig\u00adkeit oder Mus\u00adkel\u00adver\u00adspan\u00adnun\u00adgen \u00e4u\u00dfern. Magne\u00adsi\u00adum\u00ada\u00adspar\u00adtat-hydro\u00adchlo\u00adrid, die wirk\u00adsa\u00adme Magne\u00adsi\u00adum\u00adfor\u00admel, unter\u00adst\u00fctzt den Stoff\u00adwech\u00adsel, f\u00f6r\u00addert Gelas\u00adsen\u00adheit und Lei\u00adstungs\u00adbe\u00adreit\u00adschaft \u2013 ide\u00adal f\u00fcr ner\u00adv\u00f6\u00adse, \u00e4ngst\u00adli\u00adche Hun\u00adde und bei mus\u00adku\u00adl\u00e4\u00adren Problemen.<\/p>","protected":false},"featured_media":12992,"template":"","meta":{"wp_typography_post_enhancements_disabled":false},"product_brand":[],"product_cat":[555,34,571,562],"product_tag":[574],"class_list":{"0":"post-12825","1":"product","2":"type-product","3":"status-publish","4":"has-post-thumbnail","6":"product_cat-futtermittel","7":"product_cat-nahrungsergaenzung","8":"product_cat-nupafeed","9":"product_cat-pferd","10":"product_tag-futter-und-diverse","12":"first","13":"instock","14":"taxable","15":"shipping-taxable","16":"product-type-simple"},"yoast_head":"<!-- This site is optimized with the Yoast SEO plugin v27.4 - https:\/\/yoast.com\/product\/yoast-seo-wordpress\/ -->\n<title>Nupafeed\u00ae DOG-Stress-less Tabletten 200 St\u00fcck - Animal &amp; Human Health AG<\/title>\n<meta name=\"robots\" content=\"index, follow, max-snippet:-1, max-image-preview:large, max-video-preview:-1\" \/>\n<link rel=\"canonical\" href=\"https:\/\/a-h-health.ch\/fr\/shop\/nupafeed-stressless-200-tabl\/\" \/>\n<meta property=\"og:locale\" content=\"fr_FR\" \/>\n<meta property=\"og:type\" content=\"article\" \/>\n<meta property=\"og:title\" content=\"Nupafeed\u00ae DOG-Stress-less Tabletten 200 St\u00fcck - Animal &amp; Human Health AG\" \/>\n<meta property=\"og:description\" content=\"Erg\u00e4nzungsfuttermittel f\u00fcr Hunde. Magnesium wird f\u00fcr viele lebenswichtige Stoffwechselprozesse ben\u00f6tigt. Eine Unterversorgung kann sich u.a. in \u00dcbererregbarkeit, Stressempfindlichkeit, eingeschr\u00e4nkter Leistungsf\u00e4higkeit oder Muskelverspannungen \u00e4u\u00dfern. Magnesiumaspartat-hydrochlorid, die wirksame Magnesiumformel, unterst\u00fctzt den Stoffwechsel, f\u00f6rdert Gelassenheit und Leistungsbereitschaft \u2013 ideal f\u00fcr nerv\u00f6se, \u00e4ngstliche Hunde und bei muskul\u00e4ren Problemen.\" \/>\n<meta property=\"og:url\" content=\"https:\/\/a-h-health.ch\/fr\/shop\/nupafeed-stressless-200-tabl\/\" \/>\n<meta property=\"og:site_name\" content=\"Animal &amp; Human Health AG\" \/>\n<meta property=\"article:modified_time\" content=\"2023-09-05T19:31:07+00:00\" \/>\n<meta property=\"og:image\" content=\"https:\/\/a-h-health.ch\/wp-content\/uploads\/2022\/03\/NUPAFEED-Stress-less.jpg\" \/>\n\t<meta property=\"og:image:width\" content=\"712\" \/>\n\t<meta property=\"og:image:height\" content=\"712\" \/>\n\t<meta property=\"og:image:type\" content=\"image\/jpeg\" \/>\n<meta name=\"twitter:card\" content=\"summary_large_image\" \/>\n<meta name=\"twitter:label1\" content=\"Dur\u00e9e de lecture estim\u00e9e\" \/>\n\t<meta name=\"twitter:data1\" content=\"1 minute\" \/>\n<script type=\"application\/ld+json\" class=\"yoast-schema-graph\">{\"@context\":\"https:\\\/\\\/schema.org\",\"@graph\":[{\"@type\":\"WebPage\",\"@id\":\"https:\\\/\\\/a-h-health.ch\\\/shop\\\/nupafeed-stressless-200-tabl\\\/\",\"url\":\"https:\\\/\\\/a-h-health.ch\\\/shop\\\/nupafeed-stressless-200-tabl\\\/\",\"name\":\"Nupafeed\u00ae DOG-Stress-less Tabletten 200 St\u00fcck - Animal &amp; Human Health AG\",\"isPartOf\":{\"@id\":\"https:\\\/\\\/a-h-health.ch\\\/#website\"},\"primaryImageOfPage\":{\"@id\":\"https:\\\/\\\/a-h-health.ch\\\/shop\\\/nupafeed-stressless-200-tabl\\\/#primaryimage\"},\"image\":{\"@id\":\"https:\\\/\\\/a-h-health.ch\\\/shop\\\/nupafeed-stressless-200-tabl\\\/#primaryimage\"},\"thumbnailUrl\":\"https:\\\/\\\/a-h-health.ch\\\/wp-content\\\/uploads\\\/2022\\\/03\\\/NUPAFEED-Stress-less.jpg\",\"datePublished\":\"2022-03-18T07:41:53+00:00\",\"dateModified\":\"2023-09-05T19:31:07+00:00\",\"breadcrumb\":{\"@id\":\"https:\\\/\\\/a-h-health.ch\\\/shop\\\/nupafeed-stressless-200-tabl\\\/#breadcrumb\"},\"inLanguage\":\"fr-FR\",\"potentialAction\":[{\"@type\":\"ReadAction\",\"target\":[\"https:\\\/\\\/a-h-health.ch\\\/shop\\\/nupafeed-stressless-200-tabl\\\/\"]}]},{\"@type\":\"ImageObject\",\"inLanguage\":\"fr-FR\",\"@id\":\"https:\\\/\\\/a-h-health.ch\\\/shop\\\/nupafeed-stressless-200-tabl\\\/#primaryimage\",\"url\":\"https:\\\/\\\/a-h-health.ch\\\/wp-content\\\/uploads\\\/2022\\\/03\\\/NUPAFEED-Stress-less.jpg\",\"contentUrl\":\"https:\\\/\\\/a-h-health.ch\\\/wp-content\\\/uploads\\\/2022\\\/03\\\/NUPAFEED-Stress-less.jpg\",\"width\":712,\"height\":712},{\"@type\":\"BreadcrumbList\",\"@id\":\"https:\\\/\\\/a-h-health.ch\\\/shop\\\/nupafeed-stressless-200-tabl\\\/#breadcrumb\",\"itemListElement\":[{\"@type\":\"ListItem\",\"position\":1,\"name\":\"Startseite\",\"item\":\"https:\\\/\\\/a-h-health.ch\\\/\"},{\"@type\":\"ListItem\",\"position\":2,\"name\":\"Shop\",\"item\":\"https:\\\/\\\/a-h-health.ch\\\/shop\\\/\"},{\"@type\":\"ListItem\",\"position\":3,\"name\":\"Nupafeed\u00ae DOG-Stress-less Tabletten 200 St\u00fcck\"}]},{\"@type\":\"WebSite\",\"@id\":\"https:\\\/\\\/a-h-health.ch\\\/#website\",\"url\":\"https:\\\/\\\/a-h-health.ch\\\/\",\"name\":\"Animal and Human Health AG\",\"description\":\"Wir sind Ihre Ansprechpartner, wenn es um die professionelle Gesundheit und das Wohl ihres Tieres geht.\",\"publisher\":{\"@id\":\"https:\\\/\\\/a-h-health.ch\\\/#organization\"},\"alternateName\":\"a-h-health\",\"potentialAction\":[{\"@type\":\"SearchAction\",\"target\":{\"@type\":\"EntryPoint\",\"urlTemplate\":\"https:\\\/\\\/a-h-health.ch\\\/?s={search_term_string}\"},\"query-input\":{\"@type\":\"PropertyValueSpecification\",\"valueRequired\":true,\"valueName\":\"search_term_string\"}}],\"inLanguage\":\"fr-FR\"},{\"@type\":\"Organization\",\"@id\":\"https:\\\/\\\/a-h-health.ch\\\/#organization\",\"name\":\"Animal & Human Health AG\",\"url\":\"https:\\\/\\\/a-h-health.ch\\\/\",\"logo\":{\"@type\":\"ImageObject\",\"inLanguage\":\"fr-FR\",\"@id\":\"https:\\\/\\\/a-h-health.ch\\\/#\\\/schema\\\/logo\\\/image\\\/\",\"url\":\"https:\\\/\\\/a-h-health.ch\\\/wp-content\\\/uploads\\\/2020\\\/12\\\/Logo-animal-health.jpg\",\"contentUrl\":\"https:\\\/\\\/a-h-health.ch\\\/wp-content\\\/uploads\\\/2020\\\/12\\\/Logo-animal-health.jpg\",\"width\":653,\"height\":56,\"caption\":\"Animal & Human Health AG\"},\"image\":{\"@id\":\"https:\\\/\\\/a-h-health.ch\\\/#\\\/schema\\\/logo\\\/image\\\/\"}}]}<\/script>\n<!-- \/ Yoast SEO plugin. -->","yoast_head_json":{"title":"Nupa\u00adfeed\u00ae DOG-Stress-less Tablet\u00adten 200 St\u00fcck \u2013 Ani\u00admal &amp; Human Health AG","robots":{"index":"index","follow":"follow","max-snippet":"max-snippet:-1","max-image-preview":"max-image-preview:large","max-video-preview":"max-video-preview:-1"},"canonical":"https:\/\/a-h-health.ch\/fr\/shop\/nupafeed-stressless-200-tabl\/","og_locale":"fr_FR","og_type":"article","og_title":"Nupafeed\u00ae DOG-Stress-less Tabletten 200 St\u00fcck - Animal &amp; Human Health AG","og_description":"Erg\u00e4nzungsfuttermittel f\u00fcr Hunde. Magnesium wird f\u00fcr viele lebenswichtige Stoffwechselprozesse ben\u00f6tigt. Eine Unterversorgung kann sich u.a. in \u00dcbererregbarkeit, Stressempfindlichkeit, eingeschr\u00e4nkter Leistungsf\u00e4higkeit oder Muskelverspannungen \u00e4u\u00dfern. Magnesiumaspartat-hydrochlorid, die wirksame Magnesiumformel, unterst\u00fctzt den Stoffwechsel, f\u00f6rdert Gelassenheit und Leistungsbereitschaft \u2013 ideal f\u00fcr nerv\u00f6se, \u00e4ngstliche Hunde und bei muskul\u00e4ren Problemen.","og_url":"https:\/\/a-h-health.ch\/fr\/shop\/nupafeed-stressless-200-tabl\/","og_site_name":"Animal &amp; Human Health AG","article_modified_time":"2023-09-05T19:31:07+00:00","og_image":[{"width":712,"height":712,"url":"https:\/\/a-h-health.ch\/wp-content\/uploads\/2022\/03\/NUPAFEED-Stress-less.jpg","type":"image\/jpeg"}],"twitter_card":"summary_large_image","twitter_misc":{"Dur\u00e9e de lecture estim\u00e9e":"1 minute"},"schema":{"@context":"https:\/\/schema.org","@graph":[{"@type":"WebPage","@id":"https:\/\/a-h-health.ch\/shop\/nupafeed-stressless-200-tabl\/","url":"https:\/\/a-h-health.ch\/shop\/nupafeed-stressless-200-tabl\/","name":"Nupa\u00adfeed\u00ae DOG-Stress-less Tablet\u00adten 200 St\u00fcck \u2013 Ani\u00admal &amp; Human Health AG","isPartOf":{"@id":"https:\/\/a-h-health.ch\/#website"},"primaryImageOfPage":{"@id":"https:\/\/a-h-health.ch\/shop\/nupafeed-stressless-200-tabl\/#primaryimage"},"image":{"@id":"https:\/\/a-h-health.ch\/shop\/nupafeed-stressless-200-tabl\/#primaryimage"},"thumbnailUrl":"https:\/\/a-h-health.ch\/wp-content\/uploads\/2022\/03\/NUPAFEED-Stress-less.jpg","datePublished":"2022-03-18T07:41:53+00:00","dateModified":"2023-09-05T19:31:07+00:00","breadcrumb":{"@id":"https:\/\/a-h-health.ch\/shop\/nupafeed-stressless-200-tabl\/#breadcrumb"},"inLanguage":"fr-FR","potentialAction":[{"@type":"ReadAction","target":["https:\/\/a-h-health.ch\/shop\/nupafeed-stressless-200-tabl\/"]}]},{"@type":"ImageObject","inLanguage":"fr-FR","@id":"https:\/\/a-h-health.ch\/shop\/nupafeed-stressless-200-tabl\/#primaryimage","url":"https:\/\/a-h-health.ch\/wp-content\/uploads\/2022\/03\/NUPAFEED-Stress-less.jpg","contentUrl":"https:\/\/a-h-health.ch\/wp-content\/uploads\/2022\/03\/NUPAFEED-Stress-less.jpg","width":712,"height":712},{"@type":"BreadcrumbList","@id":"https:\/\/a-h-health.ch\/shop\/nupafeed-stressless-200-tabl\/#breadcrumb","itemListElement":[{"@type":"ListItem","position":1,"name":"Startseite","item":"https:\/\/a-h-health.ch\/"},{"@type":"ListItem","position":2,"name":"Shop","item":"https:\/\/a-h-health.ch\/shop\/"},{"@type":"ListItem","position":3,"name":"Nupafeed\u00ae DOG-Stress-less Tabletten 200 St\u00fcck"}]},{"@type":"WebSite","@id":"https:\/\/a-h-health.ch\/#website","url":"https:\/\/a-h-health.ch\/","name":"Ani\u00admal and Human Health AG","description":"Nous som\u00admes vos interlo\u00adcu\u00adteurs lorsqu\u2019il s\u2019a\u00adgit de la san\u00adt\u00e9 pro\u00adfes\u00adsi\u00adon\u00adnel\u00adle et du bien-\u00eatre de vot\u00adre animal.","publisher":{"@id":"https:\/\/a-h-health.ch\/#organization"},"alternateName":"a-h-health","potentialAction":[{"@type":"SearchAction","target":{"@type":"EntryPoint","urlTemplate":"https:\/\/a-h-health.ch\/?s={search_term_string}"},"query-input":{"@type":"PropertyValueSpecification","valueRequired":true,"valueName":"search_term_string"}}],"inLanguage":"fr-FR"},{"@type":"Organization","@id":"https:\/\/a-h-health.ch\/#organization","name":"Ani\u00admal &amp; Human Health AG","url":"https:\/\/a-h-health.ch\/","logo":{"@type":"ImageObject","inLanguage":"fr-FR","@id":"https:\/\/a-h-health.ch\/#\/schema\/logo\/image\/","url":"https:\/\/a-h-health.ch\/wp-content\/uploads\/2020\/12\/Logo-animal-health.jpg","contentUrl":"https:\/\/a-h-health.ch\/wp-content\/uploads\/2020\/12\/Logo-animal-health.jpg","width":653,"height":56,"caption":"Animal & Human Health AG"},"image":{"@id":"https:\/\/a-h-health.ch\/#\/schema\/logo\/image\/"}}]}},"_links":{"self":[{"href":"https:\/\/a-h-health.ch\/fr\/wp-json\/wp\/v2\/product\/12825","targetHints":{"allow":["GET"]}}],"collection":[{"href":"https:\/\/a-h-health.ch\/fr\/wp-json\/wp\/v2\/product"}],"about":[{"href":"https:\/\/a-h-health.ch\/fr\/wp-json\/wp\/v2\/types\/product"}],"wp:featuredmedia":[{"embeddable":true,"href":"https:\/\/a-h-health.ch\/fr\/wp-json\/wp\/v2\/media\/12992"}],"wp:attachment":[{"href":"https:\/\/a-h-health.ch\/fr\/wp-json\/wp\/v2\/media?parent=12825"}],"wp:term":[{"taxonomy":"product_brand","embeddable":true,"href":"https:\/\/a-h-health.ch\/fr\/wp-json\/wp\/v2\/product_brand?post=12825"},{"taxonomy":"product_cat","embeddable":true,"href":"https:\/\/a-h-health.ch\/fr\/wp-json\/wp\/v2\/product_cat?post=12825"},{"taxonomy":"product_tag","embeddable":true,"href":"https:\/\/a-h-health.ch\/fr\/wp-json\/wp\/v2\/product_tag?post=12825"}],"curies":[{"name":"wp","href":"https:\/\/api.w.org\/{rel}","templated":true}]}}