{"id":12824,"date":"2022-03-18T08:41:53","date_gmt":"2022-03-18T07:41:53","guid":{"rendered":"https:\/\/a-h-health.ch\/?post_type=product&#038;p=12824"},"modified":"2025-04-02T14:48:55","modified_gmt":"2025-04-02T12:48:55","slug":"nupafeed-glm-flex-4-kg","status":"publish","type":"product","link":"https:\/\/a-h-health.ch\/fr\/shop\/nupafeed-glm-flex-4-kg\/","title":{"rendered":"Nupa\u00adfeed\u00ae Hor\u00adse GLM flex 4&nbsp;kg"},"content":{"rendered":"<p>Ali\u00adment min\u00e9\u00adral pour chevaux avec chlor\u00adhy\u00addra\u00adte d\u2019aspar\u00adta\u00adte de magn\u00e9\u00adsi\u00adum (MAH\u00ae ) et poud\u00adre de moules aux orles&nbsp;verts.<br>\nLes ani\u00admaux qui sont r\u00e9gu\u00adli\u00e8\u00adre\u00adment ent\u00adra\u00ee\u00adn\u00e9s sur un sol dur sont par\u00adti\u00adcu\u00adli\u00e8\u00adre\u00adment pr\u00e9\u00adde\u00adsti\u00adn\u00e9s au GLM (poud\u00adre de moules aux orles verts). Une admi\u00adni\u00adstra\u00adti\u00adon con\u00ads\u00e9\u00adquen\u00adte et \u00e0 long ter\u00adme de poud\u00adre de moules aux orles verts de Nou\u00advel\u00adle-Z\u00e9lan\u00adde per\u00admet d\u2019a\u00adm\u00e9\u00adlio\u00adrer con\u00adsid\u00e9\u00adra\u00adblem\u00adent la mobi\u00adli\u00adt\u00e9 des ani\u00admaux souf\u00adfrant de pro\u00adbl\u00e8\u00admes arti\u00adcu\u00adlai\u00adres. Nupa\u00adfeed\u00ae GLM flex a en outr\u00e9 une teneur \u00e9le\u00adv\u00e9e en vit\u00adami\u00adne&nbsp;E<br>\net de s\u00e9l\u00e9\u00adni\u00adum, de magn\u00e9\u00adsi\u00adum (MAH\u00ae) et de cal\u00adci\u00adum. Recom\u00adman\u00add\u00e9 pour les arti\u00adcu\u00adla\u00adti\u00adons for\u00adte\u00adment solli\u00adci\u00adt\u00e9es (car\u00adti\u00adla\u00adge, ten\u00addons, ligaments).<\/p>","protected":false},"excerpt":{"rendered":"<p>Mineralfuttermittel f\u00fcr Pferde mit Magnesiumaspartat-hydrochlorid (MAH\u00ae ) und Gr\u00fcnlippmuschel-Pulver. Pr\u00e4destiniert f\u00fcr GLM (Gr\u00fcnlippmuschel-Pulver) sind besonders Tiere, die regelm\u00e4\u00dfig auf hartem Boden trainiert werden. Bei konsequenter Langzeitverabreichung von neuseel\u00e4ndischem Gr\u00fcnlipp-muschel-Pulver kann die Beweglichkeit von Tieren mit Gelenkproblemen deutlich verbessert werden. Nupafeed\u00ae GLM flex hat zus\u00e4tzlich einen hohen Anteil an Vitamin E und Selen, Magnesium (MAH\u00ae) und [&hellip;]<\/p>\n","protected":false},"featured_media":13012,"template":"","meta":{"wp_typography_post_enhancements_disabled":false},"product_brand":[],"product_cat":[555,34,571,562],"product_tag":[574],"class_list":{"0":"post-12824","1":"product","2":"type-product","3":"status-publish","4":"has-post-thumbnail","6":"product_cat-futtermittel","7":"product_cat-nahrungsergaenzung","8":"product_cat-nupafeed","9":"product_cat-pferd","10":"product_tag-futter-und-diverse","12":"first","13":"instock","14":"taxable","15":"shipping-taxable","16":"product-type-simple"},"yoast_head":"<!-- This site is optimized with the Yoast SEO plugin v27.4 - https:\/\/yoast.com\/product\/yoast-seo-wordpress\/ -->\n<title>Nupafeed\u00ae Horse GLM flex 4 kg - Animal &amp; Human Health AG<\/title>\n<meta name=\"robots\" content=\"index, follow, max-snippet:-1, max-image-preview:large, max-video-preview:-1\" \/>\n<link rel=\"canonical\" href=\"https:\/\/a-h-health.ch\/fr\/shop\/nupafeed-glm-flex-4-kg\/\" \/>\n<meta property=\"og:locale\" content=\"fr_FR\" \/>\n<meta property=\"og:type\" content=\"article\" \/>\n<meta property=\"og:title\" content=\"Nupafeed\u00ae Horse GLM flex 4 kg - Animal &amp; Human Health AG\" \/>\n<meta property=\"og:description\" content=\"Mineralfuttermittel f\u00fcr Pferde mit Magnesiumaspartat-hydrochlorid (MAH\u00ae ) und Gr\u00fcnlippmuschel-Pulver. Pr\u00e4destiniert f\u00fcr GLM (Gr\u00fcnlippmuschel-Pulver) sind besonders Tiere, die regelm\u00e4\u00dfig auf hartem Boden trainiert werden. Bei konsequenter Langzeitverabreichung von neuseel\u00e4ndischem Gr\u00fcnlipp-muschel-Pulver kann die Beweglichkeit von Tieren mit Gelenkproblemen deutlich verbessert werden. Nupafeed\u00ae GLM flex hat zus\u00e4tzlich einen hohen Anteil an Vitamin E und Selen, Magnesium (MAH\u00ae) und [&hellip;]\" \/>\n<meta property=\"og:url\" content=\"https:\/\/a-h-health.ch\/fr\/shop\/nupafeed-glm-flex-4-kg\/\" \/>\n<meta property=\"og:site_name\" content=\"Animal &amp; Human Health AG\" \/>\n<meta property=\"article:modified_time\" content=\"2025-04-02T12:48:55+00:00\" \/>\n<meta property=\"og:image\" content=\"https:\/\/a-h-health.ch\/wp-content\/uploads\/2022\/03\/nupafeed_flex_GLM.jpg\" \/>\n\t<meta property=\"og:image:width\" content=\"1600\" \/>\n\t<meta property=\"og:image:height\" content=\"1600\" \/>\n\t<meta property=\"og:image:type\" content=\"image\/jpeg\" \/>\n<meta name=\"twitter:card\" content=\"summary_large_image\" \/>\n<meta name=\"twitter:label1\" content=\"Dur\u00e9e de lecture estim\u00e9e\" \/>\n\t<meta name=\"twitter:data1\" content=\"1 minute\" \/>\n<script type=\"application\/ld+json\" class=\"yoast-schema-graph\">{\"@context\":\"https:\\\/\\\/schema.org\",\"@graph\":[{\"@type\":\"WebPage\",\"@id\":\"https:\\\/\\\/a-h-health.ch\\\/shop\\\/nupafeed-glm-flex-4-kg\\\/\",\"url\":\"https:\\\/\\\/a-h-health.ch\\\/shop\\\/nupafeed-glm-flex-4-kg\\\/\",\"name\":\"Nupafeed\u00ae Horse GLM flex 4 kg - Animal &amp; Human Health AG\",\"isPartOf\":{\"@id\":\"https:\\\/\\\/a-h-health.ch\\\/#website\"},\"primaryImageOfPage\":{\"@id\":\"https:\\\/\\\/a-h-health.ch\\\/shop\\\/nupafeed-glm-flex-4-kg\\\/#primaryimage\"},\"image\":{\"@id\":\"https:\\\/\\\/a-h-health.ch\\\/shop\\\/nupafeed-glm-flex-4-kg\\\/#primaryimage\"},\"thumbnailUrl\":\"https:\\\/\\\/a-h-health.ch\\\/wp-content\\\/uploads\\\/2022\\\/03\\\/nupafeed_flex_GLM.jpg\",\"datePublished\":\"2022-03-18T07:41:53+00:00\",\"dateModified\":\"2025-04-02T12:48:55+00:00\",\"breadcrumb\":{\"@id\":\"https:\\\/\\\/a-h-health.ch\\\/shop\\\/nupafeed-glm-flex-4-kg\\\/#breadcrumb\"},\"inLanguage\":\"fr-FR\",\"potentialAction\":[{\"@type\":\"ReadAction\",\"target\":[\"https:\\\/\\\/a-h-health.ch\\\/shop\\\/nupafeed-glm-flex-4-kg\\\/\"]}]},{\"@type\":\"ImageObject\",\"inLanguage\":\"fr-FR\",\"@id\":\"https:\\\/\\\/a-h-health.ch\\\/shop\\\/nupafeed-glm-flex-4-kg\\\/#primaryimage\",\"url\":\"https:\\\/\\\/a-h-health.ch\\\/wp-content\\\/uploads\\\/2022\\\/03\\\/nupafeed_flex_GLM.jpg\",\"contentUrl\":\"https:\\\/\\\/a-h-health.ch\\\/wp-content\\\/uploads\\\/2022\\\/03\\\/nupafeed_flex_GLM.jpg\",\"width\":1600,\"height\":1600},{\"@type\":\"BreadcrumbList\",\"@id\":\"https:\\\/\\\/a-h-health.ch\\\/shop\\\/nupafeed-glm-flex-4-kg\\\/#breadcrumb\",\"itemListElement\":[{\"@type\":\"ListItem\",\"position\":1,\"name\":\"Startseite\",\"item\":\"https:\\\/\\\/a-h-health.ch\\\/\"},{\"@type\":\"ListItem\",\"position\":2,\"name\":\"Shop\",\"item\":\"https:\\\/\\\/a-h-health.ch\\\/shop\\\/\"},{\"@type\":\"ListItem\",\"position\":3,\"name\":\"Nupafeed\u00ae Horse GLM flex 4 kg\"}]},{\"@type\":\"WebSite\",\"@id\":\"https:\\\/\\\/a-h-health.ch\\\/#website\",\"url\":\"https:\\\/\\\/a-h-health.ch\\\/\",\"name\":\"Animal and Human Health AG\",\"description\":\"Wir sind Ihre Ansprechpartner, wenn es um die professionelle Gesundheit und das Wohl ihres Tieres geht.\",\"publisher\":{\"@id\":\"https:\\\/\\\/a-h-health.ch\\\/#organization\"},\"alternateName\":\"a-h-health\",\"potentialAction\":[{\"@type\":\"SearchAction\",\"target\":{\"@type\":\"EntryPoint\",\"urlTemplate\":\"https:\\\/\\\/a-h-health.ch\\\/?s={search_term_string}\"},\"query-input\":{\"@type\":\"PropertyValueSpecification\",\"valueRequired\":true,\"valueName\":\"search_term_string\"}}],\"inLanguage\":\"fr-FR\"},{\"@type\":\"Organization\",\"@id\":\"https:\\\/\\\/a-h-health.ch\\\/#organization\",\"name\":\"Animal & Human Health AG\",\"url\":\"https:\\\/\\\/a-h-health.ch\\\/\",\"logo\":{\"@type\":\"ImageObject\",\"inLanguage\":\"fr-FR\",\"@id\":\"https:\\\/\\\/a-h-health.ch\\\/#\\\/schema\\\/logo\\\/image\\\/\",\"url\":\"https:\\\/\\\/a-h-health.ch\\\/wp-content\\\/uploads\\\/2020\\\/12\\\/Logo-animal-health.jpg\",\"contentUrl\":\"https:\\\/\\\/a-h-health.ch\\\/wp-content\\\/uploads\\\/2020\\\/12\\\/Logo-animal-health.jpg\",\"width\":653,\"height\":56,\"caption\":\"Animal & Human Health AG\"},\"image\":{\"@id\":\"https:\\\/\\\/a-h-health.ch\\\/#\\\/schema\\\/logo\\\/image\\\/\"}}]}<\/script>\n<!-- \/ Yoast SEO plugin. -->","yoast_head_json":{"title":"Nupa\u00adfeed\u00ae Hor\u00adse GLM flex 4 kg \u2013 Ani\u00admal &amp; Human Health AG","robots":{"index":"index","follow":"follow","max-snippet":"max-snippet:-1","max-image-preview":"max-image-preview:large","max-video-preview":"max-video-preview:-1"},"canonical":"https:\/\/a-h-health.ch\/fr\/shop\/nupafeed-glm-flex-4-kg\/","og_locale":"fr_FR","og_type":"article","og_title":"Nupafeed\u00ae Horse GLM flex 4 kg - Animal &amp; Human Health AG","og_description":"Mineralfuttermittel f\u00fcr Pferde mit Magnesiumaspartat-hydrochlorid (MAH\u00ae ) und Gr\u00fcnlippmuschel-Pulver. Pr\u00e4destiniert f\u00fcr GLM (Gr\u00fcnlippmuschel-Pulver) sind besonders Tiere, die regelm\u00e4\u00dfig auf hartem Boden trainiert werden. Bei konsequenter Langzeitverabreichung von neuseel\u00e4ndischem Gr\u00fcnlipp-muschel-Pulver kann die Beweglichkeit von Tieren mit Gelenkproblemen deutlich verbessert werden. Nupafeed\u00ae GLM flex hat zus\u00e4tzlich einen hohen Anteil an Vitamin E und Selen, Magnesium (MAH\u00ae) und [&hellip;]","og_url":"https:\/\/a-h-health.ch\/fr\/shop\/nupafeed-glm-flex-4-kg\/","og_site_name":"Animal &amp; Human Health AG","article_modified_time":"2025-04-02T12:48:55+00:00","og_image":[{"width":1600,"height":1600,"url":"https:\/\/a-h-health.ch\/wp-content\/uploads\/2022\/03\/nupafeed_flex_GLM.jpg","type":"image\/jpeg"}],"twitter_card":"summary_large_image","twitter_misc":{"Dur\u00e9e de lecture estim\u00e9e":"1 minute"},"schema":{"@context":"https:\/\/schema.org","@graph":[{"@type":"WebPage","@id":"https:\/\/a-h-health.ch\/shop\/nupafeed-glm-flex-4-kg\/","url":"https:\/\/a-h-health.ch\/shop\/nupafeed-glm-flex-4-kg\/","name":"Nupa\u00adfeed\u00ae Hor\u00adse GLM flex 4 kg \u2013 Ani\u00admal &amp; Human Health AG","isPartOf":{"@id":"https:\/\/a-h-health.ch\/#website"},"primaryImageOfPage":{"@id":"https:\/\/a-h-health.ch\/shop\/nupafeed-glm-flex-4-kg\/#primaryimage"},"image":{"@id":"https:\/\/a-h-health.ch\/shop\/nupafeed-glm-flex-4-kg\/#primaryimage"},"thumbnailUrl":"https:\/\/a-h-health.ch\/wp-content\/uploads\/2022\/03\/nupafeed_flex_GLM.jpg","datePublished":"2022-03-18T07:41:53+00:00","dateModified":"2025-04-02T12:48:55+00:00","breadcrumb":{"@id":"https:\/\/a-h-health.ch\/shop\/nupafeed-glm-flex-4-kg\/#breadcrumb"},"inLanguage":"fr-FR","potentialAction":[{"@type":"ReadAction","target":["https:\/\/a-h-health.ch\/shop\/nupafeed-glm-flex-4-kg\/"]}]},{"@type":"ImageObject","inLanguage":"fr-FR","@id":"https:\/\/a-h-health.ch\/shop\/nupafeed-glm-flex-4-kg\/#primaryimage","url":"https:\/\/a-h-health.ch\/wp-content\/uploads\/2022\/03\/nupafeed_flex_GLM.jpg","contentUrl":"https:\/\/a-h-health.ch\/wp-content\/uploads\/2022\/03\/nupafeed_flex_GLM.jpg","width":1600,"height":1600},{"@type":"BreadcrumbList","@id":"https:\/\/a-h-health.ch\/shop\/nupafeed-glm-flex-4-kg\/#breadcrumb","itemListElement":[{"@type":"ListItem","position":1,"name":"Startseite","item":"https:\/\/a-h-health.ch\/"},{"@type":"ListItem","position":2,"name":"Shop","item":"https:\/\/a-h-health.ch\/shop\/"},{"@type":"ListItem","position":3,"name":"Nupafeed\u00ae Horse GLM flex 4 kg"}]},{"@type":"WebSite","@id":"https:\/\/a-h-health.ch\/#website","url":"https:\/\/a-h-health.ch\/","name":"Ani\u00admal and Human Health AG","description":"Nous som\u00admes vos interlo\u00adcu\u00adteurs lorsqu\u2019il s\u2019a\u00adgit de la san\u00adt\u00e9 pro\u00adfes\u00adsi\u00adon\u00adnel\u00adle et du bien-\u00eatre de vot\u00adre animal.","publisher":{"@id":"https:\/\/a-h-health.ch\/#organization"},"alternateName":"a-h-health","potentialAction":[{"@type":"SearchAction","target":{"@type":"EntryPoint","urlTemplate":"https:\/\/a-h-health.ch\/?s={search_term_string}"},"query-input":{"@type":"PropertyValueSpecification","valueRequired":true,"valueName":"search_term_string"}}],"inLanguage":"fr-FR"},{"@type":"Organization","@id":"https:\/\/a-h-health.ch\/#organization","name":"Ani\u00admal &amp; Human Health AG","url":"https:\/\/a-h-health.ch\/","logo":{"@type":"ImageObject","inLanguage":"fr-FR","@id":"https:\/\/a-h-health.ch\/#\/schema\/logo\/image\/","url":"https:\/\/a-h-health.ch\/wp-content\/uploads\/2020\/12\/Logo-animal-health.jpg","contentUrl":"https:\/\/a-h-health.ch\/wp-content\/uploads\/2020\/12\/Logo-animal-health.jpg","width":653,"height":56,"caption":"Animal & Human Health AG"},"image":{"@id":"https:\/\/a-h-health.ch\/#\/schema\/logo\/image\/"}}]}},"_links":{"self":[{"href":"https:\/\/a-h-health.ch\/fr\/wp-json\/wp\/v2\/product\/12824","targetHints":{"allow":["GET"]}}],"collection":[{"href":"https:\/\/a-h-health.ch\/fr\/wp-json\/wp\/v2\/product"}],"about":[{"href":"https:\/\/a-h-health.ch\/fr\/wp-json\/wp\/v2\/types\/product"}],"wp:featuredmedia":[{"embeddable":true,"href":"https:\/\/a-h-health.ch\/fr\/wp-json\/wp\/v2\/media\/13012"}],"wp:attachment":[{"href":"https:\/\/a-h-health.ch\/fr\/wp-json\/wp\/v2\/media?parent=12824"}],"wp:term":[{"taxonomy":"product_brand","embeddable":true,"href":"https:\/\/a-h-health.ch\/fr\/wp-json\/wp\/v2\/product_brand?post=12824"},{"taxonomy":"product_cat","embeddable":true,"href":"https:\/\/a-h-health.ch\/fr\/wp-json\/wp\/v2\/product_cat?post=12824"},{"taxonomy":"product_tag","embeddable":true,"href":"https:\/\/a-h-health.ch\/fr\/wp-json\/wp\/v2\/product_tag?post=12824"}],"curies":[{"name":"wp","href":"https:\/\/api.w.org\/{rel}","templated":true}]}}