{"id":12821,"date":"2022-03-18T08:41:53","date_gmt":"2022-03-18T07:41:53","guid":{"rendered":"https:\/\/a-h-health.ch\/?post_type=product&#038;p=12821"},"modified":"2025-04-02T14:46:16","modified_gmt":"2025-04-02T12:46:16","slug":"nupafeed-1-l","status":"publish","type":"product","link":"https:\/\/a-h-health.ch\/fr\/shop\/nupafeed-1-l\/","title":{"rendered":"Nupa\u00adfeed\u00ae Cal\u00admer Hor\u00adse Liquid 1&nbsp;L"},"content":{"rendered":"<p>Com\u00adpl\u00e9\u00adment ali\u00admen\u00adtai\u00adre pour chevaux pour un apport liqui\u00adde en magn\u00e9sium.<br>\nLes d\u00e9s\u00e9\u00adqui\u00adli\u00adbres \u00e9ven\u00adtuels dans l\u2019\u00e9\u00adqui\u00adlib\u00adre min\u00e9\u00adral sont com\u00adpen\u00ads\u00e9s et le che\u00adval est adap\u00adt\u00e9 de mani\u00e8\u00adre opti\u00adma\u00adle \u00e0 l\u2019ef\u00adfort. Avec un apport opti\u00admal en magn\u00e9\u00adsi\u00adum, les chevaux g\u00e8rent mieux les situa\u00adtions de stress et sont donc g\u00e9n\u00e9\u00adra\u00adle\u00adment plus performants.<br>\nNupa\u00adfeed<span class=\"raise-letter\">\u00ae<\/span> liquid est enri\u00adchi de chlor\u00adhy\u00addra\u00adte d\u2019aspar\u00adta\u00adte de magn\u00e9\u00adsi\u00adum orga\u00adni\u00adque (MAH\u00ae).<\/p>","protected":false},"excerpt":{"rendered":"<p>Erg\u00e4n\u00adzungs\u00adfut\u00adter\u00admit\u00adtel f\u00fcr Pfer\u00adde zur fl\u00fcs\u00adsi\u00adgen Magne\u00adsi\u00adum\u00adzu\u00adfuhr. M\u00f6g\u00adli\u00adche Ungleich\u00adge\u00adwich\u00adte im Mine\u00adral\u00adstoff\u00adhaus\u00adhalt wer\u00adden aus\u00adge\u00adgli\u00adchen und das Pferd opti\u00admal auf Bela\u00adstung ein\u00adge\u00adstellt. Bei opti\u00adma\u00adler Magne\u00adsi\u00adum\u00adver\u00adsor\u00adgung wer\u00adden Pfer\u00adde bes\u00adser mit Stress-Situa\u00adtio\u00adnen fer\u00adtig und sind so in der Regel lei\u00adstungs\u00adf\u00e4\u00adhi\u00adger. Nupa\u00adfeed\u00ae liquid ist mit orga\u00adni\u00adschem\u00adMa\u00adgne\u00adsi\u00adum\u00ada\u00adspar\u00adtat-hydro\u00adchlo\u00adrid (MAH\u00ae)<\/p>","protected":false},"featured_media":12978,"template":"","meta":{"wp_typography_post_enhancements_disabled":false},"product_brand":[],"product_cat":[555,34,571,562],"product_tag":[574],"class_list":{"0":"post-12821","1":"product","2":"type-product","3":"status-publish","4":"has-post-thumbnail","6":"product_cat-futtermittel","7":"product_cat-nahrungsergaenzung","8":"product_cat-nupafeed","9":"product_cat-pferd","10":"product_tag-futter-und-diverse","12":"first","13":"instock","14":"taxable","15":"shipping-taxable","16":"product-type-simple"},"yoast_head":"<!-- This site is optimized with the Yoast SEO plugin v27.4 - https:\/\/yoast.com\/product\/yoast-seo-wordpress\/ -->\n<title>Nupafeed\u00ae Calmer Horse Liquid 1 L - Animal &amp; Human Health AG<\/title>\n<meta name=\"robots\" content=\"index, follow, max-snippet:-1, max-image-preview:large, max-video-preview:-1\" \/>\n<link rel=\"canonical\" href=\"https:\/\/a-h-health.ch\/fr\/shop\/nupafeed-1-l\/\" \/>\n<meta property=\"og:locale\" content=\"fr_FR\" \/>\n<meta property=\"og:type\" content=\"article\" \/>\n<meta property=\"og:title\" content=\"Nupafeed\u00ae Calmer Horse Liquid 1 L - Animal &amp; Human Health AG\" \/>\n<meta property=\"og:description\" content=\"Erg\u00e4nzungsfuttermittel f\u00fcr Pferde zur fl\u00fcssigen Magnesiumzufuhr. M\u00f6gliche Ungleichgewichte im Mineralstoffhaushalt werden ausgeglichen und das Pferd optimal auf Belastung eingestellt. Bei optimaler Magnesiumversorgung werden Pferde besser mit Stress-Situationen fertig und sind so in der Regel leistungsf\u00e4higer. Nupafeed\u00ae liquid ist mit organischemMagnesiumaspartat-hydrochlorid (MAH\u00ae)\" \/>\n<meta property=\"og:url\" content=\"https:\/\/a-h-health.ch\/fr\/shop\/nupafeed-1-l\/\" \/>\n<meta property=\"og:site_name\" content=\"Animal &amp; Human Health AG\" \/>\n<meta property=\"article:modified_time\" content=\"2025-04-02T12:46:16+00:00\" \/>\n<meta property=\"og:image\" content=\"https:\/\/a-h-health.ch\/wp-content\/uploads\/2022\/03\/Nupafeed-1-L-quadratisch.jpg\" \/>\n\t<meta property=\"og:image:width\" content=\"667\" \/>\n\t<meta property=\"og:image:height\" content=\"666\" \/>\n\t<meta property=\"og:image:type\" content=\"image\/jpeg\" \/>\n<meta name=\"twitter:card\" content=\"summary_large_image\" \/>\n<meta name=\"twitter:label1\" content=\"Dur\u00e9e de lecture estim\u00e9e\" \/>\n\t<meta name=\"twitter:data1\" content=\"1 minute\" \/>\n<script type=\"application\/ld+json\" class=\"yoast-schema-graph\">{\"@context\":\"https:\\\/\\\/schema.org\",\"@graph\":[{\"@type\":\"WebPage\",\"@id\":\"https:\\\/\\\/a-h-health.ch\\\/shop\\\/nupafeed-1-l\\\/\",\"url\":\"https:\\\/\\\/a-h-health.ch\\\/shop\\\/nupafeed-1-l\\\/\",\"name\":\"Nupafeed\u00ae Calmer Horse Liquid 1 L - Animal &amp; Human Health AG\",\"isPartOf\":{\"@id\":\"https:\\\/\\\/a-h-health.ch\\\/#website\"},\"primaryImageOfPage\":{\"@id\":\"https:\\\/\\\/a-h-health.ch\\\/shop\\\/nupafeed-1-l\\\/#primaryimage\"},\"image\":{\"@id\":\"https:\\\/\\\/a-h-health.ch\\\/shop\\\/nupafeed-1-l\\\/#primaryimage\"},\"thumbnailUrl\":\"https:\\\/\\\/a-h-health.ch\\\/wp-content\\\/uploads\\\/2022\\\/03\\\/Nupafeed-1-L-quadratisch.jpg\",\"datePublished\":\"2022-03-18T07:41:53+00:00\",\"dateModified\":\"2025-04-02T12:46:16+00:00\",\"breadcrumb\":{\"@id\":\"https:\\\/\\\/a-h-health.ch\\\/shop\\\/nupafeed-1-l\\\/#breadcrumb\"},\"inLanguage\":\"fr-FR\",\"potentialAction\":[{\"@type\":\"ReadAction\",\"target\":[\"https:\\\/\\\/a-h-health.ch\\\/shop\\\/nupafeed-1-l\\\/\"]}]},{\"@type\":\"ImageObject\",\"inLanguage\":\"fr-FR\",\"@id\":\"https:\\\/\\\/a-h-health.ch\\\/shop\\\/nupafeed-1-l\\\/#primaryimage\",\"url\":\"https:\\\/\\\/a-h-health.ch\\\/wp-content\\\/uploads\\\/2022\\\/03\\\/Nupafeed-1-L-quadratisch.jpg\",\"contentUrl\":\"https:\\\/\\\/a-h-health.ch\\\/wp-content\\\/uploads\\\/2022\\\/03\\\/Nupafeed-1-L-quadratisch.jpg\",\"width\":667,\"height\":666},{\"@type\":\"BreadcrumbList\",\"@id\":\"https:\\\/\\\/a-h-health.ch\\\/shop\\\/nupafeed-1-l\\\/#breadcrumb\",\"itemListElement\":[{\"@type\":\"ListItem\",\"position\":1,\"name\":\"Startseite\",\"item\":\"https:\\\/\\\/a-h-health.ch\\\/\"},{\"@type\":\"ListItem\",\"position\":2,\"name\":\"Shop\",\"item\":\"https:\\\/\\\/a-h-health.ch\\\/shop\\\/\"},{\"@type\":\"ListItem\",\"position\":3,\"name\":\"Nupafeed\u00ae Calmer Horse Liquid 1 L\"}]},{\"@type\":\"WebSite\",\"@id\":\"https:\\\/\\\/a-h-health.ch\\\/#website\",\"url\":\"https:\\\/\\\/a-h-health.ch\\\/\",\"name\":\"Animal and Human Health AG\",\"description\":\"Wir sind Ihre Ansprechpartner, wenn es um die professionelle Gesundheit und das Wohl ihres Tieres geht.\",\"publisher\":{\"@id\":\"https:\\\/\\\/a-h-health.ch\\\/#organization\"},\"alternateName\":\"a-h-health\",\"potentialAction\":[{\"@type\":\"SearchAction\",\"target\":{\"@type\":\"EntryPoint\",\"urlTemplate\":\"https:\\\/\\\/a-h-health.ch\\\/?s={search_term_string}\"},\"query-input\":{\"@type\":\"PropertyValueSpecification\",\"valueRequired\":true,\"valueName\":\"search_term_string\"}}],\"inLanguage\":\"fr-FR\"},{\"@type\":\"Organization\",\"@id\":\"https:\\\/\\\/a-h-health.ch\\\/#organization\",\"name\":\"Animal & Human Health AG\",\"url\":\"https:\\\/\\\/a-h-health.ch\\\/\",\"logo\":{\"@type\":\"ImageObject\",\"inLanguage\":\"fr-FR\",\"@id\":\"https:\\\/\\\/a-h-health.ch\\\/#\\\/schema\\\/logo\\\/image\\\/\",\"url\":\"https:\\\/\\\/a-h-health.ch\\\/wp-content\\\/uploads\\\/2020\\\/12\\\/Logo-animal-health.jpg\",\"contentUrl\":\"https:\\\/\\\/a-h-health.ch\\\/wp-content\\\/uploads\\\/2020\\\/12\\\/Logo-animal-health.jpg\",\"width\":653,\"height\":56,\"caption\":\"Animal & Human Health AG\"},\"image\":{\"@id\":\"https:\\\/\\\/a-h-health.ch\\\/#\\\/schema\\\/logo\\\/image\\\/\"}}]}<\/script>\n<!-- \/ Yoast SEO plugin. -->","yoast_head_json":{"title":"Nupa\u00adfeed\u00ae Cal\u00admer Hor\u00adse Liquid 1 L \u2013 Ani\u00admal &amp; Human Health AG","robots":{"index":"index","follow":"follow","max-snippet":"max-snippet:-1","max-image-preview":"max-image-preview:large","max-video-preview":"max-video-preview:-1"},"canonical":"https:\/\/a-h-health.ch\/fr\/shop\/nupafeed-1-l\/","og_locale":"fr_FR","og_type":"article","og_title":"Nupafeed\u00ae Calmer Horse Liquid 1 L - Animal &amp; Human Health AG","og_description":"Erg\u00e4nzungsfuttermittel f\u00fcr Pferde zur fl\u00fcssigen Magnesiumzufuhr. M\u00f6gliche Ungleichgewichte im Mineralstoffhaushalt werden ausgeglichen und das Pferd optimal auf Belastung eingestellt. Bei optimaler Magnesiumversorgung werden Pferde besser mit Stress-Situationen fertig und sind so in der Regel leistungsf\u00e4higer. Nupafeed\u00ae liquid ist mit organischemMagnesiumaspartat-hydrochlorid (MAH\u00ae)","og_url":"https:\/\/a-h-health.ch\/fr\/shop\/nupafeed-1-l\/","og_site_name":"Animal &amp; Human Health AG","article_modified_time":"2025-04-02T12:46:16+00:00","og_image":[{"width":667,"height":666,"url":"https:\/\/a-h-health.ch\/wp-content\/uploads\/2022\/03\/Nupafeed-1-L-quadratisch.jpg","type":"image\/jpeg"}],"twitter_card":"summary_large_image","twitter_misc":{"Dur\u00e9e de lecture estim\u00e9e":"1 minute"},"schema":{"@context":"https:\/\/schema.org","@graph":[{"@type":"WebPage","@id":"https:\/\/a-h-health.ch\/shop\/nupafeed-1-l\/","url":"https:\/\/a-h-health.ch\/shop\/nupafeed-1-l\/","name":"Nupa\u00adfeed\u00ae Cal\u00admer Hor\u00adse Liquid 1 L \u2013 Ani\u00admal &amp; Human Health AG","isPartOf":{"@id":"https:\/\/a-h-health.ch\/#website"},"primaryImageOfPage":{"@id":"https:\/\/a-h-health.ch\/shop\/nupafeed-1-l\/#primaryimage"},"image":{"@id":"https:\/\/a-h-health.ch\/shop\/nupafeed-1-l\/#primaryimage"},"thumbnailUrl":"https:\/\/a-h-health.ch\/wp-content\/uploads\/2022\/03\/Nupafeed-1-L-quadratisch.jpg","datePublished":"2022-03-18T07:41:53+00:00","dateModified":"2025-04-02T12:46:16+00:00","breadcrumb":{"@id":"https:\/\/a-h-health.ch\/shop\/nupafeed-1-l\/#breadcrumb"},"inLanguage":"fr-FR","potentialAction":[{"@type":"ReadAction","target":["https:\/\/a-h-health.ch\/shop\/nupafeed-1-l\/"]}]},{"@type":"ImageObject","inLanguage":"fr-FR","@id":"https:\/\/a-h-health.ch\/shop\/nupafeed-1-l\/#primaryimage","url":"https:\/\/a-h-health.ch\/wp-content\/uploads\/2022\/03\/Nupafeed-1-L-quadratisch.jpg","contentUrl":"https:\/\/a-h-health.ch\/wp-content\/uploads\/2022\/03\/Nupafeed-1-L-quadratisch.jpg","width":667,"height":666},{"@type":"BreadcrumbList","@id":"https:\/\/a-h-health.ch\/shop\/nupafeed-1-l\/#breadcrumb","itemListElement":[{"@type":"ListItem","position":1,"name":"Startseite","item":"https:\/\/a-h-health.ch\/"},{"@type":"ListItem","position":2,"name":"Shop","item":"https:\/\/a-h-health.ch\/shop\/"},{"@type":"ListItem","position":3,"name":"Nupafeed\u00ae Calmer Horse Liquid 1 L"}]},{"@type":"WebSite","@id":"https:\/\/a-h-health.ch\/#website","url":"https:\/\/a-h-health.ch\/","name":"Ani\u00admal and Human Health AG","description":"Nous som\u00admes vos interlo\u00adcu\u00adteurs lorsqu\u2019il s\u2019a\u00adgit de la san\u00adt\u00e9 pro\u00adfes\u00adsi\u00adon\u00adnel\u00adle et du bien-\u00eatre de vot\u00adre animal.","publisher":{"@id":"https:\/\/a-h-health.ch\/#organization"},"alternateName":"a-h-health","potentialAction":[{"@type":"SearchAction","target":{"@type":"EntryPoint","urlTemplate":"https:\/\/a-h-health.ch\/?s={search_term_string}"},"query-input":{"@type":"PropertyValueSpecification","valueRequired":true,"valueName":"search_term_string"}}],"inLanguage":"fr-FR"},{"@type":"Organization","@id":"https:\/\/a-h-health.ch\/#organization","name":"Ani\u00admal &amp; Human Health AG","url":"https:\/\/a-h-health.ch\/","logo":{"@type":"ImageObject","inLanguage":"fr-FR","@id":"https:\/\/a-h-health.ch\/#\/schema\/logo\/image\/","url":"https:\/\/a-h-health.ch\/wp-content\/uploads\/2020\/12\/Logo-animal-health.jpg","contentUrl":"https:\/\/a-h-health.ch\/wp-content\/uploads\/2020\/12\/Logo-animal-health.jpg","width":653,"height":56,"caption":"Animal & Human Health AG"},"image":{"@id":"https:\/\/a-h-health.ch\/#\/schema\/logo\/image\/"}}]}},"_links":{"self":[{"href":"https:\/\/a-h-health.ch\/fr\/wp-json\/wp\/v2\/product\/12821","targetHints":{"allow":["GET"]}}],"collection":[{"href":"https:\/\/a-h-health.ch\/fr\/wp-json\/wp\/v2\/product"}],"about":[{"href":"https:\/\/a-h-health.ch\/fr\/wp-json\/wp\/v2\/types\/product"}],"wp:featuredmedia":[{"embeddable":true,"href":"https:\/\/a-h-health.ch\/fr\/wp-json\/wp\/v2\/media\/12978"}],"wp:attachment":[{"href":"https:\/\/a-h-health.ch\/fr\/wp-json\/wp\/v2\/media?parent=12821"}],"wp:term":[{"taxonomy":"product_brand","embeddable":true,"href":"https:\/\/a-h-health.ch\/fr\/wp-json\/wp\/v2\/product_brand?post=12821"},{"taxonomy":"product_cat","embeddable":true,"href":"https:\/\/a-h-health.ch\/fr\/wp-json\/wp\/v2\/product_cat?post=12821"},{"taxonomy":"product_tag","embeddable":true,"href":"https:\/\/a-h-health.ch\/fr\/wp-json\/wp\/v2\/product_tag?post=12821"}],"curies":[{"name":"wp","href":"https:\/\/api.w.org\/{rel}","templated":true}]}}