{"id":12811,"date":"2022-03-18T08:41:52","date_gmt":"2022-03-18T07:41:52","guid":{"rendered":"https:\/\/a-h-health.ch\/?post_type=product&#038;p=12811"},"modified":"2023-09-05T22:05:25","modified_gmt":"2023-09-05T20:05:25","slug":"lactanase-powder-12-x-25-g","status":"publish","type":"product","link":"https:\/\/a-h-health.ch\/fr\/shop\/lactanase-powder-12-x-25-g\/","title":{"rendered":"Poud\u00adre de lac\u00adta\u00adnase 12 x 25&nbsp;g"},"content":{"rendered":"<p>Lac\u00adta\u00adnase est un com\u00adpl\u00e9\u00adment ali\u00admen\u00adtai\u00adre et con\u00adsti\u00adtue un sou\u00adti\u00aden effi\u00adcace pour tous les chevaux, en cas d\u2019ef\u00adfort phy\u00adsi\u00adque intense.<\/p>\n<p>Com\u00adpo\u00adsi\u00adti\u00adon : sac\u00adcha\u00adro\u00adse, dex\u00adtro\u00adse, fruc\u00adto\u00adse, aci\u00adde lipo\u00ef\u00adque, jus de melon concentr\u00e9(Extramel).<\/p>","protected":false},"excerpt":{"rendered":"<p>Lac\u00adta\u00adnase ist ein Erg\u00e4n\u00adzungs\u00adfut\u00adter\u00admit\u00adtel und ist eine effek\u00adti\u00adve Unter\u00adst\u00fct\u00adzung f\u00fcr alle Pfer\u00adde, bei inten\u00adsi\u00adver k\u00f6r\u00adper\u00adli\u00adcher Bela\u00adstung. Zusam\u00admen\u00adset\u00adzung : Sac\u00adcha\u00adro\u00adse, Dex\u00adtro\u00adse, Fruc\u00adto\u00adse, Lipon\u00ads\u00e4u\u00adre, Melonensaftkonzentrat(Extramel).<\/p>","protected":false},"featured_media":13313,"template":"","meta":{"wp_typography_post_enhancements_disabled":false},"product_brand":[],"product_cat":[555,34,562],"product_tag":[574],"class_list":{"0":"post-12811","1":"product","2":"type-product","3":"status-publish","4":"has-post-thumbnail","6":"product_cat-futtermittel","7":"product_cat-nahrungsergaenzung","8":"product_cat-pferd","9":"product_tag-futter-und-diverse","11":"first","12":"instock","13":"taxable","14":"shipping-taxable","15":"product-type-simple"},"yoast_head":"<!-- This site is optimized with the Yoast SEO plugin v27.4 - https:\/\/yoast.com\/product\/yoast-seo-wordpress\/ -->\n<title>Lactanase Powder 12 x 25 g - Animal &amp; Human Health AG<\/title>\n<meta name=\"robots\" content=\"index, follow, max-snippet:-1, max-image-preview:large, max-video-preview:-1\" \/>\n<link rel=\"canonical\" href=\"https:\/\/a-h-health.ch\/fr\/shop\/lactanase-powder-12-x-25-g\/\" \/>\n<meta property=\"og:locale\" content=\"fr_FR\" \/>\n<meta property=\"og:type\" content=\"article\" \/>\n<meta property=\"og:title\" content=\"Lactanase Powder 12 x 25 g - Animal &amp; Human Health AG\" \/>\n<meta property=\"og:description\" content=\"Lactanase ist ein Erg\u00e4nzungsfuttermittel und ist eine effektive Unterst\u00fctzung f\u00fcr alle Pferde, bei intensiver k\u00f6rperlicher Belastung. Zusammensetzung : Saccharose, Dextrose, Fructose, Lipons\u00e4ure, Melonensaftkonzentrat(Extramel).\" \/>\n<meta property=\"og:url\" content=\"https:\/\/a-h-health.ch\/fr\/shop\/lactanase-powder-12-x-25-g\/\" \/>\n<meta property=\"og:site_name\" content=\"Animal &amp; Human Health AG\" \/>\n<meta property=\"article:modified_time\" content=\"2023-09-05T20:05:25+00:00\" \/>\n<meta property=\"og:image\" content=\"https:\/\/a-h-health.ch\/wp-content\/uploads\/2022\/03\/Lactanase-VITA-FLEX-PRO.jpg\" \/>\n\t<meta property=\"og:image:width\" content=\"712\" \/>\n\t<meta property=\"og:image:height\" content=\"712\" \/>\n\t<meta property=\"og:image:type\" content=\"image\/jpeg\" \/>\n<meta name=\"twitter:card\" content=\"summary_large_image\" \/>\n<meta name=\"twitter:label1\" content=\"Dur\u00e9e de lecture estim\u00e9e\" \/>\n\t<meta name=\"twitter:data1\" content=\"1 minute\" \/>\n<script type=\"application\/ld+json\" class=\"yoast-schema-graph\">{\"@context\":\"https:\\\/\\\/schema.org\",\"@graph\":[{\"@type\":\"WebPage\",\"@id\":\"https:\\\/\\\/a-h-health.ch\\\/shop\\\/lactanase-powder-12-x-25-g\\\/\",\"url\":\"https:\\\/\\\/a-h-health.ch\\\/shop\\\/lactanase-powder-12-x-25-g\\\/\",\"name\":\"Lactanase Powder 12 x 25 g - Animal &amp; Human Health AG\",\"isPartOf\":{\"@id\":\"https:\\\/\\\/a-h-health.ch\\\/#website\"},\"primaryImageOfPage\":{\"@id\":\"https:\\\/\\\/a-h-health.ch\\\/shop\\\/lactanase-powder-12-x-25-g\\\/#primaryimage\"},\"image\":{\"@id\":\"https:\\\/\\\/a-h-health.ch\\\/shop\\\/lactanase-powder-12-x-25-g\\\/#primaryimage\"},\"thumbnailUrl\":\"https:\\\/\\\/a-h-health.ch\\\/wp-content\\\/uploads\\\/2022\\\/03\\\/Lactanase-VITA-FLEX-PRO.jpg\",\"datePublished\":\"2022-03-18T07:41:52+00:00\",\"dateModified\":\"2023-09-05T20:05:25+00:00\",\"breadcrumb\":{\"@id\":\"https:\\\/\\\/a-h-health.ch\\\/shop\\\/lactanase-powder-12-x-25-g\\\/#breadcrumb\"},\"inLanguage\":\"fr-FR\",\"potentialAction\":[{\"@type\":\"ReadAction\",\"target\":[\"https:\\\/\\\/a-h-health.ch\\\/shop\\\/lactanase-powder-12-x-25-g\\\/\"]}]},{\"@type\":\"ImageObject\",\"inLanguage\":\"fr-FR\",\"@id\":\"https:\\\/\\\/a-h-health.ch\\\/shop\\\/lactanase-powder-12-x-25-g\\\/#primaryimage\",\"url\":\"https:\\\/\\\/a-h-health.ch\\\/wp-content\\\/uploads\\\/2022\\\/03\\\/Lactanase-VITA-FLEX-PRO.jpg\",\"contentUrl\":\"https:\\\/\\\/a-h-health.ch\\\/wp-content\\\/uploads\\\/2022\\\/03\\\/Lactanase-VITA-FLEX-PRO.jpg\",\"width\":712,\"height\":712},{\"@type\":\"BreadcrumbList\",\"@id\":\"https:\\\/\\\/a-h-health.ch\\\/shop\\\/lactanase-powder-12-x-25-g\\\/#breadcrumb\",\"itemListElement\":[{\"@type\":\"ListItem\",\"position\":1,\"name\":\"Startseite\",\"item\":\"https:\\\/\\\/a-h-health.ch\\\/\"},{\"@type\":\"ListItem\",\"position\":2,\"name\":\"Shop\",\"item\":\"https:\\\/\\\/a-h-health.ch\\\/shop\\\/\"},{\"@type\":\"ListItem\",\"position\":3,\"name\":\"Lactanase Powder 12 x 25 g\"}]},{\"@type\":\"WebSite\",\"@id\":\"https:\\\/\\\/a-h-health.ch\\\/#website\",\"url\":\"https:\\\/\\\/a-h-health.ch\\\/\",\"name\":\"Animal and Human Health AG\",\"description\":\"Wir sind Ihre Ansprechpartner, wenn es um die professionelle Gesundheit und das Wohl ihres Tieres geht.\",\"publisher\":{\"@id\":\"https:\\\/\\\/a-h-health.ch\\\/#organization\"},\"alternateName\":\"a-h-health\",\"potentialAction\":[{\"@type\":\"SearchAction\",\"target\":{\"@type\":\"EntryPoint\",\"urlTemplate\":\"https:\\\/\\\/a-h-health.ch\\\/?s={search_term_string}\"},\"query-input\":{\"@type\":\"PropertyValueSpecification\",\"valueRequired\":true,\"valueName\":\"search_term_string\"}}],\"inLanguage\":\"fr-FR\"},{\"@type\":\"Organization\",\"@id\":\"https:\\\/\\\/a-h-health.ch\\\/#organization\",\"name\":\"Animal & Human Health AG\",\"url\":\"https:\\\/\\\/a-h-health.ch\\\/\",\"logo\":{\"@type\":\"ImageObject\",\"inLanguage\":\"fr-FR\",\"@id\":\"https:\\\/\\\/a-h-health.ch\\\/#\\\/schema\\\/logo\\\/image\\\/\",\"url\":\"https:\\\/\\\/a-h-health.ch\\\/wp-content\\\/uploads\\\/2020\\\/12\\\/Logo-animal-health.jpg\",\"contentUrl\":\"https:\\\/\\\/a-h-health.ch\\\/wp-content\\\/uploads\\\/2020\\\/12\\\/Logo-animal-health.jpg\",\"width\":653,\"height\":56,\"caption\":\"Animal & Human Health AG\"},\"image\":{\"@id\":\"https:\\\/\\\/a-h-health.ch\\\/#\\\/schema\\\/logo\\\/image\\\/\"}}]}<\/script>\n<!-- \/ Yoast SEO plugin. -->","yoast_head_json":{"title":"Lac\u00adta\u00adnase Pow\u00adder 12 x 25 g \u2013 Ani\u00admal &amp; Human Health AG","robots":{"index":"index","follow":"follow","max-snippet":"max-snippet:-1","max-image-preview":"max-image-preview:large","max-video-preview":"max-video-preview:-1"},"canonical":"https:\/\/a-h-health.ch\/fr\/shop\/lactanase-powder-12-x-25-g\/","og_locale":"fr_FR","og_type":"article","og_title":"Lactanase Powder 12 x 25 g - Animal &amp; Human Health AG","og_description":"Lactanase ist ein Erg\u00e4nzungsfuttermittel und ist eine effektive Unterst\u00fctzung f\u00fcr alle Pferde, bei intensiver k\u00f6rperlicher Belastung. Zusammensetzung : Saccharose, Dextrose, Fructose, Lipons\u00e4ure, Melonensaftkonzentrat(Extramel).","og_url":"https:\/\/a-h-health.ch\/fr\/shop\/lactanase-powder-12-x-25-g\/","og_site_name":"Animal &amp; Human Health AG","article_modified_time":"2023-09-05T20:05:25+00:00","og_image":[{"width":712,"height":712,"url":"https:\/\/a-h-health.ch\/wp-content\/uploads\/2022\/03\/Lactanase-VITA-FLEX-PRO.jpg","type":"image\/jpeg"}],"twitter_card":"summary_large_image","twitter_misc":{"Dur\u00e9e de lecture estim\u00e9e":"1 minute"},"schema":{"@context":"https:\/\/schema.org","@graph":[{"@type":"WebPage","@id":"https:\/\/a-h-health.ch\/shop\/lactanase-powder-12-x-25-g\/","url":"https:\/\/a-h-health.ch\/shop\/lactanase-powder-12-x-25-g\/","name":"Lac\u00adta\u00adnase Pow\u00adder 12 x 25 g \u2013 Ani\u00admal &amp; Human Health AG","isPartOf":{"@id":"https:\/\/a-h-health.ch\/#website"},"primaryImageOfPage":{"@id":"https:\/\/a-h-health.ch\/shop\/lactanase-powder-12-x-25-g\/#primaryimage"},"image":{"@id":"https:\/\/a-h-health.ch\/shop\/lactanase-powder-12-x-25-g\/#primaryimage"},"thumbnailUrl":"https:\/\/a-h-health.ch\/wp-content\/uploads\/2022\/03\/Lactanase-VITA-FLEX-PRO.jpg","datePublished":"2022-03-18T07:41:52+00:00","dateModified":"2023-09-05T20:05:25+00:00","breadcrumb":{"@id":"https:\/\/a-h-health.ch\/shop\/lactanase-powder-12-x-25-g\/#breadcrumb"},"inLanguage":"fr-FR","potentialAction":[{"@type":"ReadAction","target":["https:\/\/a-h-health.ch\/shop\/lactanase-powder-12-x-25-g\/"]}]},{"@type":"ImageObject","inLanguage":"fr-FR","@id":"https:\/\/a-h-health.ch\/shop\/lactanase-powder-12-x-25-g\/#primaryimage","url":"https:\/\/a-h-health.ch\/wp-content\/uploads\/2022\/03\/Lactanase-VITA-FLEX-PRO.jpg","contentUrl":"https:\/\/a-h-health.ch\/wp-content\/uploads\/2022\/03\/Lactanase-VITA-FLEX-PRO.jpg","width":712,"height":712},{"@type":"BreadcrumbList","@id":"https:\/\/a-h-health.ch\/shop\/lactanase-powder-12-x-25-g\/#breadcrumb","itemListElement":[{"@type":"ListItem","position":1,"name":"Startseite","item":"https:\/\/a-h-health.ch\/"},{"@type":"ListItem","position":2,"name":"Shop","item":"https:\/\/a-h-health.ch\/shop\/"},{"@type":"ListItem","position":3,"name":"Lactanase Powder 12 x 25 g"}]},{"@type":"WebSite","@id":"https:\/\/a-h-health.ch\/#website","url":"https:\/\/a-h-health.ch\/","name":"Ani\u00admal and Human Health AG","description":"Nous som\u00admes vos interlo\u00adcu\u00adteurs lorsqu\u2019il s\u2019a\u00adgit de la san\u00adt\u00e9 pro\u00adfes\u00adsi\u00adon\u00adnel\u00adle et du bien-\u00eatre de vot\u00adre animal.","publisher":{"@id":"https:\/\/a-h-health.ch\/#organization"},"alternateName":"a-h-health","potentialAction":[{"@type":"SearchAction","target":{"@type":"EntryPoint","urlTemplate":"https:\/\/a-h-health.ch\/?s={search_term_string}"},"query-input":{"@type":"PropertyValueSpecification","valueRequired":true,"valueName":"search_term_string"}}],"inLanguage":"fr-FR"},{"@type":"Organization","@id":"https:\/\/a-h-health.ch\/#organization","name":"Ani\u00admal &amp; Human Health AG","url":"https:\/\/a-h-health.ch\/","logo":{"@type":"ImageObject","inLanguage":"fr-FR","@id":"https:\/\/a-h-health.ch\/#\/schema\/logo\/image\/","url":"https:\/\/a-h-health.ch\/wp-content\/uploads\/2020\/12\/Logo-animal-health.jpg","contentUrl":"https:\/\/a-h-health.ch\/wp-content\/uploads\/2020\/12\/Logo-animal-health.jpg","width":653,"height":56,"caption":"Animal & Human Health AG"},"image":{"@id":"https:\/\/a-h-health.ch\/#\/schema\/logo\/image\/"}}]}},"_links":{"self":[{"href":"https:\/\/a-h-health.ch\/fr\/wp-json\/wp\/v2\/product\/12811","targetHints":{"allow":["GET"]}}],"collection":[{"href":"https:\/\/a-h-health.ch\/fr\/wp-json\/wp\/v2\/product"}],"about":[{"href":"https:\/\/a-h-health.ch\/fr\/wp-json\/wp\/v2\/types\/product"}],"wp:featuredmedia":[{"embeddable":true,"href":"https:\/\/a-h-health.ch\/fr\/wp-json\/wp\/v2\/media\/13313"}],"wp:attachment":[{"href":"https:\/\/a-h-health.ch\/fr\/wp-json\/wp\/v2\/media?parent=12811"}],"wp:term":[{"taxonomy":"product_brand","embeddable":true,"href":"https:\/\/a-h-health.ch\/fr\/wp-json\/wp\/v2\/product_brand?post=12811"},{"taxonomy":"product_cat","embeddable":true,"href":"https:\/\/a-h-health.ch\/fr\/wp-json\/wp\/v2\/product_cat?post=12811"},{"taxonomy":"product_tag","embeddable":true,"href":"https:\/\/a-h-health.ch\/fr\/wp-json\/wp\/v2\/product_tag?post=12811"}],"curies":[{"name":"wp","href":"https:\/\/api.w.org\/{rel}","templated":true}]}}