{"id":12810,"date":"2022-03-18T08:41:52","date_gmt":"2022-03-18T07:41:52","guid":{"rendered":"https:\/\/a-h-health.ch\/?post_type=product&#038;p=12810"},"modified":"2023-08-08T14:43:18","modified_gmt":"2023-08-08T12:43:18","slug":"kryo-kompakt-horse-set","status":"publish","type":"product","link":"https:\/\/a-h-health.ch\/fr\/shop\/kryo-kompakt-horse-set\/","title":{"rendered":"Kryo Kom\u00adpakt Hor\u00adse&nbsp;Set"},"content":{"rendered":"<p>Le kit Kryo Kom\u00adpakt Hor\u00adse se com\u00adpo\u00adse du cous\u00adsin r\u00e9f\u00adri\u00adg\u00e9\u00adrant Kryo Kom\u00adpakt Hor\u00adse et du ban\u00adda\u00adge \u00e9la\u00adstique Kryo Kom\u00adpakt&nbsp;Horse.<\/p>\n<p>Est un cous\u00adsin de th\u00e9\u00adra\u00adpie par le fro\u00adid \u00e0 long ter\u00adme. Dans le con\u00adg\u00e9\u00adla\u00adteur, le Kryo Kom\u00adpakt Hor\u00adse peut \u00eatre refro\u00adidi jus\u00adqu\u2019\u00e0 \u201120\u00b0C envi\u00adron. Lors de son uti\u00adli\u00adsa\u00adti\u00adon, il lib\u00e8\u00adre le fro\u00adid tr\u00e8s len\u00adte\u00adment, ce qui exclut les engel\u00adures et les dom\u00admages dus au fro\u00adid. L\u2019ef\u00adfet peut p\u00e9n\u00e9\u00adtrer jus\u00adqu\u2019aux tis\u00adsus pro\u00adfonds. Ain\u00adsi, les entor\u00adses, les con\u00adtus\u00adi\u00adons et les \u0153d\u00e8\u00admes peu\u00advent \u00eatre trai\u00adt\u00e9s effi\u00adca\u00adce\u00adment \u00e0 la racine.<\/p>\n<p>Le ban\u00adda\u00adge \u00e9la\u00adstique per\u00admet une fix\u00ada\u00adti\u00adon pr\u00e9\u00adcise et simp\u00adle du cous\u00adsin de th\u00e9\u00adra\u00adpie par le fro\u00adid Kryo Kom\u00adpakt Hor\u00adse sans le serrer.<br>\nIl y a une poche pour ins\u00e9\u00adrer le cous\u00adsin r\u00e9f\u00adri\u00adg\u00e9\u00adrant sur le bandage.<\/p>\n<p>Mati\u00e8\u00adre : 55% poly\u00adester, 32% poly\u00adami\u00adde, 13% \u00e9lasthanne<\/p>","protected":false},"excerpt":{"rendered":"<p>Das Kryo Kompakt Horse Set besteht aus dem Kryo Kompakt Horse K\u00e4ltekissen und der Kryo Kompakt Horse elastischen Bandage. Ist ein Langzeit-K\u00e4lte-Therapie-Kissen. Im Gefrierschrank l\u00e4sst sich Kryo Kompakt Horse bis auf ca. -20\u00b0C abk\u00fchlen. In der Anwendung gibt es die K\u00e4lte sehr langsam ab, wodurch Erfrierungen und K\u00e4ltesch\u00e4den ausgeschlossen sind. Die Wirkung kann bis in [&hellip;]<\/p>\n","protected":false},"featured_media":12964,"template":"","meta":{"wp_typography_post_enhancements_disabled":false},"product_brand":[],"product_cat":[559,562,556],"product_tag":[574],"class_list":{"0":"post-12810","1":"product","2":"type-product","3":"status-publish","4":"has-post-thumbnail","6":"product_cat-divers","7":"product_cat-pferd","8":"product_cat-pflegemittel","9":"product_tag-futter-und-diverse","11":"first","12":"instock","13":"taxable","14":"shipping-taxable","15":"product-type-simple"},"yoast_head":"<!-- This site is optimized with the Yoast SEO plugin v27.4 - https:\/\/yoast.com\/product\/yoast-seo-wordpress\/ -->\n<title>Kryo Kompakt Horse Set - Animal &amp; Human Health AG<\/title>\n<meta name=\"robots\" content=\"index, follow, max-snippet:-1, max-image-preview:large, max-video-preview:-1\" \/>\n<link rel=\"canonical\" href=\"https:\/\/a-h-health.ch\/fr\/shop\/kryo-kompakt-horse-set\/\" \/>\n<meta property=\"og:locale\" content=\"fr_FR\" \/>\n<meta property=\"og:type\" content=\"article\" \/>\n<meta property=\"og:title\" content=\"Kryo Kompakt Horse Set - Animal &amp; Human Health AG\" \/>\n<meta property=\"og:description\" content=\"Das Kryo Kompakt Horse Set besteht aus dem Kryo Kompakt Horse K\u00e4ltekissen und der Kryo Kompakt Horse elastischen Bandage. Ist ein Langzeit-K\u00e4lte-Therapie-Kissen. Im Gefrierschrank l\u00e4sst sich Kryo Kompakt Horse bis auf ca. -20\u00b0C abk\u00fchlen. In der Anwendung gibt es die K\u00e4lte sehr langsam ab, wodurch Erfrierungen und K\u00e4ltesch\u00e4den ausgeschlossen sind. Die Wirkung kann bis in [&hellip;]\" \/>\n<meta property=\"og:url\" content=\"https:\/\/a-h-health.ch\/fr\/shop\/kryo-kompakt-horse-set\/\" \/>\n<meta property=\"og:site_name\" content=\"Animal &amp; Human Health AG\" \/>\n<meta property=\"article:modified_time\" content=\"2023-08-08T12:43:18+00:00\" \/>\n<meta property=\"og:image\" content=\"https:\/\/a-h-health.ch\/wp-content\/uploads\/2022\/03\/Kryo-Kompakt-Horse-1.jpg\" \/>\n\t<meta property=\"og:image:width\" content=\"697\" \/>\n\t<meta property=\"og:image:height\" content=\"697\" \/>\n\t<meta property=\"og:image:type\" content=\"image\/jpeg\" \/>\n<meta name=\"twitter:card\" content=\"summary_large_image\" \/>\n<meta name=\"twitter:label1\" content=\"Dur\u00e9e de lecture estim\u00e9e\" \/>\n\t<meta name=\"twitter:data1\" content=\"1 minute\" \/>\n<script type=\"application\/ld+json\" class=\"yoast-schema-graph\">{\"@context\":\"https:\\\/\\\/schema.org\",\"@graph\":[{\"@type\":\"WebPage\",\"@id\":\"https:\\\/\\\/a-h-health.ch\\\/shop\\\/kryo-kompakt-horse-set\\\/\",\"url\":\"https:\\\/\\\/a-h-health.ch\\\/shop\\\/kryo-kompakt-horse-set\\\/\",\"name\":\"Kryo Kompakt Horse Set - Animal &amp; Human Health AG\",\"isPartOf\":{\"@id\":\"https:\\\/\\\/a-h-health.ch\\\/#website\"},\"primaryImageOfPage\":{\"@id\":\"https:\\\/\\\/a-h-health.ch\\\/shop\\\/kryo-kompakt-horse-set\\\/#primaryimage\"},\"image\":{\"@id\":\"https:\\\/\\\/a-h-health.ch\\\/shop\\\/kryo-kompakt-horse-set\\\/#primaryimage\"},\"thumbnailUrl\":\"https:\\\/\\\/a-h-health.ch\\\/wp-content\\\/uploads\\\/2022\\\/03\\\/Kryo-Kompakt-Horse-1.jpg\",\"datePublished\":\"2022-03-18T07:41:52+00:00\",\"dateModified\":\"2023-08-08T12:43:18+00:00\",\"breadcrumb\":{\"@id\":\"https:\\\/\\\/a-h-health.ch\\\/shop\\\/kryo-kompakt-horse-set\\\/#breadcrumb\"},\"inLanguage\":\"fr-FR\",\"potentialAction\":[{\"@type\":\"ReadAction\",\"target\":[\"https:\\\/\\\/a-h-health.ch\\\/shop\\\/kryo-kompakt-horse-set\\\/\"]}]},{\"@type\":\"ImageObject\",\"inLanguage\":\"fr-FR\",\"@id\":\"https:\\\/\\\/a-h-health.ch\\\/shop\\\/kryo-kompakt-horse-set\\\/#primaryimage\",\"url\":\"https:\\\/\\\/a-h-health.ch\\\/wp-content\\\/uploads\\\/2022\\\/03\\\/Kryo-Kompakt-Horse-1.jpg\",\"contentUrl\":\"https:\\\/\\\/a-h-health.ch\\\/wp-content\\\/uploads\\\/2022\\\/03\\\/Kryo-Kompakt-Horse-1.jpg\",\"width\":697,\"height\":697},{\"@type\":\"BreadcrumbList\",\"@id\":\"https:\\\/\\\/a-h-health.ch\\\/shop\\\/kryo-kompakt-horse-set\\\/#breadcrumb\",\"itemListElement\":[{\"@type\":\"ListItem\",\"position\":1,\"name\":\"Startseite\",\"item\":\"https:\\\/\\\/a-h-health.ch\\\/\"},{\"@type\":\"ListItem\",\"position\":2,\"name\":\"Shop\",\"item\":\"https:\\\/\\\/a-h-health.ch\\\/shop\\\/\"},{\"@type\":\"ListItem\",\"position\":3,\"name\":\"Kryo Kompakt Horse Set\"}]},{\"@type\":\"WebSite\",\"@id\":\"https:\\\/\\\/a-h-health.ch\\\/#website\",\"url\":\"https:\\\/\\\/a-h-health.ch\\\/\",\"name\":\"Animal and Human Health AG\",\"description\":\"Wir sind Ihre Ansprechpartner, wenn es um die professionelle Gesundheit und das Wohl ihres Tieres geht.\",\"publisher\":{\"@id\":\"https:\\\/\\\/a-h-health.ch\\\/#organization\"},\"alternateName\":\"a-h-health\",\"potentialAction\":[{\"@type\":\"SearchAction\",\"target\":{\"@type\":\"EntryPoint\",\"urlTemplate\":\"https:\\\/\\\/a-h-health.ch\\\/?s={search_term_string}\"},\"query-input\":{\"@type\":\"PropertyValueSpecification\",\"valueRequired\":true,\"valueName\":\"search_term_string\"}}],\"inLanguage\":\"fr-FR\"},{\"@type\":\"Organization\",\"@id\":\"https:\\\/\\\/a-h-health.ch\\\/#organization\",\"name\":\"Animal & Human Health AG\",\"url\":\"https:\\\/\\\/a-h-health.ch\\\/\",\"logo\":{\"@type\":\"ImageObject\",\"inLanguage\":\"fr-FR\",\"@id\":\"https:\\\/\\\/a-h-health.ch\\\/#\\\/schema\\\/logo\\\/image\\\/\",\"url\":\"https:\\\/\\\/a-h-health.ch\\\/wp-content\\\/uploads\\\/2020\\\/12\\\/Logo-animal-health.jpg\",\"contentUrl\":\"https:\\\/\\\/a-h-health.ch\\\/wp-content\\\/uploads\\\/2020\\\/12\\\/Logo-animal-health.jpg\",\"width\":653,\"height\":56,\"caption\":\"Animal & Human Health AG\"},\"image\":{\"@id\":\"https:\\\/\\\/a-h-health.ch\\\/#\\\/schema\\\/logo\\\/image\\\/\"}}]}<\/script>\n<!-- \/ Yoast SEO plugin. -->","yoast_head_json":{"title":"Kryo Kom\u00adpakt Hor\u00adse Set \u2013 Ani\u00admal &amp; Human Health AG","robots":{"index":"index","follow":"follow","max-snippet":"max-snippet:-1","max-image-preview":"max-image-preview:large","max-video-preview":"max-video-preview:-1"},"canonical":"https:\/\/a-h-health.ch\/fr\/shop\/kryo-kompakt-horse-set\/","og_locale":"fr_FR","og_type":"article","og_title":"Kryo Kompakt Horse Set - Animal &amp; Human Health AG","og_description":"Das Kryo Kompakt Horse Set besteht aus dem Kryo Kompakt Horse K\u00e4ltekissen und der Kryo Kompakt Horse elastischen Bandage. Ist ein Langzeit-K\u00e4lte-Therapie-Kissen. Im Gefrierschrank l\u00e4sst sich Kryo Kompakt Horse bis auf ca. -20\u00b0C abk\u00fchlen. In der Anwendung gibt es die K\u00e4lte sehr langsam ab, wodurch Erfrierungen und K\u00e4ltesch\u00e4den ausgeschlossen sind. Die Wirkung kann bis in [&hellip;]","og_url":"https:\/\/a-h-health.ch\/fr\/shop\/kryo-kompakt-horse-set\/","og_site_name":"Animal &amp; Human Health AG","article_modified_time":"2023-08-08T12:43:18+00:00","og_image":[{"width":697,"height":697,"url":"https:\/\/a-h-health.ch\/wp-content\/uploads\/2022\/03\/Kryo-Kompakt-Horse-1.jpg","type":"image\/jpeg"}],"twitter_card":"summary_large_image","twitter_misc":{"Dur\u00e9e de lecture estim\u00e9e":"1 minute"},"schema":{"@context":"https:\/\/schema.org","@graph":[{"@type":"WebPage","@id":"https:\/\/a-h-health.ch\/shop\/kryo-kompakt-horse-set\/","url":"https:\/\/a-h-health.ch\/shop\/kryo-kompakt-horse-set\/","name":"Kryo Kom\u00adpakt Hor\u00adse Set \u2013 Ani\u00admal &amp; Human Health AG","isPartOf":{"@id":"https:\/\/a-h-health.ch\/#website"},"primaryImageOfPage":{"@id":"https:\/\/a-h-health.ch\/shop\/kryo-kompakt-horse-set\/#primaryimage"},"image":{"@id":"https:\/\/a-h-health.ch\/shop\/kryo-kompakt-horse-set\/#primaryimage"},"thumbnailUrl":"https:\/\/a-h-health.ch\/wp-content\/uploads\/2022\/03\/Kryo-Kompakt-Horse-1.jpg","datePublished":"2022-03-18T07:41:52+00:00","dateModified":"2023-08-08T12:43:18+00:00","breadcrumb":{"@id":"https:\/\/a-h-health.ch\/shop\/kryo-kompakt-horse-set\/#breadcrumb"},"inLanguage":"fr-FR","potentialAction":[{"@type":"ReadAction","target":["https:\/\/a-h-health.ch\/shop\/kryo-kompakt-horse-set\/"]}]},{"@type":"ImageObject","inLanguage":"fr-FR","@id":"https:\/\/a-h-health.ch\/shop\/kryo-kompakt-horse-set\/#primaryimage","url":"https:\/\/a-h-health.ch\/wp-content\/uploads\/2022\/03\/Kryo-Kompakt-Horse-1.jpg","contentUrl":"https:\/\/a-h-health.ch\/wp-content\/uploads\/2022\/03\/Kryo-Kompakt-Horse-1.jpg","width":697,"height":697},{"@type":"BreadcrumbList","@id":"https:\/\/a-h-health.ch\/shop\/kryo-kompakt-horse-set\/#breadcrumb","itemListElement":[{"@type":"ListItem","position":1,"name":"Startseite","item":"https:\/\/a-h-health.ch\/"},{"@type":"ListItem","position":2,"name":"Shop","item":"https:\/\/a-h-health.ch\/shop\/"},{"@type":"ListItem","position":3,"name":"Kryo Kompakt Horse Set"}]},{"@type":"WebSite","@id":"https:\/\/a-h-health.ch\/#website","url":"https:\/\/a-h-health.ch\/","name":"Ani\u00admal and Human Health AG","description":"Nous som\u00admes vos interlo\u00adcu\u00adteurs lorsqu\u2019il s\u2019a\u00adgit de la san\u00adt\u00e9 pro\u00adfes\u00adsi\u00adon\u00adnel\u00adle et du bien-\u00eatre de vot\u00adre animal.","publisher":{"@id":"https:\/\/a-h-health.ch\/#organization"},"alternateName":"a-h-health","potentialAction":[{"@type":"SearchAction","target":{"@type":"EntryPoint","urlTemplate":"https:\/\/a-h-health.ch\/?s={search_term_string}"},"query-input":{"@type":"PropertyValueSpecification","valueRequired":true,"valueName":"search_term_string"}}],"inLanguage":"fr-FR"},{"@type":"Organization","@id":"https:\/\/a-h-health.ch\/#organization","name":"Ani\u00admal &amp; Human Health AG","url":"https:\/\/a-h-health.ch\/","logo":{"@type":"ImageObject","inLanguage":"fr-FR","@id":"https:\/\/a-h-health.ch\/#\/schema\/logo\/image\/","url":"https:\/\/a-h-health.ch\/wp-content\/uploads\/2020\/12\/Logo-animal-health.jpg","contentUrl":"https:\/\/a-h-health.ch\/wp-content\/uploads\/2020\/12\/Logo-animal-health.jpg","width":653,"height":56,"caption":"Animal & Human Health AG"},"image":{"@id":"https:\/\/a-h-health.ch\/#\/schema\/logo\/image\/"}}]}},"_links":{"self":[{"href":"https:\/\/a-h-health.ch\/fr\/wp-json\/wp\/v2\/product\/12810","targetHints":{"allow":["GET"]}}],"collection":[{"href":"https:\/\/a-h-health.ch\/fr\/wp-json\/wp\/v2\/product"}],"about":[{"href":"https:\/\/a-h-health.ch\/fr\/wp-json\/wp\/v2\/types\/product"}],"wp:featuredmedia":[{"embeddable":true,"href":"https:\/\/a-h-health.ch\/fr\/wp-json\/wp\/v2\/media\/12964"}],"wp:attachment":[{"href":"https:\/\/a-h-health.ch\/fr\/wp-json\/wp\/v2\/media?parent=12810"}],"wp:term":[{"taxonomy":"product_brand","embeddable":true,"href":"https:\/\/a-h-health.ch\/fr\/wp-json\/wp\/v2\/product_brand?post=12810"},{"taxonomy":"product_cat","embeddable":true,"href":"https:\/\/a-h-health.ch\/fr\/wp-json\/wp\/v2\/product_cat?post=12810"},{"taxonomy":"product_tag","embeddable":true,"href":"https:\/\/a-h-health.ch\/fr\/wp-json\/wp\/v2\/product_tag?post=12810"}],"curies":[{"name":"wp","href":"https:\/\/api.w.org\/{rel}","templated":true}]}}