{"id":12808,"date":"2022-03-18T08:41:52","date_gmt":"2022-03-18T07:41:52","guid":{"rendered":"https:\/\/a-h-health.ch\/?post_type=product&#038;p=12808"},"modified":"2025-01-16T15:57:52","modified_gmt":"2025-01-16T14:57:52","slug":"jodoresp-1-l","status":"publish","type":"product","link":"https:\/\/a-h-health.ch\/fr\/shop\/jodoresp-1-l\/","title":{"rendered":"Iod\u00ado\u00adresp 1&nbsp;l"},"content":{"rendered":"<p>JODORESP est un com\u00adpl\u00e9\u00adment ali\u00admen\u00adtai\u00adre liqui\u00adde qui con\u00adti\u00adent un m\u00e9lan\u00adge de plan\u00adtes et d\u2019hui\u00adles essen\u00adti\u00adel\u00adles dont les pro\u00adpri\u00e9\u00adt\u00e9s peu\u00advent con\u00adtri\u00adbuer \u00e0 am\u00e9\u00adlio\u00adrer le bien-\u00eatre des chevaux souf\u00adfrant poten\u00adti\u00adel\u00adle\u00adment de trou\u00adbles respiratoires.<\/p>\n<p>Com\u00adpo\u00adsi\u00adti\u00adon :<br>\nHui\u00adle essen\u00adti\u00adel\u00adle d\u2019Eu\u00adca\u00adlip\u00adtus glo\u00adbu\u00adlus 40.000 mg, hui\u00adle essen\u00adti\u00adel\u00adle de Nia\u00adou\u00adly (Mala\u00adleu\u00adca Viri\u00addi\u00adfo\u00adlia) 35.000 mg, hui\u00adle essen\u00adti\u00adel\u00adle de pin syl\u00advest\u00adre 25.000 mg, hui\u00adle essen\u00adti\u00adel\u00adle de men\u00adthe poi\u00adv\u00adr\u00e9e 10.000 mg, hui\u00adle essen\u00adti\u00adel\u00adle de lavan\u00adde du Mont Blanc 20.000 mg.<br>\nIode de pot\u00adas\u00adsi\u00adum 400&nbsp;mg.<\/p>","protected":false},"excerpt":{"rendered":"<p>JODORESP ist ein fl\u00fcssiges Erg\u00e4nzungsfuttermittel, das eine Mischung aus Pflanzen und \u00e4therischen \u00d6len enth\u00e4lt, deren Eigenschaften dazu beitragen k\u00f6nnen, das Wohlbefinden von Pferden mit potentiellen Atembeschwerden zu verbessern. Zusammensetzung: Eucaliptus globulus \u00e4therisches \u00d6l 40.000 mg, Niaouly (Malaleuca Viridifolia) \u00e4therisches \u00d6l 35.000 mg, Waldkiefer \u00e4therisches \u00d6l 25.000 mg, Pfefferminz \u00e4therisches \u00d6l 10.000 mg, Mont Blanc Lavander [&hellip;]<\/p>\n","protected":false},"featured_media":12967,"template":"","meta":{"wp_typography_post_enhancements_disabled":false},"product_brand":[],"product_cat":[555,34,562],"product_tag":[574],"class_list":{"0":"post-12808","1":"product","2":"type-product","3":"status-publish","4":"has-post-thumbnail","6":"product_cat-futtermittel","7":"product_cat-nahrungsergaenzung","8":"product_cat-pferd","9":"product_tag-futter-und-diverse","11":"first","12":"instock","13":"taxable","14":"shipping-taxable","15":"product-type-simple"},"yoast_head":"<!-- This site is optimized with the Yoast SEO plugin v27.4 - https:\/\/yoast.com\/product\/yoast-seo-wordpress\/ -->\n<title>Jodoresp 1 l - Animal &amp; Human Health AG<\/title>\n<meta name=\"robots\" content=\"index, follow, max-snippet:-1, max-image-preview:large, max-video-preview:-1\" \/>\n<link rel=\"canonical\" href=\"https:\/\/a-h-health.ch\/fr\/shop\/jodoresp-1-l\/\" \/>\n<meta property=\"og:locale\" content=\"fr_FR\" \/>\n<meta property=\"og:type\" content=\"article\" \/>\n<meta property=\"og:title\" content=\"Jodoresp 1 l - Animal &amp; Human Health AG\" \/>\n<meta property=\"og:description\" content=\"JODORESP ist ein fl\u00fcssiges Erg\u00e4nzungsfuttermittel, das eine Mischung aus Pflanzen und \u00e4therischen \u00d6len enth\u00e4lt, deren Eigenschaften dazu beitragen k\u00f6nnen, das Wohlbefinden von Pferden mit potentiellen Atembeschwerden zu verbessern. Zusammensetzung: Eucaliptus globulus \u00e4therisches \u00d6l 40.000 mg, Niaouly (Malaleuca Viridifolia) \u00e4therisches \u00d6l 35.000 mg, Waldkiefer \u00e4therisches \u00d6l 25.000 mg, Pfefferminz \u00e4therisches \u00d6l 10.000 mg, Mont Blanc Lavander [&hellip;]\" \/>\n<meta property=\"og:url\" content=\"https:\/\/a-h-health.ch\/fr\/shop\/jodoresp-1-l\/\" \/>\n<meta property=\"og:site_name\" content=\"Animal &amp; Human Health AG\" \/>\n<meta property=\"article:modified_time\" content=\"2025-01-16T14:57:52+00:00\" \/>\n<meta property=\"og:image\" content=\"https:\/\/a-h-health.ch\/wp-content\/uploads\/2022\/03\/Jodoresp-1.jpg\" \/>\n\t<meta property=\"og:image:width\" content=\"603\" \/>\n\t<meta property=\"og:image:height\" content=\"603\" \/>\n\t<meta property=\"og:image:type\" content=\"image\/jpeg\" \/>\n<meta name=\"twitter:card\" content=\"summary_large_image\" \/>\n<meta name=\"twitter:label1\" content=\"Dur\u00e9e de lecture estim\u00e9e\" \/>\n\t<meta name=\"twitter:data1\" content=\"1 minute\" \/>\n<script type=\"application\/ld+json\" class=\"yoast-schema-graph\">{\"@context\":\"https:\\\/\\\/schema.org\",\"@graph\":[{\"@type\":\"WebPage\",\"@id\":\"https:\\\/\\\/a-h-health.ch\\\/shop\\\/jodoresp-1-l\\\/\",\"url\":\"https:\\\/\\\/a-h-health.ch\\\/shop\\\/jodoresp-1-l\\\/\",\"name\":\"Jodoresp 1 l - Animal &amp; Human Health AG\",\"isPartOf\":{\"@id\":\"https:\\\/\\\/a-h-health.ch\\\/#website\"},\"primaryImageOfPage\":{\"@id\":\"https:\\\/\\\/a-h-health.ch\\\/shop\\\/jodoresp-1-l\\\/#primaryimage\"},\"image\":{\"@id\":\"https:\\\/\\\/a-h-health.ch\\\/shop\\\/jodoresp-1-l\\\/#primaryimage\"},\"thumbnailUrl\":\"https:\\\/\\\/a-h-health.ch\\\/wp-content\\\/uploads\\\/2022\\\/03\\\/Jodoresp-1.jpg\",\"datePublished\":\"2022-03-18T07:41:52+00:00\",\"dateModified\":\"2025-01-16T14:57:52+00:00\",\"breadcrumb\":{\"@id\":\"https:\\\/\\\/a-h-health.ch\\\/shop\\\/jodoresp-1-l\\\/#breadcrumb\"},\"inLanguage\":\"fr-FR\",\"potentialAction\":[{\"@type\":\"ReadAction\",\"target\":[\"https:\\\/\\\/a-h-health.ch\\\/shop\\\/jodoresp-1-l\\\/\"]}]},{\"@type\":\"ImageObject\",\"inLanguage\":\"fr-FR\",\"@id\":\"https:\\\/\\\/a-h-health.ch\\\/shop\\\/jodoresp-1-l\\\/#primaryimage\",\"url\":\"https:\\\/\\\/a-h-health.ch\\\/wp-content\\\/uploads\\\/2022\\\/03\\\/Jodoresp-1.jpg\",\"contentUrl\":\"https:\\\/\\\/a-h-health.ch\\\/wp-content\\\/uploads\\\/2022\\\/03\\\/Jodoresp-1.jpg\",\"width\":603,\"height\":603},{\"@type\":\"BreadcrumbList\",\"@id\":\"https:\\\/\\\/a-h-health.ch\\\/shop\\\/jodoresp-1-l\\\/#breadcrumb\",\"itemListElement\":[{\"@type\":\"ListItem\",\"position\":1,\"name\":\"Startseite\",\"item\":\"https:\\\/\\\/a-h-health.ch\\\/\"},{\"@type\":\"ListItem\",\"position\":2,\"name\":\"Shop\",\"item\":\"https:\\\/\\\/a-h-health.ch\\\/shop\\\/\"},{\"@type\":\"ListItem\",\"position\":3,\"name\":\"Jodoresp 1 l\"}]},{\"@type\":\"WebSite\",\"@id\":\"https:\\\/\\\/a-h-health.ch\\\/#website\",\"url\":\"https:\\\/\\\/a-h-health.ch\\\/\",\"name\":\"Animal and Human Health AG\",\"description\":\"Wir sind Ihre Ansprechpartner, wenn es um die professionelle Gesundheit und das Wohl ihres Tieres geht.\",\"publisher\":{\"@id\":\"https:\\\/\\\/a-h-health.ch\\\/#organization\"},\"alternateName\":\"a-h-health\",\"potentialAction\":[{\"@type\":\"SearchAction\",\"target\":{\"@type\":\"EntryPoint\",\"urlTemplate\":\"https:\\\/\\\/a-h-health.ch\\\/?s={search_term_string}\"},\"query-input\":{\"@type\":\"PropertyValueSpecification\",\"valueRequired\":true,\"valueName\":\"search_term_string\"}}],\"inLanguage\":\"fr-FR\"},{\"@type\":\"Organization\",\"@id\":\"https:\\\/\\\/a-h-health.ch\\\/#organization\",\"name\":\"Animal & Human Health AG\",\"url\":\"https:\\\/\\\/a-h-health.ch\\\/\",\"logo\":{\"@type\":\"ImageObject\",\"inLanguage\":\"fr-FR\",\"@id\":\"https:\\\/\\\/a-h-health.ch\\\/#\\\/schema\\\/logo\\\/image\\\/\",\"url\":\"https:\\\/\\\/a-h-health.ch\\\/wp-content\\\/uploads\\\/2020\\\/12\\\/Logo-animal-health.jpg\",\"contentUrl\":\"https:\\\/\\\/a-h-health.ch\\\/wp-content\\\/uploads\\\/2020\\\/12\\\/Logo-animal-health.jpg\",\"width\":653,\"height\":56,\"caption\":\"Animal & Human Health AG\"},\"image\":{\"@id\":\"https:\\\/\\\/a-h-health.ch\\\/#\\\/schema\\\/logo\\\/image\\\/\"}}]}<\/script>\n<!-- \/ Yoast SEO plugin. -->","yoast_head_json":{"title":"Jodo\u00adresp 1 l \u2013 Ani\u00admal &amp; Human Health AG","robots":{"index":"index","follow":"follow","max-snippet":"max-snippet:-1","max-image-preview":"max-image-preview:large","max-video-preview":"max-video-preview:-1"},"canonical":"https:\/\/a-h-health.ch\/fr\/shop\/jodoresp-1-l\/","og_locale":"fr_FR","og_type":"article","og_title":"Jodoresp 1 l - Animal &amp; Human Health AG","og_description":"JODORESP ist ein fl\u00fcssiges Erg\u00e4nzungsfuttermittel, das eine Mischung aus Pflanzen und \u00e4therischen \u00d6len enth\u00e4lt, deren Eigenschaften dazu beitragen k\u00f6nnen, das Wohlbefinden von Pferden mit potentiellen Atembeschwerden zu verbessern. Zusammensetzung: Eucaliptus globulus \u00e4therisches \u00d6l 40.000 mg, Niaouly (Malaleuca Viridifolia) \u00e4therisches \u00d6l 35.000 mg, Waldkiefer \u00e4therisches \u00d6l 25.000 mg, Pfefferminz \u00e4therisches \u00d6l 10.000 mg, Mont Blanc Lavander [&hellip;]","og_url":"https:\/\/a-h-health.ch\/fr\/shop\/jodoresp-1-l\/","og_site_name":"Animal &amp; Human Health AG","article_modified_time":"2025-01-16T14:57:52+00:00","og_image":[{"width":603,"height":603,"url":"https:\/\/a-h-health.ch\/wp-content\/uploads\/2022\/03\/Jodoresp-1.jpg","type":"image\/jpeg"}],"twitter_card":"summary_large_image","twitter_misc":{"Dur\u00e9e de lecture estim\u00e9e":"1 minute"},"schema":{"@context":"https:\/\/schema.org","@graph":[{"@type":"WebPage","@id":"https:\/\/a-h-health.ch\/shop\/jodoresp-1-l\/","url":"https:\/\/a-h-health.ch\/shop\/jodoresp-1-l\/","name":"Jodo\u00adresp 1 l \u2013 Ani\u00admal &amp; Human Health AG","isPartOf":{"@id":"https:\/\/a-h-health.ch\/#website"},"primaryImageOfPage":{"@id":"https:\/\/a-h-health.ch\/shop\/jodoresp-1-l\/#primaryimage"},"image":{"@id":"https:\/\/a-h-health.ch\/shop\/jodoresp-1-l\/#primaryimage"},"thumbnailUrl":"https:\/\/a-h-health.ch\/wp-content\/uploads\/2022\/03\/Jodoresp-1.jpg","datePublished":"2022-03-18T07:41:52+00:00","dateModified":"2025-01-16T14:57:52+00:00","breadcrumb":{"@id":"https:\/\/a-h-health.ch\/shop\/jodoresp-1-l\/#breadcrumb"},"inLanguage":"fr-FR","potentialAction":[{"@type":"ReadAction","target":["https:\/\/a-h-health.ch\/shop\/jodoresp-1-l\/"]}]},{"@type":"ImageObject","inLanguage":"fr-FR","@id":"https:\/\/a-h-health.ch\/shop\/jodoresp-1-l\/#primaryimage","url":"https:\/\/a-h-health.ch\/wp-content\/uploads\/2022\/03\/Jodoresp-1.jpg","contentUrl":"https:\/\/a-h-health.ch\/wp-content\/uploads\/2022\/03\/Jodoresp-1.jpg","width":603,"height":603},{"@type":"BreadcrumbList","@id":"https:\/\/a-h-health.ch\/shop\/jodoresp-1-l\/#breadcrumb","itemListElement":[{"@type":"ListItem","position":1,"name":"Startseite","item":"https:\/\/a-h-health.ch\/"},{"@type":"ListItem","position":2,"name":"Shop","item":"https:\/\/a-h-health.ch\/shop\/"},{"@type":"ListItem","position":3,"name":"Jodoresp 1 l"}]},{"@type":"WebSite","@id":"https:\/\/a-h-health.ch\/#website","url":"https:\/\/a-h-health.ch\/","name":"Ani\u00admal and Human Health AG","description":"Nous som\u00admes vos interlo\u00adcu\u00adteurs lorsqu\u2019il s\u2019a\u00adgit de la san\u00adt\u00e9 pro\u00adfes\u00adsi\u00adon\u00adnel\u00adle et du bien-\u00eatre de vot\u00adre animal.","publisher":{"@id":"https:\/\/a-h-health.ch\/#organization"},"alternateName":"a-h-health","potentialAction":[{"@type":"SearchAction","target":{"@type":"EntryPoint","urlTemplate":"https:\/\/a-h-health.ch\/?s={search_term_string}"},"query-input":{"@type":"PropertyValueSpecification","valueRequired":true,"valueName":"search_term_string"}}],"inLanguage":"fr-FR"},{"@type":"Organization","@id":"https:\/\/a-h-health.ch\/#organization","name":"Ani\u00admal &amp; Human Health AG","url":"https:\/\/a-h-health.ch\/","logo":{"@type":"ImageObject","inLanguage":"fr-FR","@id":"https:\/\/a-h-health.ch\/#\/schema\/logo\/image\/","url":"https:\/\/a-h-health.ch\/wp-content\/uploads\/2020\/12\/Logo-animal-health.jpg","contentUrl":"https:\/\/a-h-health.ch\/wp-content\/uploads\/2020\/12\/Logo-animal-health.jpg","width":653,"height":56,"caption":"Animal & Human Health AG"},"image":{"@id":"https:\/\/a-h-health.ch\/#\/schema\/logo\/image\/"}}]}},"_links":{"self":[{"href":"https:\/\/a-h-health.ch\/fr\/wp-json\/wp\/v2\/product\/12808","targetHints":{"allow":["GET"]}}],"collection":[{"href":"https:\/\/a-h-health.ch\/fr\/wp-json\/wp\/v2\/product"}],"about":[{"href":"https:\/\/a-h-health.ch\/fr\/wp-json\/wp\/v2\/types\/product"}],"wp:featuredmedia":[{"embeddable":true,"href":"https:\/\/a-h-health.ch\/fr\/wp-json\/wp\/v2\/media\/12967"}],"wp:attachment":[{"href":"https:\/\/a-h-health.ch\/fr\/wp-json\/wp\/v2\/media?parent=12808"}],"wp:term":[{"taxonomy":"product_brand","embeddable":true,"href":"https:\/\/a-h-health.ch\/fr\/wp-json\/wp\/v2\/product_brand?post=12808"},{"taxonomy":"product_cat","embeddable":true,"href":"https:\/\/a-h-health.ch\/fr\/wp-json\/wp\/v2\/product_cat?post=12808"},{"taxonomy":"product_tag","embeddable":true,"href":"https:\/\/a-h-health.ch\/fr\/wp-json\/wp\/v2\/product_tag?post=12808"}],"curies":[{"name":"wp","href":"https:\/\/api.w.org\/{rel}","templated":true}]}}