{"id":12759,"date":"2022-03-18T08:41:44","date_gmt":"2022-03-18T07:41:44","guid":{"rendered":"https:\/\/a-h-health.ch\/?post_type=product&#038;p=12759"},"modified":"2023-09-22T12:58:02","modified_gmt":"2023-09-22T10:58:02","slug":"bute-less-950-ml","status":"publish","type":"product","link":"https:\/\/a-h-health.ch\/fr\/shop\/bute-less-950-ml\/","title":{"rendered":"Bute-Less 950&nbsp;ml"},"content":{"rendered":"<p>Bute-Less\u00ae est un com\u00adpl\u00e9\u00adment ali\u00admen\u00adtai\u00adre pour chevaux qui peut aider \u00e0 trai\u00adter tou\u00adtes les inflamma\u00adti\u00adons de l\u2019ap\u00adpa\u00adreil locomoteur.<br>\nCon\u00adti\u00adent de la grif\u00adfe du dia\u00adble, du yuc\u00adca et de la vit\u00adami\u00adne B12. Un fla\u00adcon suf\u00adfit pour un trai\u00adte\u00adment de 32 jours. Ne pas uti\u00adli\u00adser avec d\u2019aut\u00adres anti-inflamma\u00adtoires. Pour le sou\u00adti\u00aden en cas d\u2019ar\u00adthro\u00adse, de spa\u00adtu\u00adles. Doux pour l\u2019estomac.<\/p>\n<p>Com\u00adpo\u00adsi\u00adti\u00adon : Grif\u00adfe du dia\u00adble 954mg, Yuc\u00adca 880mg, Vit\u00adami\u00adne B12 20mcg(par oz.)<\/p>","protected":false},"excerpt":{"rendered":"<p>Bute-Less\u00ae ist ein Erg\u00e4n\u00adzungs\u00adfut\u00adter\u00admit\u00adtel f\u00fcr Pfer\u00adde und kann bei allen Ent\u00adz\u00fcn\u00addun\u00adgen des Bewe\u00adgungs\u00adap\u00adpa\u00adra\u00adtes hel\u00adfen. Ent\u00adh\u00e4lt Teu\u00adfels\u00adkral\u00adle, Yuc\u00adca und Vit\u00adamin B12. Eine Fla\u00adsche reicht f\u00fcr eine Behand\u00adlung von 32 Tagen. Nicht mit ande\u00adren Ent\u00adz\u00fcn\u00addungs\u00adhem\u00admer anwen\u00adden. Zur Unter\u00adst\u00fct\u00adzung bei Arthro\u00adse, Spat. Sanft zum Magen. Zusam\u00admen\u00adset\u00adzung : Teu\u00adfels\u00adkral\u00adle 954mg, Yuc\u00adca 880mg, Vit\u00adamin B12 20mcg(pro oz.)<\/p>","protected":false},"featured_media":12976,"template":"","meta":{"wp_typography_post_enhancements_disabled":false},"product_brand":[],"product_cat":[555,34,562],"product_tag":[574],"class_list":{"0":"post-12759","1":"product","2":"type-product","3":"status-publish","4":"has-post-thumbnail","6":"product_cat-futtermittel","7":"product_cat-nahrungsergaenzung","8":"product_cat-pferd","9":"product_tag-futter-und-diverse","11":"first","12":"instock","13":"taxable","14":"shipping-taxable","15":"product-type-simple"},"yoast_head":"<!-- This site is optimized with the Yoast SEO plugin v27.4 - https:\/\/yoast.com\/product\/yoast-seo-wordpress\/ -->\n<title>Bute-Less 950 ml - Animal &amp; Human Health AG<\/title>\n<meta name=\"robots\" content=\"index, follow, max-snippet:-1, max-image-preview:large, max-video-preview:-1\" \/>\n<link rel=\"canonical\" href=\"https:\/\/a-h-health.ch\/fr\/shop\/bute-less-950-ml\/\" \/>\n<meta property=\"og:locale\" content=\"fr_FR\" \/>\n<meta property=\"og:type\" content=\"article\" \/>\n<meta property=\"og:title\" content=\"Bute-Less 950 ml - Animal &amp; Human Health AG\" \/>\n<meta property=\"og:description\" content=\"Bute-Less\u00ae ist ein Erg\u00e4nzungsfuttermittel f\u00fcr Pferde und kann bei allen Entz\u00fcndungen des Bewegungsapparates helfen. Enth\u00e4lt Teufelskralle, Yucca und Vitamin B12. Eine Flasche reicht f\u00fcr eine Behandlung von 32 Tagen. Nicht mit anderen Entz\u00fcndungshemmer anwenden. Zur Unterst\u00fctzung bei Arthrose, Spat. Sanft zum Magen. Zusammensetzung : Teufelskralle 954mg, Yucca 880mg, Vitamin B12 20mcg(pro oz.)\" \/>\n<meta property=\"og:url\" content=\"https:\/\/a-h-health.ch\/fr\/shop\/bute-less-950-ml\/\" \/>\n<meta property=\"og:site_name\" content=\"Animal &amp; Human Health AG\" \/>\n<meta property=\"article:modified_time\" content=\"2023-09-22T10:58:02+00:00\" \/>\n<meta property=\"og:image\" content=\"https:\/\/a-h-health.ch\/wp-content\/uploads\/2022\/03\/Bute-less-quadr..jpg\" \/>\n\t<meta property=\"og:image:width\" content=\"510\" \/>\n\t<meta property=\"og:image:height\" content=\"509\" \/>\n\t<meta property=\"og:image:type\" content=\"image\/jpeg\" \/>\n<meta name=\"twitter:card\" content=\"summary_large_image\" \/>\n<meta name=\"twitter:label1\" content=\"Dur\u00e9e de lecture estim\u00e9e\" \/>\n\t<meta name=\"twitter:data1\" content=\"1 minute\" \/>\n<script type=\"application\/ld+json\" class=\"yoast-schema-graph\">{\"@context\":\"https:\\\/\\\/schema.org\",\"@graph\":[{\"@type\":\"WebPage\",\"@id\":\"https:\\\/\\\/a-h-health.ch\\\/shop\\\/bute-less-950-ml\\\/\",\"url\":\"https:\\\/\\\/a-h-health.ch\\\/shop\\\/bute-less-950-ml\\\/\",\"name\":\"Bute-Less 950 ml - Animal &amp; Human Health AG\",\"isPartOf\":{\"@id\":\"https:\\\/\\\/a-h-health.ch\\\/#website\"},\"primaryImageOfPage\":{\"@id\":\"https:\\\/\\\/a-h-health.ch\\\/shop\\\/bute-less-950-ml\\\/#primaryimage\"},\"image\":{\"@id\":\"https:\\\/\\\/a-h-health.ch\\\/shop\\\/bute-less-950-ml\\\/#primaryimage\"},\"thumbnailUrl\":\"https:\\\/\\\/a-h-health.ch\\\/wp-content\\\/uploads\\\/2022\\\/03\\\/Bute-less-quadr..jpg\",\"datePublished\":\"2022-03-18T07:41:44+00:00\",\"dateModified\":\"2023-09-22T10:58:02+00:00\",\"breadcrumb\":{\"@id\":\"https:\\\/\\\/a-h-health.ch\\\/shop\\\/bute-less-950-ml\\\/#breadcrumb\"},\"inLanguage\":\"fr-FR\",\"potentialAction\":[{\"@type\":\"ReadAction\",\"target\":[\"https:\\\/\\\/a-h-health.ch\\\/shop\\\/bute-less-950-ml\\\/\"]}]},{\"@type\":\"ImageObject\",\"inLanguage\":\"fr-FR\",\"@id\":\"https:\\\/\\\/a-h-health.ch\\\/shop\\\/bute-less-950-ml\\\/#primaryimage\",\"url\":\"https:\\\/\\\/a-h-health.ch\\\/wp-content\\\/uploads\\\/2022\\\/03\\\/Bute-less-quadr..jpg\",\"contentUrl\":\"https:\\\/\\\/a-h-health.ch\\\/wp-content\\\/uploads\\\/2022\\\/03\\\/Bute-less-quadr..jpg\",\"width\":510,\"height\":509},{\"@type\":\"BreadcrumbList\",\"@id\":\"https:\\\/\\\/a-h-health.ch\\\/shop\\\/bute-less-950-ml\\\/#breadcrumb\",\"itemListElement\":[{\"@type\":\"ListItem\",\"position\":1,\"name\":\"Startseite\",\"item\":\"https:\\\/\\\/a-h-health.ch\\\/\"},{\"@type\":\"ListItem\",\"position\":2,\"name\":\"Shop\",\"item\":\"https:\\\/\\\/a-h-health.ch\\\/shop\\\/\"},{\"@type\":\"ListItem\",\"position\":3,\"name\":\"Bute-Less 950 ml\"}]},{\"@type\":\"WebSite\",\"@id\":\"https:\\\/\\\/a-h-health.ch\\\/#website\",\"url\":\"https:\\\/\\\/a-h-health.ch\\\/\",\"name\":\"Animal and Human Health AG\",\"description\":\"Wir sind Ihre Ansprechpartner, wenn es um die professionelle Gesundheit und das Wohl ihres Tieres geht.\",\"publisher\":{\"@id\":\"https:\\\/\\\/a-h-health.ch\\\/#organization\"},\"alternateName\":\"a-h-health\",\"potentialAction\":[{\"@type\":\"SearchAction\",\"target\":{\"@type\":\"EntryPoint\",\"urlTemplate\":\"https:\\\/\\\/a-h-health.ch\\\/?s={search_term_string}\"},\"query-input\":{\"@type\":\"PropertyValueSpecification\",\"valueRequired\":true,\"valueName\":\"search_term_string\"}}],\"inLanguage\":\"fr-FR\"},{\"@type\":\"Organization\",\"@id\":\"https:\\\/\\\/a-h-health.ch\\\/#organization\",\"name\":\"Animal & Human Health AG\",\"url\":\"https:\\\/\\\/a-h-health.ch\\\/\",\"logo\":{\"@type\":\"ImageObject\",\"inLanguage\":\"fr-FR\",\"@id\":\"https:\\\/\\\/a-h-health.ch\\\/#\\\/schema\\\/logo\\\/image\\\/\",\"url\":\"https:\\\/\\\/a-h-health.ch\\\/wp-content\\\/uploads\\\/2020\\\/12\\\/Logo-animal-health.jpg\",\"contentUrl\":\"https:\\\/\\\/a-h-health.ch\\\/wp-content\\\/uploads\\\/2020\\\/12\\\/Logo-animal-health.jpg\",\"width\":653,\"height\":56,\"caption\":\"Animal & Human Health AG\"},\"image\":{\"@id\":\"https:\\\/\\\/a-h-health.ch\\\/#\\\/schema\\\/logo\\\/image\\\/\"}}]}<\/script>\n<!-- \/ Yoast SEO plugin. -->","yoast_head_json":{"title":"Bute-Less 950 ml \u2013 Ani\u00admal &amp; Human Health AG","robots":{"index":"index","follow":"follow","max-snippet":"max-snippet:-1","max-image-preview":"max-image-preview:large","max-video-preview":"max-video-preview:-1"},"canonical":"https:\/\/a-h-health.ch\/fr\/shop\/bute-less-950-ml\/","og_locale":"fr_FR","og_type":"article","og_title":"Bute-Less 950 ml - Animal &amp; Human Health AG","og_description":"Bute-Less\u00ae ist ein Erg\u00e4nzungsfuttermittel f\u00fcr Pferde und kann bei allen Entz\u00fcndungen des Bewegungsapparates helfen. Enth\u00e4lt Teufelskralle, Yucca und Vitamin B12. Eine Flasche reicht f\u00fcr eine Behandlung von 32 Tagen. Nicht mit anderen Entz\u00fcndungshemmer anwenden. Zur Unterst\u00fctzung bei Arthrose, Spat. Sanft zum Magen. Zusammensetzung : Teufelskralle 954mg, Yucca 880mg, Vitamin B12 20mcg(pro oz.)","og_url":"https:\/\/a-h-health.ch\/fr\/shop\/bute-less-950-ml\/","og_site_name":"Animal &amp; Human Health AG","article_modified_time":"2023-09-22T10:58:02+00:00","og_image":[{"width":510,"height":509,"url":"https:\/\/a-h-health.ch\/wp-content\/uploads\/2022\/03\/Bute-less-quadr..jpg","type":"image\/jpeg"}],"twitter_card":"summary_large_image","twitter_misc":{"Dur\u00e9e de lecture estim\u00e9e":"1 minute"},"schema":{"@context":"https:\/\/schema.org","@graph":[{"@type":"WebPage","@id":"https:\/\/a-h-health.ch\/shop\/bute-less-950-ml\/","url":"https:\/\/a-h-health.ch\/shop\/bute-less-950-ml\/","name":"Bute-Less 950 ml \u2013 Ani\u00admal &amp; Human Health AG","isPartOf":{"@id":"https:\/\/a-h-health.ch\/#website"},"primaryImageOfPage":{"@id":"https:\/\/a-h-health.ch\/shop\/bute-less-950-ml\/#primaryimage"},"image":{"@id":"https:\/\/a-h-health.ch\/shop\/bute-less-950-ml\/#primaryimage"},"thumbnailUrl":"https:\/\/a-h-health.ch\/wp-content\/uploads\/2022\/03\/Bute-less-quadr..jpg","datePublished":"2022-03-18T07:41:44+00:00","dateModified":"2023-09-22T10:58:02+00:00","breadcrumb":{"@id":"https:\/\/a-h-health.ch\/shop\/bute-less-950-ml\/#breadcrumb"},"inLanguage":"fr-FR","potentialAction":[{"@type":"ReadAction","target":["https:\/\/a-h-health.ch\/shop\/bute-less-950-ml\/"]}]},{"@type":"ImageObject","inLanguage":"fr-FR","@id":"https:\/\/a-h-health.ch\/shop\/bute-less-950-ml\/#primaryimage","url":"https:\/\/a-h-health.ch\/wp-content\/uploads\/2022\/03\/Bute-less-quadr..jpg","contentUrl":"https:\/\/a-h-health.ch\/wp-content\/uploads\/2022\/03\/Bute-less-quadr..jpg","width":510,"height":509},{"@type":"BreadcrumbList","@id":"https:\/\/a-h-health.ch\/shop\/bute-less-950-ml\/#breadcrumb","itemListElement":[{"@type":"ListItem","position":1,"name":"Startseite","item":"https:\/\/a-h-health.ch\/"},{"@type":"ListItem","position":2,"name":"Shop","item":"https:\/\/a-h-health.ch\/shop\/"},{"@type":"ListItem","position":3,"name":"Bute-Less 950 ml"}]},{"@type":"WebSite","@id":"https:\/\/a-h-health.ch\/#website","url":"https:\/\/a-h-health.ch\/","name":"Ani\u00admal and Human Health AG","description":"Nous som\u00admes vos interlo\u00adcu\u00adteurs lorsqu\u2019il s\u2019a\u00adgit de la san\u00adt\u00e9 pro\u00adfes\u00adsi\u00adon\u00adnel\u00adle et du bien-\u00eatre de vot\u00adre animal.","publisher":{"@id":"https:\/\/a-h-health.ch\/#organization"},"alternateName":"a-h-health","potentialAction":[{"@type":"SearchAction","target":{"@type":"EntryPoint","urlTemplate":"https:\/\/a-h-health.ch\/?s={search_term_string}"},"query-input":{"@type":"PropertyValueSpecification","valueRequired":true,"valueName":"search_term_string"}}],"inLanguage":"fr-FR"},{"@type":"Organization","@id":"https:\/\/a-h-health.ch\/#organization","name":"Ani\u00admal &amp; Human Health AG","url":"https:\/\/a-h-health.ch\/","logo":{"@type":"ImageObject","inLanguage":"fr-FR","@id":"https:\/\/a-h-health.ch\/#\/schema\/logo\/image\/","url":"https:\/\/a-h-health.ch\/wp-content\/uploads\/2020\/12\/Logo-animal-health.jpg","contentUrl":"https:\/\/a-h-health.ch\/wp-content\/uploads\/2020\/12\/Logo-animal-health.jpg","width":653,"height":56,"caption":"Animal & Human Health AG"},"image":{"@id":"https:\/\/a-h-health.ch\/#\/schema\/logo\/image\/"}}]}},"_links":{"self":[{"href":"https:\/\/a-h-health.ch\/fr\/wp-json\/wp\/v2\/product\/12759","targetHints":{"allow":["GET"]}}],"collection":[{"href":"https:\/\/a-h-health.ch\/fr\/wp-json\/wp\/v2\/product"}],"about":[{"href":"https:\/\/a-h-health.ch\/fr\/wp-json\/wp\/v2\/types\/product"}],"wp:featuredmedia":[{"embeddable":true,"href":"https:\/\/a-h-health.ch\/fr\/wp-json\/wp\/v2\/media\/12976"}],"wp:attachment":[{"href":"https:\/\/a-h-health.ch\/fr\/wp-json\/wp\/v2\/media?parent=12759"}],"wp:term":[{"taxonomy":"product_brand","embeddable":true,"href":"https:\/\/a-h-health.ch\/fr\/wp-json\/wp\/v2\/product_brand?post=12759"},{"taxonomy":"product_cat","embeddable":true,"href":"https:\/\/a-h-health.ch\/fr\/wp-json\/wp\/v2\/product_cat?post=12759"},{"taxonomy":"product_tag","embeddable":true,"href":"https:\/\/a-h-health.ch\/fr\/wp-json\/wp\/v2\/product_tag?post=12759"}],"curies":[{"name":"wp","href":"https:\/\/api.w.org\/{rel}","templated":true}]}}