{"id":12746,"date":"2022-03-18T08:41:43","date_gmt":"2022-03-18T07:41:43","guid":{"rendered":"https:\/\/a-h-health.ch\/?post_type=product&#038;p=12746"},"modified":"2025-02-13T12:14:09","modified_gmt":"2025-02-13T11:14:09","slug":"aminoplus-paste-syringe-50-g","status":"publish","type":"product","link":"https:\/\/a-h-health.ch\/fr\/shop\/aminoplus-paste-syringe-50-g\/","title":{"rendered":"AMINOPLUS P\u00e2te Syrin\u00adge, 50&nbsp;g"},"content":{"rendered":"<p>Boo\u00adste le m\u00e9ta\u00adbo\u00adlis\u00adme ! Les aci\u00addes ami\u00adn\u00e9s boo\u00adstent tous les pro\u00adces\u00adsus m\u00e9ta\u00adbo\u00adli\u00adques du corps. Ils for\u00adment de nou\u00adveaux tis\u00adsus pour les mus\u00adcles, les orga\u00adnes, les che\u00adveux et la peau. Les aci\u00addes ami\u00adn\u00e9s jouent \u00e9ga\u00adle\u00adment un r\u00f4le important dans la for\u00adma\u00adti\u00adon des os et le syst\u00e8me immu\u00adni\u00adtaire. La p\u00e2te Ami\u00adno\u00adplus est un com\u00adpl\u00e9\u00adment ali\u00admen\u00adtai\u00adre pour chevaux.<\/p>\n<p>Recom\u00adman\u00adda\u00adti\u00adon ali\u00admen\u00adtai\u00adre pour le che\u00adval (500kg) : 50g par&nbsp;jour.<\/p>\n<p><i><span style=\"font-size: 8.0pt; font-family: 'Arial',sans-serif;\">Ing\u00adr\u00e9\u00addi\u00adents :<br>\nL\u2011isoleucine 74 g \u2013 L\u2011leucine 88 g \u2013 L\u2011histidine 78 g \u2013 L\u2011valine 5&nbsp;g&nbsp;<\/span><\/i><\/p>\n<p><i><span style=\"font-size: 8.0pt; font-family: 'Arial',sans-serif;\">Don\u00adn\u00e9es ana\u00adly\u00adti\u00adques : humi\u00addi\u00adt\u00e9 40,0 %, pro\u00adt\u00e9\u00adi\u00adnes brutes 44,0 %, grais\u00adses brutes 0,6 %, fibres brutes 2,0 %, cend\u00adres brutes 1,0 %, sodi\u00adum 0,15 %<\/span><\/i><\/p>\n<p>&nbsp;<\/p>","protected":false},"excerpt":{"rendered":"<p>Boostet den Stoffwechsel! Aminos\u00e4uren boosten s\u00e4mtliche Stoffwechsel-Vorg\u00e4nge im K\u00f6rper. Sie bilden neues Gewebe f\u00fcr Muskeln, Organe, Haare und Haut. Auch beim Knochenaufbau und f\u00fcrs Immunsystem spielen Aminos eine grosse Rolle. Aminoplus Paste ist ein Erg\u00e4nzungsfuttermittel f\u00fcr Pferde. F\u00fctterungsempfehlung Pferd (500kg): 50g pro Tag. Inhaltsstoffe: L-Isoleucin 74 g \u2022 L-Leucin 88 g \u2022 L-Histidin 78 g [&hellip;]<\/p>\n","protected":false},"featured_media":16566,"template":"","meta":{"wp_typography_post_enhancements_disabled":false},"product_brand":[],"product_cat":[615,555,34,562],"product_tag":[574],"class_list":{"0":"post-12746","1":"product","2":"type-product","3":"status-publish","4":"has-post-thumbnail","6":"product_cat-equality-marke","7":"product_cat-futtermittel","8":"product_cat-nahrungsergaenzung","9":"product_cat-pferd","10":"product_tag-futter-und-diverse","12":"first","13":"instock","14":"taxable","15":"shipping-taxable","16":"product-type-simple"},"yoast_head":"<!-- This site is optimized with the Yoast SEO plugin v27.4 - https:\/\/yoast.com\/product\/yoast-seo-wordpress\/ -->\n<title>AMINOPLUS Paste Syringe, 50 g - Animal &amp; Human Health AG<\/title>\n<meta name=\"robots\" content=\"index, follow, max-snippet:-1, max-image-preview:large, max-video-preview:-1\" \/>\n<link rel=\"canonical\" href=\"https:\/\/a-h-health.ch\/fr\/shop\/aminoplus-paste-syringe-50-g\/\" \/>\n<meta property=\"og:locale\" content=\"fr_FR\" \/>\n<meta property=\"og:type\" content=\"article\" \/>\n<meta property=\"og:title\" content=\"AMINOPLUS Paste Syringe, 50 g - Animal &amp; Human Health AG\" \/>\n<meta property=\"og:description\" content=\"Boostet den Stoffwechsel! Aminos\u00e4uren boosten s\u00e4mtliche Stoffwechsel-Vorg\u00e4nge im K\u00f6rper. Sie bilden neues Gewebe f\u00fcr Muskeln, Organe, Haare und Haut. Auch beim Knochenaufbau und f\u00fcrs Immunsystem spielen Aminos eine grosse Rolle. Aminoplus Paste ist ein Erg\u00e4nzungsfuttermittel f\u00fcr Pferde. F\u00fctterungsempfehlung Pferd (500kg): 50g pro Tag. Inhaltsstoffe: L-Isoleucin 74 g \u2022 L-Leucin 88 g \u2022 L-Histidin 78 g [&hellip;]\" \/>\n<meta property=\"og:url\" content=\"https:\/\/a-h-health.ch\/fr\/shop\/aminoplus-paste-syringe-50-g\/\" \/>\n<meta property=\"og:site_name\" content=\"Animal &amp; Human Health AG\" \/>\n<meta property=\"article:modified_time\" content=\"2025-02-13T11:14:09+00:00\" \/>\n<meta property=\"og:image\" content=\"https:\/\/a-h-health.ch\/wp-content\/uploads\/2022\/03\/AminoPlus.jpg\" \/>\n\t<meta property=\"og:image:width\" content=\"378\" \/>\n\t<meta property=\"og:image:height\" content=\"211\" \/>\n\t<meta property=\"og:image:type\" content=\"image\/jpeg\" \/>\n<meta name=\"twitter:card\" content=\"summary_large_image\" \/>\n<meta name=\"twitter:label1\" content=\"Dur\u00e9e de lecture estim\u00e9e\" \/>\n\t<meta name=\"twitter:data1\" content=\"1 minute\" \/>\n<script type=\"application\/ld+json\" class=\"yoast-schema-graph\">{\"@context\":\"https:\\\/\\\/schema.org\",\"@graph\":[{\"@type\":\"WebPage\",\"@id\":\"https:\\\/\\\/a-h-health.ch\\\/shop\\\/aminoplus-paste-syringe-50-g\\\/\",\"url\":\"https:\\\/\\\/a-h-health.ch\\\/shop\\\/aminoplus-paste-syringe-50-g\\\/\",\"name\":\"AMINOPLUS Paste Syringe, 50 g - Animal &amp; Human Health AG\",\"isPartOf\":{\"@id\":\"https:\\\/\\\/a-h-health.ch\\\/#website\"},\"primaryImageOfPage\":{\"@id\":\"https:\\\/\\\/a-h-health.ch\\\/shop\\\/aminoplus-paste-syringe-50-g\\\/#primaryimage\"},\"image\":{\"@id\":\"https:\\\/\\\/a-h-health.ch\\\/shop\\\/aminoplus-paste-syringe-50-g\\\/#primaryimage\"},\"thumbnailUrl\":\"https:\\\/\\\/a-h-health.ch\\\/wp-content\\\/uploads\\\/2022\\\/03\\\/AminoPlus.jpg\",\"datePublished\":\"2022-03-18T07:41:43+00:00\",\"dateModified\":\"2025-02-13T11:14:09+00:00\",\"breadcrumb\":{\"@id\":\"https:\\\/\\\/a-h-health.ch\\\/shop\\\/aminoplus-paste-syringe-50-g\\\/#breadcrumb\"},\"inLanguage\":\"fr-FR\",\"potentialAction\":[{\"@type\":\"ReadAction\",\"target\":[\"https:\\\/\\\/a-h-health.ch\\\/shop\\\/aminoplus-paste-syringe-50-g\\\/\"]}]},{\"@type\":\"ImageObject\",\"inLanguage\":\"fr-FR\",\"@id\":\"https:\\\/\\\/a-h-health.ch\\\/shop\\\/aminoplus-paste-syringe-50-g\\\/#primaryimage\",\"url\":\"https:\\\/\\\/a-h-health.ch\\\/wp-content\\\/uploads\\\/2022\\\/03\\\/AminoPlus.jpg\",\"contentUrl\":\"https:\\\/\\\/a-h-health.ch\\\/wp-content\\\/uploads\\\/2022\\\/03\\\/AminoPlus.jpg\",\"width\":378,\"height\":211},{\"@type\":\"BreadcrumbList\",\"@id\":\"https:\\\/\\\/a-h-health.ch\\\/shop\\\/aminoplus-paste-syringe-50-g\\\/#breadcrumb\",\"itemListElement\":[{\"@type\":\"ListItem\",\"position\":1,\"name\":\"Startseite\",\"item\":\"https:\\\/\\\/a-h-health.ch\\\/\"},{\"@type\":\"ListItem\",\"position\":2,\"name\":\"Shop\",\"item\":\"https:\\\/\\\/a-h-health.ch\\\/shop\\\/\"},{\"@type\":\"ListItem\",\"position\":3,\"name\":\"AMINOPLUS Paste Syringe, 50 g\"}]},{\"@type\":\"WebSite\",\"@id\":\"https:\\\/\\\/a-h-health.ch\\\/#website\",\"url\":\"https:\\\/\\\/a-h-health.ch\\\/\",\"name\":\"Animal and Human Health AG\",\"description\":\"Wir sind Ihre Ansprechpartner, wenn es um die professionelle Gesundheit und das Wohl ihres Tieres geht.\",\"publisher\":{\"@id\":\"https:\\\/\\\/a-h-health.ch\\\/#organization\"},\"alternateName\":\"a-h-health\",\"potentialAction\":[{\"@type\":\"SearchAction\",\"target\":{\"@type\":\"EntryPoint\",\"urlTemplate\":\"https:\\\/\\\/a-h-health.ch\\\/?s={search_term_string}\"},\"query-input\":{\"@type\":\"PropertyValueSpecification\",\"valueRequired\":true,\"valueName\":\"search_term_string\"}}],\"inLanguage\":\"fr-FR\"},{\"@type\":\"Organization\",\"@id\":\"https:\\\/\\\/a-h-health.ch\\\/#organization\",\"name\":\"Animal & Human Health AG\",\"url\":\"https:\\\/\\\/a-h-health.ch\\\/\",\"logo\":{\"@type\":\"ImageObject\",\"inLanguage\":\"fr-FR\",\"@id\":\"https:\\\/\\\/a-h-health.ch\\\/#\\\/schema\\\/logo\\\/image\\\/\",\"url\":\"https:\\\/\\\/a-h-health.ch\\\/wp-content\\\/uploads\\\/2020\\\/12\\\/Logo-animal-health.jpg\",\"contentUrl\":\"https:\\\/\\\/a-h-health.ch\\\/wp-content\\\/uploads\\\/2020\\\/12\\\/Logo-animal-health.jpg\",\"width\":653,\"height\":56,\"caption\":\"Animal & Human Health AG\"},\"image\":{\"@id\":\"https:\\\/\\\/a-h-health.ch\\\/#\\\/schema\\\/logo\\\/image\\\/\"}}]}<\/script>\n<!-- \/ Yoast SEO plugin. -->","yoast_head_json":{"title":"AMINOPLUS Paste Syrin\u00adge, 50 g \u2013 Ani\u00admal &amp; Human Health AG","robots":{"index":"index","follow":"follow","max-snippet":"max-snippet:-1","max-image-preview":"max-image-preview:large","max-video-preview":"max-video-preview:-1"},"canonical":"https:\/\/a-h-health.ch\/fr\/shop\/aminoplus-paste-syringe-50-g\/","og_locale":"fr_FR","og_type":"article","og_title":"AMINOPLUS Paste Syringe, 50 g - Animal &amp; Human Health AG","og_description":"Boostet den Stoffwechsel! Aminos\u00e4uren boosten s\u00e4mtliche Stoffwechsel-Vorg\u00e4nge im K\u00f6rper. Sie bilden neues Gewebe f\u00fcr Muskeln, Organe, Haare und Haut. Auch beim Knochenaufbau und f\u00fcrs Immunsystem spielen Aminos eine grosse Rolle. Aminoplus Paste ist ein Erg\u00e4nzungsfuttermittel f\u00fcr Pferde. F\u00fctterungsempfehlung Pferd (500kg): 50g pro Tag. Inhaltsstoffe: L-Isoleucin 74 g \u2022 L-Leucin 88 g \u2022 L-Histidin 78 g [&hellip;]","og_url":"https:\/\/a-h-health.ch\/fr\/shop\/aminoplus-paste-syringe-50-g\/","og_site_name":"Animal &amp; Human Health AG","article_modified_time":"2025-02-13T11:14:09+00:00","og_image":[{"width":378,"height":211,"url":"https:\/\/a-h-health.ch\/wp-content\/uploads\/2022\/03\/AminoPlus.jpg","type":"image\/jpeg"}],"twitter_card":"summary_large_image","twitter_misc":{"Dur\u00e9e de lecture estim\u00e9e":"1 minute"},"schema":{"@context":"https:\/\/schema.org","@graph":[{"@type":"WebPage","@id":"https:\/\/a-h-health.ch\/shop\/aminoplus-paste-syringe-50-g\/","url":"https:\/\/a-h-health.ch\/shop\/aminoplus-paste-syringe-50-g\/","name":"AMINOPLUS Paste Syrin\u00adge, 50 g \u2013 Ani\u00admal &amp; Human Health AG","isPartOf":{"@id":"https:\/\/a-h-health.ch\/#website"},"primaryImageOfPage":{"@id":"https:\/\/a-h-health.ch\/shop\/aminoplus-paste-syringe-50-g\/#primaryimage"},"image":{"@id":"https:\/\/a-h-health.ch\/shop\/aminoplus-paste-syringe-50-g\/#primaryimage"},"thumbnailUrl":"https:\/\/a-h-health.ch\/wp-content\/uploads\/2022\/03\/AminoPlus.jpg","datePublished":"2022-03-18T07:41:43+00:00","dateModified":"2025-02-13T11:14:09+00:00","breadcrumb":{"@id":"https:\/\/a-h-health.ch\/shop\/aminoplus-paste-syringe-50-g\/#breadcrumb"},"inLanguage":"fr-FR","potentialAction":[{"@type":"ReadAction","target":["https:\/\/a-h-health.ch\/shop\/aminoplus-paste-syringe-50-g\/"]}]},{"@type":"ImageObject","inLanguage":"fr-FR","@id":"https:\/\/a-h-health.ch\/shop\/aminoplus-paste-syringe-50-g\/#primaryimage","url":"https:\/\/a-h-health.ch\/wp-content\/uploads\/2022\/03\/AminoPlus.jpg","contentUrl":"https:\/\/a-h-health.ch\/wp-content\/uploads\/2022\/03\/AminoPlus.jpg","width":378,"height":211},{"@type":"BreadcrumbList","@id":"https:\/\/a-h-health.ch\/shop\/aminoplus-paste-syringe-50-g\/#breadcrumb","itemListElement":[{"@type":"ListItem","position":1,"name":"Startseite","item":"https:\/\/a-h-health.ch\/"},{"@type":"ListItem","position":2,"name":"Shop","item":"https:\/\/a-h-health.ch\/shop\/"},{"@type":"ListItem","position":3,"name":"AMINOPLUS Paste Syringe, 50 g"}]},{"@type":"WebSite","@id":"https:\/\/a-h-health.ch\/#website","url":"https:\/\/a-h-health.ch\/","name":"Ani\u00admal and Human Health AG","description":"Nous som\u00admes vos interlo\u00adcu\u00adteurs lorsqu\u2019il s\u2019a\u00adgit de la san\u00adt\u00e9 pro\u00adfes\u00adsi\u00adon\u00adnel\u00adle et du bien-\u00eatre de vot\u00adre animal.","publisher":{"@id":"https:\/\/a-h-health.ch\/#organization"},"alternateName":"a-h-health","potentialAction":[{"@type":"SearchAction","target":{"@type":"EntryPoint","urlTemplate":"https:\/\/a-h-health.ch\/?s={search_term_string}"},"query-input":{"@type":"PropertyValueSpecification","valueRequired":true,"valueName":"search_term_string"}}],"inLanguage":"fr-FR"},{"@type":"Organization","@id":"https:\/\/a-h-health.ch\/#organization","name":"Ani\u00admal &amp; Human Health AG","url":"https:\/\/a-h-health.ch\/","logo":{"@type":"ImageObject","inLanguage":"fr-FR","@id":"https:\/\/a-h-health.ch\/#\/schema\/logo\/image\/","url":"https:\/\/a-h-health.ch\/wp-content\/uploads\/2020\/12\/Logo-animal-health.jpg","contentUrl":"https:\/\/a-h-health.ch\/wp-content\/uploads\/2020\/12\/Logo-animal-health.jpg","width":653,"height":56,"caption":"Animal & Human Health AG"},"image":{"@id":"https:\/\/a-h-health.ch\/#\/schema\/logo\/image\/"}}]}},"_links":{"self":[{"href":"https:\/\/a-h-health.ch\/fr\/wp-json\/wp\/v2\/product\/12746","targetHints":{"allow":["GET"]}}],"collection":[{"href":"https:\/\/a-h-health.ch\/fr\/wp-json\/wp\/v2\/product"}],"about":[{"href":"https:\/\/a-h-health.ch\/fr\/wp-json\/wp\/v2\/types\/product"}],"wp:featuredmedia":[{"embeddable":true,"href":"https:\/\/a-h-health.ch\/fr\/wp-json\/wp\/v2\/media\/16566"}],"wp:attachment":[{"href":"https:\/\/a-h-health.ch\/fr\/wp-json\/wp\/v2\/media?parent=12746"}],"wp:term":[{"taxonomy":"product_brand","embeddable":true,"href":"https:\/\/a-h-health.ch\/fr\/wp-json\/wp\/v2\/product_brand?post=12746"},{"taxonomy":"product_cat","embeddable":true,"href":"https:\/\/a-h-health.ch\/fr\/wp-json\/wp\/v2\/product_cat?post=12746"},{"taxonomy":"product_tag","embeddable":true,"href":"https:\/\/a-h-health.ch\/fr\/wp-json\/wp\/v2\/product_tag?post=12746"}],"curies":[{"name":"wp","href":"https:\/\/api.w.org\/{rel}","templated":true}]}}