{"id":12745,"date":"2022-03-18T08:41:43","date_gmt":"2022-03-18T07:41:43","guid":{"rendered":"https:\/\/a-h-health.ch\/?post_type=product&#038;p=12745"},"modified":"2023-08-08T20:15:21","modified_gmt":"2023-08-08T18:15:21","slug":"air-power-finish-1-l","status":"publish","type":"product","link":"https:\/\/a-h-health.ch\/fr\/shop\/air-power-finish-1-l\/","title":{"rendered":"Air Power Finish, 1&nbsp;l"},"content":{"rendered":"<p>Air Power\u2122 est un com\u00adpl\u00e9\u00adment ali\u00admen\u00adtai\u00adre natu\u00adrel pour les chevaux<span class=\"a-list-item\">Avec du vrai miel, du citron, de l\u2019eu\u00adca\u00adlyp\u00adtus, du men\u00adthol et de l\u2019a\u00adloe vera. <\/span>Peut sou\u00adla\u00adger une toux l\u00e9g\u00e8\u00adre due \u00e0 une irri\u00adta\u00adti\u00adon des voies respi\u00adra\u00adtoires. En r\u00e8g\u00adle g\u00e9n\u00e9\u00adra\u00adle, une seu\u00adle admi\u00adni\u00adstra\u00adti\u00adon quo\u00adti\u00addi\u00aden\u00adne d\u2019Air Power\u2122 suf\u00adfit \u00e0 sou\u00adla\u00adger la toux d\u2019un che\u00adval pour tou\u00adte la journ\u00e9e.<\/p>","protected":false},"excerpt":{"rendered":"<p>Air Power\u2122 ist ein nat\u00fcr\u00adli\u00adches Erg\u00e4n\u00adzungs\u00adfut\u00adter\u00admit\u00adtel f\u00fcr Pfer\u00adde, mit ech\u00adtem Honig, Zitro\u00adne, Euka\u00adlyp\u00adtus, Men\u00adthol und Aloe Vera. Kann einen leich\u00adtem Husten auf\u00adgrund von Irri\u00adta\u00adtio\u00adnen der Atem\u00adwe\u00adge lin\u00addern. In der Regel reicht eine t\u00e4g\u00adli\u00adche ein\u00adma\u00adli\u00adge Gabe von Air Power\u2122 aus, um den Husten eines Pfer\u00addes f\u00fcr den gan\u00adzen Tag zu lindern.<\/p>","protected":false},"featured_media":12942,"template":"","meta":{"wp_typography_post_enhancements_disabled":false},"product_brand":[],"product_cat":[555,34,562],"product_tag":[574],"class_list":{"0":"post-12745","1":"product","2":"type-product","3":"status-publish","4":"has-post-thumbnail","6":"product_cat-futtermittel","7":"product_cat-nahrungsergaenzung","8":"product_cat-pferd","9":"product_tag-futter-und-diverse","11":"first","12":"instock","13":"taxable","14":"shipping-taxable","15":"product-type-simple"},"yoast_head":"<!-- This site is optimized with the Yoast SEO plugin v27.4 - https:\/\/yoast.com\/product\/yoast-seo-wordpress\/ -->\n<title>Air Power Finish, 1 l - Animal &amp; Human Health AG<\/title>\n<meta name=\"robots\" content=\"index, follow, max-snippet:-1, max-image-preview:large, max-video-preview:-1\" \/>\n<link rel=\"canonical\" href=\"https:\/\/a-h-health.ch\/fr\/shop\/air-power-finish-1-l\/\" \/>\n<meta property=\"og:locale\" content=\"fr_FR\" \/>\n<meta property=\"og:type\" content=\"article\" \/>\n<meta property=\"og:title\" content=\"Air Power Finish, 1 l - Animal &amp; Human Health AG\" \/>\n<meta property=\"og:description\" content=\"Air Power\u2122 ist ein nat\u00fcrliches Erg\u00e4nzungsfuttermittel f\u00fcr Pferde, mit echtem Honig, Zitrone, Eukalyptus, Menthol und Aloe Vera. Kann einen leichtem Husten aufgrund von Irritationen der Atemwege lindern. In der Regel reicht eine t\u00e4gliche einmalige Gabe von Air Power\u2122 aus, um den Husten eines Pferdes f\u00fcr den ganzen Tag zu lindern.\" \/>\n<meta property=\"og:url\" content=\"https:\/\/a-h-health.ch\/fr\/shop\/air-power-finish-1-l\/\" \/>\n<meta property=\"og:site_name\" content=\"Animal &amp; Human Health AG\" \/>\n<meta property=\"article:modified_time\" content=\"2023-08-08T18:15:21+00:00\" \/>\n<meta property=\"og:image\" content=\"https:\/\/a-h-health.ch\/wp-content\/uploads\/2022\/03\/Air-Power-34-fl.-oz-1.jpg\" \/>\n\t<meta property=\"og:image:width\" content=\"640\" \/>\n\t<meta property=\"og:image:height\" content=\"641\" \/>\n\t<meta property=\"og:image:type\" content=\"image\/jpeg\" \/>\n<meta name=\"twitter:card\" content=\"summary_large_image\" \/>\n<meta name=\"twitter:label1\" content=\"Dur\u00e9e de lecture estim\u00e9e\" \/>\n\t<meta name=\"twitter:data1\" content=\"1 minute\" \/>\n<script type=\"application\/ld+json\" class=\"yoast-schema-graph\">{\"@context\":\"https:\\\/\\\/schema.org\",\"@graph\":[{\"@type\":\"WebPage\",\"@id\":\"https:\\\/\\\/a-h-health.ch\\\/shop\\\/air-power-finish-1-l\\\/\",\"url\":\"https:\\\/\\\/a-h-health.ch\\\/shop\\\/air-power-finish-1-l\\\/\",\"name\":\"Air Power Finish, 1 l - Animal &amp; Human Health AG\",\"isPartOf\":{\"@id\":\"https:\\\/\\\/a-h-health.ch\\\/#website\"},\"primaryImageOfPage\":{\"@id\":\"https:\\\/\\\/a-h-health.ch\\\/shop\\\/air-power-finish-1-l\\\/#primaryimage\"},\"image\":{\"@id\":\"https:\\\/\\\/a-h-health.ch\\\/shop\\\/air-power-finish-1-l\\\/#primaryimage\"},\"thumbnailUrl\":\"https:\\\/\\\/a-h-health.ch\\\/wp-content\\\/uploads\\\/2022\\\/03\\\/Air-Power-34-fl.-oz-1.jpg\",\"datePublished\":\"2022-03-18T07:41:43+00:00\",\"dateModified\":\"2023-08-08T18:15:21+00:00\",\"breadcrumb\":{\"@id\":\"https:\\\/\\\/a-h-health.ch\\\/shop\\\/air-power-finish-1-l\\\/#breadcrumb\"},\"inLanguage\":\"fr-FR\",\"potentialAction\":[{\"@type\":\"ReadAction\",\"target\":[\"https:\\\/\\\/a-h-health.ch\\\/shop\\\/air-power-finish-1-l\\\/\"]}]},{\"@type\":\"ImageObject\",\"inLanguage\":\"fr-FR\",\"@id\":\"https:\\\/\\\/a-h-health.ch\\\/shop\\\/air-power-finish-1-l\\\/#primaryimage\",\"url\":\"https:\\\/\\\/a-h-health.ch\\\/wp-content\\\/uploads\\\/2022\\\/03\\\/Air-Power-34-fl.-oz-1.jpg\",\"contentUrl\":\"https:\\\/\\\/a-h-health.ch\\\/wp-content\\\/uploads\\\/2022\\\/03\\\/Air-Power-34-fl.-oz-1.jpg\",\"width\":640,\"height\":641},{\"@type\":\"BreadcrumbList\",\"@id\":\"https:\\\/\\\/a-h-health.ch\\\/shop\\\/air-power-finish-1-l\\\/#breadcrumb\",\"itemListElement\":[{\"@type\":\"ListItem\",\"position\":1,\"name\":\"Startseite\",\"item\":\"https:\\\/\\\/a-h-health.ch\\\/\"},{\"@type\":\"ListItem\",\"position\":2,\"name\":\"Shop\",\"item\":\"https:\\\/\\\/a-h-health.ch\\\/shop\\\/\"},{\"@type\":\"ListItem\",\"position\":3,\"name\":\"Air Power Finish, 1 l\"}]},{\"@type\":\"WebSite\",\"@id\":\"https:\\\/\\\/a-h-health.ch\\\/#website\",\"url\":\"https:\\\/\\\/a-h-health.ch\\\/\",\"name\":\"Animal and Human Health AG\",\"description\":\"Wir sind Ihre Ansprechpartner, wenn es um die professionelle Gesundheit und das Wohl ihres Tieres geht.\",\"publisher\":{\"@id\":\"https:\\\/\\\/a-h-health.ch\\\/#organization\"},\"alternateName\":\"a-h-health\",\"potentialAction\":[{\"@type\":\"SearchAction\",\"target\":{\"@type\":\"EntryPoint\",\"urlTemplate\":\"https:\\\/\\\/a-h-health.ch\\\/?s={search_term_string}\"},\"query-input\":{\"@type\":\"PropertyValueSpecification\",\"valueRequired\":true,\"valueName\":\"search_term_string\"}}],\"inLanguage\":\"fr-FR\"},{\"@type\":\"Organization\",\"@id\":\"https:\\\/\\\/a-h-health.ch\\\/#organization\",\"name\":\"Animal & Human Health AG\",\"url\":\"https:\\\/\\\/a-h-health.ch\\\/\",\"logo\":{\"@type\":\"ImageObject\",\"inLanguage\":\"fr-FR\",\"@id\":\"https:\\\/\\\/a-h-health.ch\\\/#\\\/schema\\\/logo\\\/image\\\/\",\"url\":\"https:\\\/\\\/a-h-health.ch\\\/wp-content\\\/uploads\\\/2020\\\/12\\\/Logo-animal-health.jpg\",\"contentUrl\":\"https:\\\/\\\/a-h-health.ch\\\/wp-content\\\/uploads\\\/2020\\\/12\\\/Logo-animal-health.jpg\",\"width\":653,\"height\":56,\"caption\":\"Animal & Human Health AG\"},\"image\":{\"@id\":\"https:\\\/\\\/a-h-health.ch\\\/#\\\/schema\\\/logo\\\/image\\\/\"}}]}<\/script>\n<!-- \/ Yoast SEO plugin. -->","yoast_head_json":{"title":"Air Power Finish, 1 l \u2013 Ani\u00admal &amp; Human Health AG","robots":{"index":"index","follow":"follow","max-snippet":"max-snippet:-1","max-image-preview":"max-image-preview:large","max-video-preview":"max-video-preview:-1"},"canonical":"https:\/\/a-h-health.ch\/fr\/shop\/air-power-finish-1-l\/","og_locale":"fr_FR","og_type":"article","og_title":"Air Power Finish, 1 l - Animal &amp; Human Health AG","og_description":"Air Power\u2122 ist ein nat\u00fcrliches Erg\u00e4nzungsfuttermittel f\u00fcr Pferde, mit echtem Honig, Zitrone, Eukalyptus, Menthol und Aloe Vera. Kann einen leichtem Husten aufgrund von Irritationen der Atemwege lindern. In der Regel reicht eine t\u00e4gliche einmalige Gabe von Air Power\u2122 aus, um den Husten eines Pferdes f\u00fcr den ganzen Tag zu lindern.","og_url":"https:\/\/a-h-health.ch\/fr\/shop\/air-power-finish-1-l\/","og_site_name":"Animal &amp; Human Health AG","article_modified_time":"2023-08-08T18:15:21+00:00","og_image":[{"width":640,"height":641,"url":"https:\/\/a-h-health.ch\/wp-content\/uploads\/2022\/03\/Air-Power-34-fl.-oz-1.jpg","type":"image\/jpeg"}],"twitter_card":"summary_large_image","twitter_misc":{"Dur\u00e9e de lecture estim\u00e9e":"1 minute"},"schema":{"@context":"https:\/\/schema.org","@graph":[{"@type":"WebPage","@id":"https:\/\/a-h-health.ch\/shop\/air-power-finish-1-l\/","url":"https:\/\/a-h-health.ch\/shop\/air-power-finish-1-l\/","name":"Air Power Finish, 1 l \u2013 Ani\u00admal &amp; Human Health AG","isPartOf":{"@id":"https:\/\/a-h-health.ch\/#website"},"primaryImageOfPage":{"@id":"https:\/\/a-h-health.ch\/shop\/air-power-finish-1-l\/#primaryimage"},"image":{"@id":"https:\/\/a-h-health.ch\/shop\/air-power-finish-1-l\/#primaryimage"},"thumbnailUrl":"https:\/\/a-h-health.ch\/wp-content\/uploads\/2022\/03\/Air-Power-34-fl.-oz-1.jpg","datePublished":"2022-03-18T07:41:43+00:00","dateModified":"2023-08-08T18:15:21+00:00","breadcrumb":{"@id":"https:\/\/a-h-health.ch\/shop\/air-power-finish-1-l\/#breadcrumb"},"inLanguage":"fr-FR","potentialAction":[{"@type":"ReadAction","target":["https:\/\/a-h-health.ch\/shop\/air-power-finish-1-l\/"]}]},{"@type":"ImageObject","inLanguage":"fr-FR","@id":"https:\/\/a-h-health.ch\/shop\/air-power-finish-1-l\/#primaryimage","url":"https:\/\/a-h-health.ch\/wp-content\/uploads\/2022\/03\/Air-Power-34-fl.-oz-1.jpg","contentUrl":"https:\/\/a-h-health.ch\/wp-content\/uploads\/2022\/03\/Air-Power-34-fl.-oz-1.jpg","width":640,"height":641},{"@type":"BreadcrumbList","@id":"https:\/\/a-h-health.ch\/shop\/air-power-finish-1-l\/#breadcrumb","itemListElement":[{"@type":"ListItem","position":1,"name":"Startseite","item":"https:\/\/a-h-health.ch\/"},{"@type":"ListItem","position":2,"name":"Shop","item":"https:\/\/a-h-health.ch\/shop\/"},{"@type":"ListItem","position":3,"name":"Air Power Finish, 1 l"}]},{"@type":"WebSite","@id":"https:\/\/a-h-health.ch\/#website","url":"https:\/\/a-h-health.ch\/","name":"Ani\u00admal and Human Health AG","description":"Nous som\u00admes vos interlo\u00adcu\u00adteurs lorsqu\u2019il s\u2019a\u00adgit de la san\u00adt\u00e9 pro\u00adfes\u00adsi\u00adon\u00adnel\u00adle et du bien-\u00eatre de vot\u00adre animal.","publisher":{"@id":"https:\/\/a-h-health.ch\/#organization"},"alternateName":"a-h-health","potentialAction":[{"@type":"SearchAction","target":{"@type":"EntryPoint","urlTemplate":"https:\/\/a-h-health.ch\/?s={search_term_string}"},"query-input":{"@type":"PropertyValueSpecification","valueRequired":true,"valueName":"search_term_string"}}],"inLanguage":"fr-FR"},{"@type":"Organization","@id":"https:\/\/a-h-health.ch\/#organization","name":"Ani\u00admal &amp; Human Health AG","url":"https:\/\/a-h-health.ch\/","logo":{"@type":"ImageObject","inLanguage":"fr-FR","@id":"https:\/\/a-h-health.ch\/#\/schema\/logo\/image\/","url":"https:\/\/a-h-health.ch\/wp-content\/uploads\/2020\/12\/Logo-animal-health.jpg","contentUrl":"https:\/\/a-h-health.ch\/wp-content\/uploads\/2020\/12\/Logo-animal-health.jpg","width":653,"height":56,"caption":"Animal & Human Health AG"},"image":{"@id":"https:\/\/a-h-health.ch\/#\/schema\/logo\/image\/"}}]}},"_links":{"self":[{"href":"https:\/\/a-h-health.ch\/fr\/wp-json\/wp\/v2\/product\/12745","targetHints":{"allow":["GET"]}}],"collection":[{"href":"https:\/\/a-h-health.ch\/fr\/wp-json\/wp\/v2\/product"}],"about":[{"href":"https:\/\/a-h-health.ch\/fr\/wp-json\/wp\/v2\/types\/product"}],"wp:featuredmedia":[{"embeddable":true,"href":"https:\/\/a-h-health.ch\/fr\/wp-json\/wp\/v2\/media\/12942"}],"wp:attachment":[{"href":"https:\/\/a-h-health.ch\/fr\/wp-json\/wp\/v2\/media?parent=12745"}],"wp:term":[{"taxonomy":"product_brand","embeddable":true,"href":"https:\/\/a-h-health.ch\/fr\/wp-json\/wp\/v2\/product_brand?post=12745"},{"taxonomy":"product_cat","embeddable":true,"href":"https:\/\/a-h-health.ch\/fr\/wp-json\/wp\/v2\/product_cat?post=12745"},{"taxonomy":"product_tag","embeddable":true,"href":"https:\/\/a-h-health.ch\/fr\/wp-json\/wp\/v2\/product_tag?post=12745"}],"curies":[{"name":"wp","href":"https:\/\/api.w.org\/{rel}","templated":true}]}}