{"id":12742,"date":"2022-03-18T08:41:43","date_gmt":"2022-03-18T07:41:43","guid":{"rendered":"https:\/\/a-h-health.ch\/?post_type=product&#038;p=12742"},"modified":"2026-03-24T16:48:19","modified_gmt":"2026-03-24T15:48:19","slug":"acti-flex-946-ml","status":"publish","type":"product","link":"https:\/\/a-h-health.ch\/fr\/shop\/acti-flex-946-ml\/","title":{"rendered":"ACTI-FLEX, 946&nbsp;ml"},"content":{"rendered":"<p>ACTI-FLEX\u00ae est un com\u00adpl\u00e9\u00adment ali\u00admen\u00adtai\u00adre pour chevaux.<\/p>\n<p>Actiflex peut aider \u00e0 main\u00adte\u00adnir les arti\u00adcu\u00adla\u00adti\u00adons en bon\u00adne san\u00adt\u00e9, sur\u00adtout en cas d\u2019ef\u00adforts importants pen\u00addant la pha\u00adse de recons\u00adtruc\u00adtion, de con\u00adva\u00adle\u00ads\u00adcence ou pen\u00addant la pau\u00adse hivernale.<\/p>\n<p><span lang=\"de\">Sul\u00adfa\u00adte de glu\u00adcos\u00adami\u00adne 8.000&nbsp;mg<br>\nSul\u00adfa\u00adte de chon\u00addro\u00ef\u00adti\u00adne 4.000&nbsp;mg<br>\nMSM 3.000&nbsp;mg<br>\nEster C (aci\u00adde ascor\u00adbi\u00adque) 1.000&nbsp;mg<br>\nMoule ver\u00adte (Per\u00adna cana\u00adli\u00adcu\u00adlus) 1.000mg<br>\nYuc\u00adca 150&nbsp;mg<br>\nAci\u00adde hyalu\u00adro\u00adni\u00adque (HA) 125&nbsp;mg<\/span><\/p>","protected":false},"excerpt":{"rendered":"<p>ACTI-FLEX\u00ae est un com\u00adpl\u00e9\u00adment ali\u00admen\u00adtai\u00adre pour chevaux. Actiflex peut aider \u00e0 main\u00adte\u00adnir les arti\u00adcu\u00adla\u00adti\u00adons en bon\u00adne san\u00adt\u00e9, sur\u00adtout en cas d\u2019ef\u00adforts importants lors de la pha\u00adse de con\u00adsti\u00adtu\u00adti\u00adon en cas de con\u00adva\u00adle\u00ads\u00adcence, ou pen\u00addant la pau\u00adse hiver\u00adna\u00adle. Sul\u00adfa\u00adte de glu\u00adcos\u00adami\u00adne 8.000 mg Sul\u00adfa\u00adte de chon\u00addro\u00ef\u00adti\u00adne 4.000 mg MSM 3.000 mg Ester C (aci\u00adde ascor\u00adbi\u00adque) 1.000 mg Moule ver\u00adte (Per\u00adna cana\u00adli\u00adcu\u00adlus) 1.000mg Yuc\u00adca 150 mg Aci\u00adde hyalu\u00adro\u00adni\u00adque (HA) 125&nbsp;mg<\/p>","protected":false},"featured_media":12066,"template":"","meta":{"wp_typography_post_enhancements_disabled":false},"product_brand":[],"product_cat":[568,555,34,562],"product_tag":[574],"class_list":{"0":"post-12742","1":"product","2":"type-product","3":"status-publish","4":"has-post-thumbnail","6":"product_cat-actiflex","7":"product_cat-futtermittel","8":"product_cat-nahrungsergaenzung","9":"product_cat-pferd","10":"product_tag-futter-und-diverse","12":"first","13":"instock","14":"taxable","15":"shipping-taxable","16":"product-type-simple"},"yoast_head":"<!-- This site is optimized with the Yoast SEO plugin v27.4 - https:\/\/yoast.com\/product\/yoast-seo-wordpress\/ -->\n<title>ACTI-FLEX, 946 ml - Animal &amp; Human Health AG<\/title>\n<meta name=\"robots\" content=\"index, follow, max-snippet:-1, max-image-preview:large, max-video-preview:-1\" \/>\n<link rel=\"canonical\" href=\"https:\/\/a-h-health.ch\/fr\/shop\/acti-flex-946-ml\/\" \/>\n<meta property=\"og:locale\" content=\"fr_FR\" \/>\n<meta property=\"og:type\" content=\"article\" \/>\n<meta property=\"og:title\" content=\"ACTI-FLEX, 946 ml - Animal &amp; Human Health AG\" \/>\n<meta property=\"og:description\" content=\"ACTI-FLEX\u00ae ist ein Erg\u00e4nzungsfuttermittel f\u00fcr Pferde. Actiflex kann helfen die Gelenke gesund zu erhalten, vor allem bei gr\u00f6sseren Belastungen in der Aufbauphase bei Reconvaleszenz, oder in der Winterpause. Glucosaminsulfat 8.000 mg Chondroitinsulfat 4.000 mg MSM 3.000 mg Ester C (Ascorbins\u00e4ure) 1.000 mg Gr\u00fcnschalmuschel (Perna canaliculus) 1.000mg Yucca 150 mg Hyalurons\u00e4ure (HA) 125 mg\" \/>\n<meta property=\"og:url\" content=\"https:\/\/a-h-health.ch\/fr\/shop\/acti-flex-946-ml\/\" \/>\n<meta property=\"og:site_name\" content=\"Animal &amp; Human Health AG\" \/>\n<meta property=\"article:modified_time\" content=\"2026-03-24T15:48:19+00:00\" \/>\n<meta property=\"og:image\" content=\"https:\/\/a-h-health.ch\/wp-content\/uploads\/2022\/03\/Actiflex.jpg\" \/>\n\t<meta property=\"og:image:width\" content=\"1449\" \/>\n\t<meta property=\"og:image:height\" content=\"1450\" \/>\n\t<meta property=\"og:image:type\" content=\"image\/jpeg\" \/>\n<meta name=\"twitter:card\" content=\"summary_large_image\" \/>\n<meta name=\"twitter:label1\" content=\"Dur\u00e9e de lecture estim\u00e9e\" \/>\n\t<meta name=\"twitter:data1\" content=\"1 minute\" \/>\n<script type=\"application\/ld+json\" class=\"yoast-schema-graph\">{\"@context\":\"https:\\\/\\\/schema.org\",\"@graph\":[{\"@type\":\"WebPage\",\"@id\":\"https:\\\/\\\/a-h-health.ch\\\/shop\\\/acti-flex-946-ml\\\/\",\"url\":\"https:\\\/\\\/a-h-health.ch\\\/shop\\\/acti-flex-946-ml\\\/\",\"name\":\"ACTI-FLEX, 946 ml - Animal &amp; Human Health AG\",\"isPartOf\":{\"@id\":\"https:\\\/\\\/a-h-health.ch\\\/#website\"},\"primaryImageOfPage\":{\"@id\":\"https:\\\/\\\/a-h-health.ch\\\/shop\\\/acti-flex-946-ml\\\/#primaryimage\"},\"image\":{\"@id\":\"https:\\\/\\\/a-h-health.ch\\\/shop\\\/acti-flex-946-ml\\\/#primaryimage\"},\"thumbnailUrl\":\"https:\\\/\\\/a-h-health.ch\\\/wp-content\\\/uploads\\\/2022\\\/03\\\/Actiflex.jpg\",\"datePublished\":\"2022-03-18T07:41:43+00:00\",\"dateModified\":\"2026-03-24T15:48:19+00:00\",\"breadcrumb\":{\"@id\":\"https:\\\/\\\/a-h-health.ch\\\/shop\\\/acti-flex-946-ml\\\/#breadcrumb\"},\"inLanguage\":\"fr-FR\",\"potentialAction\":[{\"@type\":\"ReadAction\",\"target\":[\"https:\\\/\\\/a-h-health.ch\\\/shop\\\/acti-flex-946-ml\\\/\"]}]},{\"@type\":\"ImageObject\",\"inLanguage\":\"fr-FR\",\"@id\":\"https:\\\/\\\/a-h-health.ch\\\/shop\\\/acti-flex-946-ml\\\/#primaryimage\",\"url\":\"https:\\\/\\\/a-h-health.ch\\\/wp-content\\\/uploads\\\/2022\\\/03\\\/Actiflex.jpg\",\"contentUrl\":\"https:\\\/\\\/a-h-health.ch\\\/wp-content\\\/uploads\\\/2022\\\/03\\\/Actiflex.jpg\",\"width\":1449,\"height\":1450},{\"@type\":\"BreadcrumbList\",\"@id\":\"https:\\\/\\\/a-h-health.ch\\\/shop\\\/acti-flex-946-ml\\\/#breadcrumb\",\"itemListElement\":[{\"@type\":\"ListItem\",\"position\":1,\"name\":\"Startseite\",\"item\":\"https:\\\/\\\/a-h-health.ch\\\/\"},{\"@type\":\"ListItem\",\"position\":2,\"name\":\"Shop\",\"item\":\"https:\\\/\\\/a-h-health.ch\\\/shop\\\/\"},{\"@type\":\"ListItem\",\"position\":3,\"name\":\"ACTI-FLEX, 946 ml\"}]},{\"@type\":\"WebSite\",\"@id\":\"https:\\\/\\\/a-h-health.ch\\\/#website\",\"url\":\"https:\\\/\\\/a-h-health.ch\\\/\",\"name\":\"Animal and Human Health AG\",\"description\":\"Wir sind Ihre Ansprechpartner, wenn es um die professionelle Gesundheit und das Wohl ihres Tieres geht.\",\"publisher\":{\"@id\":\"https:\\\/\\\/a-h-health.ch\\\/#organization\"},\"alternateName\":\"a-h-health\",\"potentialAction\":[{\"@type\":\"SearchAction\",\"target\":{\"@type\":\"EntryPoint\",\"urlTemplate\":\"https:\\\/\\\/a-h-health.ch\\\/?s={search_term_string}\"},\"query-input\":{\"@type\":\"PropertyValueSpecification\",\"valueRequired\":true,\"valueName\":\"search_term_string\"}}],\"inLanguage\":\"fr-FR\"},{\"@type\":\"Organization\",\"@id\":\"https:\\\/\\\/a-h-health.ch\\\/#organization\",\"name\":\"Animal & Human Health AG\",\"url\":\"https:\\\/\\\/a-h-health.ch\\\/\",\"logo\":{\"@type\":\"ImageObject\",\"inLanguage\":\"fr-FR\",\"@id\":\"https:\\\/\\\/a-h-health.ch\\\/#\\\/schema\\\/logo\\\/image\\\/\",\"url\":\"https:\\\/\\\/a-h-health.ch\\\/wp-content\\\/uploads\\\/2020\\\/12\\\/Logo-animal-health.jpg\",\"contentUrl\":\"https:\\\/\\\/a-h-health.ch\\\/wp-content\\\/uploads\\\/2020\\\/12\\\/Logo-animal-health.jpg\",\"width\":653,\"height\":56,\"caption\":\"Animal & Human Health AG\"},\"image\":{\"@id\":\"https:\\\/\\\/a-h-health.ch\\\/#\\\/schema\\\/logo\\\/image\\\/\"}}]}<\/script>\n<!-- \/ Yoast SEO plugin. -->","yoast_head_json":{"title":"ACTI-FLEX, 946 ml \u2013 Ani\u00admal &amp; Human Health AG","robots":{"index":"index","follow":"follow","max-snippet":"max-snippet:-1","max-image-preview":"max-image-preview:large","max-video-preview":"max-video-preview:-1"},"canonical":"https:\/\/a-h-health.ch\/fr\/shop\/acti-flex-946-ml\/","og_locale":"fr_FR","og_type":"article","og_title":"ACTI-FLEX, 946 ml - Animal &amp; Human Health AG","og_description":"ACTI-FLEX\u00ae ist ein Erg\u00e4nzungsfuttermittel f\u00fcr Pferde. Actiflex kann helfen die Gelenke gesund zu erhalten, vor allem bei gr\u00f6sseren Belastungen in der Aufbauphase bei Reconvaleszenz, oder in der Winterpause. Glucosaminsulfat 8.000 mg Chondroitinsulfat 4.000 mg MSM 3.000 mg Ester C (Ascorbins\u00e4ure) 1.000 mg Gr\u00fcnschalmuschel (Perna canaliculus) 1.000mg Yucca 150 mg Hyalurons\u00e4ure (HA) 125 mg","og_url":"https:\/\/a-h-health.ch\/fr\/shop\/acti-flex-946-ml\/","og_site_name":"Animal &amp; Human Health AG","article_modified_time":"2026-03-24T15:48:19+00:00","og_image":[{"width":1449,"height":1450,"url":"https:\/\/a-h-health.ch\/wp-content\/uploads\/2022\/03\/Actiflex.jpg","type":"image\/jpeg"}],"twitter_card":"summary_large_image","twitter_misc":{"Dur\u00e9e de lecture estim\u00e9e":"1 minute"},"schema":{"@context":"https:\/\/schema.org","@graph":[{"@type":"WebPage","@id":"https:\/\/a-h-health.ch\/shop\/acti-flex-946-ml\/","url":"https:\/\/a-h-health.ch\/shop\/acti-flex-946-ml\/","name":"ACTI-FLEX, 946 ml \u2013 Ani\u00admal &amp; Human Health AG","isPartOf":{"@id":"https:\/\/a-h-health.ch\/#website"},"primaryImageOfPage":{"@id":"https:\/\/a-h-health.ch\/shop\/acti-flex-946-ml\/#primaryimage"},"image":{"@id":"https:\/\/a-h-health.ch\/shop\/acti-flex-946-ml\/#primaryimage"},"thumbnailUrl":"https:\/\/a-h-health.ch\/wp-content\/uploads\/2022\/03\/Actiflex.jpg","datePublished":"2022-03-18T07:41:43+00:00","dateModified":"2026-03-24T15:48:19+00:00","breadcrumb":{"@id":"https:\/\/a-h-health.ch\/shop\/acti-flex-946-ml\/#breadcrumb"},"inLanguage":"fr-FR","potentialAction":[{"@type":"ReadAction","target":["https:\/\/a-h-health.ch\/shop\/acti-flex-946-ml\/"]}]},{"@type":"ImageObject","inLanguage":"fr-FR","@id":"https:\/\/a-h-health.ch\/shop\/acti-flex-946-ml\/#primaryimage","url":"https:\/\/a-h-health.ch\/wp-content\/uploads\/2022\/03\/Actiflex.jpg","contentUrl":"https:\/\/a-h-health.ch\/wp-content\/uploads\/2022\/03\/Actiflex.jpg","width":1449,"height":1450},{"@type":"BreadcrumbList","@id":"https:\/\/a-h-health.ch\/shop\/acti-flex-946-ml\/#breadcrumb","itemListElement":[{"@type":"ListItem","position":1,"name":"Startseite","item":"https:\/\/a-h-health.ch\/"},{"@type":"ListItem","position":2,"name":"Shop","item":"https:\/\/a-h-health.ch\/shop\/"},{"@type":"ListItem","position":3,"name":"ACTI-FLEX, 946 ml"}]},{"@type":"WebSite","@id":"https:\/\/a-h-health.ch\/#website","url":"https:\/\/a-h-health.ch\/","name":"Ani\u00admal and Human Health AG","description":"Nous som\u00admes vos interlo\u00adcu\u00adteurs lorsqu\u2019il s\u2019a\u00adgit de la san\u00adt\u00e9 pro\u00adfes\u00adsi\u00adon\u00adnel\u00adle et du bien-\u00eatre de vot\u00adre animal.","publisher":{"@id":"https:\/\/a-h-health.ch\/#organization"},"alternateName":"a-h-health","potentialAction":[{"@type":"SearchAction","target":{"@type":"EntryPoint","urlTemplate":"https:\/\/a-h-health.ch\/?s={search_term_string}"},"query-input":{"@type":"PropertyValueSpecification","valueRequired":true,"valueName":"search_term_string"}}],"inLanguage":"fr-FR"},{"@type":"Organization","@id":"https:\/\/a-h-health.ch\/#organization","name":"Ani\u00admal &amp; Human Health AG","url":"https:\/\/a-h-health.ch\/","logo":{"@type":"ImageObject","inLanguage":"fr-FR","@id":"https:\/\/a-h-health.ch\/#\/schema\/logo\/image\/","url":"https:\/\/a-h-health.ch\/wp-content\/uploads\/2020\/12\/Logo-animal-health.jpg","contentUrl":"https:\/\/a-h-health.ch\/wp-content\/uploads\/2020\/12\/Logo-animal-health.jpg","width":653,"height":56,"caption":"Animal & Human Health AG"},"image":{"@id":"https:\/\/a-h-health.ch\/#\/schema\/logo\/image\/"}}]}},"_links":{"self":[{"href":"https:\/\/a-h-health.ch\/fr\/wp-json\/wp\/v2\/product\/12742","targetHints":{"allow":["GET"]}}],"collection":[{"href":"https:\/\/a-h-health.ch\/fr\/wp-json\/wp\/v2\/product"}],"about":[{"href":"https:\/\/a-h-health.ch\/fr\/wp-json\/wp\/v2\/types\/product"}],"wp:featuredmedia":[{"embeddable":true,"href":"https:\/\/a-h-health.ch\/fr\/wp-json\/wp\/v2\/media\/12066"}],"wp:attachment":[{"href":"https:\/\/a-h-health.ch\/fr\/wp-json\/wp\/v2\/media?parent=12742"}],"wp:term":[{"taxonomy":"product_brand","embeddable":true,"href":"https:\/\/a-h-health.ch\/fr\/wp-json\/wp\/v2\/product_brand?post=12742"},{"taxonomy":"product_cat","embeddable":true,"href":"https:\/\/a-h-health.ch\/fr\/wp-json\/wp\/v2\/product_cat?post=12742"},{"taxonomy":"product_tag","embeddable":true,"href":"https:\/\/a-h-health.ch\/fr\/wp-json\/wp\/v2\/product_tag?post=12742"}],"curies":[{"name":"wp","href":"https:\/\/api.w.org\/{rel}","templated":true}]}}