{"id":4632,"date":"2021-02-08T10:54:31","date_gmt":"2021-02-08T10:54:31","guid":{"rendered":"https:\/\/a-h-health.ch\/?page_id=4632"},"modified":"2022-04-20T15:19:30","modified_gmt":"2022-04-20T13:19:30","slug":"agb","status":"publish","type":"page","link":"https:\/\/a-h-health.ch\/fr\/agb\/","title":{"rendered":"CGV"},"content":{"rendered":"<div data-elementor-type=\"wp-page\" data-elementor-id=\"4632\" class=\"elementor elementor-4632\" data-elementor-settings=\"{&quot;element_pack_global_tooltip_width&quot;:{&quot;unit&quot;:&quot;px&quot;,&quot;size&quot;:&quot;&quot;,&quot;sizes&quot;:[]},&quot;element_pack_global_tooltip_width_tablet&quot;:{&quot;unit&quot;:&quot;px&quot;,&quot;size&quot;:&quot;&quot;,&quot;sizes&quot;:[]},&quot;element_pack_global_tooltip_width_mobile&quot;:{&quot;unit&quot;:&quot;px&quot;,&quot;size&quot;:&quot;&quot;,&quot;sizes&quot;:[]},&quot;element_pack_global_tooltip_padding&quot;:{&quot;unit&quot;:&quot;px&quot;,&quot;top&quot;:&quot;&quot;,&quot;right&quot;:&quot;&quot;,&quot;bottom&quot;:&quot;&quot;,&quot;left&quot;:&quot;&quot;,&quot;isLinked&quot;:true},&quot;element_pack_global_tooltip_padding_tablet&quot;:{&quot;unit&quot;:&quot;px&quot;,&quot;top&quot;:&quot;&quot;,&quot;right&quot;:&quot;&quot;,&quot;bottom&quot;:&quot;&quot;,&quot;left&quot;:&quot;&quot;,&quot;isLinked&quot;:true},&quot;element_pack_global_tooltip_padding_mobile&quot;:{&quot;unit&quot;:&quot;px&quot;,&quot;top&quot;:&quot;&quot;,&quot;right&quot;:&quot;&quot;,&quot;bottom&quot;:&quot;&quot;,&quot;left&quot;:&quot;&quot;,&quot;isLinked&quot;:true},&quot;element_pack_global_tooltip_border_radius&quot;:{&quot;unit&quot;:&quot;px&quot;,&quot;top&quot;:&quot;&quot;,&quot;right&quot;:&quot;&quot;,&quot;bottom&quot;:&quot;&quot;,&quot;left&quot;:&quot;&quot;,&quot;isLinked&quot;:true},&quot;element_pack_global_tooltip_border_radius_tablet&quot;:{&quot;unit&quot;:&quot;px&quot;,&quot;top&quot;:&quot;&quot;,&quot;right&quot;:&quot;&quot;,&quot;bottom&quot;:&quot;&quot;,&quot;left&quot;:&quot;&quot;,&quot;isLinked&quot;:true},&quot;element_pack_global_tooltip_border_radius_mobile&quot;:{&quot;unit&quot;:&quot;px&quot;,&quot;top&quot;:&quot;&quot;,&quot;right&quot;:&quot;&quot;,&quot;bottom&quot;:&quot;&quot;,&quot;left&quot;:&quot;&quot;,&quot;isLinked&quot;:true}}\" data-elementor-post-type=\"page\">\n\t\t\t\t\t\t<section class=\"elementor-section elementor-top-section elementor-element elementor-element-6d8e28c6 elementor-section-boxed elementor-section-height-default elementor-section-height-default\" data-id=\"6d8e28c6\" data-element_type=\"section\" data-e-type=\"section\">\n\t\t\t\t\t\t<div class=\"elementor-container elementor-column-gap-default\">\n\t\t\t\t\t<div class=\"elementor-column elementor-col-100 elementor-top-column elementor-element elementor-element-665d612d\" data-id=\"665d612d\" data-element_type=\"column\" data-e-type=\"column\">\n\t\t\t<div class=\"elementor-widget-wrap elementor-element-populated\">\n\t\t\t\t\t\t<div class=\"elementor-element elementor-element-ff967ba elementor-widget elementor-widget-spacer\" data-id=\"ff967ba\" data-element_type=\"widget\" data-e-type=\"widget\" data-widget_type=\"spacer.default\">\n\t\t\t\t<div class=\"elementor-widget-container\">\n\t\t\t\t\t\t\t<div class=\"elementor-spacer\">\n\t\t\t<div class=\"elementor-spacer-inner\"><\/div>\n\t\t<\/div>\n\t\t\t\t\t\t<\/div>\n\t\t\t\t<\/div>\n\t\t\t\t<div class=\"elementor-element elementor-element-d390284 elementor-widget elementor-widget-heading\" data-id=\"d390284\" data-element_type=\"widget\" data-e-type=\"widget\" data-widget_type=\"heading.default\">\n\t\t\t\t<div class=\"elementor-widget-container\">\n\t\t\t\t\t<h2 class=\"elementor-heading-title elementor-size-default\">CGV \u2013 Conditions g\u00e9n\u00e9rales de vente (CGV)<\/h2>\t\t\t\t<\/div>\n\t\t\t\t<\/div>\n\t\t\t\t<div class=\"elementor-element elementor-element-1f8a7672 elementor-widget elementor-widget-text-editor\" data-id=\"1f8a7672\" data-element_type=\"widget\" data-e-type=\"widget\" data-widget_type=\"text-editor.default\">\n\t\t\t\t<div class=\"elementor-widget-container\">\n\t\t\t\t\t\t\t\t\t<p>Con\u00addi\u00adti\u00adons g\u00e9n\u00e9\u00adra\u00adles de ven\u00adte&nbsp;CGV<\/p>\n<ol>\n<li><strong>Champ d\u2019ap\u00adpli\u00adca\u00adti\u00adon<\/strong><br>Les pr\u00e9\u00adsen\u00adtes con\u00addi\u00adti\u00adons g\u00e9n\u00e9\u00adra\u00adles de ven\u00adte s\u2019ap\u00adpli\u00adquent \u00e0 tou\u00adtes les com\u00adman\u00addes pas\u00ads\u00e9es par les cli\u00adentes et cli\u00adents via la bou\u00adtique en ligne www.a\u2011h-health.ch d\u2019Ani\u00admal &amp; Human Health SA. En r\u00e8g\u00adle g\u00e9n\u00e9\u00adra\u00adle, Ani\u00admal &amp; Human Health SA ne liv\u00adre que des pro\u00adfes\u00adsi\u00adon\u00adnels de la&nbsp;sant\u00e9.&nbsp;<br><\/li><li><strong>Exp\u00e9\u00addi\u00adti\u00adon<\/strong><br>L\u2019en\u00advoi est effec\u00adtu\u00e9 uni\u00adquement en Suis\u00adse et dans la Prin\u00adci\u00adpau\u00adt\u00e9 du Lich\u00adten\u00adstein. Les com\u00adman\u00addes \u00e0 par\u00adtir de CHF 200.- sont exemp\u00adtes de frais d\u2019ex\u00adp\u00e9\u00addi\u00adti\u00adon. Pour les com\u00adman\u00addes inf\u00e9\u00adri\u00adeu\u00adres \u00e0 200 CHF, les frais de liv\u00adrai\u00adson de 9 CHF sont ajou\u00adt\u00e9s au prix de ven\u00adte. La r\u00e9cep\u00adti\u00adon d\u2019u\u00adne com\u00adman\u00adde est con\u00adfir\u00adm\u00e9e par e\u2011mail dans un d\u00e9lai de 1 \u00e0 2 jours ouvra\u00adbles.\n<p>La liv\u00adrai\u00adson a lieu en g\u00e9n\u00e9\u00adral 3 \u00e0 4 jours ouvra\u00adbles apr\u00e8s r\u00e9cep\u00adti\u00adon de la commande.<\/p>\n<p>Aucun d\u00e9dom\u00adma\u00adge\u00adment ne peut \u00eatre r\u00e9cla\u00adm\u00e9 pour la pos\u00adsi\u00adbi\u00adli\u00adt\u00e9 que la liv\u00adrai\u00adson com\u00adman\u00add\u00e9e n\u2019ar\u00adri\u00adve pas \u00e0 la date de liv\u00adrai\u00adson convenue.<\/p>\n<\/li>\n<li><strong>Prix<\/strong><br>Tous les prix sont en CHF (francs suis\u00adses), TVA non com\u00adpri\u00adse. Les prix ne sont affi\u00adch\u00e9s qu\u2019a\u00adpr\u00e8s enre\u00adgi\u00adstre\u00adment. Les pro\u00adfes\u00adsi\u00adon\u00adnels de la san\u00adt\u00e9 ne ver\u00adront le prix d\u2019achat qu\u2019a\u00adpr\u00e8s la vali\u00adda\u00adti\u00adon de leur comp\u00adte par Ani\u00admal &amp; Human Health AG.<br><\/li>\n<li><strong>Pai\u00adement<\/strong><br>La fac\u00adtu\u00adre doit \u00eatre r\u00e9gl\u00e9e dans les 10&nbsp;jours.<\/li>\n<li><strong>Inscrip\u00adti\u00adon<\/strong><br>En vous enre\u00adgi\u00adstrant, vous vous iden\u00adti\u00adfiez com\u00adme cli\u00adent et pou\u00advez ache\u00adter les artic\u00adles dans not\u00adre bou\u00adtique. En r\u00e8g\u00adle g\u00e9n\u00e9\u00adra\u00adle, Ani\u00admal &amp; Human Health SA ne liv\u00adre que les pro\u00adfes\u00adsi\u00adon\u00adnels de la&nbsp;sant\u00e9.&nbsp;<\/li>\n<li><strong>Garan\u00adtie<\/strong><br>Nous garan\u00adtis\u00adsons le par\u00adfait \u00e9tat de la mar\u00adchan\u00addi\u00adse que vous avez com\u00adman\u00add\u00e9e. Nous ne pou\u00advons pas garan\u00adtir l\u2019ef\u00adfi\u00adca\u00adci\u00adt\u00e9 des pro\u00adduits. Veuil\u00adlez con\u00adsul\u00adter les noti\u00adces d\u2019em\u00adbal\u00adla\u00adge et les infor\u00adma\u00adti\u00adons sur les pro\u00adduits. Nous d\u00e9cli\u00adnons tou\u00adte responsa\u00adbi\u00adli\u00adt\u00e9 pour les con\u00ads\u00e9\u00adquen\u00adces r\u00e9sul\u00adtant d\u2019u\u00adne uti\u00adli\u00adsa\u00adti\u00adon non con\u00adfor\u00adme. Atten\u00adti\u00adon en cas d\u2019all\u00ader\u00adgie \u00e0 d\u2019\u00e9\u00adven\u00adtuels ingr\u00e9dients.&nbsp;<\/li>\n<li><strong>\u00c9change\/retour<\/strong><br>Tous les pro\u00adduits ne peu\u00advent \u00eatre repris que s\u2019ils n\u2019ont pas \u00e9t\u00e9 ouverts et uti\u00adli\u00ads\u00e9s, qu\u2019ils sont en par\u00adfait \u00e9tat et dans leur embal\u00adla\u00adge d\u2019o\u00adri\u00adgi\u00adne. Les pro\u00adduits pou\u00advant \u00eatre retour\u00adn\u00e9s peu\u00advent \u00eatre ren\u00advoy\u00ad\u00e9s dans les 10 jours par cour\u00adri\u00ader enre\u00adgi\u00adstr\u00e9. Les frais de port et de manu\u00adten\u00adti\u00adon occa\u00adsi\u00adonn\u00e9s sont \u00e0 la char\u00adge du client\/de la cli\u00adente. Adres\u00adse pour les retours :<br>Ani\u00admal &amp; Human Health AG, M\u00fch\u00adle\u00adgas\u00adse 36, CH-6340 Baar, e\u2011mail info@a\u2011h-health.ch<\/li>\n<li><strong>Pro\u00adtec\u00adtion des don\u00adn\u00e9es<\/strong><br>Nous som\u00admes sou\u00admis au secret m\u00e9di\u00adcal et n\u2019en\u00adre\u00adgi\u00adstrons que les don\u00adn\u00e9es n\u00e9ces\u00adsaires au ser\u00advice \u00e0 la cli\u00adent\u00e8le. Pour en savoir plus, con\u00adsul\u00adtez not\u00adre d\u00e9cla\u00adra\u00adti\u00adon de confidentialit\u00e9.<\/li>\n<li><strong>Modi\u00adfi\u00adca\u00adti\u00adons des con\u00addi\u00adti\u00adons g\u00e9n\u00e9\u00adra\u00adles<\/strong><br>Les con\u00addi\u00adti\u00adons g\u00e9n\u00e9\u00adra\u00adles peu\u00advent \u00eatre modi\u00adfi\u00ad\u00e9es \u00e0 tout moment \u00e0 l\u2019initia\u00adti\u00adve d\u2019Ani\u00admal &amp; Human Health. Date de la der\u00adni\u00e8\u00adre ver\u00adsi\u00adon des con\u00addi\u00adti\u00adons g\u00e9n\u00e9\u00adra\u00adles : 20.04.2022<\/li>\n<\/ol>\n<p><\/p>\n<p><strong>\u00a7 1 Uti\u00adli\u00adsa\u00adteur<\/strong><br>En tant qu\u2019\u00aduti\u00adli\u00adsa\u00adteur de ces con\u00addi\u00adti\u00adons g\u00e9n\u00e9rales<\/p>\n<p><\/p>\n<p>Ani\u00admal &amp; Human Health AG<br>36, rue du Moulin<br>CH-6340 Baar<\/p>\n<p><\/p>\n<p><strong>\u00a7 2 Champ d\u2019ap\u00adpli\u00adca\u00adti\u00adon<\/strong><br>Les pr\u00e9\u00adsen\u00adtes con\u00addi\u00adti\u00adons g\u00e9n\u00e9\u00adra\u00adles s\u2019ap\u00adpli\u00adquent \u00e0 tous les actes juri\u00addi\u00adques. En r\u00e8g\u00adle g\u00e9n\u00e9\u00adra\u00adle, Ani\u00admal &amp; Human Health SA ne liv\u00adre que des per\u00adson\u00adnes du sec\u00adteur m\u00e9dical.&nbsp;<\/p>\n<p><\/p>\n<p><strong>\u00a7 3 Con\u00adclu\u00adsi\u00adon du cont\u00adrat et enre\u00adgi\u00adstre\u00adment du tex\u00adte du cont\u00adrat<\/strong><br>Les dis\u00adpo\u00adsi\u00adti\u00adons des pr\u00e9\u00adsen\u00adtes CG s\u2019ap\u00adpli\u00adquent aux com\u00adman\u00addes pas\u00ads\u00e9es par les cli\u00adents sur le site Inter\u00adnet www.a\u2011h-health.ch. En r\u00e8g\u00adle g\u00e9n\u00e9\u00adra\u00adle, Ani\u00admal &amp; Human Health SA ne liv\u00adre que les pro\u00adfes\u00adsi\u00adon\u00adnels de la&nbsp;sant\u00e9.&nbsp;<\/p>\n<p><\/p>\n<p>Le cont\u00adrat est con\u00adclu avec l\u2019uti\u00adli\u00adsa\u00adteur (voir \u00a7&nbsp;1).<\/p>\n<p><\/p>\n<p>La pr\u00e9\u00adsen\u00adta\u00adti\u00adon et la descrip\u00adti\u00adon des mar\u00adchan\u00addi\u00adses sur le site Inter\u00adnet de la bou\u00adtique www.a\u2011h-health.ch\/.ch ne con\u00adsti\u00adtu\u00adent pas une off\u00adre de contrat.<\/p>\n<p><\/p>\n<p>En com\u00adman\u00addant une mar\u00adchan\u00addi\u00adse par un clic sur le bou\u00adton \u201ccom\u00adman\u00adde payan\u00adte\u201d \u00e0 la fin du pro\u00adces\u00adsus de com\u00adman\u00adde, un con\u00adsom\u00adma\u00adteur fait une off\u00adre fer\u00adme pour la con\u00adclu\u00adsi\u00adon d\u2019un cont\u00adrat de ven\u00adte. Ce n\u2019est qu\u2019a\u00advec l\u2019en\u00advoi d\u2019u\u00adne con\u00adfir\u00adma\u00adti\u00adon de com\u00adman\u00adde par e\u2011mail par l\u2019uti\u00adli\u00adsa\u00adteur que la con\u00adclu\u00adsi\u00adon du cont\u00adrat est effective.<\/p>\n<p><\/p>\n<p>Le tex\u00adte du cont\u00adrat est enre\u00adgi\u00adstr\u00e9 lors des com\u00adman\u00addes. Les con\u00adsom\u00adma\u00adteurs re\u00e7oi\u00advent un e\u2011mail con\u00adtenant les don\u00adn\u00e9es de la com\u00adman\u00adde et les con\u00addi\u00adti\u00adons g\u00e9n\u00e9\u00adra\u00adles de ven\u00adte appli\u00adca\u00adbles. Une fois le cont\u00adrat con\u00adclu, les don\u00adn\u00e9es de la com\u00adman\u00adde ne sont plus con\u00adsul\u00adta\u00adbles en&nbsp;ligne.<\/p>\n<p><\/p>\n<p><strong>\u00a7 4 Pai\u00adement<\/strong><br>La TVA et les aut\u00adres \u00e9l\u00e9\u00adments de prix sont inclus dans les prix indi\u00adqu\u00e9s. Les frais d\u2019ex\u00adp\u00e9\u00addi\u00adti\u00adon ne sont pas inclus dans le prix affi\u00adch\u00e9 et peu\u00advent \u00eatre fac\u00adtu\u00adr\u00e9s en sus.<br>Les opti\u00adons de pai\u00adement sui\u00advan\u00adtes sont \u00e0 la dis\u00adpo\u00adsi\u00adti\u00adon des consommateurs&nbsp;:<\/p>\n<p><\/p>\n<ul class=\"wp-block-list\">\n<li>Sur fac\u00adtu\u00adre<\/li>\n<\/ul>\n<p><\/p>\n<p><strong><br>\u00a7 5 Liv\u00adrai\u00adson, rest\u00adric\u00adtions de liv\u00adrai\u00adson<\/strong><br>En r\u00e8g\u00adle g\u00e9n\u00e9\u00adra\u00adle, la liv\u00adrai\u00adson s\u2019ef\u00adfec\u00adtue dans un d\u00e9lai de 3 \u00e0 4 jours ouvra\u00adbles, sauf indi\u00adca\u00adti\u00adon con\u00adtrai\u00adre dans la descrip\u00adti\u00adon du pro\u00adduit choisi.<\/p>\n<p><strong>\u00a7 6 Trans\u00adfert des ris\u00adques<\/strong><br>Le ris\u00adqu\u00e9 de d\u00e9t\u00e9\u00adrio\u00adra\u00adti\u00adon ou de per\u00adte acci\u00adden\u00adtel\u00adle des mar\u00adchan\u00addi\u00adses incom\u00adbe \u00e0 l\u2019uti\u00adli\u00adsa\u00adteur jus\u00adqu\u2019\u00e0 la remi\u00adse des mar\u00adchan\u00addi\u00adses et est trans\u00adf\u00e9\u00adr\u00e9 au con\u00adsom\u00adma\u00adteur au moment de la remi\u00adse des marchandises.<\/p>\n<p><\/p>\n<p><strong>\u00a7 7 R\u00e9ser\u00adve de pro\u00adpri\u00e9\u00adt\u00e9<\/strong><br>L\u2019uti\u00adli\u00adsa\u00adteur se r\u00e9ser\u00adve la pro\u00adpri\u00e9\u00adt\u00e9 de la mar\u00adchan\u00addi\u00adse jus\u00adqu\u2019\u00e0 la r\u00e9cep\u00adti\u00adon com\u00adpl\u00e8\u00adte du prix d\u2019achat.<\/p>\n<p><\/p>\n<p><strong>\u00a7 8 Garan\u00adtie<\/strong><br>Les r\u00e8gles de garan\u00adtie l\u00e9ga\u00adles s\u2019appliquent.<\/p>\n<p><\/p>\t\t\t\t\t\t\t\t<\/div>\n\t\t\t\t<\/div>\n\t\t\t\t\t<\/div>\n\t\t<\/div>\n\t\t\t\t\t<\/div>\n\t\t<\/section>\n\t\t\t\t<\/div>","protected":false},"excerpt":{"rendered":"<p>AGB \u2013 Allgemeine Gesch\u00e4ftsbedingungen (AGB) Allgemeine Gesch\u00e4ftsbedingungen AGB GeltungsbereichDiese Allgemeinen Gesch\u00e4ftsbedingungen sind g\u00fcltig f\u00fcr s\u00e4mtliche Bestellungen von Kundinnen und Kunden, die \u00fcber den Online Shop www.a-h-health.ch der Animal &amp; Human Health AG bestellen. In der Regel beliefert Animal &amp; Human Health AG nur Medizinalpersonen. VersandDer Versand erfolgt nur innerhalb der Schweiz und dem F\u00fcrstentum Lichtenstein. [&hellip;]<\/p>\n","protected":false},"author":1,"featured_media":0,"parent":0,"menu_order":16,"comment_status":"closed","ping_status":"closed","template":"","meta":{"wp_typography_post_enhancements_disabled":false,"footnotes":""},"class_list":["post-4632","page","type-page","status-publish","hentry"],"yoast_head":"<!-- This site is optimized with the Yoast SEO plugin v27.4 - https:\/\/yoast.com\/product\/yoast-seo-wordpress\/ -->\n<title>AGB - Animal &amp; Human Health AG<\/title>\n<meta name=\"description\" content=\"Wir sind Ihre Ansprechpartner, wenn es um die professionelle Gesundheit und das Wohl ihres Tieres geht.\" \/>\n<meta name=\"robots\" content=\"index, follow, max-snippet:-1, max-image-preview:large, max-video-preview:-1\" \/>\n<link rel=\"canonical\" href=\"https:\/\/a-h-health.ch\/fr\/agb\/\" \/>\n<meta property=\"og:locale\" content=\"fr_FR\" \/>\n<meta property=\"og:type\" content=\"article\" \/>\n<meta property=\"og:title\" content=\"AGB - Animal &amp; Human Health AG\" \/>\n<meta property=\"og:description\" content=\"Wir sind Ihre Ansprechpartner, wenn es um die professionelle Gesundheit und das Wohl ihres Tieres geht.\" \/>\n<meta property=\"og:url\" content=\"https:\/\/a-h-health.ch\/fr\/agb\/\" \/>\n<meta property=\"og:site_name\" content=\"Animal &amp; Human Health AG\" \/>\n<meta property=\"article:modified_time\" content=\"2022-04-20T13:19:30+00:00\" \/>\n<meta name=\"twitter:card\" content=\"summary_large_image\" \/>\n<meta name=\"twitter:label1\" content=\"Dur\u00e9e de lecture estim\u00e9e\" \/>\n\t<meta name=\"twitter:data1\" content=\"4 minutes\" \/>\n<script type=\"application\/ld+json\" class=\"yoast-schema-graph\">{\"@context\":\"https:\\\/\\\/schema.org\",\"@graph\":[{\"@type\":\"WebPage\",\"@id\":\"https:\\\/\\\/a-h-health.ch\\\/agb\\\/\",\"url\":\"https:\\\/\\\/a-h-health.ch\\\/agb\\\/\",\"name\":\"AGB - Animal &amp; Human Health AG\",\"isPartOf\":{\"@id\":\"https:\\\/\\\/a-h-health.ch\\\/#website\"},\"datePublished\":\"2021-02-08T10:54:31+00:00\",\"dateModified\":\"2022-04-20T13:19:30+00:00\",\"description\":\"Wir sind Ihre Ansprechpartner, wenn es um die professionelle Gesundheit und das Wohl ihres Tieres geht.\",\"breadcrumb\":{\"@id\":\"https:\\\/\\\/a-h-health.ch\\\/agb\\\/#breadcrumb\"},\"inLanguage\":\"fr-FR\",\"potentialAction\":[{\"@type\":\"ReadAction\",\"target\":[\"https:\\\/\\\/a-h-health.ch\\\/agb\\\/\"]}]},{\"@type\":\"BreadcrumbList\",\"@id\":\"https:\\\/\\\/a-h-health.ch\\\/agb\\\/#breadcrumb\",\"itemListElement\":[{\"@type\":\"ListItem\",\"position\":1,\"name\":\"Startseite\",\"item\":\"https:\\\/\\\/a-h-health.ch\\\/\"},{\"@type\":\"ListItem\",\"position\":2,\"name\":\"AGB\"}]},{\"@type\":\"WebSite\",\"@id\":\"https:\\\/\\\/a-h-health.ch\\\/#website\",\"url\":\"https:\\\/\\\/a-h-health.ch\\\/\",\"name\":\"Animal and Human Health AG\",\"description\":\"Wir sind Ihre Ansprechpartner, wenn es um die professionelle Gesundheit und das Wohl ihres Tieres geht.\",\"publisher\":{\"@id\":\"https:\\\/\\\/a-h-health.ch\\\/#organization\"},\"alternateName\":\"a-h-health\",\"potentialAction\":[{\"@type\":\"SearchAction\",\"target\":{\"@type\":\"EntryPoint\",\"urlTemplate\":\"https:\\\/\\\/a-h-health.ch\\\/?s={search_term_string}\"},\"query-input\":{\"@type\":\"PropertyValueSpecification\",\"valueRequired\":true,\"valueName\":\"search_term_string\"}}],\"inLanguage\":\"fr-FR\"},{\"@type\":\"Organization\",\"@id\":\"https:\\\/\\\/a-h-health.ch\\\/#organization\",\"name\":\"Animal & Human Health AG\",\"url\":\"https:\\\/\\\/a-h-health.ch\\\/\",\"logo\":{\"@type\":\"ImageObject\",\"inLanguage\":\"fr-FR\",\"@id\":\"https:\\\/\\\/a-h-health.ch\\\/#\\\/schema\\\/logo\\\/image\\\/\",\"url\":\"https:\\\/\\\/a-h-health.ch\\\/wp-content\\\/uploads\\\/2020\\\/12\\\/Logo-animal-health.jpg\",\"contentUrl\":\"https:\\\/\\\/a-h-health.ch\\\/wp-content\\\/uploads\\\/2020\\\/12\\\/Logo-animal-health.jpg\",\"width\":653,\"height\":56,\"caption\":\"Animal & Human Health AG\"},\"image\":{\"@id\":\"https:\\\/\\\/a-h-health.ch\\\/#\\\/schema\\\/logo\\\/image\\\/\"}}]}<\/script>\n<!-- \/ Yoast SEO plugin. -->","yoast_head_json":{"title":"AGB \u2013 Ani\u00admal &amp; Human Health AG","description":"Nous som\u00admes vos interlo\u00adcu\u00adteurs lorsqu\u2019il s\u2019a\u00adgit de la san\u00adt\u00e9 pro\u00adfes\u00adsi\u00adon\u00adnel\u00adle et du bien-\u00eatre de vot\u00adre animal.","robots":{"index":"index","follow":"follow","max-snippet":"max-snippet:-1","max-image-preview":"max-image-preview:large","max-video-preview":"max-video-preview:-1"},"canonical":"https:\/\/a-h-health.ch\/fr\/agb\/","og_locale":"fr_FR","og_type":"article","og_title":"AGB - Animal &amp; Human Health AG","og_description":"Wir sind Ihre Ansprechpartner, wenn es um die professionelle Gesundheit und das Wohl ihres Tieres geht.","og_url":"https:\/\/a-h-health.ch\/fr\/agb\/","og_site_name":"Animal &amp; Human Health AG","article_modified_time":"2022-04-20T13:19:30+00:00","twitter_card":"summary_large_image","twitter_misc":{"Dur\u00e9e de lecture estim\u00e9e":"4 minutes"},"schema":{"@context":"https:\/\/schema.org","@graph":[{"@type":"WebPage","@id":"https:\/\/a-h-health.ch\/agb\/","url":"https:\/\/a-h-health.ch\/agb\/","name":"AGB \u2013 Ani\u00admal &amp; Human Health AG","isPartOf":{"@id":"https:\/\/a-h-health.ch\/#website"},"datePublished":"2021-02-08T10:54:31+00:00","dateModified":"2022-04-20T13:19:30+00:00","description":"Nous som\u00admes vos interlo\u00adcu\u00adteurs lorsqu\u2019il s\u2019a\u00adgit de la san\u00adt\u00e9 pro\u00adfes\u00adsi\u00adon\u00adnel\u00adle et du bien-\u00eatre de vot\u00adre animal.","breadcrumb":{"@id":"https:\/\/a-h-health.ch\/agb\/#breadcrumb"},"inLanguage":"fr-FR","potentialAction":[{"@type":"ReadAction","target":["https:\/\/a-h-health.ch\/agb\/"]}]},{"@type":"BreadcrumbList","@id":"https:\/\/a-h-health.ch\/agb\/#breadcrumb","itemListElement":[{"@type":"ListItem","position":1,"name":"Startseite","item":"https:\/\/a-h-health.ch\/"},{"@type":"ListItem","position":2,"name":"AGB"}]},{"@type":"WebSite","@id":"https:\/\/a-h-health.ch\/#website","url":"https:\/\/a-h-health.ch\/","name":"Ani\u00admal and Human Health AG","description":"Nous som\u00admes vos interlo\u00adcu\u00adteurs lorsqu\u2019il s\u2019a\u00adgit de la san\u00adt\u00e9 pro\u00adfes\u00adsi\u00adon\u00adnel\u00adle et du bien-\u00eatre de vot\u00adre animal.","publisher":{"@id":"https:\/\/a-h-health.ch\/#organization"},"alternateName":"a-h-health","potentialAction":[{"@type":"SearchAction","target":{"@type":"EntryPoint","urlTemplate":"https:\/\/a-h-health.ch\/?s={search_term_string}"},"query-input":{"@type":"PropertyValueSpecification","valueRequired":true,"valueName":"search_term_string"}}],"inLanguage":"fr-FR"},{"@type":"Organization","@id":"https:\/\/a-h-health.ch\/#organization","name":"Ani\u00admal &amp; Human Health AG","url":"https:\/\/a-h-health.ch\/","logo":{"@type":"ImageObject","inLanguage":"fr-FR","@id":"https:\/\/a-h-health.ch\/#\/schema\/logo\/image\/","url":"https:\/\/a-h-health.ch\/wp-content\/uploads\/2020\/12\/Logo-animal-health.jpg","contentUrl":"https:\/\/a-h-health.ch\/wp-content\/uploads\/2020\/12\/Logo-animal-health.jpg","width":653,"height":56,"caption":"Animal & Human Health AG"},"image":{"@id":"https:\/\/a-h-health.ch\/#\/schema\/logo\/image\/"}}]}},"_links":{"self":[{"href":"https:\/\/a-h-health.ch\/fr\/wp-json\/wp\/v2\/pages\/4632","targetHints":{"allow":["GET"]}}],"collection":[{"href":"https:\/\/a-h-health.ch\/fr\/wp-json\/wp\/v2\/pages"}],"about":[{"href":"https:\/\/a-h-health.ch\/fr\/wp-json\/wp\/v2\/types\/page"}],"author":[{"embeddable":true,"href":"https:\/\/a-h-health.ch\/fr\/wp-json\/wp\/v2\/users\/1"}],"replies":[{"embeddable":true,"href":"https:\/\/a-h-health.ch\/fr\/wp-json\/wp\/v2\/comments?post=4632"}],"version-history":[{"count":0,"href":"https:\/\/a-h-health.ch\/fr\/wp-json\/wp\/v2\/pages\/4632\/revisions"}],"wp:attachment":[{"href":"https:\/\/a-h-health.ch\/fr\/wp-json\/wp\/v2\/media?parent=4632"}],"curies":[{"name":"wp","href":"https:\/\/api.w.org\/{rel}","templated":true}]}}