{"id":17487,"date":"2025-05-12T13:05:23","date_gmt":"2025-05-12T11:05:23","guid":{"rendered":"https:\/\/a-h-health.mediawork.ch\/?page_id=17487"},"modified":"2026-01-26T08:57:41","modified_gmt":"2026-01-26T07:57:41","slug":"vivomixx","status":"publish","type":"page","link":"https:\/\/a-h-health.ch\/fr\/sortiment\/vivomixx\/","title":{"rendered":"Vivo\u00admixx&nbsp;Neo"},"content":{"rendered":"<div data-elementor-type=\"wp-page\" data-elementor-id=\"17487\" class=\"elementor elementor-17487\" data-elementor-settings=\"{&quot;element_pack_global_tooltip_width&quot;:{&quot;unit&quot;:&quot;px&quot;,&quot;size&quot;:&quot;&quot;,&quot;sizes&quot;:[]},&quot;element_pack_global_tooltip_width_tablet&quot;:{&quot;unit&quot;:&quot;px&quot;,&quot;size&quot;:&quot;&quot;,&quot;sizes&quot;:[]},&quot;element_pack_global_tooltip_width_mobile&quot;:{&quot;unit&quot;:&quot;px&quot;,&quot;size&quot;:&quot;&quot;,&quot;sizes&quot;:[]},&quot;element_pack_global_tooltip_padding&quot;:{&quot;unit&quot;:&quot;px&quot;,&quot;top&quot;:&quot;&quot;,&quot;right&quot;:&quot;&quot;,&quot;bottom&quot;:&quot;&quot;,&quot;left&quot;:&quot;&quot;,&quot;isLinked&quot;:true},&quot;element_pack_global_tooltip_padding_tablet&quot;:{&quot;unit&quot;:&quot;px&quot;,&quot;top&quot;:&quot;&quot;,&quot;right&quot;:&quot;&quot;,&quot;bottom&quot;:&quot;&quot;,&quot;left&quot;:&quot;&quot;,&quot;isLinked&quot;:true},&quot;element_pack_global_tooltip_padding_mobile&quot;:{&quot;unit&quot;:&quot;px&quot;,&quot;top&quot;:&quot;&quot;,&quot;right&quot;:&quot;&quot;,&quot;bottom&quot;:&quot;&quot;,&quot;left&quot;:&quot;&quot;,&quot;isLinked&quot;:true},&quot;element_pack_global_tooltip_border_radius&quot;:{&quot;unit&quot;:&quot;px&quot;,&quot;top&quot;:&quot;&quot;,&quot;right&quot;:&quot;&quot;,&quot;bottom&quot;:&quot;&quot;,&quot;left&quot;:&quot;&quot;,&quot;isLinked&quot;:true},&quot;element_pack_global_tooltip_border_radius_tablet&quot;:{&quot;unit&quot;:&quot;px&quot;,&quot;top&quot;:&quot;&quot;,&quot;right&quot;:&quot;&quot;,&quot;bottom&quot;:&quot;&quot;,&quot;left&quot;:&quot;&quot;,&quot;isLinked&quot;:true},&quot;element_pack_global_tooltip_border_radius_mobile&quot;:{&quot;unit&quot;:&quot;px&quot;,&quot;top&quot;:&quot;&quot;,&quot;right&quot;:&quot;&quot;,&quot;bottom&quot;:&quot;&quot;,&quot;left&quot;:&quot;&quot;,&quot;isLinked&quot;:true}}\" data-elementor-post-type=\"page\">\n\t\t\t\t<div class=\"elementor-element elementor-element-d610fbc e-flex e-con-boxed e-con e-parent\" data-id=\"d610fbc\" data-element_type=\"container\" data-e-type=\"container\">\n\t\t\t\t\t<div class=\"e-con-inner\">\n\t\t<div class=\"elementor-element elementor-element-423ca49 e-con-full e-flex e-con e-child\" data-id=\"423ca49\" data-element_type=\"container\" data-e-type=\"container\">\n\t\t\t\t<div class=\"elementor-element elementor-element-a3db1ce elementor-widget elementor-widget-image\" data-id=\"a3db1ce\" data-element_type=\"widget\" data-e-type=\"widget\" data-widget_type=\"image.default\">\n\t\t\t\t<div class=\"elementor-widget-container\">\n\t\t\t\t\t\t\t\t\t\t\t\t\t\t\t<img fetchpriority=\"high\" decoding=\"async\" width=\"612\" height=\"928\" src=\"https:\/\/a-h-health.ch\/wp-content\/uploads\/2025\/05\/vivomixx-neo-9-460.png\" class=\"attachment-full size-full wp-image-17489\" alt srcset=\"https:\/\/a-h-health.ch\/wp-content\/uploads\/2025\/05\/vivomixx-neo-9-460.png 612w, https:\/\/a-h-health.ch\/wp-content\/uploads\/2025\/05\/vivomixx-neo-9-460-198x300.png 198w, https:\/\/a-h-health.ch\/wp-content\/uploads\/2025\/05\/vivomixx-neo-9-460-8x12.png 8w, https:\/\/a-h-health.ch\/wp-content\/uploads\/2025\/05\/vivomixx-neo-9-460-500x758.png 500w\" sizes=\"(max-width: 612px) 100vw, 612px\">\t\t\t\t\t\t\t\t\t\t\t\t\t\t\t<\/div>\n\t\t\t\t<\/div>\n\t\t\t\t<\/div>\n\t\t<div class=\"elementor-element elementor-element-ef1551a e-con-full e-flex e-con e-child\" data-id=\"ef1551a\" data-element_type=\"container\" data-e-type=\"container\">\n\t\t\t\t<div class=\"elementor-element elementor-element-db5cc3e elementor-widget elementor-widget-heading\" data-id=\"db5cc3e\" data-element_type=\"widget\" data-e-type=\"widget\" data-widget_type=\"heading.default\">\n\t\t\t\t<div class=\"elementor-widget-container\">\n\t\t\t\t\t<h2 class=\"elementor-heading-title elementor-size-default\">Vivomixx Neo<sup>\u00ae<\/sup><\/h2>\t\t\t\t<\/div>\n\t\t\t\t<\/div>\n\t\t\t\t<div class=\"elementor-element elementor-element-1a21122 elementor-widget elementor-widget-text-editor\" data-id=\"1a21122\" data-element_type=\"widget\" data-e-type=\"widget\" data-widget_type=\"text-editor.default\">\n\t\t\t\t<div class=\"elementor-widget-container\">\n\t\t\t\t\t\t\t\t\t<p>Le stress, les anti\u00adbio\u00adti\u00adques ou un r\u00e9gime peu\u00advent pro\u00advo\u00adquer des pro\u00adbl\u00e8\u00admes intestinaux et dige\u00adstifs. Vivo\u00adMixx Neo<sup>\u00ae<\/sup>&nbsp;revi\u00adsed for\u00admu\u00adla\u00adti\u00adon aide \u00e0 r\u00e9ta\u00adb\u00adlir l\u2019\u00e9\u00adqui\u00adlib\u00adre de la flo\u00adre intesti\u00adna\u00adle gr\u00e2\u00adce \u00e0 un m\u00e9lan\u00adge de 460 mil\u00adli\u00adards de bac\u00adt\u00e9\u00adries lac\u00adti\u00adques et de bifi\u00addo\u00adbac\u00adt\u00e9\u00adries, notam\u00adment en cas de pri\u00adse d\u2019an\u00adti\u00adbio\u00adti\u00adques ou apr\u00e8s leur arr\u00eat. Mais un sou\u00adti\u00aden de la flo\u00adre intesti\u00adna\u00adle peut \u00e9ga\u00adle\u00adment \u00eatre uti\u00adle en cas d\u2019in\u00adfec\u00adtion gastro-intesti\u00adna\u00adle, de diar\u00adrh\u00e9e, de fla\u00adtu\u00adlen\u00adces ou d\u2019allergies.<\/p><p>Une flo\u00adre intesti\u00adna\u00adle sai\u00adne rend plus r\u00e9si\u00adstant aux infec\u00adtions. Une bon\u00adne flo\u00adre intesti\u00adna\u00adle et une muqueu\u00adse intesti\u00adna\u00adle sai\u00adne sou\u00adti\u00aden\u00adnent la dige\u00adsti\u00adon et sont importan\u00adtes en tant que bar\u00adri\u00e8\u00adre m\u00e9ca\u00adni\u00adque. Cet\u00adte bar\u00adri\u00e8\u00adre intesti\u00adna\u00adle a pour mis\u00adsi\u00adon de repous\u00adser les ger\u00admes et les virus nui\u00adsi\u00adbles \u00e0 la san\u00adt\u00e9. Il est ain\u00adsi plus dif\u00adfi\u00adci\u00adle pour les agents patho\u00adg\u00e8\u00adnes d\u2019ad\u00adh\u00e9\u00adrer \u00e0 la paroi intesti\u00adna\u00adle ou m\u00eame de p\u00e9n\u00e9\u00adtrer dans la cir\u00adcula\u00adti\u00adon sanguine.<\/p><p>Les bac\u00adt\u00e9\u00adries intesti\u00adna\u00adles aident \u00e0 d\u00e9com\u00adpo\u00adser les glu\u00adci\u00addes com\u00adple\u00adxes, les fibres et les pro\u00adt\u00e9\u00adi\u00adnes et pro\u00addui\u00adsent des nut\u00adri\u00adments que nos cel\u00adlu\u00adles peu\u00advent absor\u00adber et uti\u00adli\u00adser pour pro\u00addui\u00adre de l\u2019\u00e9nergie.<\/p><p><em>Non auto\u00adri\u00ads\u00e9 pour l\u2019a\u00adli\u00admen\u00adta\u00adti\u00adon ani\u00adma\u00adle<\/em>.<\/p><p>&nbsp;<\/p>\t\t\t\t\t\t\t\t<\/div>\n\t\t\t\t<\/div>\n\t\t\t\t<div class=\"elementor-element elementor-element-43dafe2 elementor-align-left elementor-widget elementor-widget-button\" data-id=\"43dafe2\" data-element_type=\"widget\" data-e-type=\"widget\" data-widget_type=\"button.default\">\n\t\t\t\t<div class=\"elementor-widget-container\">\n\t\t\t\t\t\t\t\t\t<div class=\"elementor-button-wrapper\">\n\t\t\t\t\t<a class=\"elementor-button elementor-button-link elementor-size-sm\" href=\"https:\/\/a-h-health.ch\/fr\/shop\/?wpf_filter_cat_2=578&amp;all_products_filtering=1\">\n\t\t\t\t\t\t<span class=\"elementor-button-content-wrapper\">\n\t\t\t\t\t\t\t\t\t<span class=\"elementor-button-text\">acc\u00e9\u00adder \u00e0 la boutique<\/span>\n\t\t\t\t\t<\/span>\n\t\t\t\t\t<\/a>\n\t\t\t\t<\/div>\n\t\t\t\t\t\t\t\t<\/div>\n\t\t\t\t<\/div>\n\t\t\t\t<div class=\"elementor-element elementor-element-5d4ce09 elementor-align-left elementor-widget elementor-widget-button\" data-id=\"5d4ce09\" data-element_type=\"widget\" data-e-type=\"widget\" data-widget_type=\"button.default\">\n\t\t\t\t<div class=\"elementor-widget-container\">\n\t\t\t\t\t\t\t\t\t<div class=\"elementor-button-wrapper\">\n\t\t\t\t\t<a class=\"elementor-button elementor-button-link elementor-size-sm\" href=\"https:\/\/vivomixx.pro\/\">\n\t\t\t\t\t\t<span class=\"elementor-button-content-wrapper\">\n\t\t\t\t\t\t\t\t\t<span class=\"elementor-button-text\">En savoir plus sur Vivio\u00admixx&nbsp;Neo<\/span>\n\t\t\t\t\t<\/span>\n\t\t\t\t\t<\/a>\n\t\t\t\t<\/div>\n\t\t\t\t\t\t\t\t<\/div>\n\t\t\t\t<\/div>\n\t\t\t\t<\/div>\n\t\t\t\t\t<\/div>\n\t\t\t\t<\/div>\n\t\t<div class=\"elementor-element elementor-element-0d6c3d9 e-con-full e-flex e-con e-parent\" data-id=\"0d6c3d9\" data-element_type=\"container\" data-e-type=\"container\">\n\t\t\t\t<div class=\"elementor-element elementor-element-68e5c91 bdt-navigation-type-arrows bdt-carousel-style-carousel elementor-widget elementor-widget-bdt-wc-carousel\" data-id=\"68e5c91\" data-element_type=\"widget\" data-e-type=\"widget\" data-widget_type=\"bdt-wc-carousel.default\">\n\t\t\t\t<div class=\"elementor-widget-container\">\n\t\t\t\t\t\t\t<div id=\"bdt-wc-carousel-68e5c91\" class=\"bdt-arrows-align-center bdt-wc-carousel bdt-wc-carousel-skin-default\" data-settings=\"{&quot;autoplay&quot;:{&quot;delay&quot;:5000,&quot;disableOnInteraction&quot;:false},&quot;loop&quot;:true,&quot;speed&quot;:500,&quot;slidesPerView&quot;:1,&quot;slidesPerGroup&quot;:1,&quot;effect&quot;:&quot;carousel&quot;,&quot;breakpoints&quot;:{&quot;767&quot;:{&quot;slidesPerView&quot;:2,&quot;spaceBetween&quot;:8,&quot;slidesPerGroup&quot;:1},&quot;979&quot;:{&quot;slidesPerView&quot;:2,&quot;spaceBetween&quot;:35,&quot;slidesPerGroup&quot;:1}},&quot;navigation&quot;:{&quot;nextEl&quot;:&quot;#bdt-wc-carousel-68e5c91 .bdt-navigation-next&quot;,&quot;prevEl&quot;:&quot;#bdt-wc-carousel-68e5c91 .bdt-navigation-prev&quot;},&quot;pagination&quot;:{&quot;el&quot;:&quot;#bdt-wc-carousel-68e5c91 .swiper-pagination&quot;,&quot;type&quot;:&quot;&quot;,&quot;clickable&quot;:&quot;true&quot;,&quot;dynamicBullets&quot;:false},&quot;scrollbar&quot;:{&quot;el&quot;:&quot;#bdt-wc-carousel-68e5c91 .swiper-scrollbar&quot;,&quot;hide&quot;:&quot;true&quot;},&quot;coverflowEffect&quot;:{&quot;rotate&quot;:50,&quot;stretch&quot;:0,&quot;depth&quot;:100,&quot;modifier&quot;:1,&quot;slideShadows&quot;:true}}\" data-bdt-height-match=\"target: > div > div > div > .bdt-wc-carousel-item-inner\">\n\t\t\t<div class=\"swiper-carousel swiper\" role=\"region\" aria-roledescription=\"carousel\" aria-label=\"WC - Carrousel\" dir=\"ltr\">\n\t\t\t\t<div class=\"swiper-wrapper\">\n\t\t\t\t\t<div class=\"bdt-wc-carousel-item swiper-slide bdt-transition-toggle\">\n\t\t\t\t<div class=\"bdt-wc-carousel-item-inner\">\n\t\t\t\t\t\t\t\t\t\t\t\t<div class=\"bdt-wc-carousel-image bdt-background-cover\">\n\t\t\t<a href=\"https:\/\/a-h-health.ch\/fr\/shop\/vivomixx-probiotic-112-mrd-10-x-0676g-caps\/\" title=\"Vivomixx Neo\u00ae Probiotique 115 milliards 10 x Caps\">\n\t\t\t\t\t\t\t\t\t<img decoding=\"async\" src=\"https:\/\/a-h-health.ch\/wp-content\/uploads\/2022\/03\/Vivomixx-neo-caps-e1742400063695.jpg\" alt=\"Vivomixx Neo\u00ae Probiotic 115 Mrd. 10 x Caps\">\n\t\t\t\t\t\t\t<\/a>\n\t\t\t\t\t\t\t\t\t\t\t<div class=\"bdt-wc-add-to-cart\">\n\t\t\t\t\t<a href=\"https:\/\/a-h-health.ch\/fr\/shop\/vivomixx-probiotic-112-mrd-10-x-0676g-caps\/\" aria-describedby=\"woocommerce_loop_add_to_cart_link_describedby_12883\" data-quantity=\"1\" class=\"button product_type_simple\" data-product_id=\"12883\" data-product_sku=\"5958\" aria-label=\"En savoir plus sur \u201cVivomixx Neo\u00ae Probiotic 115 Mrd. 10 x Caps\u201d\" rel=\"nofollow\" data-success_message data-no-translation data-trp-gettext data-no-translation-aria-label>Lire la&nbsp;suite<\/a>\t<span id=\"woocommerce_loop_add_to_cart_link_describedby_12883\" class=\"screen-reader-text\">\n\t\t\t<\/span>\n\t\t\t\t<\/div>\n\t\t\t\t\t<\/div>\n\t\t\t\t\t\t\t\t\t\t\t\t<div class=\"bdt-wc-carousel-desc bdt-padding bdt-position-relative bdt-text-\">\n\t\t\t\t\t\t<div class=\"bdt-wc-carousel-desc-inner\">\n\t\t\t\t\t\t\t\t\t\t\t\t\t\t\t<div class=\"bdt-wc-carousel-title\">\n\t\t\t\t\t\t\t\t\t<a href=\"https:\/\/a-h-health.ch\/fr\/shop\/vivomixx-probiotic-112-mrd-10-x-0676g-caps\/\">\n\t\t\t\t\t\t\t\t\t\tVivo\u00admixx Neo\u00ae Pro\u00adbio\u00adtique 115 mil\u00adli\u00adards 10 x&nbsp;Caps&nbsp;<\/a>\n\t\t\t\t\t\t\t\t<\/div>\n\t\t\t\t\t\t\t\t\t\t\t\t\t\t\t\t\t\t\t\t\t\t<div class=\"bdt-wc-carousel-price-wrapper bdt-flex-middle bdt-flex-\">\n\t\t\t\t\t\t\t\t\t\t\t\t\t\t\t\t\t\t\t<div class=\"bdt-products-skin-price\"><p class=\"price\">Sur deman\u00adde<\/p>\n<\/div>\n\t\t\t\t\t\t\t\t\t\t\t\t\t\t\t\t\t\t\t\t\t\t\t\t\t\t\t\t<div class=\"bdt-wc-rating bdt-flex-right\">\n\t\t\t\t\t\t\t\t\t\t\t\t\t\t\t\t\t\t\t\t\t<\/div>\n\t\t\t\t\t\t\t\t\t\t\t\t\t\t\t\t\t<\/div>\n\t\t\t\t\t\t\t\t\t\t\t\t\t<\/div>\n\t\t\t\t\t<\/div>\n\t\t\t\t<\/div>\n\t\t\t<\/div>\n\t\t\t\t\t\t<div class=\"bdt-wc-carousel-item swiper-slide bdt-transition-toggle\">\n\t\t\t\t<div class=\"bdt-wc-carousel-item-inner\">\n\t\t\t\t\t\t\t\t\t\t\t\t<div class=\"bdt-wc-carousel-image bdt-background-cover\">\n\t\t\t<a href=\"https:\/\/a-h-health.ch\/fr\/shop\/vivomixx-probiotic-450-mrd-10-x-44g-sach\/\" title=\"Vivomixx Neo\u00ae Probiotique 460 milliards 10 sachets\">\n\t\t\t\t\t\t\t\t\t<img decoding=\"async\" src=\"https:\/\/a-h-health.ch\/wp-content\/uploads\/2022\/03\/vivomixxNeo-e1747899329932.jpg\" alt=\"Vivomixx Neo\u00ae Probiotic 460 Mrd. 10 Sachets\">\n\t\t\t\t\t\t\t<\/a>\n\t\t\t\t\t\t\t\t\t\t\t<div class=\"bdt-wc-add-to-cart\">\n\t\t\t\t\t<a href=\"https:\/\/a-h-health.ch\/fr\/shop\/vivomixx-probiotic-450-mrd-10-x-44g-sach\/\" aria-describedby=\"woocommerce_loop_add_to_cart_link_describedby_12884\" data-quantity=\"1\" class=\"button product_type_simple\" data-product_id=\"12884\" data-product_sku=\"5957\" aria-label=\"En savoir plus sur \u201cVivomixx Neo\u00ae Probiotic 460 Mrd. 10 Sachets\u201d\" rel=\"nofollow\" data-success_message data-no-translation data-trp-gettext data-no-translation-aria-label>Lire la&nbsp;suite<\/a>\t<span id=\"woocommerce_loop_add_to_cart_link_describedby_12884\" class=\"screen-reader-text\">\n\t\t\t<\/span>\n\t\t\t\t<\/div>\n\t\t\t\t\t<\/div>\n\t\t\t\t\t\t\t\t\t\t\t\t<div class=\"bdt-wc-carousel-desc bdt-padding bdt-position-relative bdt-text-\">\n\t\t\t\t\t\t<div class=\"bdt-wc-carousel-desc-inner\">\n\t\t\t\t\t\t\t\t\t\t\t\t\t\t\t<div class=\"bdt-wc-carousel-title\">\n\t\t\t\t\t\t\t\t\t<a href=\"https:\/\/a-h-health.ch\/fr\/shop\/vivomixx-probiotic-450-mrd-10-x-44g-sach\/\">\n\t\t\t\t\t\t\t\t\t\tVivo\u00admixx Neo\u00ae Pro\u00adbio\u00adtique 460 mil\u00adli\u00adards 10 sachets&nbsp;<\/a>\n\t\t\t\t\t\t\t\t<\/div>\n\t\t\t\t\t\t\t\t\t\t\t\t\t\t\t\t\t\t\t\t\t\t<div class=\"bdt-wc-carousel-price-wrapper bdt-flex-middle bdt-flex-\">\n\t\t\t\t\t\t\t\t\t\t\t\t\t\t\t\t\t\t\t<div class=\"bdt-products-skin-price\"><p class=\"price\">Sur deman\u00adde<\/p>\n<\/div>\n\t\t\t\t\t\t\t\t\t\t\t\t\t\t\t\t\t\t\t\t\t\t\t\t\t\t\t\t<div class=\"bdt-wc-rating bdt-flex-right\">\n\t\t\t\t\t\t\t\t\t\t\t\t\t\t\t\t\t\t\t\t\t<\/div>\n\t\t\t\t\t\t\t\t\t\t\t\t\t\t\t\t\t<\/div>\n\t\t\t\t\t\t\t\t\t\t\t\t\t<\/div>\n\t\t\t\t\t<\/div>\n\t\t\t\t<\/div>\n\t\t\t<\/div>\n\t\t\t\t\t<\/div>\n\t\t\t\t<\/div>\n\t\t\t\t\t<div class=\"bdt-position-z-index bdt-position-center bdt-visible@m\">\n\t\t\t\t<div class=\"bdt-arrows-container bdt-slidenav-container\">\n\t\t\t\t\t<div class=\"bdt-navigation-prev bdt-slidenav-previous bdt-icon bdt-slidenav\">\n\t\t\t\t\t\t<i class=\"ep-icon-arrow-left-4\" aria-hidden=\"true\"><\/i>\n\t\t\t\t\t<\/div>\n\t\t\t\t\t<div class=\"bdt-navigation-next bdt-slidenav-next bdt-icon bdt-slidenav\">\n\t\t\t\t\t\t<i class=\"ep-icon-arrow-right-4\" aria-hidden=\"true\"><\/i>\n\t\t\t\t\t<\/div>\n\t\t\t\t<\/div>\n\t\t\t<\/div>\n\t\t\t\t<\/div>\n\t\t\t\t\t\t<\/div>\n\t\t\t\t<\/div>\n\t\t\t\t<\/div>\n\t\t\t\t<\/div>","protected":false},"excerpt":{"rendered":"<p>Bene-Bac Plus<\/p>","protected":false},"author":1,"featured_media":18277,"parent":3249,"menu_order":4,"comment_status":"closed","ping_status":"closed","template":"","meta":{"wp_typography_post_enhancements_disabled":false,"footnotes":""},"class_list":["post-17487","page","type-page","status-publish","has-post-thumbnail","hentry"],"yoast_head":"<!-- This site is optimized with the Yoast SEO plugin v27.4 - https:\/\/yoast.com\/product\/yoast-seo-wordpress\/ -->\n<title>Vivomixx Neo - Animal &amp; Human Health AG<\/title>\n<meta name=\"description\" content=\"Wir sind Ihre Ansprechpartner, wenn es um die professionelle Gesundheit und das Wohl ihres Tieres geht.\" \/>\n<meta name=\"robots\" content=\"index, follow, max-snippet:-1, max-image-preview:large, max-video-preview:-1\" \/>\n<link rel=\"canonical\" href=\"https:\/\/a-h-health.ch\/fr\/sortiment\/vivomixx\/\" \/>\n<meta property=\"og:locale\" content=\"fr_FR\" \/>\n<meta property=\"og:type\" content=\"article\" \/>\n<meta property=\"og:title\" content=\"Vivomixx Neo - Animal &amp; Human Health AG\" \/>\n<meta property=\"og:description\" content=\"Wir sind Ihre Ansprechpartner, wenn es um die professionelle Gesundheit und das Wohl ihres Tieres geht.\" \/>\n<meta property=\"og:url\" content=\"https:\/\/a-h-health.ch\/fr\/sortiment\/vivomixx\/\" \/>\n<meta property=\"og:site_name\" content=\"Animal &amp; Human Health AG\" \/>\n<meta property=\"article:modified_time\" content=\"2026-01-26T07:57:41+00:00\" \/>\n<meta property=\"og:image\" content=\"https:\/\/a-h-health.ch\/wp-content\/uploads\/2026\/01\/IMG_1998.jpg\" \/>\n\t<meta property=\"og:image:width\" content=\"1600\" \/>\n\t<meta property=\"og:image:height\" content=\"1200\" \/>\n\t<meta property=\"og:image:type\" content=\"image\/jpeg\" \/>\n<meta name=\"twitter:card\" content=\"summary_large_image\" \/>\n<meta name=\"twitter:label1\" content=\"Dur\u00e9e de lecture estim\u00e9e\" \/>\n\t<meta name=\"twitter:data1\" content=\"1 minute\" \/>\n<script type=\"application\/ld+json\" class=\"yoast-schema-graph\">{\"@context\":\"https:\\\/\\\/schema.org\",\"@graph\":[{\"@type\":\"WebPage\",\"@id\":\"https:\\\/\\\/a-h-health.ch\\\/sortiment\\\/vivomixx\\\/\",\"url\":\"https:\\\/\\\/a-h-health.ch\\\/sortiment\\\/vivomixx\\\/\",\"name\":\"Vivomixx Neo - Animal &amp; Human Health AG\",\"isPartOf\":{\"@id\":\"https:\\\/\\\/a-h-health.ch\\\/#website\"},\"primaryImageOfPage\":{\"@id\":\"https:\\\/\\\/a-h-health.ch\\\/sortiment\\\/vivomixx\\\/#primaryimage\"},\"image\":{\"@id\":\"https:\\\/\\\/a-h-health.ch\\\/sortiment\\\/vivomixx\\\/#primaryimage\"},\"thumbnailUrl\":\"https:\\\/\\\/a-h-health.ch\\\/wp-content\\\/uploads\\\/2026\\\/01\\\/IMG_1998.jpg\",\"datePublished\":\"2025-05-12T11:05:23+00:00\",\"dateModified\":\"2026-01-26T07:57:41+00:00\",\"description\":\"Wir sind Ihre Ansprechpartner, wenn es um die professionelle Gesundheit und das Wohl ihres Tieres geht.\",\"breadcrumb\":{\"@id\":\"https:\\\/\\\/a-h-health.ch\\\/sortiment\\\/vivomixx\\\/#breadcrumb\"},\"inLanguage\":\"fr-FR\",\"potentialAction\":[{\"@type\":\"ReadAction\",\"target\":[\"https:\\\/\\\/a-h-health.ch\\\/sortiment\\\/vivomixx\\\/\"]}]},{\"@type\":\"ImageObject\",\"inLanguage\":\"fr-FR\",\"@id\":\"https:\\\/\\\/a-h-health.ch\\\/sortiment\\\/vivomixx\\\/#primaryimage\",\"url\":\"https:\\\/\\\/a-h-health.ch\\\/wp-content\\\/uploads\\\/2026\\\/01\\\/IMG_1998.jpg\",\"contentUrl\":\"https:\\\/\\\/a-h-health.ch\\\/wp-content\\\/uploads\\\/2026\\\/01\\\/IMG_1998.jpg\",\"width\":1600,\"height\":1200},{\"@type\":\"BreadcrumbList\",\"@id\":\"https:\\\/\\\/a-h-health.ch\\\/sortiment\\\/vivomixx\\\/#breadcrumb\",\"itemListElement\":[{\"@type\":\"ListItem\",\"position\":1,\"name\":\"Startseite\",\"item\":\"https:\\\/\\\/a-h-health.ch\\\/\"},{\"@type\":\"ListItem\",\"position\":2,\"name\":\"Sortiment\",\"item\":\"https:\\\/\\\/a-h-health.ch\\\/sortiment\\\/\"},{\"@type\":\"ListItem\",\"position\":3,\"name\":\"Vivomixx Neo\"}]},{\"@type\":\"WebSite\",\"@id\":\"https:\\\/\\\/a-h-health.ch\\\/#website\",\"url\":\"https:\\\/\\\/a-h-health.ch\\\/\",\"name\":\"Animal and Human Health AG\",\"description\":\"Wir sind Ihre Ansprechpartner, wenn es um die professionelle Gesundheit und das Wohl ihres Tieres geht.\",\"publisher\":{\"@id\":\"https:\\\/\\\/a-h-health.ch\\\/#organization\"},\"alternateName\":\"a-h-health\",\"potentialAction\":[{\"@type\":\"SearchAction\",\"target\":{\"@type\":\"EntryPoint\",\"urlTemplate\":\"https:\\\/\\\/a-h-health.ch\\\/?s={search_term_string}\"},\"query-input\":{\"@type\":\"PropertyValueSpecification\",\"valueRequired\":true,\"valueName\":\"search_term_string\"}}],\"inLanguage\":\"fr-FR\"},{\"@type\":\"Organization\",\"@id\":\"https:\\\/\\\/a-h-health.ch\\\/#organization\",\"name\":\"Animal & Human Health AG\",\"url\":\"https:\\\/\\\/a-h-health.ch\\\/\",\"logo\":{\"@type\":\"ImageObject\",\"inLanguage\":\"fr-FR\",\"@id\":\"https:\\\/\\\/a-h-health.ch\\\/#\\\/schema\\\/logo\\\/image\\\/\",\"url\":\"https:\\\/\\\/a-h-health.ch\\\/wp-content\\\/uploads\\\/2020\\\/12\\\/Logo-animal-health.jpg\",\"contentUrl\":\"https:\\\/\\\/a-h-health.ch\\\/wp-content\\\/uploads\\\/2020\\\/12\\\/Logo-animal-health.jpg\",\"width\":653,\"height\":56,\"caption\":\"Animal & Human Health AG\"},\"image\":{\"@id\":\"https:\\\/\\\/a-h-health.ch\\\/#\\\/schema\\\/logo\\\/image\\\/\"}}]}<\/script>\n<!-- \/ Yoast SEO plugin. -->","yoast_head_json":{"title":"Vivo\u00admixx Neo \u2013 Ani\u00admal &amp; Human Health AG","description":"Nous som\u00admes vos interlo\u00adcu\u00adteurs lorsqu\u2019il s\u2019a\u00adgit de la san\u00adt\u00e9 pro\u00adfes\u00adsi\u00adon\u00adnel\u00adle et du bien-\u00eatre de vot\u00adre animal.","robots":{"index":"index","follow":"follow","max-snippet":"max-snippet:-1","max-image-preview":"max-image-preview:large","max-video-preview":"max-video-preview:-1"},"canonical":"https:\/\/a-h-health.ch\/fr\/sortiment\/vivomixx\/","og_locale":"fr_FR","og_type":"article","og_title":"Vivomixx Neo - Animal &amp; Human Health AG","og_description":"Wir sind Ihre Ansprechpartner, wenn es um die professionelle Gesundheit und das Wohl ihres Tieres geht.","og_url":"https:\/\/a-h-health.ch\/fr\/sortiment\/vivomixx\/","og_site_name":"Animal &amp; Human Health AG","article_modified_time":"2026-01-26T07:57:41+00:00","og_image":[{"width":1600,"height":1200,"url":"https:\/\/a-h-health.ch\/wp-content\/uploads\/2026\/01\/IMG_1998.jpg","type":"image\/jpeg"}],"twitter_card":"summary_large_image","twitter_misc":{"Dur\u00e9e de lecture estim\u00e9e":"1 minute"},"schema":{"@context":"https:\/\/schema.org","@graph":[{"@type":"WebPage","@id":"https:\/\/a-h-health.ch\/sortiment\/vivomixx\/","url":"https:\/\/a-h-health.ch\/sortiment\/vivomixx\/","name":"Vivo\u00admixx Neo \u2013 Ani\u00admal &amp; Human Health AG","isPartOf":{"@id":"https:\/\/a-h-health.ch\/#website"},"primaryImageOfPage":{"@id":"https:\/\/a-h-health.ch\/sortiment\/vivomixx\/#primaryimage"},"image":{"@id":"https:\/\/a-h-health.ch\/sortiment\/vivomixx\/#primaryimage"},"thumbnailUrl":"https:\/\/a-h-health.ch\/wp-content\/uploads\/2026\/01\/IMG_1998.jpg","datePublished":"2025-05-12T11:05:23+00:00","dateModified":"2026-01-26T07:57:41+00:00","description":"Nous som\u00admes vos interlo\u00adcu\u00adteurs lorsqu\u2019il s\u2019a\u00adgit de la san\u00adt\u00e9 pro\u00adfes\u00adsi\u00adon\u00adnel\u00adle et du bien-\u00eatre de vot\u00adre animal.","breadcrumb":{"@id":"https:\/\/a-h-health.ch\/sortiment\/vivomixx\/#breadcrumb"},"inLanguage":"fr-FR","potentialAction":[{"@type":"ReadAction","target":["https:\/\/a-h-health.ch\/sortiment\/vivomixx\/"]}]},{"@type":"ImageObject","inLanguage":"fr-FR","@id":"https:\/\/a-h-health.ch\/sortiment\/vivomixx\/#primaryimage","url":"https:\/\/a-h-health.ch\/wp-content\/uploads\/2026\/01\/IMG_1998.jpg","contentUrl":"https:\/\/a-h-health.ch\/wp-content\/uploads\/2026\/01\/IMG_1998.jpg","width":1600,"height":1200},{"@type":"BreadcrumbList","@id":"https:\/\/a-h-health.ch\/sortiment\/vivomixx\/#breadcrumb","itemListElement":[{"@type":"ListItem","position":1,"name":"Startseite","item":"https:\/\/a-h-health.ch\/"},{"@type":"ListItem","position":2,"name":"Sortiment","item":"https:\/\/a-h-health.ch\/sortiment\/"},{"@type":"ListItem","position":3,"name":"Vivomixx Neo"}]},{"@type":"WebSite","@id":"https:\/\/a-h-health.ch\/#website","url":"https:\/\/a-h-health.ch\/","name":"Ani\u00admal and Human Health AG","description":"Nous som\u00admes vos interlo\u00adcu\u00adteurs lorsqu\u2019il s\u2019a\u00adgit de la san\u00adt\u00e9 pro\u00adfes\u00adsi\u00adon\u00adnel\u00adle et du bien-\u00eatre de vot\u00adre animal.","publisher":{"@id":"https:\/\/a-h-health.ch\/#organization"},"alternateName":"a-h-health","potentialAction":[{"@type":"SearchAction","target":{"@type":"EntryPoint","urlTemplate":"https:\/\/a-h-health.ch\/?s={search_term_string}"},"query-input":{"@type":"PropertyValueSpecification","valueRequired":true,"valueName":"search_term_string"}}],"inLanguage":"fr-FR"},{"@type":"Organization","@id":"https:\/\/a-h-health.ch\/#organization","name":"Ani\u00admal &amp; Human Health AG","url":"https:\/\/a-h-health.ch\/","logo":{"@type":"ImageObject","inLanguage":"fr-FR","@id":"https:\/\/a-h-health.ch\/#\/schema\/logo\/image\/","url":"https:\/\/a-h-health.ch\/wp-content\/uploads\/2020\/12\/Logo-animal-health.jpg","contentUrl":"https:\/\/a-h-health.ch\/wp-content\/uploads\/2020\/12\/Logo-animal-health.jpg","width":653,"height":56,"caption":"Animal & Human Health AG"},"image":{"@id":"https:\/\/a-h-health.ch\/#\/schema\/logo\/image\/"}}]}},"_links":{"self":[{"href":"https:\/\/a-h-health.ch\/fr\/wp-json\/wp\/v2\/pages\/17487","targetHints":{"allow":["GET"]}}],"collection":[{"href":"https:\/\/a-h-health.ch\/fr\/wp-json\/wp\/v2\/pages"}],"about":[{"href":"https:\/\/a-h-health.ch\/fr\/wp-json\/wp\/v2\/types\/page"}],"author":[{"embeddable":true,"href":"https:\/\/a-h-health.ch\/fr\/wp-json\/wp\/v2\/users\/1"}],"replies":[{"embeddable":true,"href":"https:\/\/a-h-health.ch\/fr\/wp-json\/wp\/v2\/comments?post=17487"}],"version-history":[{"count":0,"href":"https:\/\/a-h-health.ch\/fr\/wp-json\/wp\/v2\/pages\/17487\/revisions"}],"up":[{"embeddable":true,"href":"https:\/\/a-h-health.ch\/fr\/wp-json\/wp\/v2\/pages\/3249"}],"wp:featuredmedia":[{"embeddable":true,"href":"https:\/\/a-h-health.ch\/fr\/wp-json\/wp\/v2\/media\/18277"}],"wp:attachment":[{"href":"https:\/\/a-h-health.ch\/fr\/wp-json\/wp\/v2\/media?parent=17487"}],"curies":[{"name":"wp","href":"https:\/\/api.w.org\/{rel}","templated":true}]}}