{"id":17481,"date":"2025-05-12T12:59:56","date_gmt":"2025-05-12T10:59:56","guid":{"rendered":"https:\/\/a-h-health.mediawork.ch\/?page_id=17481"},"modified":"2026-01-26T08:50:53","modified_gmt":"2026-01-26T07:50:53","slug":"sivomixx","status":"publish","type":"page","link":"https:\/\/a-h-health.ch\/fr\/sortiment\/sivomixx\/","title":{"rendered":"Siv\u00adoMixx"},"content":{"rendered":"<p><img fetchpriority=\"high\" decoding=\"async\" width=\"1225\" height=\"1495\" src=\"https:\/\/a-h-health.ch\/wp-content\/uploads\/2025\/04\/SivoMixx_Packshot_200.png\" alt srcset=\"https:\/\/a-h-health.ch\/wp-content\/uploads\/2025\/04\/SivoMixx_Packshot_200.png 1225w, https:\/\/a-h-health.ch\/wp-content\/uploads\/2025\/04\/SivoMixx_Packshot_200-246x300.png 246w, https:\/\/a-h-health.ch\/wp-content\/uploads\/2025\/04\/SivoMixx_Packshot_200-839x1024.png 839w, https:\/\/a-h-health.ch\/wp-content\/uploads\/2025\/04\/SivoMixx_Packshot_200-768x937.png 768w, https:\/\/a-h-health.ch\/wp-content\/uploads\/2025\/04\/SivoMixx_Packshot_200-10x12.png 10w, https:\/\/a-h-health.ch\/wp-content\/uploads\/2025\/04\/SivoMixx_Packshot_200-500x610.png 500w\" sizes=\"(max-width: 1225px) 100vw, 1225px\">\t\t\t\t\t\t\t\t\t\t\t\t\t\t\t<\/p>\n<h2>SivoMixx<sup>\u00ae<\/sup> <\/h2>\n<p>Le stress, les anti\u00adbio\u00adti\u00adques ou un r\u00e9gime peu\u00advent pro\u00advo\u00adquer des pro\u00adbl\u00e8\u00admes intestinaux et dige\u00adstifs. Siv\u00adoMixx<sup>\u00ae<\/sup> est un com\u00adpl\u00e9\u00adment ali\u00admen\u00adtai\u00adre micro\u00adbio\u00adtique qui con\u00adti\u00adent plus de 200 mil\u00adli\u00adards de bac\u00adt\u00e9\u00adries vivan\u00adtes et acti\u00adves issues de 8 sou\u00adch\u00ades bac\u00adt\u00e9\u00adri\u00aden\u00adnes sp\u00e9\u00adci\u00adfi\u00adques et qui peut aider \u00e0 r\u00e9ta\u00adb\u00adlir l\u2019\u00e9\u00adqui\u00adlib\u00adre de la flo\u00adre intesti\u00adna\u00adle, en par\u00adti\u00adcu\u00adlier apr\u00e8s un trai\u00adte\u00adment anti\u00adbio\u00adtique. Un sou\u00adti\u00aden de la flo\u00adre intesti\u00adna\u00adle peut \u00e9ga\u00adle\u00adment \u00eatre uti\u00adle en cas d\u2019in\u00adfec\u00adtion gastro-intesti\u00adna\u00adle, de diar\u00adrh\u00e9e, de fla\u00adtu\u00adlen\u00adces ou d\u2019allergies.<\/p>\n<p>Une flo\u00adre intesti\u00adna\u00adle sai\u00adne rend plus r\u00e9si\u00adstant aux infec\u00adtions. Une bon\u00adne flo\u00adre intesti\u00adna\u00adle et une muqueu\u00adse intesti\u00adna\u00adle sai\u00adne sou\u00adti\u00aden\u00adnent la dige\u00adsti\u00adon et sont importan\u00adtes en tant que bar\u00adri\u00e8\u00adre m\u00e9ca\u00adni\u00adque. Cet\u00adte bar\u00adri\u00e8\u00adre intesti\u00adna\u00adle a pour mis\u00adsi\u00adon de repous\u00adser les ger\u00admes et les virus nui\u00adsi\u00adbles \u00e0 la san\u00adt\u00e9. Il est ain\u00adsi plus dif\u00adfi\u00adci\u00adle pour les agents patho\u00adg\u00e8\u00adnes d\u2019ad\u00adh\u00e9\u00adrer \u00e0 la paroi intesti\u00adna\u00adle ou m\u00eame de p\u00e9n\u00e9\u00adtrer dans la cir\u00adcula\u00adti\u00adon sanguine.<\/p>\n<p>Nou\u00adveau : Siv\u00adoMixx<sup>\u00ae<\/sup> \u00e9ga\u00adle\u00adment dis\u00adpo\u00adni\u00adble sous for\u00adme de gout\u00adtes. 30 mil\u00adli\u00adards de bac\u00adt\u00e9\u00adries vivan\u00adtes dans de l\u2019hui\u00adle MCT, qui con\u00adsti\u00adtue une source d\u2019\u00e9\u00adner\u00adgie sup\u00adp\u00adl\u00e9\u00admen\u00adtai\u00adre. Les gout\u00adtes peu\u00advent \u00eatre admi\u00adni\u00adstr\u00e9es direc\u00adte\u00adment ou ajou\u00adt\u00e9es \u00e0 un liquide.<\/p>\n<p><em>Non auto\u00adri\u00ads\u00e9 pour l\u2019a\u00adli\u00admen\u00adta\u00adti\u00adon ani\u00adma\u00adle<\/em>.<\/p>\n<p>\t\t\t\t\t<a href=\"https:\/\/a-h-health.ch\/fr\/shop\/?wpf_filter_cat_2=569&amp;all_products_filtering=1\"><br>\n\t\t\t\t\t\t\t\t\tacc\u00e9\u00adder \u00e0 la boutique<br>\n\t\t\t\t\t<\/a><br>\n\t\t\t\t\t<a href=\"https:\/\/sivomixx.ch\/\"><br>\n\t\t\t\t\t\t\t\t\tEn savoir plus sur SivoMixx<br>\n\t\t\t\t\t<\/a><br>\n\t\t\t<a href=\"https:\/\/a-h-health.ch\/fr\/shop\/sivomixx-drops-2-x-5ml-a-30-mrd\/\" title=\"SIVOMIXX Drop 2 x 5ml a 30 Mrd.\"><br>\n\t\t\t\t<img decoding=\"async\" src=\"https:\/\/a-h-health.ch\/wp-content\/uploads\/2022\/07\/Sivomixx-Drops-heller-1024x1024.jpg\" alt=\"SIVOMIXX  Drop 2 x 5ml a 30 Mrd.\"><br>\n\t\t\t<\/a><br>\n\t\t\t<a href=\"\/wp-admin\/admin-ajax.php?add-to-cart=13845\" aria-describedby=\"woocommerce_loop_add_to_cart_link_describedby_13845\" data-quantity=\"1\" data-product_id=\"13845\" data-product_sku=\"5956-1\" aria-label=\"Ajouter au panier : \u201eSIVOMIXX Drop 2 x 5ml a 30 milliards\u201c.\u201c\" rel=\"nofollow\" data-success_message=\"\u201eSIVOMIXX  Drop 2 x 5ml a 30 Mrd.\u201c wurde Ihrem Warenkorb hinzugef\u00fcgt\">Ajou\u00adter au panier<\/a><br>\n\t\t\t\t\t\t\t\t\t\t\t\t\t<a href=\"https:\/\/a-h-health.ch\/fr\/shop\/sivomixx-drops-2-x-5ml-a-30-mrd\/\"><br>\n\t\t\t\t\t\t\t\t\t\t\t\t\t\tSIVOMIXX Drop 2 x 5ml a 30&nbsp;Mrd.&nbsp;<\/a><\/p>\n<p><bdi>CHF 19.90<\/bdi> <small>hors TVA<\/small><\/p>\n<p>\t\t\t<a href=\"https:\/\/a-h-health.ch\/fr\/shop\/sivomixx-probiotic-10-mrd-30-x-0-24g-caps\/\" title=\"SIVOMixx Probiotique 10 milliards 30 x 0.24g Caps\"><br>\n\t\t\t\t<img decoding=\"async\" src=\"https:\/\/a-h-health.ch\/wp-content\/uploads\/2022\/03\/Sivomixx-Kapseln-frei.jpg\" alt=\"SIVOMixx Probiotic 10 Mrd. 30 x 0.24g Caps\"><br>\n\t\t\t<\/a><br>\n\t\t\t<a href=\"\/wp-admin\/admin-ajax.php?add-to-cart=12873\" aria-describedby=\"woocommerce_loop_add_to_cart_link_describedby_12873\" data-quantity=\"1\" data-product_id=\"12873\" data-product_sku=\"5959\" aria-label=\"Ajouter au panier : \u201eSIVOMixx Probiotique 10 milliards 30 x 0.24g Caps\u201c\" rel=\"nofollow\" data-success_message=\"\u201eSIVOMixx Probiotic 10 Mrd. 30 x 0.24g Caps\u201c wurde Ihrem Warenkorb hinzugef\u00fcgt\">Ajou\u00adter au panier<\/a><br>\n\t\t\t\t\t\t\t\t\t\t\t\t\t<a href=\"https:\/\/a-h-health.ch\/fr\/shop\/sivomixx-probiotic-10-mrd-30-x-0-24g-caps\/\"><br>\n\t\t\t\t\t\t\t\t\t\t\t\t\t\tSIV\u00adOMixx Pro\u00adbio\u00adtique 10 mil\u00adli\u00adards 30 x 0.24g&nbsp;Caps&nbsp;<\/a><\/p>\n<p><bdi>CHF 19.90<\/bdi> <small>hors TVA<\/small><\/p>\n<p>\t\t\t<a href=\"https:\/\/a-h-health.ch\/fr\/shop\/sivomixx-probiotic-200-mrd-30-x-1-5g-sachet\/\" title=\"SIVOMixx Probiotique 200 milliards 30 x 1.5g Sachet\"><br>\n\t\t\t\t<img decoding=\"async\" src=\"https:\/\/a-h-health.ch\/wp-content\/uploads\/2022\/03\/Sivomixx_box_hoch.jpg\" alt=\"SIVOMixx Probiotic 200 Mrd. 30 x 1.5g Sachet\"><br>\n\t\t\t<\/a><br>\n\t\t\t<a href=\"\/wp-admin\/admin-ajax.php?add-to-cart=12874\" aria-describedby=\"woocommerce_loop_add_to_cart_link_describedby_12874\" data-quantity=\"1\" data-product_id=\"12874\" data-product_sku=\"5956\" aria-label=\"Ajouter au panier : \u201eSIVOMixx Probiotique 200 milliards 30 x 1.5g Sachet\u201c\" rel=\"nofollow\" data-success_message=\"\u201eSIVOMixx Probiotic 200 Mrd. 30 x 1.5g Sachet\u201c wurde Ihrem Warenkorb hinzugef\u00fcgt\">Ajou\u00adter au panier<\/a><br>\n\t\t\t\t\t\t\t\t\t\t\t\t\t<a href=\"https:\/\/a-h-health.ch\/fr\/shop\/sivomixx-probiotic-200-mrd-30-x-1-5g-sachet\/\"><br>\n\t\t\t\t\t\t\t\t\t\t\t\t\t\tSIV\u00adOMixx Pro\u00adbio\u00adtique 200 mil\u00adli\u00adards 30 x 1.5g Sachet&nbsp;<\/a><\/p>\n<p><bdi>CHF 39.80<\/bdi> <small>hors TVA<\/small><\/p>\n<p>\t\t\t<a href=\"https:\/\/a-h-health.ch\/fr\/shop\/sivomixx-probiotic-800-mrd-14-x-sachets\/\" title=\"SivoMixx\u00ae 800 milliards 6.0g 14 x sachets\"><br>\n\t\t\t\t<img decoding=\"async\" src=\"https:\/\/a-h-health.ch\/wp-content\/uploads\/2022\/03\/sivomixx800_1-1024x1024.jpg\" alt=\"SivoMixx\u00ae 800 Mrd. 6.0g 14 x Sachets\"><br>\n\t\t\t<\/a><br>\n\t\t\t<a href=\"\/wp-admin\/admin-ajax.php?add-to-cart=12875\" aria-describedby=\"woocommerce_loop_add_to_cart_link_describedby_12875\" data-quantity=\"1\" data-product_id=\"12875\" data-product_sku=\"5994\" aria-label=\"Ajouter au panier : \u201eSivoMixx\u00ae 800 milliards 6.0g 14 x sachets\u201c\" rel=\"nofollow\" data-success_message=\"\u201eSivoMixx\u00ae 800 Mrd. 6.0g 14 x Sachets\u201c wurde Ihrem Warenkorb hinzugef\u00fcgt\">Ajou\u00adter au panier<\/a><br>\n\t\t\t\t\t\t\t\t\t\t\t\t\t<a href=\"https:\/\/a-h-health.ch\/fr\/shop\/sivomixx-probiotic-800-mrd-14-x-sachets\/\"><br>\n\t\t\t\t\t\t\t\t\t\t\t\t\t\tSiv\u00adoMixx\u00ae 800 mil\u00adli\u00adards 6.0g 14 x sachets&nbsp;<\/a><\/p>\n<p><bdi>CHF 78.90<\/bdi> <small>hors TVA<\/small><\/p>","protected":false},"excerpt":{"rendered":"<p>Bene-Bac Plus<\/p>","protected":false},"author":1,"featured_media":18277,"parent":3249,"menu_order":4,"comment_status":"closed","ping_status":"closed","template":"","meta":{"wp_typography_post_enhancements_disabled":false,"footnotes":""},"class_list":["post-17481","page","type-page","status-publish","has-post-thumbnail","hentry"],"yoast_head":"<!-- This site is optimized with the Yoast SEO plugin v27.4 - https:\/\/yoast.com\/product\/yoast-seo-wordpress\/ -->\n<title>SivoMixx - Animal &amp; Human Health AG<\/title>\n<meta name=\"description\" content=\"Wir sind Ihre Ansprechpartner, wenn es um die professionelle Gesundheit und das Wohl ihres Tieres geht.\" \/>\n<meta name=\"robots\" content=\"index, follow, max-snippet:-1, max-image-preview:large, max-video-preview:-1\" \/>\n<link rel=\"canonical\" href=\"https:\/\/a-h-health.ch\/fr\/sortiment\/sivomixx\/\" \/>\n<meta property=\"og:locale\" content=\"fr_FR\" \/>\n<meta property=\"og:type\" content=\"article\" \/>\n<meta property=\"og:title\" content=\"SivoMixx - Animal &amp; Human Health AG\" \/>\n<meta property=\"og:description\" content=\"Wir sind Ihre Ansprechpartner, wenn es um die professionelle Gesundheit und das Wohl ihres Tieres geht.\" \/>\n<meta property=\"og:url\" content=\"https:\/\/a-h-health.ch\/fr\/sortiment\/sivomixx\/\" \/>\n<meta property=\"og:site_name\" content=\"Animal &amp; Human Health AG\" \/>\n<meta property=\"article:modified_time\" content=\"2026-01-26T07:50:53+00:00\" \/>\n<meta property=\"og:image\" content=\"https:\/\/a-h-health.ch\/wp-content\/uploads\/2026\/01\/IMG_1998.jpg\" \/>\n\t<meta property=\"og:image:width\" content=\"1600\" \/>\n\t<meta property=\"og:image:height\" content=\"1200\" \/>\n\t<meta property=\"og:image:type\" content=\"image\/jpeg\" \/>\n<meta name=\"twitter:card\" content=\"summary_large_image\" \/>\n<meta name=\"twitter:label1\" content=\"Dur\u00e9e de lecture estim\u00e9e\" \/>\n\t<meta name=\"twitter:data1\" content=\"1 minute\" \/>\n<script type=\"application\/ld+json\" class=\"yoast-schema-graph\">{\"@context\":\"https:\\\/\\\/schema.org\",\"@graph\":[{\"@type\":\"WebPage\",\"@id\":\"https:\\\/\\\/a-h-health.ch\\\/sortiment\\\/sivomixx\\\/\",\"url\":\"https:\\\/\\\/a-h-health.ch\\\/sortiment\\\/sivomixx\\\/\",\"name\":\"SivoMixx - Animal &amp; Human Health AG\",\"isPartOf\":{\"@id\":\"https:\\\/\\\/a-h-health.ch\\\/#website\"},\"primaryImageOfPage\":{\"@id\":\"https:\\\/\\\/a-h-health.ch\\\/sortiment\\\/sivomixx\\\/#primaryimage\"},\"image\":{\"@id\":\"https:\\\/\\\/a-h-health.ch\\\/sortiment\\\/sivomixx\\\/#primaryimage\"},\"thumbnailUrl\":\"https:\\\/\\\/a-h-health.ch\\\/wp-content\\\/uploads\\\/2026\\\/01\\\/IMG_1998.jpg\",\"datePublished\":\"2025-05-12T10:59:56+00:00\",\"dateModified\":\"2026-01-26T07:50:53+00:00\",\"description\":\"Wir sind Ihre Ansprechpartner, wenn es um die professionelle Gesundheit und das Wohl ihres Tieres geht.\",\"breadcrumb\":{\"@id\":\"https:\\\/\\\/a-h-health.ch\\\/sortiment\\\/sivomixx\\\/#breadcrumb\"},\"inLanguage\":\"fr-FR\",\"potentialAction\":[{\"@type\":\"ReadAction\",\"target\":[\"https:\\\/\\\/a-h-health.ch\\\/sortiment\\\/sivomixx\\\/\"]}]},{\"@type\":\"ImageObject\",\"inLanguage\":\"fr-FR\",\"@id\":\"https:\\\/\\\/a-h-health.ch\\\/sortiment\\\/sivomixx\\\/#primaryimage\",\"url\":\"https:\\\/\\\/a-h-health.ch\\\/wp-content\\\/uploads\\\/2026\\\/01\\\/IMG_1998.jpg\",\"contentUrl\":\"https:\\\/\\\/a-h-health.ch\\\/wp-content\\\/uploads\\\/2026\\\/01\\\/IMG_1998.jpg\",\"width\":1600,\"height\":1200},{\"@type\":\"BreadcrumbList\",\"@id\":\"https:\\\/\\\/a-h-health.ch\\\/sortiment\\\/sivomixx\\\/#breadcrumb\",\"itemListElement\":[{\"@type\":\"ListItem\",\"position\":1,\"name\":\"Startseite\",\"item\":\"https:\\\/\\\/a-h-health.ch\\\/\"},{\"@type\":\"ListItem\",\"position\":2,\"name\":\"Sortiment\",\"item\":\"https:\\\/\\\/a-h-health.ch\\\/sortiment\\\/\"},{\"@type\":\"ListItem\",\"position\":3,\"name\":\"SivoMixx\"}]},{\"@type\":\"WebSite\",\"@id\":\"https:\\\/\\\/a-h-health.ch\\\/#website\",\"url\":\"https:\\\/\\\/a-h-health.ch\\\/\",\"name\":\"Animal and Human Health AG\",\"description\":\"Wir sind Ihre Ansprechpartner, wenn es um die professionelle Gesundheit und das Wohl ihres Tieres geht.\",\"publisher\":{\"@id\":\"https:\\\/\\\/a-h-health.ch\\\/#organization\"},\"alternateName\":\"a-h-health\",\"potentialAction\":[{\"@type\":\"SearchAction\",\"target\":{\"@type\":\"EntryPoint\",\"urlTemplate\":\"https:\\\/\\\/a-h-health.ch\\\/?s={search_term_string}\"},\"query-input\":{\"@type\":\"PropertyValueSpecification\",\"valueRequired\":true,\"valueName\":\"search_term_string\"}}],\"inLanguage\":\"fr-FR\"},{\"@type\":\"Organization\",\"@id\":\"https:\\\/\\\/a-h-health.ch\\\/#organization\",\"name\":\"Animal & Human Health AG\",\"url\":\"https:\\\/\\\/a-h-health.ch\\\/\",\"logo\":{\"@type\":\"ImageObject\",\"inLanguage\":\"fr-FR\",\"@id\":\"https:\\\/\\\/a-h-health.ch\\\/#\\\/schema\\\/logo\\\/image\\\/\",\"url\":\"https:\\\/\\\/a-h-health.ch\\\/wp-content\\\/uploads\\\/2020\\\/12\\\/Logo-animal-health.jpg\",\"contentUrl\":\"https:\\\/\\\/a-h-health.ch\\\/wp-content\\\/uploads\\\/2020\\\/12\\\/Logo-animal-health.jpg\",\"width\":653,\"height\":56,\"caption\":\"Animal & Human Health AG\"},\"image\":{\"@id\":\"https:\\\/\\\/a-h-health.ch\\\/#\\\/schema\\\/logo\\\/image\\\/\"}}]}<\/script>\n<!-- \/ Yoast SEO plugin. -->","yoast_head_json":{"title":"Siv\u00adoMixx \u2013 Ani\u00admal &amp; Human Health AG","description":"Nous som\u00admes vos interlo\u00adcu\u00adteurs lorsqu\u2019il s\u2019a\u00adgit de la san\u00adt\u00e9 pro\u00adfes\u00adsi\u00adon\u00adnel\u00adle et du bien-\u00eatre de vot\u00adre animal.","robots":{"index":"index","follow":"follow","max-snippet":"max-snippet:-1","max-image-preview":"max-image-preview:large","max-video-preview":"max-video-preview:-1"},"canonical":"https:\/\/a-h-health.ch\/fr\/sortiment\/sivomixx\/","og_locale":"fr_FR","og_type":"article","og_title":"SivoMixx - Animal &amp; Human Health AG","og_description":"Wir sind Ihre Ansprechpartner, wenn es um die professionelle Gesundheit und das Wohl ihres Tieres geht.","og_url":"https:\/\/a-h-health.ch\/fr\/sortiment\/sivomixx\/","og_site_name":"Animal &amp; Human Health AG","article_modified_time":"2026-01-26T07:50:53+00:00","og_image":[{"width":1600,"height":1200,"url":"https:\/\/a-h-health.ch\/wp-content\/uploads\/2026\/01\/IMG_1998.jpg","type":"image\/jpeg"}],"twitter_card":"summary_large_image","twitter_misc":{"Dur\u00e9e de lecture estim\u00e9e":"1 minute"},"schema":{"@context":"https:\/\/schema.org","@graph":[{"@type":"WebPage","@id":"https:\/\/a-h-health.ch\/sortiment\/sivomixx\/","url":"https:\/\/a-h-health.ch\/sortiment\/sivomixx\/","name":"Siv\u00adoMixx \u2013 Ani\u00admal &amp; Human Health AG","isPartOf":{"@id":"https:\/\/a-h-health.ch\/#website"},"primaryImageOfPage":{"@id":"https:\/\/a-h-health.ch\/sortiment\/sivomixx\/#primaryimage"},"image":{"@id":"https:\/\/a-h-health.ch\/sortiment\/sivomixx\/#primaryimage"},"thumbnailUrl":"https:\/\/a-h-health.ch\/wp-content\/uploads\/2026\/01\/IMG_1998.jpg","datePublished":"2025-05-12T10:59:56+00:00","dateModified":"2026-01-26T07:50:53+00:00","description":"Nous som\u00admes vos interlo\u00adcu\u00adteurs lorsqu\u2019il s\u2019a\u00adgit de la san\u00adt\u00e9 pro\u00adfes\u00adsi\u00adon\u00adnel\u00adle et du bien-\u00eatre de vot\u00adre animal.","breadcrumb":{"@id":"https:\/\/a-h-health.ch\/sortiment\/sivomixx\/#breadcrumb"},"inLanguage":"fr-FR","potentialAction":[{"@type":"ReadAction","target":["https:\/\/a-h-health.ch\/sortiment\/sivomixx\/"]}]},{"@type":"ImageObject","inLanguage":"fr-FR","@id":"https:\/\/a-h-health.ch\/sortiment\/sivomixx\/#primaryimage","url":"https:\/\/a-h-health.ch\/wp-content\/uploads\/2026\/01\/IMG_1998.jpg","contentUrl":"https:\/\/a-h-health.ch\/wp-content\/uploads\/2026\/01\/IMG_1998.jpg","width":1600,"height":1200},{"@type":"BreadcrumbList","@id":"https:\/\/a-h-health.ch\/sortiment\/sivomixx\/#breadcrumb","itemListElement":[{"@type":"ListItem","position":1,"name":"Startseite","item":"https:\/\/a-h-health.ch\/"},{"@type":"ListItem","position":2,"name":"Sortiment","item":"https:\/\/a-h-health.ch\/sortiment\/"},{"@type":"ListItem","position":3,"name":"SivoMixx"}]},{"@type":"WebSite","@id":"https:\/\/a-h-health.ch\/#website","url":"https:\/\/a-h-health.ch\/","name":"Ani\u00admal and Human Health AG","description":"Nous som\u00admes vos interlo\u00adcu\u00adteurs lorsqu\u2019il s\u2019a\u00adgit de la san\u00adt\u00e9 pro\u00adfes\u00adsi\u00adon\u00adnel\u00adle et du bien-\u00eatre de vot\u00adre animal.","publisher":{"@id":"https:\/\/a-h-health.ch\/#organization"},"alternateName":"a-h-health","potentialAction":[{"@type":"SearchAction","target":{"@type":"EntryPoint","urlTemplate":"https:\/\/a-h-health.ch\/?s={search_term_string}"},"query-input":{"@type":"PropertyValueSpecification","valueRequired":true,"valueName":"search_term_string"}}],"inLanguage":"fr-FR"},{"@type":"Organization","@id":"https:\/\/a-h-health.ch\/#organization","name":"Ani\u00admal &amp; Human Health AG","url":"https:\/\/a-h-health.ch\/","logo":{"@type":"ImageObject","inLanguage":"fr-FR","@id":"https:\/\/a-h-health.ch\/#\/schema\/logo\/image\/","url":"https:\/\/a-h-health.ch\/wp-content\/uploads\/2020\/12\/Logo-animal-health.jpg","contentUrl":"https:\/\/a-h-health.ch\/wp-content\/uploads\/2020\/12\/Logo-animal-health.jpg","width":653,"height":56,"caption":"Animal & Human Health AG"},"image":{"@id":"https:\/\/a-h-health.ch\/#\/schema\/logo\/image\/"}}]}},"_links":{"self":[{"href":"https:\/\/a-h-health.ch\/fr\/wp-json\/wp\/v2\/pages\/17481","targetHints":{"allow":["GET"]}}],"collection":[{"href":"https:\/\/a-h-health.ch\/fr\/wp-json\/wp\/v2\/pages"}],"about":[{"href":"https:\/\/a-h-health.ch\/fr\/wp-json\/wp\/v2\/types\/page"}],"author":[{"embeddable":true,"href":"https:\/\/a-h-health.ch\/fr\/wp-json\/wp\/v2\/users\/1"}],"replies":[{"embeddable":true,"href":"https:\/\/a-h-health.ch\/fr\/wp-json\/wp\/v2\/comments?post=17481"}],"version-history":[{"count":0,"href":"https:\/\/a-h-health.ch\/fr\/wp-json\/wp\/v2\/pages\/17481\/revisions"}],"up":[{"embeddable":true,"href":"https:\/\/a-h-health.ch\/fr\/wp-json\/wp\/v2\/pages\/3249"}],"wp:featuredmedia":[{"embeddable":true,"href":"https:\/\/a-h-health.ch\/fr\/wp-json\/wp\/v2\/media\/18277"}],"wp:attachment":[{"href":"https:\/\/a-h-health.ch\/fr\/wp-json\/wp\/v2\/media?parent=17481"}],"curies":[{"name":"wp","href":"https:\/\/api.w.org\/{rel}","templated":true}]}}